{"id":1006,"date":"2023-12-20T03:07:56","date_gmt":"2023-12-20T03:07:56","guid":{"rendered":"https:\/\/etekrobotics.com.vn\/?page_id=1006"},"modified":"2024-01-16T09:04:43","modified_gmt":"2024-01-16T09:04:43","slug":"cau-chuyen-thanh-cong","status":"publish","type":"page","link":"https:\/\/etekrobotics.com.vn\/en\/cau-chuyen-thanh-cong\/","title":{"rendered":"C\u00e2u Chuy\u1ec7n Th\u00e0nh C\u00f4ng"},"content":{"rendered":"<div id=\"page-header-1910285740\" class=\"page-header-wrapper\">\n  <div class=\"page-title dark featured-title\">\n\n        <div class=\"page-title-bg\">\n      <div class=\"title-bg fill bg-fill\"\n        data-parallax-container=\".page-title\"\n        data-parallax-background\n data-parallax=\"-\">\n      <\/div>\n      <div class=\"title-overlay fill\"><\/div>\n    <\/div>\n    \n    <div class=\"page-title-inner container align-bottom text-center flex-row-col medium-flex-wrap\" >\n              <div class=\"title-wrapper flex-col\">\n          <h1 class=\"entry-title mb-0\">\n            C\u00e2u Chuy\u1ec7n Th\u00e0nh C\u00f4ng          <\/h1>\n        <\/div>\n                    <div class=\"title-content flex-col\">\n        <div class=\"title-breadcrumbs pb-half pt-half\"><nav class=\"woocommerce-breadcrumb breadcrumbs uppercase\" data-no-translation=\"\" data-trp-gettext=\"\">Home<\/nav><\/div>      <\/div>\n    <\/div>\n\n     \n<style>\n#page-header-1910285740 .page-title-inner {\n  min-height: 200px;\n}\n#page-header-1910285740 .title-bg {\n  background-image: url(https:\/\/etekrobotics.com.vn\/wp-content\/uploads\/2024\/01\/etek-robotics-scaled.jpg);\n}\n<\/style>\n  <\/div>\n    <\/div>\n  \n\n\t<section class=\"section tc-1\" id=\"section_1486935926\">\n\t\t<div class=\"bg section-bg fill bg-fill  bg-loaded\" >\n\n\t\t\t\n\t\t\t\n\t\t\t\n\n\t\t<\/div>\n\n\t\t\n\n\t\t<div class=\"section-content relative\">\n\t\t\t\n\n<div class=\"row row-collapse\"  id=\"row-1161182054\">\n\n\n\t<div id=\"col-530867544\" class=\"col small-12 large-12\"  >\n\t\t\t\t<div class=\"col-inner\"  >\n\t\t\t\n\t\t\t\n\n\n\t\t<div class=\"tabbed-content\">\n\t\t\t<h4 class=\"uppercase text-left\">C\u00e2u chuy\u1ec7n th\u00e0nh c\u00f4ng<\/h4>\n\t\t\t<ul class=\"nav nav-tabs nav-normal nav-size-normal nav-left\" role=\"tablist\"><li id=\"tab-robotics\" class=\"tab active has-icon\" role=\"presentation\"><a href=\"#tab_robotics\" role=\"tab\" aria-selected=\"true\" aria-controls=\"tab_robotics\"><span>Robotics<\/span><\/a><\/li>\n<li id=\"tab-visions\" class=\"tab has-icon\" role=\"presentation\"><a href=\"#tab_visions\" tabindex=\"-1\" role=\"tab\" aria-selected=\"false\" aria-controls=\"tab_visions\"><span>Visions<\/span><\/a><\/li><\/ul><div class=\"tab-panels\"><div id=\"tab_robotics\" class=\"panel active entry-content\" role=\"tabpanel\" aria-labelledby=\"tab-robotics\">\n\n\n  \n    <div class=\"row large-columns-2 medium-columns-1 small-columns-1\">\n  <div class=\"col post-item\" data-animate=\"fadeInUp\">\n\t\t\t<div class=\"col-inner\">\n\t\t\t<a href=\"https:\/\/etekrobotics.com.vn\/en\/tu-dong-hoa-cho-cac-doanh-nghiep-vua-vua-nho\/\" class=\"plain\">\n\t\t\t\t<div class=\"box box-normal box-text-bottom box-blog-post has-hover\">\n            \t\t\t\t\t<div class=\"box-image\" >\n  \t\t\t\t\t\t<div class=\"image-cover\" style=\"padding-top:56.25%;\">\n  \t\t\t\t\t\t\t<img loading=\"lazy\" decoding=\"async\" width=\"2560\" height=\"1534\" src=\"https:\/\/etekrobotics.com.vn\/wp-content\/uploads\/2024\/03\/tu-dong-hoa-cho-doanh-nghiep-vua-va-nho-06-scaled.jpg\" class=\"attachment-original size-original wp-post-image\" alt=\"\" srcset=\"https:\/\/etekrobotics.com.vn\/wp-content\/uploads\/2024\/03\/tu-dong-hoa-cho-doanh-nghiep-vua-va-nho-06-scaled.jpg 2560w, https:\/\/etekrobotics.com.vn\/wp-content\/uploads\/2024\/03\/tu-dong-hoa-cho-doanh-nghiep-vua-va-nho-06-768x460.jpg 768w, https:\/\/etekrobotics.com.vn\/wp-content\/uploads\/2024\/03\/tu-dong-hoa-cho-doanh-nghiep-vua-va-nho-06-1536x920.jpg 1536w, https:\/\/etekrobotics.com.vn\/wp-content\/uploads\/2024\/03\/tu-dong-hoa-cho-doanh-nghiep-vua-va-nho-06-2048x1227.jpg 2048w, https:\/\/etekrobotics.com.vn\/wp-content\/uploads\/2024\/03\/tu-dong-hoa-cho-doanh-nghiep-vua-va-nho-06-18x12.jpg 18w, https:\/\/etekrobotics.com.vn\/wp-content\/uploads\/2024\/03\/tu-dong-hoa-cho-doanh-nghiep-vua-va-nho-06-600x360.jpg 600w\" sizes=\"auto, (max-width: 2560px) 100vw, 2560px\" \/>  \t\t\t\t\t\t\t  \t\t\t\t\t\t\t  \t\t\t\t\t\t<\/div>\n  \t\t\t\t\t\t  \t\t\t\t\t<\/div>\n          \t\t\t\t\t<div class=\"box-text text-left\" >\n\t\t\t\t\t<div class=\"box-text-inner blog-post-inner\">\n\n\t\t\t\t\t\n\t\t\t\t\t\t\t\t\t\t<h5 class=\"post-title is-large\">T\u1ef1 \u0111\u1ed9ng h\u00f3a cho c\u00e1c doanh nghi\u1ec7p v\u1eeba v\u00e0 nh\u1ecf<\/h5>\n\t\t\t\t\t\t\t\t\t\t<div class=\"is-divider\"><\/div>\n\t\t\t\t\t\t\t\t\t\t<p class=\"from_the_blog_excerpt\">C\u00e1c c\u00f4ng ngh\u1ec7 m\u1edbi nh\u01b0 robot c\u00f4ng nghi\u1ec7p hay cobot t\u1ea1o ra c\u01a1 h\u1ed9i m\u1edbi [...]\t\t\t\t\t<\/p>\n\t\t\t\t\t                    \n\t\t\t\t\t\n\t\t\t\t\t\n\t\t\t\t\t<\/div>\n\t\t\t\t\t<\/div>\n\t\t\t\t\t\t\t\t\t\t\t\t\t\t\t\t<div class=\"badge absolute top post-date badge-square\">\n\t\t\t\t\t\t\t<div class=\"badge-inner\">\n\t\t\t\t\t\t\t\t<span class=\"post-date-day\">13<\/span><br>\n\t\t\t\t\t\t\t\t<span class=\"post-date-month is-xsmall\">Mar<\/span>\n\t\t\t\t\t\t\t<\/div>\n\t\t\t\t\t\t<\/div>\n\t\t\t\t\t\t\t\t\t<\/div>\n\t\t\t\t<\/a>\n\t\t\t<\/div>\n\t\t<\/div><div class=\"col post-item\" data-animate=\"fadeInUp\">\n\t\t\t<div class=\"col-inner\">\n\t\t\t<a href=\"https:\/\/etekrobotics.com.vn\/en\/day-truyen-son-tu-dong-bang-robot-cho-cac-linh-kien-bang-kim-loai\/\" class=\"plain\">\n\t\t\t\t<div class=\"box box-normal box-text-bottom box-blog-post has-hover\">\n            \t\t\t\t\t<div class=\"box-image\" >\n  \t\t\t\t\t\t<div class=\"image-cover\" style=\"padding-top:56.25%;\">\n  \t\t\t\t\t\t\t<img loading=\"lazy\" decoding=\"async\" width=\"960\" height=\"720\" src=\"https:\/\/etekrobotics.com.vn\/wp-content\/uploads\/2024\/03\/robot-phun-son-tu-dong-2-jpg.jpg\" class=\"attachment-original size-original wp-post-image\" alt=\"robot s\u01a1n t\u1ef1 \u0111\u1ed9ng\" srcset=\"https:\/\/etekrobotics.com.vn\/wp-content\/uploads\/2024\/03\/robot-phun-son-tu-dong-2-jpg.jpg 960w, https:\/\/etekrobotics.com.vn\/wp-content\/uploads\/2024\/03\/robot-phun-son-tu-dong-2-jpg-768x576.jpg 768w, https:\/\/etekrobotics.com.vn\/wp-content\/uploads\/2024\/03\/robot-phun-son-tu-dong-2-jpg-16x12.jpg 16w, https:\/\/etekrobotics.com.vn\/wp-content\/uploads\/2024\/03\/robot-phun-son-tu-dong-2-jpg-600x450.jpg 600w\" sizes=\"auto, (max-width: 960px) 100vw, 960px\" \/>  \t\t\t\t\t\t\t  \t\t\t\t\t\t\t  \t\t\t\t\t\t<\/div>\n  \t\t\t\t\t\t  \t\t\t\t\t<\/div>\n          \t\t\t\t\t<div class=\"box-text text-left\" >\n\t\t\t\t\t<div class=\"box-text-inner blog-post-inner\">\n\n\t\t\t\t\t\n\t\t\t\t\t\t\t\t\t\t<h5 class=\"post-title is-large\">D\u00e2y truy\u1ec1n s\u01a1n t\u1ef1 \u0111\u1ed9ng b\u1eb1ng Robot cho c\u00e1c linh ki\u1ec7n b\u1eb1ng kim lo\u1ea1i<\/h5>\n\t\t\t\t\t\t\t\t\t\t<div class=\"is-divider\"><\/div>\n\t\t\t\t\t\t\t\t\t\t<p class=\"from_the_blog_excerpt\">D\u00e2y chuy\u1ec1n robot s\u01a1n t\u1ef1 \u0111\u1ed9ng [...]\t\t\t\t\t<\/p>\n\t\t\t\t\t                    \n\t\t\t\t\t\n\t\t\t\t\t\n\t\t\t\t\t<\/div>\n\t\t\t\t\t<\/div>\n\t\t\t\t\t\t\t\t\t\t\t\t\t\t\t\t<div class=\"badge absolute top post-date badge-square\">\n\t\t\t\t\t\t\t<div class=\"badge-inner\">\n\t\t\t\t\t\t\t\t<span class=\"post-date-day\">08<\/span><br>\n\t\t\t\t\t\t\t\t<span class=\"post-date-month is-xsmall\">Mar<\/span>\n\t\t\t\t\t\t\t<\/div>\n\t\t\t\t\t\t<\/div>\n\t\t\t\t\t\t\t\t\t<\/div>\n\t\t\t\t<\/a>\n\t\t\t<\/div>\n\t\t<\/div><div class=\"col post-item\" data-animate=\"fadeInUp\">\n\t\t\t<div class=\"col-inner\">\n\t\t\t<a href=\"https:\/\/etekrobotics.com.vn\/en\/tram-han-mig-4-robot-han-housing-cho-pin-dien\/\" class=\"plain\">\n\t\t\t\t<div class=\"box box-normal box-text-bottom box-blog-post has-hover\">\n            \t\t\t\t\t<div class=\"box-image\" >\n  \t\t\t\t\t\t<div class=\"image-cover\" style=\"padding-top:56.25%;\">\n  \t\t\t\t\t\t\t<img loading=\"lazy\" decoding=\"async\" width=\"2560\" height=\"1496\" src=\"https:\/\/etekrobotics.com.vn\/wp-content\/uploads\/2024\/02\/tram-han-robot-04-scaled.jpg\" class=\"attachment-original size-original wp-post-image\" alt=\"\" srcset=\"https:\/\/etekrobotics.com.vn\/wp-content\/uploads\/2024\/02\/tram-han-robot-04-scaled.jpg 2560w, https:\/\/etekrobotics.com.vn\/wp-content\/uploads\/2024\/02\/tram-han-robot-04-768x449.jpg 768w, https:\/\/etekrobotics.com.vn\/wp-content\/uploads\/2024\/02\/tram-han-robot-04-1536x898.jpg 1536w, https:\/\/etekrobotics.com.vn\/wp-content\/uploads\/2024\/02\/tram-han-robot-04-2048x1197.jpg 2048w, https:\/\/etekrobotics.com.vn\/wp-content\/uploads\/2024\/02\/tram-han-robot-04-18x12.jpg 18w, https:\/\/etekrobotics.com.vn\/wp-content\/uploads\/2024\/02\/tram-han-robot-04-600x351.jpg 600w\" sizes=\"auto, (max-width: 2560px) 100vw, 2560px\" \/>  \t\t\t\t\t\t\t  \t\t\t\t\t\t\t  \t\t\t\t\t\t<\/div>\n  \t\t\t\t\t\t  \t\t\t\t\t<\/div>\n          \t\t\t\t\t<div class=\"box-text text-left\" >\n\t\t\t\t\t<div class=\"box-text-inner blog-post-inner\">\n\n\t\t\t\t\t\n\t\t\t\t\t\t\t\t\t\t<h5 class=\"post-title is-large\">Tr\u1ea1m H\u00e0n Mig Robot c\u00f4ng su\u1ea5t cao<\/h5>\n\t\t\t\t\t\t\t\t\t\t<div class=\"is-divider\"><\/div>\n\t\t\t\t\t\t\t\t\t\t<p class=\"from_the_blog_excerpt\">Tr\u1ea1m H\u00e0n Mig Robot c\u00f4ng su\u1ea5t cao -  H\u00e0n c\u1ee5m chi ti\u1ebft Kim lo\u1ea1i [...]\t\t\t\t\t<\/p>\n\t\t\t\t\t                    \n\t\t\t\t\t\n\t\t\t\t\t\n\t\t\t\t\t<\/div>\n\t\t\t\t\t<\/div>\n\t\t\t\t\t\t\t\t\t\t\t\t\t\t\t\t<div class=\"badge absolute top post-date badge-square\">\n\t\t\t\t\t\t\t<div class=\"badge-inner\">\n\t\t\t\t\t\t\t\t<span class=\"post-date-day\">28<\/span><br>\n\t\t\t\t\t\t\t\t<span class=\"post-date-month is-xsmall\">Feb<\/span>\n\t\t\t\t\t\t\t<\/div>\n\t\t\t\t\t\t<\/div>\n\t\t\t\t\t\t\t\t\t<\/div>\n\t\t\t\t<\/a>\n\t\t\t<\/div>\n\t\t<\/div><\/div>\n\n\n<\/div>\n<div id=\"tab_visions\" class=\"panel entry-content\" role=\"tabpanel\" aria-labelledby=\"tab-visions\">\n\n\n  \n    <div class=\"row large-columns-2 medium-columns-1 small-columns-1\">\n  <div class=\"col post-item\" data-animate=\"fadeInUp\">\n\t\t\t<div class=\"col-inner\">\n\t\t\t<a href=\"https:\/\/etekrobotics.com.vn\/en\/giai-phap-ho-tro-lap-rap-pin-xe-dien-su-dung-cong-nghe-projection-picking-system\/\" class=\"plain\">\n\t\t\t\t<div class=\"box box-normal box-text-bottom box-blog-post has-hover\">\n            \t\t\t\t\t<div class=\"box-image\" >\n  \t\t\t\t\t\t<div class=\"image-cover\" style=\"padding-top:56.25%;\">\n  \t\t\t\t\t\t\t<img loading=\"lazy\" decoding=\"async\" width=\"852\" height=\"480\" src=\"https:\/\/etekrobotics.com.vn\/wp-content\/uploads\/2024\/03\/giai-phap-lap-rap-pin-xe-dien.jpg\" class=\"attachment-original size-original wp-post-image\" alt=\"l\u1eafp r\u00e1p pin xe \u0111i\u1ec7n\" srcset=\"https:\/\/etekrobotics.com.vn\/wp-content\/uploads\/2024\/03\/giai-phap-lap-rap-pin-xe-dien.jpg 852w, https:\/\/etekrobotics.com.vn\/wp-content\/uploads\/2024\/03\/giai-phap-lap-rap-pin-xe-dien-768x433.jpg 768w, https:\/\/etekrobotics.com.vn\/wp-content\/uploads\/2024\/03\/giai-phap-lap-rap-pin-xe-dien-18x10.jpg 18w, https:\/\/etekrobotics.com.vn\/wp-content\/uploads\/2024\/03\/giai-phap-lap-rap-pin-xe-dien-600x338.jpg 600w\" sizes=\"auto, (max-width: 852px) 100vw, 852px\" \/>  \t\t\t\t\t\t\t  \t\t\t\t\t\t\t  \t\t\t\t\t\t<\/div>\n  \t\t\t\t\t\t  \t\t\t\t\t<\/div>\n          \t\t\t\t\t<div class=\"box-text text-left\" >\n\t\t\t\t\t<div class=\"box-text-inner blog-post-inner\">\n\n\t\t\t\t\t\n\t\t\t\t\t\t\t\t\t\t<h5 class=\"post-title is-large\">Gi\u1ea3i ph\u00e1p h\u1ed7 tr\u1ee3 l\u1eafp r\u00e1p Pin xe \u0111i\u1ec7n s\u1eed d\u1ee5ng c\u00f4ng ngh\u1ec7 Projection Picking System<\/h5>\n\t\t\t\t\t\t\t\t\t\t<div class=\"is-divider\"><\/div>\n\t\t\t\t\t\t\t\t\t\t<p class=\"from_the_blog_excerpt\">Projection Picking System s\u1eed d\u1ee5ng h\u1ec7 th\u1ed1ng m\u00e1y chi\u1ebfu laser k\u1ebft h\u1ee3p c\u00f9ng h\u1ec7 th\u1ed1ng [...]\t\t\t\t\t<\/p>\n\t\t\t\t\t                    \n\t\t\t\t\t\n\t\t\t\t\t\n\t\t\t\t\t<\/div>\n\t\t\t\t\t<\/div>\n\t\t\t\t\t\t\t\t\t\t\t\t\t\t\t\t<div class=\"badge absolute top post-date badge-square\">\n\t\t\t\t\t\t\t<div class=\"badge-inner\">\n\t\t\t\t\t\t\t\t<span class=\"post-date-day\">21<\/span><br>\n\t\t\t\t\t\t\t\t<span class=\"post-date-month is-xsmall\">Mar<\/span>\n\t\t\t\t\t\t\t<\/div>\n\t\t\t\t\t\t<\/div>\n\t\t\t\t\t\t\t\t\t<\/div>\n\t\t\t\t<\/a>\n\t\t\t<\/div>\n\t\t<\/div><\/div>\n\n\n<\/div><\/div><\/div>\n\n\t\t<\/div>\n\t\t\t\t\t<\/div>\n\n\t\n\n<\/div>\n\n\t\t<\/div>\n\n\t\t\n<style>\n#section_1486935926 {\n  padding-top: 30px;\n  padding-bottom: 30px;\n}\n#section_1486935926 .ux-shape-divider--top svg {\n  height: 150px;\n  --divider-top-width: 100%;\n}\n#section_1486935926 .ux-shape-divider--bottom svg {\n  height: 150px;\n  --divider-width: 100%;\n}\n<\/style>\n\t<\/section>\n\t\n\t<section class=\"section home-7\" id=\"section_1007463978\">\n\t\t<div class=\"bg section-bg fill bg-fill\" >\n\n\t\t\t\n\t\t\t<div class=\"section-bg-overlay absolute fill\"><\/div>\n\t\t\t\n\n\t\t<\/div>\n\n\t\t\n\n\t\t<div class=\"section-content relative\">\n\t\t\t\n\n<div class=\"row row-small align-middle\"  id=\"row-466431354\">\n\n\n\t<div id=\"col-81868267\" class=\"col medium-6 small-12 large-6\"  >\n\t\t\t\t<div class=\"col-inner\"  >\n\t\t\t\n\t\t\t\n\n\t<div id=\"text-11793004\" class=\"text\">\n\t\t\n\n<h2>V\u1ec1 ch\u00fang t\u00f4i<\/h2>\n<p>ETEK l\u00e0 nh\u00e0 cung c\u1ea5p c\u00e1c gi\u1ea3i ph\u00e1p t\u1ef1 \u0111\u1ed9ng h\u00f3a t\u1ed5ng th\u1ec3 h\u00e0ng \u0111\u1ea7u Vi\u1ec7t Nam, \u0111\u01b0\u1ee3c th\u00e0nh l\u1eadp t\u1eeb n\u0103m 2006, ch\u00fang t\u00f4i hi\u1ec7n ti\u00ean phong gi\u1ea3i ph\u00e1p t\u1ef1 \u0111\u1ed9ng h\u00f3a trong 3 l\u0129nh v\u1ef1c C\u00f4ng nghi\u1ec7p, gi\u00e1o d\u1ee5c, d\u00e2n sinh. Kinh nghi\u1ec7m s\u00e2u r\u1ed9ng c\u1ee7a ETEK trong vi\u1ec7c tri\u1ec3n khai c\u00e1c d\u1ef1 \u00e1n l\u1edbn, v\u1edbi \u0111\u1ed9 kh\u00f3 cao gi\u00fap ch\u00fang t\u00f4i h\u1ed7 tr\u1ee3 kh\u00e1ch h\u00e0ng t\u1ed1t h\u01a1n trong vi\u1ec7c \u0111\u1ea3m b\u1ea3o Ch\u1ea5t l\u01b0\u1ee3ng, chi ph\u00ed, ti\u1ebfn \u0111\u1ed9, ETEK lu\u00f4n \u0111\u1ed3ng h\u00e0nh trong h\u00e0nh tr\u00ecnh t\u1ef1 \u0111\u1ed9ng h\u00f3a c\u1ee7a kh\u00e1ch h\u00e0ng<\/p>\n\n\t\t\n<style>\n#text-11793004 {\n  color: rgb(255,255,255);\n}\n#text-11793004 > * {\n  color: rgb(255,255,255);\n}\n<\/style>\n\t<\/div>\n\t\n<a class=\"button secondary lowercase\"  >\n    <span>Contact Now<\/span>\n  <\/a>\n\n\n\n\t\t<\/div>\n\t\t\t\t\t<\/div>\n\n\t\n\n\t<div id=\"col-734595331\" class=\"col medium-6 small-12 large-6\"  >\n\t\t\t\t<div class=\"col-inner\"  >\n\t\t\t\n\t\t\t\n\n<div class=\"row row-small\"  id=\"row-1070561623\">\n\n\n\t<div id=\"col-1741868133\" class=\"col item medium-6 small-12 large-6\"  >\n\t\t\t\t<div class=\"col-inner\"  >\n\t\t\t\n\t\t\t\n\n\t<div id=\"text-3656712255\" class=\"text\">\n\t\t\n\n<h3>17<sup>+<\/sup><\/h3>\n<div class=\"homenumber-name\"><\/div>\n\n\t\t\n<style>\n#text-3656712255 {\n  color: rgb(230, 63, 63);\n}\n#text-3656712255 > * {\n  color: rgb(230, 63, 63);\n}\n<\/style>\n\t<\/div>\n\t\n\t<div id=\"text-209220555\" class=\"text\">\n\t\t\n\n<div class=\"homenumber-name\">N\u0103m kinh nghi\u1ec7m<\/div>\n\t\t\n<style>\n#text-209220555 {\n  color: rgb(246, 246, 246);\n}\n#text-209220555 > * {\n  color: rgb(246, 246, 246);\n}\n<\/style>\n\t<\/div>\n\t\n\n\t\t<\/div>\n\t\t\t\t\t<\/div>\n\n\t\n\n\t<div id=\"col-1700039645\" class=\"col item medium-6 small-12 large-6\"  >\n\t\t\t\t<div class=\"col-inner\"  >\n\t\t\t\n\t\t\t\n\n<h3>3<sup>+<\/sup><\/h3>\n<p>Chi nh\u00e1nh<\/p>\n\n\t\t<\/div>\n\t\t\t\t\t<\/div>\n\n\t\n\n\t<div id=\"col-170185941\" class=\"col item medium-6 small-12 large-6\"  >\n\t\t\t\t<div class=\"col-inner\"  >\n\t\t\t\n\t\t\t\n\n<h3>230<sup>+<\/sup><\/h3>\n<p>Nh\u00e2n s\u1ef1<\/p>\n\n\t\t<\/div>\n\t\t\t\t\t<\/div>\n\n\t\n\n\t<div id=\"col-1158730908\" class=\"col item medium-6 small-12 large-6\"  >\n\t\t\t\t<div class=\"col-inner\"  >\n\t\t\t\n\t\t\t\n\n<h3>5<sup>+<\/sup><\/h3>\n<p>Qu\u1ed1c gia<\/p>\n\n\t\t<\/div>\n\t\t\t\t\t<\/div>\n\n\t\n\n<\/div>\n\n\t\t<\/div>\n\t\t\t\t\t<\/div>\n\n\t\n\n<\/div>\n\n\t\t<\/div>\n\n\t\t\n<style>\n#section_1007463978 {\n  padding-top: 30px;\n  padding-bottom: 30px;\n}\n#section_1007463978 .section-bg-overlay {\n  background-color: rgba(0,0,0,.5);\n}\n#section_1007463978 .section-bg.bg-loaded {\n  background-image: url(https:\/\/etekrobotics.com.vn\/wp-content\/uploads\/2024\/01\/Auto-1024x576-1.jpg);\n}\n#section_1007463978 .ux-shape-divider--top svg {\n  height: 150px;\n  --divider-top-width: 100%;\n}\n#section_1007463978 .ux-shape-divider--bottom svg {\n  height: 150px;\n  --divider-width: 100%;\n}\n<\/style>\n\t<\/section>","protected":false},"excerpt":{"rendered":"","protected":false},"author":1,"featured_media":0,"parent":0,"menu_order":0,"comment_status":"closed","ping_status":"closed","template":"page-blank.php","meta":{"footnotes":""},"class_list":["post-1006","page","type-page","status-publish","hentry"],"yoast_head":"<!-- This site is optimized with the Yoast SEO plugin v21.6 - https:\/\/yoast.com\/wordpress\/plugins\/seo\/ -->\n<title>C\u00e2u Chuy\u1ec7n Th\u00e0nh C\u00f4ng - Etek<\/title>\n<meta name=\"robots\" content=\"index, follow, max-snippet:-1, max-image-preview:large, max-video-preview:-1\" \/>\n<link rel=\"canonical\" href=\"https:\/\/etekrobotics.com.vn\/en\/cau-chuyen-thanh-cong\/\" \/>\n<meta property=\"og:locale\" content=\"en_US\" \/>\n<meta property=\"og:type\" content=\"article\" \/>\n<meta property=\"og:title\" content=\"C\u00e2u Chuy\u1ec7n Th\u00e0nh C\u00f4ng - Etek\" \/>\n<meta property=\"og:url\" content=\"https:\/\/etekrobotics.com.vn\/en\/cau-chuyen-thanh-cong\/\" \/>\n<meta property=\"og:site_name\" content=\"Etek\" \/>\n<meta property=\"article:modified_time\" content=\"2024-01-16T09:04:43+00:00\" \/>\n<meta name=\"twitter:card\" content=\"summary_large_image\" \/>\n<script type=\"application\/ld+json\" class=\"yoast-schema-graph\">{\"@context\":\"https:\/\/schema.org\",\"@graph\":[{\"@type\":\"WebPage\",\"@id\":\"https:\/\/etekrobotics.com.vn\/cau-chuyen-thanh-cong\/\",\"url\":\"https:\/\/etekrobotics.com.vn\/cau-chuyen-thanh-cong\/\",\"name\":\"C\u00e2u Chuy\u1ec7n Th\u00e0nh C\u00f4ng - Etek\",\"isPartOf\":{\"@id\":\"https:\/\/etekrobotics.com.vn\/#website\"},\"datePublished\":\"2023-12-20T03:07:56+00:00\",\"dateModified\":\"2024-01-16T09:04:43+00:00\",\"breadcrumb\":{\"@id\":\"https:\/\/etekrobotics.com.vn\/cau-chuyen-thanh-cong\/#breadcrumb\"},\"inLanguage\":\"en-US\",\"potentialAction\":[{\"@type\":\"ReadAction\",\"target\":[\"https:\/\/etekrobotics.com.vn\/cau-chuyen-thanh-cong\/\"]}]},{\"@type\":\"BreadcrumbList\",\"@id\":\"https:\/\/etekrobotics.com.vn\/cau-chuyen-thanh-cong\/#breadcrumb\",\"itemListElement\":[{\"@type\":\"ListItem\",\"position\":1,\"name\":\"Trang ch\u1ee7\",\"item\":\"https:\/\/etekrobotics.com.vn\/\"},{\"@type\":\"ListItem\",\"position\":2,\"name\":\"C\u00e2u Chuy\u1ec7n Th\u00e0nh C\u00f4ng\"}]},{\"@type\":\"WebSite\",\"@id\":\"https:\/\/etekrobotics.com.vn\/#website\",\"url\":\"https:\/\/etekrobotics.com.vn\/\",\"name\":\"Etek\",\"description\":\"C\u00f4ng ty C\u1ed5 ph\u1ea7n Gi\u1ea3i ph\u00e1p T\u1ef1 \u0111\u1ed9ng h\u00f3a ETEK\",\"potentialAction\":[{\"@type\":\"SearchAction\",\"target\":{\"@type\":\"EntryPoint\",\"urlTemplate\":\"https:\/\/etekrobotics.com.vn\/?s={search_term_string}\"},\"query-input\":\"required name=search_term_string\"}],\"inLanguage\":\"en-US\"}]}<\/script>\n<!-- \/ Yoast SEO plugin. -->","yoast_head_json":{"title":"C\u00e2u Chuy\u1ec7n Th\u00e0nh C\u00f4ng - Etek","robots":{"index":"index","follow":"follow","max-snippet":"max-snippet:-1","max-image-preview":"max-image-preview:large","max-video-preview":"max-video-preview:-1"},"canonical":"https:\/\/etekrobotics.com.vn\/en\/cau-chuyen-thanh-cong\/","og_locale":"en_US","og_type":"article","og_title":"C\u00e2u Chuy\u1ec7n Th\u00e0nh C\u00f4ng - Etek","og_url":"https:\/\/etekrobotics.com.vn\/en\/cau-chuyen-thanh-cong\/","og_site_name":"Etek","article_modified_time":"2024-01-16T09:04:43+00:00","twitter_card":"summary_large_image","schema":{"@context":"https:\/\/schema.org","@graph":[{"@type":"WebPage","@id":"https:\/\/etekrobotics.com.vn\/cau-chuyen-thanh-cong\/","url":"https:\/\/etekrobotics.com.vn\/cau-chuyen-thanh-cong\/","name":"C\u00e2u Chuy\u1ec7n Th\u00e0nh C\u00f4ng - Etek","isPartOf":{"@id":"https:\/\/etekrobotics.com.vn\/#website"},"datePublished":"2023-12-20T03:07:56+00:00","dateModified":"2024-01-16T09:04:43+00:00","breadcrumb":{"@id":"https:\/\/etekrobotics.com.vn\/cau-chuyen-thanh-cong\/#breadcrumb"},"inLanguage":"en-US","potentialAction":[{"@type":"ReadAction","target":["https:\/\/etekrobotics.com.vn\/cau-chuyen-thanh-cong\/"]}]},{"@type":"BreadcrumbList","@id":"https:\/\/etekrobotics.com.vn\/cau-chuyen-thanh-cong\/#breadcrumb","itemListElement":[{"@type":"ListItem","position":1,"name":"Trang ch\u1ee7","item":"https:\/\/etekrobotics.com.vn\/"},{"@type":"ListItem","position":2,"name":"C\u00e2u Chuy\u1ec7n Th\u00e0nh C\u00f4ng"}]},{"@type":"WebSite","@id":"https:\/\/etekrobotics.com.vn\/#website","url":"https:\/\/etekrobotics.com.vn\/","name":"Etek","description":"C\u00f4ng ty C\u1ed5 ph\u1ea7n Gi\u1ea3i ph\u00e1p T\u1ef1 \u0111\u1ed9ng h\u00f3a ETEK","potentialAction":[{"@type":"SearchAction","target":{"@type":"EntryPoint","urlTemplate":"https:\/\/etekrobotics.com.vn\/?s={search_term_string}"},"query-input":"required name=search_term_string"}],"inLanguage":"en-US"}]}},"_links":{"self":[{"href":"https:\/\/etekrobotics.com.vn\/en\/wp-json\/wp\/v2\/pages\/1006","targetHints":{"allow":["GET"]}}],"collection":[{"href":"https:\/\/etekrobotics.com.vn\/en\/wp-json\/wp\/v2\/pages"}],"about":[{"href":"https:\/\/etekrobotics.com.vn\/en\/wp-json\/wp\/v2\/types\/page"}],"author":[{"embeddable":true,"href":"https:\/\/etekrobotics.com.vn\/en\/wp-json\/wp\/v2\/users\/1"}],"replies":[{"embeddable":true,"href":"https:\/\/etekrobotics.com.vn\/en\/wp-json\/wp\/v2\/comments?post=1006"}],"version-history":[{"count":12,"href":"https:\/\/etekrobotics.com.vn\/en\/wp-json\/wp\/v2\/pages\/1006\/revisions"}],"predecessor-version":[{"id":1301,"href":"https:\/\/etekrobotics.com.vn\/en\/wp-json\/wp\/v2\/pages\/1006\/revisions\/1301"}],"wp:attachment":[{"href":"https:\/\/etekrobotics.com.vn\/en\/wp-json\/wp\/v2\/media?parent=1006"}],"curies":[{"name":"wp","href":"https:\/\/api.w.org\/{rel}","templated":true}]}}