{"id":224,"date":"2023-04-06T01:25:01","date_gmt":"2023-04-06T01:25:01","guid":{"rendered":"https:\/\/etekrobotics.com.vn\/?page_id=224"},"modified":"2024-01-16T09:06:48","modified_gmt":"2024-01-16T09:06:48","slug":"contact","status":"publish","type":"page","link":"https:\/\/etekrobotics.com.vn\/en\/contact\/","title":{"rendered":"Li\u00ean H\u1ec7"},"content":{"rendered":"<div id=\"page-header-2082150927\" class=\"page-header-wrapper\">\n  <div class=\"page-title dark featured-title\">\n\n        <div class=\"page-title-bg\">\n      <div class=\"title-bg fill bg-fill\"\n        data-parallax-container=\".page-title\"\n        data-parallax-background\n data-parallax=\"-\">\n      <\/div>\n      <div class=\"title-overlay fill\"><\/div>\n    <\/div>\n    \n    <div class=\"page-title-inner container align-center text-center flex-row-col medium-flex-wrap\" >\n              <div class=\"title-wrapper uppercase is-xlarge flex-col\">\n          <h1 class=\"entry-title mb-0\">\n            Li\u00ean H\u1ec7          <\/h1>\n        <\/div>\n                    <div class=\"title-content flex-col\">\n        <div class=\"title-breadcrumbs pb-half pt-half\"><nav class=\"woocommerce-breadcrumb breadcrumbs uppercase\" data-no-translation=\"\" data-trp-gettext=\"\">Home<\/nav><\/div>      <\/div>\n    <\/div>\n\n     \n<style>\n#page-header-2082150927 .page-title-inner {\n  min-height: 200px;\n}\n#page-header-2082150927 .title-bg {\n  background-image: url(https:\/\/etekrobotics.com.vn\/wp-content\/uploads\/2024\/01\/etek-robotics-1-scaled.jpg);\n}\n#page-header-2082150927 .title-overlay {\n  background-color: rgba(0, 0, 0, 0.4);\n}\n<\/style>\n  <\/div>\n    <\/div>\n  \n\n\t<section class=\"section contact-1\" id=\"section_1236724467\">\n\t\t<div class=\"bg section-bg fill bg-fill  bg-loaded\" >\n\n\t\t\t\n\t\t\t\n\t\t\t\n\n\t\t<\/div>\n\n\t\t\n\n\t\t<div class=\"section-content relative\">\n\t\t\t\n\n<div class=\"row row-small\"  id=\"row-586639558\">\n\n\n\t<div id=\"col-2041476085\" class=\"col medium-8 small-12 large-8\"  >\n\t\t\t\t<div class=\"col-inner\"  >\n\t\t\t\n\t\t\t\n\n<p>C\u00d4NG TY C\u1ed4 PH\u1ea6N GI\u1ea2I PH\u00c1P T\u1ef0 \u0110\u1ed8NG H\u00d3A ETEK<\/p>\n<div class=\"wpforms-container wpforms-container-full\" id=\"wpforms-306\"><form id=\"wpforms-form-306\" class=\"wpforms-validate wpforms-form wpforms-ajax-form\" data-formid=\"306\" method=\"post\" enctype=\"multipart\/form-data\" action=\"\/en\/wp-json\/wp\/v2\/pages\/224\" data-token=\"2fa4472e4b51bac90bd490975e1de1e9\" data-trp-original-action=\"\/en\/wp-json\/wp\/v2\/pages\/224\"><noscript class=\"wpforms-error-noscript\">Please enable JavaScript in your browser to complete this form.<\/noscript><div class=\"wpforms-field-container\"><div id=\"wpforms-306-field_1-container\" class=\"wpforms-field wpforms-field-name\" data-field-id=\"1\"><label class=\"wpforms-field-label\" for=\"wpforms-306-field_1\">Name <span class=\"wpforms-required-label\">*<\/span><\/label><input type=\"text\" id=\"wpforms-306-field_1\" class=\"wpforms-field-large wpforms-field-required\" name=\"wpforms[fields][1]\" placeholder=\"Full name\" required><\/div><div id=\"wpforms-306-field_2-container\" class=\"wpforms-field wpforms-field-email\" data-field-id=\"2\"><label class=\"wpforms-field-label\" for=\"wpforms-306-field_2\">Email <span class=\"wpforms-required-label\">*<\/span><\/label><input type=\"email\" id=\"wpforms-306-field_2\" class=\"wpforms-field-large wpforms-field-required\" name=\"wpforms[fields][2]\" placeholder=\"Email\" spellcheck=\"false\" required><\/div><div id=\"wpforms-306-field_3-container\" class=\"wpforms-field wpforms-field-number\" data-field-id=\"3\"><label class=\"wpforms-field-label\" for=\"wpforms-306-field_3\">Phone <span class=\"wpforms-required-label\">*<\/span><\/label><input type=\"number\" pattern=\"\\d*\" id=\"wpforms-306-field_3\" class=\"wpforms-field-large wpforms-field-required\" name=\"wpforms[fields][3]\" placeholder=\"Phone\" required><\/div><div id=\"wpforms-306-field_4-container\" class=\"wpforms-field wpforms-field-text\" data-field-id=\"4\"><label class=\"wpforms-field-label\" for=\"wpforms-306-field_4\">Address <span class=\"wpforms-required-label\">*<\/span><\/label><input type=\"text\" id=\"wpforms-306-field_4\" class=\"wpforms-field-large wpforms-field-required\" name=\"wpforms[fields][4]\" placeholder=\"Address\" required><\/div><div id=\"wpforms-306-field_5-container\" class=\"wpforms-field wpforms-field-textarea\" data-field-id=\"5\"><label class=\"wpforms-field-label\" for=\"wpforms-306-field_5\">Content<\/label><textarea id=\"wpforms-306-field_5\" class=\"wpforms-field-medium\" name=\"wpforms[fields][5]\" placeholder=\"Content\" ><\/textarea><\/div><\/div><!-- .wpforms-field-container --><div class=\"wpforms-submit-container\" ><input type=\"hidden\" name=\"wpforms[id]\" value=\"306\"><input type=\"hidden\" name=\"wpforms[author]\" value=\"1\"><button type=\"submit\" name=\"wpforms[submit]\" id=\"wpforms-submit-306\" class=\"wpforms-submit\" data-alt-text=\"Sending...\" data-submit-text=\"Submit\" aria-live=\"assertive\" value=\"wpforms-submit\">Submit<\/button><img loading=\"lazy\" decoding=\"async\" src=\"https:\/\/etekrobotics.com.vn\/wp-content\/plugins\/wpforms-lite\/assets\/images\/submit-spin.svg\" class=\"wpforms-submit-spinner\" style=\"display: none;\" width=\"26\" height=\"26\" alt=\"Loading\"><\/div><input type=\"hidden\" name=\"trp-form-language\" value=\"en\"\/><\/form><\/div>  <!-- .wpforms-container -->\n\n\t\t<\/div>\n\t\t\t\t\t<\/div>\n\n\t\n\n\t<div id=\"col-1413083608\" class=\"col medium-4 small-12 large-4\"  >\n\t\t\t\t<div class=\"col-inner\"  >\n\t\t\t\n\t\t\t\n\n<h3>Keep In Touch<\/h3>\n<div class=\"social-icons follow-icons\" ><a href=\"#\" target=\"_blank\" data-label=\"Facebook\" rel=\"noopener noreferrer nofollow\" class=\"icon primary button circle facebook tooltip\" title=\"Follow on Facebook\" aria-label=\"Follow on Facebook\"><i class=\"icon-facebook\" ><\/i><\/a><a href=\"#\" target=\"_blank\" rel=\"noopener noreferrer nofollow\" data-label=\"Instagram\" class=\"icon primary button circle  instagram tooltip\" title=\"Follow on Instagram\" aria-label=\"Follow on Instagram\"><i class=\"icon-instagram\" ><\/i><\/a><a href=\"#\" target=\"_blank\" rel=\"noopener noreferrer nofollow\" data-label=\"TikTok\" class=\"icon primary button circle tiktok tooltip\" title=\"Follow on TikTok\" aria-label=\"Follow on TikTok\"><i class=\"icon-tiktok\" ><\/i><\/a><a href=\"#\" target=\"_blank\" data-label=\"Twitter\" rel=\"noopener noreferrer nofollow\" class=\"icon primary button circle  twitter tooltip\" title=\"Follow on Twitter\" aria-label=\"Follow on Twitter\"><i class=\"icon-twitter\" ><\/i><\/a><a href=\"#\" target=\"_blank\" rel=\"noopener noreferrer nofollow\" data-label=\"LinkedIn\" class=\"icon primary button circle  linkedin tooltip\" title=\"Follow on LinkedIn\" aria-label=\"Follow on LinkedIn\"><i class=\"icon-linkedin\" ><\/i><\/a><\/div>\n\n<h3>Locations<\/h3>\n<ul>\n<li class=\"maps\">Tr\u1ee5 s\u1edf ch\u00ednh H\u00e0 N\u1ed9i: S\u1ed1 189 \u0110\u01b0\u1eddng Phan Tr\u1ecdng Tu\u1ec7, X\u00e3 Thanh Li\u1ec7t, H. Thanh Tr\u00ec, TP. H\u00e0 N\u1ed9i.<\/li>\n<li class=\"maps\">Chi nh\u00e1nh H\u1ed3 Ch\u00ed Minh: S\u1ed1 1 L\u00ea \u0110\u1ee9c Th\u1ecd, Ph\u01b0\u1eddng T\u00e2n Th\u1edbi Hi\u1ec7p, Q. 12, Tp H\u1ed3 Ch\u00ed Minh.<\/li>\n<li class=\"phone\">0965.800.166\u00a0<\/li>\n<li class=\"mail\"><a href=\"mailto:info@tpa.com.vn\">info@etek.com.vn<\/a><\/li>\n<\/ul>\n\n\t\t<\/div>\n\t\t\t\t\t<\/div>\n\n\t\n\n<\/div>\n<div class=\"row row-small\"  id=\"row-1717372269\">\n\n\n\t<div id=\"col-1576970345\" class=\"col small-12 large-12\"  >\n\t\t\t\t<div class=\"col-inner\"  >\n\t\t\t\n\t\t\t\n\n<p><iframe src=\"https:\/\/www.google.com\/maps\/embed?pb=!1m18!1m12!1m3!1d3725.9995706003106!2d105.81533237596102!3d20.952532390390946!2m3!1f0!2f0!3f0!3m2!1i1024!2i768!4f13.1!3m3!1m2!1s0x3135ad1aaa9ee057%3A0x4806f2f97cb0be08!2zQ8O0bmcgdHkgQ-G7lSBwaOG6p24gR2nhuqNpIHBow6FwIFThu7EgxJHhu5luZyBow7NhIEVURUs!5e0!3m2!1svi!2s!4v1705332247618!5m2!1svi!2s\" width=\"600\" height=\"450\" style=\"border:0;\" allowfullscreen=\"\" loading=\"lazy\" referrerpolicy=\"no-referrer-when-downgrade\"><\/iframe><\/p>\n\n\t\t<\/div>\n\t\t\t\t\t<\/div>\n\n\t\n\n\n<\/div>\n\n\t\t<\/div>\n\n\t\t\n<style>\n#section_1236724467 {\n  padding-top: 30px;\n  padding-bottom: 30px;\n}\n#section_1236724467 .ux-shape-divider--top svg {\n  height: 150px;\n  --divider-top-width: 100%;\n}\n#section_1236724467 .ux-shape-divider--bottom svg {\n  height: 150px;\n  --divider-width: 100%;\n}\n<\/style>\n\t<\/section>\n\t\n\t<section class=\"section home-7\" id=\"section_1768734267\">\n\t\t<div class=\"bg section-bg fill bg-fill\" >\n\n\t\t\t\n\t\t\t<div class=\"section-bg-overlay absolute fill\"><\/div>\n\t\t\t\n\n\t\t<\/div>\n\n\t\t\n\n\t\t<div class=\"section-content relative\">\n\t\t\t\n\n<div class=\"row row-small align-middle\"  id=\"row-1326156914\">\n\n\n\t<div id=\"col-1789088128\" class=\"col medium-6 small-12 large-6\"  >\n\t\t\t\t<div class=\"col-inner\"  >\n\t\t\t\n\t\t\t\n\n\t<div id=\"text-3608441901\" class=\"text\">\n\t\t\n\n<h2>V\u1ec1 ch\u00fang t\u00f4i<\/h2>\n<p>ETEK l\u00e0 nh\u00e0 cung c\u1ea5p c\u00e1c gi\u1ea3i ph\u00e1p t\u1ef1 \u0111\u1ed9ng h\u00f3a t\u1ed5ng th\u1ec3 h\u00e0ng \u0111\u1ea7u Vi\u1ec7t Nam, \u0111\u01b0\u1ee3c th\u00e0nh l\u1eadp t\u1eeb n\u0103m 2006, ch\u00fang t\u00f4i hi\u1ec7n ti\u00ean phong gi\u1ea3i ph\u00e1p t\u1ef1 \u0111\u1ed9ng h\u00f3a trong 3 l\u0129nh v\u1ef1c C\u00f4ng nghi\u1ec7p, gi\u00e1o d\u1ee5c, d\u00e2n sinh. Kinh nghi\u1ec7m s\u00e2u r\u1ed9ng c\u1ee7a ETEK trong vi\u1ec7c tri\u1ec3n khai c\u00e1c d\u1ef1 \u00e1n l\u1edbn, v\u1edbi \u0111\u1ed9 kh\u00f3 cao gi\u00fap ch\u00fang t\u00f4i h\u1ed7 tr\u1ee3 kh\u00e1ch h\u00e0ng t\u1ed1t h\u01a1n trong vi\u1ec7c \u0111\u1ea3m b\u1ea3o Ch\u1ea5t l\u01b0\u1ee3ng, chi ph\u00ed, ti\u1ebfn \u0111\u1ed9, ETEK lu\u00f4n \u0111\u1ed3ng h\u00e0nh trong h\u00e0nh tr\u00ecnh t\u1ef1 \u0111\u1ed9ng h\u00f3a c\u1ee7a kh\u00e1ch h\u00e0ng<\/p>\n\n\t\t\n<style>\n#text-3608441901 {\n  color: rgb(255,255,255);\n}\n#text-3608441901 > * {\n  color: rgb(255,255,255);\n}\n<\/style>\n\t<\/div>\n\t\n<a class=\"button secondary lowercase\"  >\n    <span>Contact Now<\/span>\n  <\/a>\n\n\n\n\t\t<\/div>\n\t\t\t\t\t<\/div>\n\n\t\n\n\t<div id=\"col-1776224669\" class=\"col medium-6 small-12 large-6\"  >\n\t\t\t\t<div class=\"col-inner\"  >\n\t\t\t\n\t\t\t\n\n<div class=\"row row-small\"  id=\"row-1051735368\">\n\n\n\t<div id=\"col-1468218829\" class=\"col item medium-6 small-12 large-6\"  >\n\t\t\t\t<div class=\"col-inner\"  >\n\t\t\t\n\t\t\t\n\n\t<div id=\"text-3304172438\" class=\"text\">\n\t\t\n\n<h3>17<sup>+<\/sup><\/h3>\n<div class=\"homenumber-name\"><\/div>\n\n\t\t\n<style>\n#text-3304172438 {\n  color: rgb(230, 63, 63);\n}\n#text-3304172438 > * {\n  color: rgb(230, 63, 63);\n}\n<\/style>\n\t<\/div>\n\t\n\t<div id=\"text-764396214\" class=\"text\">\n\t\t\n\n<div class=\"homenumber-name\">N\u0103m kinh nghi\u1ec7m<\/div>\n\t\t\n<style>\n#text-764396214 {\n  color: rgb(246, 246, 246);\n}\n#text-764396214 > * {\n  color: rgb(246, 246, 246);\n}\n<\/style>\n\t<\/div>\n\t\n\n\t\t<\/div>\n\t\t\t\t\t<\/div>\n\n\t\n\n\t<div id=\"col-1215988528\" class=\"col item medium-6 small-12 large-6\"  >\n\t\t\t\t<div class=\"col-inner\"  >\n\t\t\t\n\t\t\t\n\n<h3>3<sup>+<\/sup><\/h3>\n<p>Chi nh\u00e1nh<\/p>\n\n\t\t<\/div>\n\t\t\t\t\t<\/div>\n\n\t\n\n\t<div id=\"col-1545239220\" class=\"col item medium-6 small-12 large-6\"  >\n\t\t\t\t<div class=\"col-inner\"  >\n\t\t\t\n\t\t\t\n\n<h3>230<sup>+<\/sup><\/h3>\n<p>Nh\u00e2n s\u1ef1<\/p>\n\n\t\t<\/div>\n\t\t\t\t\t<\/div>\n\n\t\n\n\t<div id=\"col-113053374\" class=\"col item medium-6 small-12 large-6\"  >\n\t\t\t\t<div class=\"col-inner\"  >\n\t\t\t\n\t\t\t\n\n<h3>5<sup>+<\/sup><\/h3>\n<p>Qu\u1ed1c gia<\/p>\n\n\t\t<\/div>\n\t\t\t\t\t<\/div>\n\n\t\n\n<\/div>\n\n\t\t<\/div>\n\t\t\t\t\t<\/div>\n\n\t\n\n<\/div>\n\n\t\t<\/div>\n\n\t\t\n<style>\n#section_1768734267 {\n  padding-top: 30px;\n  padding-bottom: 30px;\n}\n#section_1768734267 .section-bg-overlay {\n  background-color: rgba(0,0,0,.5);\n}\n#section_1768734267 .section-bg.bg-loaded {\n  background-image: url(https:\/\/etekrobotics.com.vn\/wp-content\/uploads\/2024\/01\/Auto-1024x576-1.jpg);\n}\n#section_1768734267 .ux-shape-divider--top svg {\n  height: 150px;\n  --divider-top-width: 100%;\n}\n#section_1768734267 .ux-shape-divider--bottom svg {\n  height: 150px;\n  --divider-width: 100%;\n}\n<\/style>\n\t<\/section>","protected":false},"excerpt":{"rendered":"","protected":false},"author":1,"featured_media":0,"parent":0,"menu_order":0,"comment_status":"closed","ping_status":"closed","template":"page-blank.php","meta":{"footnotes":""},"class_list":["post-224","page","type-page","status-publish","hentry"],"yoast_head":"<!-- This site is optimized with the Yoast SEO plugin v21.6 - https:\/\/yoast.com\/wordpress\/plugins\/seo\/ -->\n<title>Li\u00ean H\u1ec7 - Etek<\/title>\n<meta name=\"robots\" content=\"index, follow, max-snippet:-1, max-image-preview:large, max-video-preview:-1\" \/>\n<link rel=\"canonical\" href=\"https:\/\/etekrobotics.com.vn\/en\/contact\/\" \/>\n<meta property=\"og:locale\" content=\"en_US\" \/>\n<meta property=\"og:type\" content=\"article\" \/>\n<meta property=\"og:title\" content=\"Li\u00ean H\u1ec7 - Etek\" \/>\n<meta property=\"og:url\" content=\"https:\/\/etekrobotics.com.vn\/en\/contact\/\" \/>\n<meta property=\"og:site_name\" content=\"Etek\" \/>\n<meta property=\"article:modified_time\" content=\"2024-01-16T09:06:48+00:00\" \/>\n<meta name=\"twitter:card\" content=\"summary_large_image\" \/>\n<meta name=\"twitter:label1\" content=\"Est. reading time\" \/>\n\t<meta name=\"twitter:data1\" content=\"1 minute\" \/>\n<script type=\"application\/ld+json\" class=\"yoast-schema-graph\">{\"@context\":\"https:\/\/schema.org\",\"@graph\":[{\"@type\":\"WebPage\",\"@id\":\"https:\/\/etekrobotics.com.vn\/contact\/\",\"url\":\"https:\/\/etekrobotics.com.vn\/contact\/\",\"name\":\"Li\u00ean H\u1ec7 - Etek\",\"isPartOf\":{\"@id\":\"https:\/\/etekrobotics.com.vn\/#website\"},\"datePublished\":\"2023-04-06T01:25:01+00:00\",\"dateModified\":\"2024-01-16T09:06:48+00:00\",\"breadcrumb\":{\"@id\":\"https:\/\/etekrobotics.com.vn\/contact\/#breadcrumb\"},\"inLanguage\":\"en-US\",\"potentialAction\":[{\"@type\":\"ReadAction\",\"target\":[\"https:\/\/etekrobotics.com.vn\/contact\/\"]}]},{\"@type\":\"BreadcrumbList\",\"@id\":\"https:\/\/etekrobotics.com.vn\/contact\/#breadcrumb\",\"itemListElement\":[{\"@type\":\"ListItem\",\"position\":1,\"name\":\"Trang ch\u1ee7\",\"item\":\"https:\/\/etekrobotics.com.vn\/\"},{\"@type\":\"ListItem\",\"position\":2,\"name\":\"Li\u00ean H\u1ec7\"}]},{\"@type\":\"WebSite\",\"@id\":\"https:\/\/etekrobotics.com.vn\/#website\",\"url\":\"https:\/\/etekrobotics.com.vn\/\",\"name\":\"Etek\",\"description\":\"C\u00f4ng ty C\u1ed5 ph\u1ea7n Gi\u1ea3i ph\u00e1p T\u1ef1 \u0111\u1ed9ng h\u00f3a ETEK\",\"potentialAction\":[{\"@type\":\"SearchAction\",\"target\":{\"@type\":\"EntryPoint\",\"urlTemplate\":\"https:\/\/etekrobotics.com.vn\/?s={search_term_string}\"},\"query-input\":\"required name=search_term_string\"}],\"inLanguage\":\"en-US\"}]}<\/script>\n<!-- \/ Yoast SEO plugin. -->","yoast_head_json":{"title":"Li\u00ean H\u1ec7 - Etek","robots":{"index":"index","follow":"follow","max-snippet":"max-snippet:-1","max-image-preview":"max-image-preview:large","max-video-preview":"max-video-preview:-1"},"canonical":"https:\/\/etekrobotics.com.vn\/en\/contact\/","og_locale":"en_US","og_type":"article","og_title":"Li\u00ean H\u1ec7 - Etek","og_url":"https:\/\/etekrobotics.com.vn\/en\/contact\/","og_site_name":"Etek","article_modified_time":"2024-01-16T09:06:48+00:00","twitter_card":"summary_large_image","twitter_misc":{"Est. reading time":"1 minute"},"schema":{"@context":"https:\/\/schema.org","@graph":[{"@type":"WebPage","@id":"https:\/\/etekrobotics.com.vn\/contact\/","url":"https:\/\/etekrobotics.com.vn\/contact\/","name":"Li\u00ean H\u1ec7 - Etek","isPartOf":{"@id":"https:\/\/etekrobotics.com.vn\/#website"},"datePublished":"2023-04-06T01:25:01+00:00","dateModified":"2024-01-16T09:06:48+00:00","breadcrumb":{"@id":"https:\/\/etekrobotics.com.vn\/contact\/#breadcrumb"},"inLanguage":"en-US","potentialAction":[{"@type":"ReadAction","target":["https:\/\/etekrobotics.com.vn\/contact\/"]}]},{"@type":"BreadcrumbList","@id":"https:\/\/etekrobotics.com.vn\/contact\/#breadcrumb","itemListElement":[{"@type":"ListItem","position":1,"name":"Trang ch\u1ee7","item":"https:\/\/etekrobotics.com.vn\/"},{"@type":"ListItem","position":2,"name":"Li\u00ean H\u1ec7"}]},{"@type":"WebSite","@id":"https:\/\/etekrobotics.com.vn\/#website","url":"https:\/\/etekrobotics.com.vn\/","name":"Etek","description":"C\u00f4ng ty C\u1ed5 ph\u1ea7n Gi\u1ea3i ph\u00e1p T\u1ef1 \u0111\u1ed9ng h\u00f3a ETEK","potentialAction":[{"@type":"SearchAction","target":{"@type":"EntryPoint","urlTemplate":"https:\/\/etekrobotics.com.vn\/?s={search_term_string}"},"query-input":"required name=search_term_string"}],"inLanguage":"en-US"}]}},"_links":{"self":[{"href":"https:\/\/etekrobotics.com.vn\/en\/wp-json\/wp\/v2\/pages\/224","targetHints":{"allow":["GET"]}}],"collection":[{"href":"https:\/\/etekrobotics.com.vn\/en\/wp-json\/wp\/v2\/pages"}],"about":[{"href":"https:\/\/etekrobotics.com.vn\/en\/wp-json\/wp\/v2\/types\/page"}],"author":[{"embeddable":true,"href":"https:\/\/etekrobotics.com.vn\/en\/wp-json\/wp\/v2\/users\/1"}],"replies":[{"embeddable":true,"href":"https:\/\/etekrobotics.com.vn\/en\/wp-json\/wp\/v2\/comments?post=224"}],"version-history":[{"count":7,"href":"https:\/\/etekrobotics.com.vn\/en\/wp-json\/wp\/v2\/pages\/224\/revisions"}],"predecessor-version":[{"id":1304,"href":"https:\/\/etekrobotics.com.vn\/en\/wp-json\/wp\/v2\/pages\/224\/revisions\/1304"}],"wp:attachment":[{"href":"https:\/\/etekrobotics.com.vn\/en\/wp-json\/wp\/v2\/media?parent=224"}],"curies":[{"name":"wp","href":"https:\/\/api.w.org\/{rel}","templated":true}]}}