{"id":1523,"date":"2024-02-24T09:56:37","date_gmt":"2024-02-24T09:56:37","guid":{"rendered":"https:\/\/etekrobotics.com.vn\/?post_type=product&#038;p=1523"},"modified":"2024-03-04T03:34:29","modified_gmt":"2024-03-04T03:34:29","slug":"kiem-tra-ma-phanh","status":"publish","type":"product","link":"https:\/\/etekrobotics.com.vn\/en\/product\/kiem-tra-ma-phanh\/","title":{"rendered":"Ki\u1ec3m Tra M\u00e1 Phanh"},"content":{"rendered":"<p>V\u1ea5n \u0111\u1ec1 kh\u00e1ch h\u00e0ng:<\/p>\n<p>\u0110\u1ed9 r\u1ed9ng khe h\u1edf trong m\u00e1 phanh kh\u00f4ng \u0111\u1ea1t chu\u1ea9n<br \/>\nG\u00e2y m\u1ea5t an to\u00e0n cho h\u1ec7 th\u1ed1ng xe<br \/>\nS\u1ea3n ph\u1ea9m<\/p>\n<p>Ng\u00e0nh ngh\u1ec1\/\u1ee9ng d\u1ee5ng<br \/>\n&#8211; \u00d4 t\u00f4 &#8211; xe m\u00e1y<\/p>\n<p>L\u1ee3i \u00edch:<br \/>\n\u0110\u1ea3m b\u1ea3o an to\u00e0n phanh cho h\u1ec7 th\u1ed1ng xe<br \/>\nC\u1ea3i thi\u1ec7n ch\u1ea5t l\u01b0\u1ee3ng s\u1ea3n ph\u1ea9m<br \/>\nT\u0103ng t\u1ed1c \u0111\u1ed9 s\u1ea3n xu\u1ea5t<\/p>\n<p>M\u00f4 t\u1ea3 chu tr\u00ecnh:<\/p>","protected":false},"excerpt":{"rendered":"<p>V\u1ea5n \u0111\u1ec1 kh\u00e1ch h\u00e0ng: \u0110\u1ed9 r\u1ed9ng khe h\u1edf trong m\u00e1 phanh kh\u00f4ng \u0111\u1ea1t chu\u1ea9n G\u00e2y m\u1ea5t an to\u00e0n cho h\u1ec7 th\u1ed1ng xe S\u1ea3n ph\u1ea9m Ng\u00e0nh ngh\u1ec1\/\u1ee9ng d\u1ee5ng &#8211; \u00d4 t\u00f4 &#8211; xe m\u00e1y L\u1ee3i \u00edch: \u0110\u1ea3m b\u1ea3o an to\u00e0n phanh cho h\u1ec7 th\u1ed1ng xe C\u1ea3i thi\u1ec7n ch\u1ea5t l\u01b0\u1ee3ng s\u1ea3n ph\u1ea9m T\u0103ng t\u1ed1c \u0111\u1ed9 s\u1ea3n xu\u1ea5t [&#8230;]","protected":false},"featured_media":1524,"comment_status":"open","ping_status":"closed","template":"","meta":[],"product_cat":[56],"product_tag":[],"class_list":["post-1523","product","type-product","status-publish","has-post-thumbnail","hentry","product_cat-o-to"],"yoast_head":"<!-- This site is optimized with the Yoast SEO plugin v21.6 - https:\/\/yoast.com\/wordpress\/plugins\/seo\/ -->\n<title>Ki\u1ec3m Tra M\u00e1 Phanh - Etek<\/title>\n<meta name=\"robots\" content=\"index, follow, max-snippet:-1, max-image-preview:large, max-video-preview:-1\" \/>\n<link rel=\"canonical\" href=\"https:\/\/etekrobotics.com.vn\/en\/product\/kiem-tra-ma-phanh\/\" \/>\n<meta property=\"og:locale\" content=\"en_US\" \/>\n<meta property=\"og:type\" content=\"article\" \/>\n<meta property=\"og:title\" content=\"Ki\u1ec3m Tra M\u00e1 Phanh - Etek\" \/>\n<meta property=\"og:description\" content=\"V\u1ea5n \u0111\u1ec1 kh\u00e1ch h\u00e0ng: \u0110\u1ed9 r\u1ed9ng khe h\u1edf trong m\u00e1 phanh kh\u00f4ng \u0111\u1ea1t chu\u1ea9n G\u00e2y m\u1ea5t an to\u00e0n cho h\u1ec7 th\u1ed1ng xe S\u1ea3n ph\u1ea9m Ng\u00e0nh ngh\u1ec1\/\u1ee9ng d\u1ee5ng &#8211; \u00d4 t\u00f4 &#8211; xe m\u00e1y L\u1ee3i \u00edch: \u0110\u1ea3m b\u1ea3o an to\u00e0n phanh cho h\u1ec7 th\u1ed1ng xe C\u1ea3i thi\u1ec7n ch\u1ea5t l\u01b0\u1ee3ng s\u1ea3n ph\u1ea9m T\u0103ng t\u1ed1c \u0111\u1ed9 s\u1ea3n xu\u1ea5t [...]\" \/>\n<meta property=\"og:url\" content=\"https:\/\/etekrobotics.com.vn\/en\/product\/kiem-tra-ma-phanh\/\" \/>\n<meta property=\"og:site_name\" content=\"Etek\" \/>\n<meta property=\"article:modified_time\" content=\"2024-03-04T03:34:29+00:00\" \/>\n<meta property=\"og:image\" content=\"https:\/\/etekrobotics.com.vn\/wp-content\/uploads\/2024\/02\/Untitled-1-01.jpg\" \/>\n\t<meta property=\"og:image:width\" content=\"1593\" \/>\n\t<meta property=\"og:image:height\" content=\"1038\" \/>\n\t<meta property=\"og:image:type\" content=\"image\/jpeg\" \/>\n<meta name=\"twitter:card\" content=\"summary_large_image\" \/>\n<meta name=\"twitter:label1\" content=\"Est. reading time\" \/>\n\t<meta name=\"twitter:data1\" content=\"1 minute\" \/>\n<script type=\"application\/ld+json\" class=\"yoast-schema-graph\">{\"@context\":\"https:\/\/schema.org\",\"@graph\":[{\"@type\":\"WebPage\",\"@id\":\"https:\/\/etekrobotics.com.vn\/san-pham\/kiem-tra-ma-phanh\/\",\"url\":\"https:\/\/etekrobotics.com.vn\/san-pham\/kiem-tra-ma-phanh\/\",\"name\":\"Ki\u1ec3m Tra M\u00e1 Phanh - Etek\",\"isPartOf\":{\"@id\":\"https:\/\/etekrobotics.com.vn\/#website\"},\"datePublished\":\"2024-02-24T09:56:37+00:00\",\"dateModified\":\"2024-03-04T03:34:29+00:00\",\"breadcrumb\":{\"@id\":\"https:\/\/etekrobotics.com.vn\/san-pham\/kiem-tra-ma-phanh\/#breadcrumb\"},\"inLanguage\":\"en-US\",\"potentialAction\":[{\"@type\":\"ReadAction\",\"target\":[\"https:\/\/etekrobotics.com.vn\/san-pham\/kiem-tra-ma-phanh\/\"]}]},{\"@type\":\"BreadcrumbList\",\"@id\":\"https:\/\/etekrobotics.com.vn\/san-pham\/kiem-tra-ma-phanh\/#breadcrumb\",\"itemListElement\":[{\"@type\":\"ListItem\",\"position\":1,\"name\":\"Trang ch\u1ee7\",\"item\":\"https:\/\/etekrobotics.com.vn\/\"},{\"@type\":\"ListItem\",\"position\":2,\"name\":\"C\u1eeda h\u00e0ng\",\"item\":\"https:\/\/etekrobotics.com.vn\/cua-hang\/\"},{\"@type\":\"ListItem\",\"position\":3,\"name\":\"Ki\u1ec3m Tra M\u00e1 Phanh\"}]},{\"@type\":\"WebSite\",\"@id\":\"https:\/\/etekrobotics.com.vn\/#website\",\"url\":\"https:\/\/etekrobotics.com.vn\/\",\"name\":\"Etek\",\"description\":\"C\u00f4ng ty C\u1ed5 ph\u1ea7n Gi\u1ea3i ph\u00e1p T\u1ef1 \u0111\u1ed9ng h\u00f3a ETEK\",\"potentialAction\":[{\"@type\":\"SearchAction\",\"target\":{\"@type\":\"EntryPoint\",\"urlTemplate\":\"https:\/\/etekrobotics.com.vn\/?s={search_term_string}\"},\"query-input\":\"required name=search_term_string\"}],\"inLanguage\":\"en-US\"}]}<\/script>\n<!-- \/ Yoast SEO plugin. -->","yoast_head_json":{"title":"Ki\u1ec3m Tra M\u00e1 Phanh - Etek","robots":{"index":"index","follow":"follow","max-snippet":"max-snippet:-1","max-image-preview":"max-image-preview:large","max-video-preview":"max-video-preview:-1"},"canonical":"https:\/\/etekrobotics.com.vn\/en\/product\/kiem-tra-ma-phanh\/","og_locale":"en_US","og_type":"article","og_title":"Ki\u1ec3m Tra M\u00e1 Phanh - Etek","og_description":"V\u1ea5n \u0111\u1ec1 kh\u00e1ch h\u00e0ng: \u0110\u1ed9 r\u1ed9ng khe h\u1edf trong m\u00e1 phanh kh\u00f4ng \u0111\u1ea1t chu\u1ea9n G\u00e2y m\u1ea5t an to\u00e0n cho h\u1ec7 th\u1ed1ng xe S\u1ea3n ph\u1ea9m Ng\u00e0nh ngh\u1ec1\/\u1ee9ng d\u1ee5ng &#8211; \u00d4 t\u00f4 &#8211; xe m\u00e1y L\u1ee3i \u00edch: \u0110\u1ea3m b\u1ea3o an to\u00e0n phanh cho h\u1ec7 th\u1ed1ng xe C\u1ea3i thi\u1ec7n ch\u1ea5t l\u01b0\u1ee3ng s\u1ea3n ph\u1ea9m T\u0103ng t\u1ed1c \u0111\u1ed9 s\u1ea3n xu\u1ea5t [...]","og_url":"https:\/\/etekrobotics.com.vn\/en\/product\/kiem-tra-ma-phanh\/","og_site_name":"Etek","article_modified_time":"2024-03-04T03:34:29+00:00","og_image":[{"width":1593,"height":1038,"url":"https:\/\/etekrobotics.com.vn\/wp-content\/uploads\/2024\/02\/Untitled-1-01.jpg","type":"image\/jpeg"}],"twitter_card":"summary_large_image","twitter_misc":{"Est. reading time":"1 minute"},"schema":{"@context":"https:\/\/schema.org","@graph":[{"@type":"WebPage","@id":"https:\/\/etekrobotics.com.vn\/san-pham\/kiem-tra-ma-phanh\/","url":"https:\/\/etekrobotics.com.vn\/san-pham\/kiem-tra-ma-phanh\/","name":"Ki\u1ec3m Tra M\u00e1 Phanh - Etek","isPartOf":{"@id":"https:\/\/etekrobotics.com.vn\/#website"},"datePublished":"2024-02-24T09:56:37+00:00","dateModified":"2024-03-04T03:34:29+00:00","breadcrumb":{"@id":"https:\/\/etekrobotics.com.vn\/san-pham\/kiem-tra-ma-phanh\/#breadcrumb"},"inLanguage":"en-US","potentialAction":[{"@type":"ReadAction","target":["https:\/\/etekrobotics.com.vn\/san-pham\/kiem-tra-ma-phanh\/"]}]},{"@type":"BreadcrumbList","@id":"https:\/\/etekrobotics.com.vn\/san-pham\/kiem-tra-ma-phanh\/#breadcrumb","itemListElement":[{"@type":"ListItem","position":1,"name":"Trang ch\u1ee7","item":"https:\/\/etekrobotics.com.vn\/"},{"@type":"ListItem","position":2,"name":"C\u1eeda h\u00e0ng","item":"https:\/\/etekrobotics.com.vn\/cua-hang\/"},{"@type":"ListItem","position":3,"name":"Ki\u1ec3m Tra M\u00e1 Phanh"}]},{"@type":"WebSite","@id":"https:\/\/etekrobotics.com.vn\/#website","url":"https:\/\/etekrobotics.com.vn\/","name":"Etek","description":"C\u00f4ng ty C\u1ed5 ph\u1ea7n Gi\u1ea3i ph\u00e1p T\u1ef1 \u0111\u1ed9ng h\u00f3a ETEK","potentialAction":[{"@type":"SearchAction","target":{"@type":"EntryPoint","urlTemplate":"https:\/\/etekrobotics.com.vn\/?s={search_term_string}"},"query-input":"required name=search_term_string"}],"inLanguage":"en-US"}]}},"_links":{"self":[{"href":"https:\/\/etekrobotics.com.vn\/en\/wp-json\/wp\/v2\/product\/1523","targetHints":{"allow":["GET"]}}],"collection":[{"href":"https:\/\/etekrobotics.com.vn\/en\/wp-json\/wp\/v2\/product"}],"about":[{"href":"https:\/\/etekrobotics.com.vn\/en\/wp-json\/wp\/v2\/types\/product"}],"replies":[{"embeddable":true,"href":"https:\/\/etekrobotics.com.vn\/en\/wp-json\/wp\/v2\/comments?post=1523"}],"wp:featuredmedia":[{"embeddable":true,"href":"https:\/\/etekrobotics.com.vn\/en\/wp-json\/wp\/v2\/media\/1524"}],"wp:attachment":[{"href":"https:\/\/etekrobotics.com.vn\/en\/wp-json\/wp\/v2\/media?parent=1523"}],"wp:term":[{"taxonomy":"product_cat","embeddable":true,"href":"https:\/\/etekrobotics.com.vn\/en\/wp-json\/wp\/v2\/product_cat?post=1523"},{"taxonomy":"product_tag","embeddable":true,"href":"https:\/\/etekrobotics.com.vn\/en\/wp-json\/wp\/v2\/product_tag?post=1523"}],"curies":[{"name":"wp","href":"https:\/\/api.w.org\/{rel}","templated":true}]}}