{"id":1599,"date":"2024-03-06T03:11:13","date_gmt":"2024-03-06T03:11:13","guid":{"rendered":"https:\/\/etekrobotics.com.vn\/?post_type=product&#038;p=1599"},"modified":"2025-04-12T16:19:15","modified_gmt":"2025-04-12T16:19:15","slug":"dinh-tuyen-san-pham-bang-barcode-2","status":"publish","type":"product","link":"https:\/\/etekrobotics.com.vn\/en\/product\/dinh-tuyen-san-pham-bang-barcode-2\/","title":{"rendered":"\u0110\u1ecbnh tuy\u1ebfn s\u1ea3n ph\u1ea9m b\u1eb1ng barcode"},"content":{"rendered":"<h2><b>V\u1ea5n \u0111\u1ec1:<\/b><\/h2>\n<ul>\n<li style=\"font-weight: 400;\" aria-level=\"1\"><span style=\"font-weight: 400;\">Vi\u1ec7c \u0111\u1ecbnh tuy\u1ec3n s\u1ea3n ph\u1ea9m kh\u00f3 kh\u0103n<\/span><\/li>\n<\/ul>\n<h2><b>Gi\u1ea3i ph\u00e1p<\/b><\/h2>\n<ul>\n<li style=\"font-weight: 400;\" aria-level=\"1\"><span style=\"font-weight: 400;\">Pallet di chuy\u1ec3n tr\u00ean b\u0103ng t\u1ea3i<\/span><\/li>\n<li style=\"font-weight: 400;\" aria-level=\"1\"><span style=\"font-weight: 400;\">Camera th\u1ef1c hi\u1ec7n ch\u1ee5p v\u00e0 d\u00f9ng c\u00f4ng ngh\u1ec7 1DMax with Hotbars \u0111\u1ec3 truy xu\u1ea5t th\u00f4ng tin th\u00f9ng h\u00e0ng<\/span><\/li>\n<li style=\"font-weight: 400;\" aria-level=\"1\"><span style=\"font-weight: 400;\">D\u1eef li\u1ec7u \u0111\u01b0\u1ee3c g\u1eedi v\u1ec1 c\u01a1 c\u1ea5u ch\u1ea5p h\u00e0nh \u0111\u1ec3 \u0111\u1ecbnh tuy\u1ec3n s\u1ea3n ph\u1ea9m<\/span><\/li>\n<\/ul>\n<h2><b>Ng\u00e0nh ngh\u1ec1\/\u1ee8ng d\u1ee5ng<\/b><\/h2>\n<ul>\n<li style=\"font-weight: 400;\" aria-level=\"1\"><span style=\"font-weight: 400;\">Logistics<\/span><\/li>\n<li style=\"font-weight: 400;\" aria-level=\"1\"><span style=\"font-weight: 400;\">S\u1ea3n ph\u1ea9m ti\u00eau d\u00f9ng<\/span><\/li>\n<\/ul>\n<h2><b>S\u1ea3n ph\u1ea9m<\/b><\/h2>\n<p><img decoding=\"async\" class=\"aligncenter\" src=\"https:\/\/etekrobotics.com.vn\/wp-content\/uploads\/2024\/03\/barcode-04-2048x740.jpg\" \/><\/p>\n<h2><b>Th\u00f4ng s\u1ed1 tr\u1ea1m<\/b><\/h2>\n<p><img decoding=\"async\" class=\"aligncenter\" src=\"https:\/\/etekrobotics.com.vn\/wp-content\/uploads\/2024\/03\/barcode-03-1-2048x1461.jpg\" \/><\/p>\n<ol>\n<li style=\"font-weight: 400;\" aria-level=\"1\"><span style=\"font-weight: 400;\">K\u00edch th\u01b0\u1edbc barcode: 40mm*20mm<\/span><\/li>\n<li style=\"font-weight: 400;\" aria-level=\"1\"><span style=\"font-weight: 400;\">V\u00f9ng ch\u1ee5p: 100mm*200mm<\/span><\/li>\n<li style=\"font-weight: 400;\" aria-level=\"1\"><span style=\"font-weight: 400;\">S\u1ea3n l\u01b0\u1ee3ng: 120 s\u1ea3n ph\u1ea7m\/ ph\u00fat<\/span><\/li>\n<li style=\"font-weight: 400;\" aria-level=\"1\"><span style=\"font-weight: 400;\">Giao th\u1ee9c truy\u1ec1n th\u00f4ng: TCP\/IP, Modbus TCP<\/span><\/li>\n<li style=\"font-weight: 400;\" aria-level=\"1\"><span style=\"font-weight: 400;\">T\u1ed1c \u0111\u1ed9 Robot: 8m\/s<\/span><\/li>\n<\/ol>\n<h2><b>Thi\u1ebft b\u1ecb<\/b><\/h2>\n<ol>\n<li><span style=\"font-weight: 400;\">\u0110\u1ea7u \u0111\u1ecdc barcode<\/span><\/li>\n<li><span style=\"font-weight: 400;\">B\u0103ng t\u1ea3i<\/span><\/li>\n<li><span style=\"font-weight: 400;\">C\u01a1 c\u1ea5u ch\u1ea5p h\u00e0nh (robot, xy lanh\u2026) <\/span><\/li>\n<li><span style=\"font-weight: 400;\">C\u00e1p ngu\u1ed3n, ethernet<\/span><\/li>\n<\/ol>\n<h2><b>Th\u00f4ng s\u1ed1 thi\u1ebft b\u1ecb<\/b><\/h2>\n<p><img decoding=\"async\" class=\"aligncenter\" src=\"https:\/\/etekrobotics.com.vn\/wp-content\/uploads\/2024\/03\/barcode-05-2048x1481.jpg\" \/><\/p>\n<p><span style=\"font-weight: 400;\">DataMan 370 series:<\/span><\/p>\n<ul>\n<li style=\"font-weight: 400;\" aria-level=\"1\"><span style=\"font-weight: 400;\">\u0110\u1ed9 ph\u00e2n gi\u1ea3i: 5MP<\/span><\/li>\n<li style=\"font-weight: 400;\" aria-level=\"1\"><span style=\"font-weight: 400;\">T\u1ea7n s\u1ed1 ch\u1ee5p: 80 fps<\/span><\/li>\n<li style=\"font-weight: 400;\" aria-level=\"1\"><span style=\"font-weight: 400;\">Lens: liquid lens, C-mount<\/span><\/li>\n<li style=\"font-weight: 400;\" aria-level=\"1\"><span style=\"font-weight: 400;\">Ngu\u1ed3n: 24V<\/span><\/li>\n<\/ul>\n<h2><b>\u0110\u1ecbnh tuy\u1ebfn s\u1ea3n ph\u1ea9m b\u1eb1ng barcode \u2013 T\u0103ng hi\u1ec7u qu\u1ea3 ho\u1ea1t \u0111\u1ed9ng c\u1ee7a qu\u00e1 tr\u00ecnh ph\u00e2n ph\u1ed1i th\u1ef1c ph\u1ea9m v\u00e0 \u0111\u1ed3 u\u1ed1ng<\/b><\/h2>\n<p><span style=\"font-weight: 400;\">C\u00e1c nh\u00e0 s\u1ea3n xu\u1ea5t th\u1ef1c ph\u1ea9m v\u00e0 \u0111\u1ed3 u\u1ed1ng th\u01b0\u1eddng s\u1eed d\u1ee5ng b\u0103ng t\u1ea3i \u0111\u1ec3 di chuy\u1ec3n, ph\u00e2n lo\u1ea1i, v\u00e0 theo d\u00f5i c\u00e1c h\u1ed9p, th\u00f9ng carton c\u00f3 m\u00e3 1D v\u00e0 2D th\u00f4ng qua m\u1ed9t c\u01a1 s\u1edf. Theo d\u1eef li\u1ec7u \u0111\u01b0\u1ee3c m\u00e3 h\u00f3a trong t\u1eebng m\u00e3 v\u1ea1ch, b\u0103ng t\u1ea3i ph\u00e2n lo\u1ea1i s\u1ebd ch\u1ec9 \u0111\u1ea1o c\u00e1c g\u00f3i h\u00e0ng \u0111\u01b0\u1ee3c v\u1eadn chuy\u1ec3n. Nh\u00e3n c\u00f3 th\u1ec3 \u0111\u01b0\u1ee3c d\u00e1n v\u00e0o c\u00e1c m\u1eb7t b\u00ean tr\u00e1i c\u1ee7a h\u1ed9p ho\u1eb7c c\u1ea7n \u0111\u01b0\u1ee3c \u0111\u1ecdc t\u1eeb c\u00e1c g\u00f3c c\u1ef1c l\u1edbn. M\u1ed9t s\u1ed1 kh\u00e1c c\u00f3 th\u1ec3 b\u1ecb x\u00e2m ph\u1ea1m ho\u1eb7c h\u01b0 h\u1ecfng v\u00e0 ph\u1ea3i \u0111\u01b0\u1ee3c x\u00e1c \u0111\u1ecbnh nhanh ch\u00f3ng \u0111\u1ec3 kh\u1eafc ph\u1ee5c s\u1ef1 c\u1ed1. Kh\u1ea3 n\u0103ng \u0111\u1ecdc c\u00e1c lo\u1ea1i m\u00e3 n\u00e0y m\u1ed9t c\u00e1ch nhanh ch\u00f3ng v\u00e0 ch\u00ednh x\u00e1c l\u00e0 n\u1ec1n t\u1ea3ng cho m\u1ecdi ho\u1ea1t \u0111\u1ed9ng h\u1eadu c\u1ea7n th\u1ef1c ph\u1ea9m v\u00e0 \u0111\u1ed3 u\u1ed1ng, theo d\u00f5i v\u00e0 truy t\u00ecm h\u00e0ng h\u00f3a \u0111\u1ec3 l\u01b0u kho v\u00e0 v\u1eadn chuy\u1ec3n.<\/span><span style=\"font-weight: 400;\"><br \/>\n<\/span><span style=\"font-weight: 400;\">\u0110\u1ea7u \u0111\u1ecdc m\u00e3 v\u1ea1ch DataMan v\u1edbi c\u00f4ng ngh\u1ec7 Xpand cung c\u1ea5p \u0111\u1ed9 s\u00e2u tr\u01b0\u1eddng \u1ea3nh r\u1ed9ng v\u00e0 c\u00f4ng ngh\u1ec7 th\u1ea5u k\u00ednh l\u1ecfng cho ph\u00e9p \u0111\u1ed9 s\u00e2u tr\u01b0\u1eddng \u1ea3nh d\u00e0i. Ch\u00fang \u0111i\u1ec1u ch\u1ec9nh \u0111\u1ed9 m\u00e9o ph\u1ed1i c\u1ea3nh v\u00e0 cho ph\u00e9p ng\u01b0\u1eddi \u0111\u1ecdc DataMan x\u00e1c \u0111\u1ecbnh m\u00e3 \u1edf c\u00e1c \u0111\u1ed9 cao v\u00e0 \u0111\u1ed9 s\u00e2u kh\u00e1c nhau. S\u1eed d\u1ee5ng c\u00e1c thu\u1eadt to\u00e1n v\u00e0 c\u00f4ng ngh\u1ec7 gi\u1ea3i m\u00e3 ti\u00ean ti\u1ebfn, \u0111\u1ea7u \u0111\u1ecdc m\u00e3 v\u1ea1ch Cognex mang l\u1ea1i t\u1ef7 l\u1ec7 \u0111\u1ecdc l\u00ean t\u1edbi 99,9%, ngay c\u1ea3 \u0111\u1ed1i v\u1edbi c\u00e1c m\u00e3 b\u1ecb h\u1ecfng, nh\u00f2e v\u00e0 r\u00e1ch ho\u1eb7c th\u1eadm ch\u00ed c\u1ea3 c\u00e1c m\u00e3 \u0111\u01b0\u1ee3c ph\u1ee7 b\u1eb1ng v\u1eadt li\u1ec7u s\u00e1ng b\u00f3ng. \u0110\u1ea7u \u0111\u1ecdc m\u00e3 v\u1ea1ch Cognex c\u1ea3i thi\u1ec7n kh\u1ea3 n\u0103ng truy xu\u1ea5t ngu\u1ed3n g\u1ed1c th\u1ef1c ph\u1ea9m, gi\u00fap ng\u01b0\u1eddi qu\u1ea3n l\u00fd kho h\u00e0ng bi\u1ebft b\u01b0u ki\u1ec7n \u1edf \u0111\u00e2u v\u00e0o b\u1ea5t k\u1ef3 th\u1eddi \u0111i\u1ec3m n\u00e0o, gi\u1ea3m th\u1ea5t tho\u00e1t h\u00e0ng h\u00f3a.<\/span><\/p>\n<h2><b>L\u1ee3i \u00edch:<\/b><\/h2>\n<ul>\n<li style=\"font-weight: 400;\" aria-level=\"1\"><span style=\"font-weight: 400;\">T\u0103ng n\u0103ng su\u1ea5t<\/span><\/li>\n<li style=\"font-weight: 400;\" aria-level=\"1\"><span style=\"font-weight: 400;\">\u0110\u1ea3m b\u1ea3o \u0111\u1ecbnh tuy\u1ebfn \u0111\u1ebfn v\u1ecb tr\u00ed th\u00edch h\u1ee3p<\/span><\/li>\n<\/ul>\n<p>&nbsp;<\/p>","protected":false},"excerpt":{"rendered":"<p>V\u1ea5n \u0111\u1ec1: Vi\u1ec7c \u0111\u1ecbnh tuy\u1ec3n s\u1ea3n ph\u1ea9m kh\u00f3 kh\u0103n Gi\u1ea3i ph\u00e1p Pallet di chuy\u1ec3n tr\u00ean b\u0103ng t\u1ea3i Camera th\u1ef1c hi\u1ec7n ch\u1ee5p v\u00e0 d\u00f9ng c\u00f4ng ngh\u1ec7 1DMax with Hotbars \u0111\u1ec3 truy xu\u1ea5t th\u00f4ng tin th\u00f9ng h\u00e0ng D\u1eef li\u1ec7u \u0111\u01b0\u1ee3c g\u1eedi v\u1ec1 c\u01a1 c\u1ea5u ch\u1ea5p h\u00e0nh \u0111\u1ec3 \u0111\u1ecbnh tuy\u1ec3n s\u1ea3n ph\u1ea9m Ng\u00e0nh ngh\u1ec1\/\u1ee8ng d\u1ee5ng Logistics S\u1ea3n ph\u1ea9m [&#8230;]","protected":false},"featured_media":1601,"comment_status":"open","ping_status":"closed","template":"","meta":[],"product_cat":[57],"product_tag":[],"class_list":["post-1599","product","type-product","status-publish","has-post-thumbnail","hentry","product_cat-logistics"],"yoast_head":"<!-- This site is optimized with the Yoast SEO plugin v21.6 - https:\/\/yoast.com\/wordpress\/plugins\/seo\/ -->\n<title>\u0110\u1ecbnh tuy\u1ebfn s\u1ea3n ph\u1ea9m b\u1eb1ng barcode - Etek<\/title>\n<meta name=\"robots\" content=\"index, follow, max-snippet:-1, max-image-preview:large, max-video-preview:-1\" \/>\n<link rel=\"canonical\" href=\"https:\/\/etekrobotics.com.vn\/en\/product\/dinh-tuyen-san-pham-bang-barcode-2\/\" \/>\n<meta property=\"og:locale\" content=\"en_US\" \/>\n<meta property=\"og:type\" content=\"article\" \/>\n<meta property=\"og:title\" content=\"\u0110\u1ecbnh tuy\u1ebfn s\u1ea3n ph\u1ea9m b\u1eb1ng barcode - Etek\" \/>\n<meta property=\"og:description\" content=\"V\u1ea5n \u0111\u1ec1: Vi\u1ec7c \u0111\u1ecbnh tuy\u1ec3n s\u1ea3n ph\u1ea9m kh\u00f3 kh\u0103n Gi\u1ea3i ph\u00e1p Pallet di chuy\u1ec3n tr\u00ean b\u0103ng t\u1ea3i Camera th\u1ef1c hi\u1ec7n ch\u1ee5p v\u00e0 d\u00f9ng c\u00f4ng ngh\u1ec7 1DMax with Hotbars \u0111\u1ec3 truy xu\u1ea5t th\u00f4ng tin th\u00f9ng h\u00e0ng D\u1eef li\u1ec7u \u0111\u01b0\u1ee3c g\u1eedi v\u1ec1 c\u01a1 c\u1ea5u ch\u1ea5p h\u00e0nh \u0111\u1ec3 \u0111\u1ecbnh tuy\u1ec3n s\u1ea3n ph\u1ea9m Ng\u00e0nh ngh\u1ec1\/\u1ee8ng d\u1ee5ng Logistics S\u1ea3n ph\u1ea9m [...]\" \/>\n<meta property=\"og:url\" content=\"https:\/\/etekrobotics.com.vn\/en\/product\/dinh-tuyen-san-pham-bang-barcode-2\/\" \/>\n<meta property=\"og:site_name\" content=\"Etek\" \/>\n<meta property=\"article:modified_time\" content=\"2025-04-12T16:19:15+00:00\" \/>\n<meta property=\"og:image\" content=\"https:\/\/etekrobotics.com.vn\/wp-content\/uploads\/2024\/03\/anh-etek.jpg\" \/>\n\t<meta property=\"og:image:width\" content=\"500\" \/>\n\t<meta property=\"og:image:height\" content=\"357\" \/>\n\t<meta property=\"og:image:type\" content=\"image\/jpeg\" \/>\n<meta name=\"twitter:card\" content=\"summary_large_image\" \/>\n<meta name=\"twitter:label1\" content=\"Est. reading time\" \/>\n\t<meta name=\"twitter:data1\" content=\"4 minutes\" \/>\n<script type=\"application\/ld+json\" class=\"yoast-schema-graph\">{\"@context\":\"https:\/\/schema.org\",\"@graph\":[{\"@type\":\"WebPage\",\"@id\":\"https:\/\/etekrobotics.com.vn\/san-pham\/dinh-tuyen-san-pham-bang-barcode-2\/\",\"url\":\"https:\/\/etekrobotics.com.vn\/san-pham\/dinh-tuyen-san-pham-bang-barcode-2\/\",\"name\":\"\u0110\u1ecbnh tuy\u1ebfn s\u1ea3n ph\u1ea9m b\u1eb1ng barcode - Etek\",\"isPartOf\":{\"@id\":\"https:\/\/etekrobotics.com.vn\/#website\"},\"datePublished\":\"2024-03-06T03:11:13+00:00\",\"dateModified\":\"2025-04-12T16:19:15+00:00\",\"breadcrumb\":{\"@id\":\"https:\/\/etekrobotics.com.vn\/san-pham\/dinh-tuyen-san-pham-bang-barcode-2\/#breadcrumb\"},\"inLanguage\":\"en-US\",\"potentialAction\":[{\"@type\":\"ReadAction\",\"target\":[\"https:\/\/etekrobotics.com.vn\/san-pham\/dinh-tuyen-san-pham-bang-barcode-2\/\"]}]},{\"@type\":\"BreadcrumbList\",\"@id\":\"https:\/\/etekrobotics.com.vn\/san-pham\/dinh-tuyen-san-pham-bang-barcode-2\/#breadcrumb\",\"itemListElement\":[{\"@type\":\"ListItem\",\"position\":1,\"name\":\"Trang ch\u1ee7\",\"item\":\"https:\/\/etekrobotics.com.vn\/\"},{\"@type\":\"ListItem\",\"position\":2,\"name\":\"C\u1eeda h\u00e0ng\",\"item\":\"https:\/\/etekrobotics.com.vn\/cua-hang\/\"},{\"@type\":\"ListItem\",\"position\":3,\"name\":\"\u0110\u1ecbnh tuy\u1ebfn s\u1ea3n ph\u1ea9m b\u1eb1ng barcode\"}]},{\"@type\":\"WebSite\",\"@id\":\"https:\/\/etekrobotics.com.vn\/#website\",\"url\":\"https:\/\/etekrobotics.com.vn\/\",\"name\":\"Etek\",\"description\":\"C\u00f4ng ty C\u1ed5 ph\u1ea7n Gi\u1ea3i ph\u00e1p T\u1ef1 \u0111\u1ed9ng h\u00f3a ETEK\",\"potentialAction\":[{\"@type\":\"SearchAction\",\"target\":{\"@type\":\"EntryPoint\",\"urlTemplate\":\"https:\/\/etekrobotics.com.vn\/?s={search_term_string}\"},\"query-input\":\"required name=search_term_string\"}],\"inLanguage\":\"en-US\"}]}<\/script>\n<!-- \/ Yoast SEO plugin. -->","yoast_head_json":{"title":"\u0110\u1ecbnh tuy\u1ebfn s\u1ea3n ph\u1ea9m b\u1eb1ng barcode - Etek","robots":{"index":"index","follow":"follow","max-snippet":"max-snippet:-1","max-image-preview":"max-image-preview:large","max-video-preview":"max-video-preview:-1"},"canonical":"https:\/\/etekrobotics.com.vn\/en\/product\/dinh-tuyen-san-pham-bang-barcode-2\/","og_locale":"en_US","og_type":"article","og_title":"\u0110\u1ecbnh tuy\u1ebfn s\u1ea3n ph\u1ea9m b\u1eb1ng barcode - Etek","og_description":"V\u1ea5n \u0111\u1ec1: Vi\u1ec7c \u0111\u1ecbnh tuy\u1ec3n s\u1ea3n ph\u1ea9m kh\u00f3 kh\u0103n Gi\u1ea3i ph\u00e1p Pallet di chuy\u1ec3n tr\u00ean b\u0103ng t\u1ea3i Camera th\u1ef1c hi\u1ec7n ch\u1ee5p v\u00e0 d\u00f9ng c\u00f4ng ngh\u1ec7 1DMax with Hotbars \u0111\u1ec3 truy xu\u1ea5t th\u00f4ng tin th\u00f9ng h\u00e0ng D\u1eef li\u1ec7u \u0111\u01b0\u1ee3c g\u1eedi v\u1ec1 c\u01a1 c\u1ea5u ch\u1ea5p h\u00e0nh \u0111\u1ec3 \u0111\u1ecbnh tuy\u1ec3n s\u1ea3n ph\u1ea9m Ng\u00e0nh ngh\u1ec1\/\u1ee8ng d\u1ee5ng Logistics S\u1ea3n ph\u1ea9m [...]","og_url":"https:\/\/etekrobotics.com.vn\/en\/product\/dinh-tuyen-san-pham-bang-barcode-2\/","og_site_name":"Etek","article_modified_time":"2025-04-12T16:19:15+00:00","og_image":[{"width":500,"height":357,"url":"https:\/\/etekrobotics.com.vn\/wp-content\/uploads\/2024\/03\/anh-etek.jpg","type":"image\/jpeg"}],"twitter_card":"summary_large_image","twitter_misc":{"Est. reading time":"4 minutes"},"schema":{"@context":"https:\/\/schema.org","@graph":[{"@type":"WebPage","@id":"https:\/\/etekrobotics.com.vn\/san-pham\/dinh-tuyen-san-pham-bang-barcode-2\/","url":"https:\/\/etekrobotics.com.vn\/san-pham\/dinh-tuyen-san-pham-bang-barcode-2\/","name":"\u0110\u1ecbnh tuy\u1ebfn s\u1ea3n ph\u1ea9m b\u1eb1ng barcode - Etek","isPartOf":{"@id":"https:\/\/etekrobotics.com.vn\/#website"},"datePublished":"2024-03-06T03:11:13+00:00","dateModified":"2025-04-12T16:19:15+00:00","breadcrumb":{"@id":"https:\/\/etekrobotics.com.vn\/san-pham\/dinh-tuyen-san-pham-bang-barcode-2\/#breadcrumb"},"inLanguage":"en-US","potentialAction":[{"@type":"ReadAction","target":["https:\/\/etekrobotics.com.vn\/san-pham\/dinh-tuyen-san-pham-bang-barcode-2\/"]}]},{"@type":"BreadcrumbList","@id":"https:\/\/etekrobotics.com.vn\/san-pham\/dinh-tuyen-san-pham-bang-barcode-2\/#breadcrumb","itemListElement":[{"@type":"ListItem","position":1,"name":"Trang ch\u1ee7","item":"https:\/\/etekrobotics.com.vn\/"},{"@type":"ListItem","position":2,"name":"C\u1eeda h\u00e0ng","item":"https:\/\/etekrobotics.com.vn\/cua-hang\/"},{"@type":"ListItem","position":3,"name":"\u0110\u1ecbnh tuy\u1ebfn s\u1ea3n ph\u1ea9m b\u1eb1ng barcode"}]},{"@type":"WebSite","@id":"https:\/\/etekrobotics.com.vn\/#website","url":"https:\/\/etekrobotics.com.vn\/","name":"Etek","description":"C\u00f4ng ty C\u1ed5 ph\u1ea7n Gi\u1ea3i ph\u00e1p T\u1ef1 \u0111\u1ed9ng h\u00f3a ETEK","potentialAction":[{"@type":"SearchAction","target":{"@type":"EntryPoint","urlTemplate":"https:\/\/etekrobotics.com.vn\/?s={search_term_string}"},"query-input":"required name=search_term_string"}],"inLanguage":"en-US"}]}},"_links":{"self":[{"href":"https:\/\/etekrobotics.com.vn\/en\/wp-json\/wp\/v2\/product\/1599","targetHints":{"allow":["GET"]}}],"collection":[{"href":"https:\/\/etekrobotics.com.vn\/en\/wp-json\/wp\/v2\/product"}],"about":[{"href":"https:\/\/etekrobotics.com.vn\/en\/wp-json\/wp\/v2\/types\/product"}],"replies":[{"embeddable":true,"href":"https:\/\/etekrobotics.com.vn\/en\/wp-json\/wp\/v2\/comments?post=1599"}],"wp:featuredmedia":[{"embeddable":true,"href":"https:\/\/etekrobotics.com.vn\/en\/wp-json\/wp\/v2\/media\/1601"}],"wp:attachment":[{"href":"https:\/\/etekrobotics.com.vn\/en\/wp-json\/wp\/v2\/media?parent=1599"}],"wp:term":[{"taxonomy":"product_cat","embeddable":true,"href":"https:\/\/etekrobotics.com.vn\/en\/wp-json\/wp\/v2\/product_cat?post=1599"},{"taxonomy":"product_tag","embeddable":true,"href":"https:\/\/etekrobotics.com.vn\/en\/wp-json\/wp\/v2\/product_tag?post=1599"}],"curies":[{"name":"wp","href":"https:\/\/api.w.org\/{rel}","templated":true}]}}