{"id":1620,"date":"2024-03-12T02:34:37","date_gmt":"2024-03-12T02:34:37","guid":{"rendered":"https:\/\/etekrobotics.com.vn\/?post_type=product&#038;p=1620"},"modified":"2024-03-12T02:48:41","modified_gmt":"2024-03-12T02:48:41","slug":"do-muc-day-cua-san-pham","status":"publish","type":"product","link":"https:\/\/etekrobotics.com.vn\/en\/product\/do-muc-day-cua-san-pham\/","title":{"rendered":"\u0110o M\u1ee9c \u0110\u1ea7y C\u1ee7a S\u1ea3n Ph\u1ea9m"},"content":{"rendered":"<h1><strong>Th\u00f4ng tin chung<\/strong><\/h1>\n<h2><strong>V\u1ea5n \u0111\u1ec1:<\/strong><\/h2>\n<ul>\n<li>Th\u1ec3 t\u00edch ch\u1ea5t l\u1ecfng kh\u00f4ng \u0111\u1ee7 ho\u1eb7c th\u1eeba<\/li>\n<\/ul>\n<h2><strong>Quy tr\u00ecnh: <\/strong><\/h2>\n<ul>\n<li>S\u1ea3n ph\u1ea9m di chuy\u1ec3n tr\u00ean b\u0103ng t\u1ea3i<\/li>\n<li>Camera th\u1ef1c hi\u1ec7n qu\u00e9t v\u00e0 \u0111o th\u1ec3 t\u00edch b\u00ean trong s\u1ea3n ph\u1ea9m<\/li>\n<\/ul>\n<h2><strong>L\u1ee3i \u00edch:<\/strong><\/h2>\n<ul>\n<li>\u0110\u1ea3m b\u1ea3o ch\u1ea5t l\u01b0\u1ee3ng s\u1ea3n ph\u1ea9m<\/li>\n<li>Lo\u1ea1i b\u1ecf vi\u1ec7c ki\u1ec3m tra b\u1eb1ng th\u1ee7 c\u00f4ng <img loading=\"lazy\" decoding=\"async\" class=\"wp-image-1621 aligncenter\" src=\"https:\/\/etekrobotics.com.vn\/wp-content\/uploads\/2024\/03\/1.jpg\" alt=\"\" width=\"460\" height=\"301\" srcset=\"https:\/\/etekrobotics.com.vn\/wp-content\/uploads\/2024\/03\/1.jpg 847w, https:\/\/etekrobotics.com.vn\/wp-content\/uploads\/2024\/03\/1-768x501.jpg 768w, https:\/\/etekrobotics.com.vn\/wp-content\/uploads\/2024\/03\/1-18x12.jpg 18w, https:\/\/etekrobotics.com.vn\/wp-content\/uploads\/2024\/03\/1-600x392.jpg 600w\" sizes=\"auto, (max-width: 460px) 100vw, 460px\" \/><\/li>\n<\/ul>\n<h2><strong>Th\u00f4ng s\u1ed1 tr\u1ea1m:<\/strong><\/h2>\n<ol>\n<li>S\u1ea3n l\u01b0\u1ee3ng: 5 sp\/s<\/li>\n<li>\u0110i\u1ec1u ki\u1ec7n \u00e1nh s\u00e1ng: 300-1000 lux<\/li>\n<li>K\u00edch c\u1ee1 s\u1ea3n ph\u1ea9m: 50mm*70mm<\/li>\n<\/ol>\n<h2><strong>Thi\u1ebft b\u1ecb:<\/strong><\/h2>\n<ol>\n<li>Camera 3D, 2D<\/li>\n<li>B\u0103ng t\u1ea3i<\/li>\n<li>C\u00e1p ngu\u1ed3n, ethernet<\/li>\n<\/ol>\n<h2><strong>Th\u00f4ng s\u1ed1 thi\u1ebft b\u1ecb:<\/strong><\/h2>\n<h3><b>Camera 3D-A5000 series<\/b><b>:<\/b><\/h3>\n<ul>\n<li>Ph\u1ea1m vi \u0111o: (CD*MR*NFOV*FFOV): 1000*1000*(900*675)*(1760*1320) mm<\/li>\n<li>Th\u1eddi gian ch\u1ee5p: 200 ms<\/li>\n<li>\u0110\u1ed9 ph\u00e2n gi\u1ea3i: (XY*Z): (626-1223)*(414-1656) <img loading=\"lazy\" decoding=\"async\" class=\"size-full wp-image-1622 aligncenter\" src=\"https:\/\/etekrobotics.com.vn\/wp-content\/uploads\/2024\/03\/2.jpg\" alt=\"\" width=\"301\" height=\"221\" srcset=\"https:\/\/etekrobotics.com.vn\/wp-content\/uploads\/2024\/03\/2.jpg 301w, https:\/\/etekrobotics.com.vn\/wp-content\/uploads\/2024\/03\/2-16x12.jpg 16w\" sizes=\"auto, (max-width: 301px) 100vw, 301px\" \/><\/li>\n<\/ul>\n<h2><strong>Ng\u00e0nh:<\/strong><\/h2>\n<ul>\n<li>H\u00f3a ch\u1ea5t<\/li>\n<li>S\u1ea3n ph\u1ea9m ch\u0103m s\u00f3c c\u00e1 nh\u00e2n<\/li>\n<li>Th\u1ef1c ph\u1ea9m, \u0111\u1ed3 u\u1ed1ng\u2026vv<\/li>\n<\/ul>\n<h2><strong>S\u1ea3n ph\u1ea9m:\u00a0<\/strong><\/h2>\n<p><img loading=\"lazy\" decoding=\"async\" class=\"alignnone wp-image-1623\" src=\"https:\/\/etekrobotics.com.vn\/wp-content\/uploads\/2024\/03\/3.jpg\" alt=\"\" width=\"241\" height=\"175\" srcset=\"https:\/\/etekrobotics.com.vn\/wp-content\/uploads\/2024\/03\/3.jpg 302w, https:\/\/etekrobotics.com.vn\/wp-content\/uploads\/2024\/03\/3-18x12.jpg 18w, https:\/\/etekrobotics.com.vn\/wp-content\/uploads\/2024\/03\/3-300x219.jpg 300w\" sizes=\"auto, (max-width: 241px) 100vw, 241px\" \/> <img loading=\"lazy\" decoding=\"async\" class=\"alignnone wp-image-1624\" src=\"https:\/\/etekrobotics.com.vn\/wp-content\/uploads\/2024\/03\/4.jpg\" alt=\"\" width=\"239\" height=\"175\" srcset=\"https:\/\/etekrobotics.com.vn\/wp-content\/uploads\/2024\/03\/4.jpg 301w, https:\/\/etekrobotics.com.vn\/wp-content\/uploads\/2024\/03\/4-16x12.jpg 16w\" sizes=\"auto, (max-width: 239px) 100vw, 239px\" \/><\/p>","protected":false},"excerpt":{"rendered":"<p>Th\u00f4ng tin chung V\u1ea5n \u0111\u1ec1: Th\u1ec3 t\u00edch ch\u1ea5t l\u1ecfng kh\u00f4ng \u0111\u1ee7 ho\u1eb7c th\u1eeba Quy tr\u00ecnh: S\u1ea3n ph\u1ea9m di chuy\u1ec3n tr\u00ean b\u0103ng t\u1ea3i Camera th\u1ef1c hi\u1ec7n qu\u00e9t v\u00e0 \u0111o th\u1ec3 t\u00edch b\u00ean trong s\u1ea3n ph\u1ea9m L\u1ee3i \u00edch: \u0110\u1ea3m b\u1ea3o ch\u1ea5t l\u01b0\u1ee3ng s\u1ea3n ph\u1ea9m Lo\u1ea1i b\u1ecf vi\u1ec7c ki\u1ec3m tra b\u1eb1ng th\u1ee7 c\u00f4ng Th\u00f4ng s\u1ed1 tr\u1ea1m: S\u1ea3n l\u01b0\u1ee3ng: [&#8230;]","protected":false},"featured_media":1621,"comment_status":"open","ping_status":"closed","template":"","meta":[],"product_cat":[166,167,131],"product_tag":[],"class_list":["post-1620","product","type-product","status-publish","has-post-thumbnail","hentry","product_cat-do-luong-hang-tieu-dung-dong-goi","product_cat-do-muc-day-cua-san-pham","product_cat-hang-tieu-dung-dong-goi"],"yoast_head":"<!-- This site is optimized with the Yoast SEO plugin v21.6 - https:\/\/yoast.com\/wordpress\/plugins\/seo\/ -->\n<title>\u0110o M\u1ee9c \u0110\u1ea7y C\u1ee7a S\u1ea3n Ph\u1ea9m - Etek<\/title>\n<meta name=\"robots\" content=\"index, follow, max-snippet:-1, max-image-preview:large, max-video-preview:-1\" \/>\n<link rel=\"canonical\" href=\"https:\/\/etekrobotics.com.vn\/en\/product\/do-muc-day-cua-san-pham\/\" \/>\n<meta property=\"og:locale\" content=\"en_US\" \/>\n<meta property=\"og:type\" content=\"article\" \/>\n<meta property=\"og:title\" content=\"\u0110o M\u1ee9c \u0110\u1ea7y C\u1ee7a S\u1ea3n Ph\u1ea9m - Etek\" \/>\n<meta property=\"og:description\" content=\"Th\u00f4ng tin chung V\u1ea5n \u0111\u1ec1: Th\u1ec3 t\u00edch ch\u1ea5t l\u1ecfng kh\u00f4ng \u0111\u1ee7 ho\u1eb7c th\u1eeba Quy tr\u00ecnh: S\u1ea3n ph\u1ea9m di chuy\u1ec3n tr\u00ean b\u0103ng t\u1ea3i Camera th\u1ef1c hi\u1ec7n qu\u00e9t v\u00e0 \u0111o th\u1ec3 t\u00edch b\u00ean trong s\u1ea3n ph\u1ea9m L\u1ee3i \u00edch: \u0110\u1ea3m b\u1ea3o ch\u1ea5t l\u01b0\u1ee3ng s\u1ea3n ph\u1ea9m Lo\u1ea1i b\u1ecf vi\u1ec7c ki\u1ec3m tra b\u1eb1ng th\u1ee7 c\u00f4ng Th\u00f4ng s\u1ed1 tr\u1ea1m: S\u1ea3n l\u01b0\u1ee3ng: [...]\" \/>\n<meta property=\"og:url\" content=\"https:\/\/etekrobotics.com.vn\/en\/product\/do-muc-day-cua-san-pham\/\" \/>\n<meta property=\"og:site_name\" content=\"Etek\" \/>\n<meta property=\"article:modified_time\" content=\"2024-03-12T02:48:41+00:00\" \/>\n<meta property=\"og:image\" content=\"https:\/\/etekrobotics.com.vn\/wp-content\/uploads\/2024\/03\/1.jpg\" \/>\n\t<meta property=\"og:image:width\" content=\"847\" \/>\n\t<meta property=\"og:image:height\" content=\"553\" \/>\n\t<meta property=\"og:image:type\" content=\"image\/jpeg\" \/>\n<meta name=\"twitter:card\" content=\"summary_large_image\" \/>\n<meta name=\"twitter:label1\" content=\"Est. reading time\" \/>\n\t<meta name=\"twitter:data1\" content=\"2 minutes\" \/>\n<script type=\"application\/ld+json\" class=\"yoast-schema-graph\">{\"@context\":\"https:\/\/schema.org\",\"@graph\":[{\"@type\":\"WebPage\",\"@id\":\"https:\/\/etekrobotics.com.vn\/san-pham\/do-muc-day-cua-san-pham\/\",\"url\":\"https:\/\/etekrobotics.com.vn\/san-pham\/do-muc-day-cua-san-pham\/\",\"name\":\"\u0110o M\u1ee9c \u0110\u1ea7y C\u1ee7a S\u1ea3n Ph\u1ea9m - Etek\",\"isPartOf\":{\"@id\":\"https:\/\/etekrobotics.com.vn\/#website\"},\"datePublished\":\"2024-03-12T02:34:37+00:00\",\"dateModified\":\"2024-03-12T02:48:41+00:00\",\"breadcrumb\":{\"@id\":\"https:\/\/etekrobotics.com.vn\/san-pham\/do-muc-day-cua-san-pham\/#breadcrumb\"},\"inLanguage\":\"en-US\",\"potentialAction\":[{\"@type\":\"ReadAction\",\"target\":[\"https:\/\/etekrobotics.com.vn\/san-pham\/do-muc-day-cua-san-pham\/\"]}]},{\"@type\":\"BreadcrumbList\",\"@id\":\"https:\/\/etekrobotics.com.vn\/san-pham\/do-muc-day-cua-san-pham\/#breadcrumb\",\"itemListElement\":[{\"@type\":\"ListItem\",\"position\":1,\"name\":\"Trang ch\u1ee7\",\"item\":\"https:\/\/etekrobotics.com.vn\/\"},{\"@type\":\"ListItem\",\"position\":2,\"name\":\"C\u1eeda h\u00e0ng\",\"item\":\"https:\/\/etekrobotics.com.vn\/cua-hang\/\"},{\"@type\":\"ListItem\",\"position\":3,\"name\":\"\u0110o M\u1ee9c \u0110\u1ea7y C\u1ee7a S\u1ea3n Ph\u1ea9m\"}]},{\"@type\":\"WebSite\",\"@id\":\"https:\/\/etekrobotics.com.vn\/#website\",\"url\":\"https:\/\/etekrobotics.com.vn\/\",\"name\":\"Etek\",\"description\":\"C\u00f4ng ty C\u1ed5 ph\u1ea7n Gi\u1ea3i ph\u00e1p T\u1ef1 \u0111\u1ed9ng h\u00f3a ETEK\",\"potentialAction\":[{\"@type\":\"SearchAction\",\"target\":{\"@type\":\"EntryPoint\",\"urlTemplate\":\"https:\/\/etekrobotics.com.vn\/?s={search_term_string}\"},\"query-input\":\"required name=search_term_string\"}],\"inLanguage\":\"en-US\"}]}<\/script>\n<!-- \/ Yoast SEO plugin. -->","yoast_head_json":{"title":"\u0110o M\u1ee9c \u0110\u1ea7y C\u1ee7a S\u1ea3n Ph\u1ea9m - Etek","robots":{"index":"index","follow":"follow","max-snippet":"max-snippet:-1","max-image-preview":"max-image-preview:large","max-video-preview":"max-video-preview:-1"},"canonical":"https:\/\/etekrobotics.com.vn\/en\/product\/do-muc-day-cua-san-pham\/","og_locale":"en_US","og_type":"article","og_title":"\u0110o M\u1ee9c \u0110\u1ea7y C\u1ee7a S\u1ea3n Ph\u1ea9m - Etek","og_description":"Th\u00f4ng tin chung V\u1ea5n \u0111\u1ec1: Th\u1ec3 t\u00edch ch\u1ea5t l\u1ecfng kh\u00f4ng \u0111\u1ee7 ho\u1eb7c th\u1eeba Quy tr\u00ecnh: S\u1ea3n ph\u1ea9m di chuy\u1ec3n tr\u00ean b\u0103ng t\u1ea3i Camera th\u1ef1c hi\u1ec7n qu\u00e9t v\u00e0 \u0111o th\u1ec3 t\u00edch b\u00ean trong s\u1ea3n ph\u1ea9m L\u1ee3i \u00edch: \u0110\u1ea3m b\u1ea3o ch\u1ea5t l\u01b0\u1ee3ng s\u1ea3n ph\u1ea9m Lo\u1ea1i b\u1ecf vi\u1ec7c ki\u1ec3m tra b\u1eb1ng th\u1ee7 c\u00f4ng Th\u00f4ng s\u1ed1 tr\u1ea1m: S\u1ea3n l\u01b0\u1ee3ng: [...]","og_url":"https:\/\/etekrobotics.com.vn\/en\/product\/do-muc-day-cua-san-pham\/","og_site_name":"Etek","article_modified_time":"2024-03-12T02:48:41+00:00","og_image":[{"width":847,"height":553,"url":"https:\/\/etekrobotics.com.vn\/wp-content\/uploads\/2024\/03\/1.jpg","type":"image\/jpeg"}],"twitter_card":"summary_large_image","twitter_misc":{"Est. reading time":"2 minutes"},"schema":{"@context":"https:\/\/schema.org","@graph":[{"@type":"WebPage","@id":"https:\/\/etekrobotics.com.vn\/san-pham\/do-muc-day-cua-san-pham\/","url":"https:\/\/etekrobotics.com.vn\/san-pham\/do-muc-day-cua-san-pham\/","name":"\u0110o M\u1ee9c \u0110\u1ea7y C\u1ee7a S\u1ea3n Ph\u1ea9m - Etek","isPartOf":{"@id":"https:\/\/etekrobotics.com.vn\/#website"},"datePublished":"2024-03-12T02:34:37+00:00","dateModified":"2024-03-12T02:48:41+00:00","breadcrumb":{"@id":"https:\/\/etekrobotics.com.vn\/san-pham\/do-muc-day-cua-san-pham\/#breadcrumb"},"inLanguage":"en-US","potentialAction":[{"@type":"ReadAction","target":["https:\/\/etekrobotics.com.vn\/san-pham\/do-muc-day-cua-san-pham\/"]}]},{"@type":"BreadcrumbList","@id":"https:\/\/etekrobotics.com.vn\/san-pham\/do-muc-day-cua-san-pham\/#breadcrumb","itemListElement":[{"@type":"ListItem","position":1,"name":"Trang ch\u1ee7","item":"https:\/\/etekrobotics.com.vn\/"},{"@type":"ListItem","position":2,"name":"C\u1eeda h\u00e0ng","item":"https:\/\/etekrobotics.com.vn\/cua-hang\/"},{"@type":"ListItem","position":3,"name":"\u0110o M\u1ee9c \u0110\u1ea7y C\u1ee7a S\u1ea3n Ph\u1ea9m"}]},{"@type":"WebSite","@id":"https:\/\/etekrobotics.com.vn\/#website","url":"https:\/\/etekrobotics.com.vn\/","name":"Etek","description":"C\u00f4ng ty C\u1ed5 ph\u1ea7n Gi\u1ea3i ph\u00e1p T\u1ef1 \u0111\u1ed9ng h\u00f3a ETEK","potentialAction":[{"@type":"SearchAction","target":{"@type":"EntryPoint","urlTemplate":"https:\/\/etekrobotics.com.vn\/?s={search_term_string}"},"query-input":"required name=search_term_string"}],"inLanguage":"en-US"}]}},"_links":{"self":[{"href":"https:\/\/etekrobotics.com.vn\/en\/wp-json\/wp\/v2\/product\/1620","targetHints":{"allow":["GET"]}}],"collection":[{"href":"https:\/\/etekrobotics.com.vn\/en\/wp-json\/wp\/v2\/product"}],"about":[{"href":"https:\/\/etekrobotics.com.vn\/en\/wp-json\/wp\/v2\/types\/product"}],"replies":[{"embeddable":true,"href":"https:\/\/etekrobotics.com.vn\/en\/wp-json\/wp\/v2\/comments?post=1620"}],"wp:featuredmedia":[{"embeddable":true,"href":"https:\/\/etekrobotics.com.vn\/en\/wp-json\/wp\/v2\/media\/1621"}],"wp:attachment":[{"href":"https:\/\/etekrobotics.com.vn\/en\/wp-json\/wp\/v2\/media?parent=1620"}],"wp:term":[{"taxonomy":"product_cat","embeddable":true,"href":"https:\/\/etekrobotics.com.vn\/en\/wp-json\/wp\/v2\/product_cat?post=1620"},{"taxonomy":"product_tag","embeddable":true,"href":"https:\/\/etekrobotics.com.vn\/en\/wp-json\/wp\/v2\/product_tag?post=1620"}],"curies":[{"name":"wp","href":"https:\/\/api.w.org\/{rel}","templated":true}]}}