{"id":1631,"date":"2024-03-12T02:55:31","date_gmt":"2024-03-12T02:55:31","guid":{"rendered":"https:\/\/etekrobotics.com.vn\/?post_type=product&#038;p=1631"},"modified":"2024-03-12T02:55:32","modified_gmt":"2024-03-12T02:55:32","slug":"kiem-tra-thanh-phan-trong-san-pham","status":"publish","type":"product","link":"https:\/\/etekrobotics.com.vn\/en\/product\/kiem-tra-thanh-phan-trong-san-pham\/","title":{"rendered":"Ki\u1ec3m Tra Th\u00e0nh Ph\u1ea7n Trong S\u1ea3n Ph\u1ea9m"},"content":{"rendered":"<h1><strong>Th\u00f4ng tin chung:\u00a0<\/strong><\/h1>\n<h2><b>V\u1ea5n <\/b><b>\u0111\u1ec1<\/b><b>: <\/b><\/h2>\n<ul>\n<li>Th\u00e0nh ph\u1ea7n trong s\u1ea3n ph\u1ea9m b\u1ecb thi\u1ebfu<\/li>\n<\/ul>\n<h2><b>Quy<\/b> <b>tr\u00ecnh<\/b><b>:<\/b><\/h2>\n<ul>\n<li>S\u1ea3n ph\u1ea9m di chuy\u1ec3n tr\u00ean b\u0103ng t\u1ea3i<\/li>\n<li>Camera th\u1ef1c hi\u1ec7n ch\u1ee5p v\u00e0 d\u00f9ng tool classify \u0111\u1ec3 ph\u00e2n lo\u1ea1i s\u1ea3n ph\u1ea9m l\u1ed7i<\/li>\n<\/ul>\n<h2><b>L\u1ee3i<\/b> <b>\u00edch<\/b><b>: <\/b><\/h2>\n<ul>\n<li>T\u0103ng ch\u1ea5t l\u01b0\u1ee3ng s\u1ea3n ph\u1ea9m<\/li>\n<li>Gi\u1ea3m chi ph\u00ed nh\u00e2n c\u00f4ng<\/li>\n<li>T\u0103ng n\u0103ng su\u1ea5t <img loading=\"lazy\" decoding=\"async\" class=\"wp-image-1632 aligncenter\" src=\"https:\/\/etekrobotics.com.vn\/wp-content\/uploads\/2024\/03\/9.jpg\" alt=\"\" width=\"401\" height=\"262\" srcset=\"https:\/\/etekrobotics.com.vn\/wp-content\/uploads\/2024\/03\/9.jpg 846w, https:\/\/etekrobotics.com.vn\/wp-content\/uploads\/2024\/03\/9-768x502.jpg 768w, https:\/\/etekrobotics.com.vn\/wp-content\/uploads\/2024\/03\/9-18x12.jpg 18w, https:\/\/etekrobotics.com.vn\/wp-content\/uploads\/2024\/03\/9-600x392.jpg 600w\" sizes=\"auto, (max-width: 401px) 100vw, 401px\" \/><\/li>\n<\/ul>\n<h1><strong>Th\u00f4ng s\u1ed1 tr\u1ea1m:<\/strong><\/h1>\n<ol>\n<li>S\u1ed1 l\u01b0\u1ee3ng: 5sp\/s<\/li>\n<li>\u0110i\u1ec1u ki\u1ec7n \u00e1nh s\u00e1ng: 300-1000 lux<\/li>\n<li>K\u00edch c\u1ee1 s\u1ea3n ph\u1ea9m: 100mm*40mm<\/li>\n<\/ol>\n<h1><strong>Thi\u1ebft b\u1ecb:\u00a0<\/strong><\/h1>\n<ol>\n<li>Camera vision 2D<\/li>\n<li>B\u0103ng t\u1ea3i<\/li>\n<li>C\u00e1p ngu\u1ed3n<\/li>\n<li>C\u00e1p Ethernet<\/li>\n<\/ol>\n<h1><strong>Th\u00f4ng s\u1ed1 thi\u1ebft b\u1ecb:\u00a0<\/strong><\/h1>\n<h2><b>In-Sight 3800 series:<\/b><\/h2>\n<ul>\n<li>\u0110\u1ed9 ph\u00e2n gi\u1ea3i: 1 MP<\/li>\n<li>T\u1ed1c \u0111\u1ed9 ch\u1ee5p: 125 fps<\/li>\n<li>Lens: Manual lens, Autofocus lens<\/li>\n<li>Truy\u1ec1n th\u00f4ng: Ethernet<\/li>\n<\/ul>\n<h1><strong>Ng\u00e0nh:<\/strong><\/h1>\n<ul>\n<li>M\u1ef9 ph\u1ea9m<\/li>\n<li>Ch\u0103m s\u00f3c c\u00e1 nh\u00e2n<\/li>\n<li>H\u00f3a ch\u1ea5t\u2026vv<\/li>\n<\/ul>\n<h1><strong>S\u1ea3n ph\u1ea9m:\u00a0<\/strong><\/h1>\n<p><img loading=\"lazy\" decoding=\"async\" class=\"alignnone  wp-image-1633\" src=\"https:\/\/etekrobotics.com.vn\/wp-content\/uploads\/2024\/03\/10.jpg\" alt=\"\" width=\"254\" height=\"187\" srcset=\"https:\/\/etekrobotics.com.vn\/wp-content\/uploads\/2024\/03\/10.jpg 301w, https:\/\/etekrobotics.com.vn\/wp-content\/uploads\/2024\/03\/10-16x12.jpg 16w\" sizes=\"auto, (max-width: 254px) 100vw, 254px\" \/> <img loading=\"lazy\" decoding=\"async\" class=\"alignnone  wp-image-1634\" src=\"https:\/\/etekrobotics.com.vn\/wp-content\/uploads\/2024\/03\/11.jpg\" alt=\"\" width=\"258\" height=\"190\" srcset=\"https:\/\/etekrobotics.com.vn\/wp-content\/uploads\/2024\/03\/11.jpg 302w, https:\/\/etekrobotics.com.vn\/wp-content\/uploads\/2024\/03\/11-16x12.jpg 16w, https:\/\/etekrobotics.com.vn\/wp-content\/uploads\/2024\/03\/11-300x222.jpg 300w\" sizes=\"auto, (max-width: 258px) 100vw, 258px\" \/><\/p>","protected":false},"excerpt":{"rendered":"<p>Th\u00f4ng tin chung:\u00a0 V\u1ea5n \u0111\u1ec1: Th\u00e0nh ph\u1ea7n trong s\u1ea3n ph\u1ea9m b\u1ecb thi\u1ebfu Quy tr\u00ecnh: S\u1ea3n ph\u1ea9m di chuy\u1ec3n tr\u00ean b\u0103ng t\u1ea3i Camera th\u1ef1c hi\u1ec7n ch\u1ee5p v\u00e0 d\u00f9ng tool classify \u0111\u1ec3 ph\u00e2n lo\u1ea1i s\u1ea3n ph\u1ea9m l\u1ed7i L\u1ee3i \u00edch: T\u0103ng ch\u1ea5t l\u01b0\u1ee3ng s\u1ea3n ph\u1ea9m Gi\u1ea3m chi ph\u00ed nh\u00e2n c\u00f4ng T\u0103ng n\u0103ng su\u1ea5t Th\u00f4ng s\u1ed1 tr\u1ea1m: S\u1ed1 l\u01b0\u1ee3ng: [&#8230;]","protected":false},"featured_media":1632,"comment_status":"open","ping_status":"closed","template":"","meta":[],"product_cat":[131,132,135],"product_tag":[],"class_list":["post-1631","product","type-product","status-publish","has-post-thumbnail","hentry","product_cat-hang-tieu-dung-dong-goi","product_cat-kiem-tra-ngoai-quan-hang-tieu-dung-dong-goi","product_cat-kiem-tra-thanh-phan-trong-san-pham"],"yoast_head":"<!-- This site is optimized with the Yoast SEO plugin v21.6 - https:\/\/yoast.com\/wordpress\/plugins\/seo\/ -->\n<title>Ki\u1ec3m Tra Th\u00e0nh Ph\u1ea7n Trong S\u1ea3n Ph\u1ea9m - Etek<\/title>\n<meta name=\"robots\" content=\"index, follow, max-snippet:-1, max-image-preview:large, max-video-preview:-1\" \/>\n<link rel=\"canonical\" href=\"https:\/\/etekrobotics.com.vn\/en\/product\/kiem-tra-thanh-phan-trong-san-pham\/\" \/>\n<meta property=\"og:locale\" content=\"en_US\" \/>\n<meta property=\"og:type\" content=\"article\" \/>\n<meta property=\"og:title\" content=\"Ki\u1ec3m Tra Th\u00e0nh Ph\u1ea7n Trong S\u1ea3n Ph\u1ea9m - Etek\" \/>\n<meta property=\"og:description\" content=\"Th\u00f4ng tin chung:\u00a0 V\u1ea5n \u0111\u1ec1: Th\u00e0nh ph\u1ea7n trong s\u1ea3n ph\u1ea9m b\u1ecb thi\u1ebfu Quy tr\u00ecnh: S\u1ea3n ph\u1ea9m di chuy\u1ec3n tr\u00ean b\u0103ng t\u1ea3i Camera th\u1ef1c hi\u1ec7n ch\u1ee5p v\u00e0 d\u00f9ng tool classify \u0111\u1ec3 ph\u00e2n lo\u1ea1i s\u1ea3n ph\u1ea9m l\u1ed7i L\u1ee3i \u00edch: T\u0103ng ch\u1ea5t l\u01b0\u1ee3ng s\u1ea3n ph\u1ea9m Gi\u1ea3m chi ph\u00ed nh\u00e2n c\u00f4ng T\u0103ng n\u0103ng su\u1ea5t Th\u00f4ng s\u1ed1 tr\u1ea1m: S\u1ed1 l\u01b0\u1ee3ng: [...]\" \/>\n<meta property=\"og:url\" content=\"https:\/\/etekrobotics.com.vn\/en\/product\/kiem-tra-thanh-phan-trong-san-pham\/\" \/>\n<meta property=\"og:site_name\" content=\"Etek\" \/>\n<meta property=\"article:modified_time\" content=\"2024-03-12T02:55:32+00:00\" \/>\n<meta property=\"og:image\" content=\"https:\/\/etekrobotics.com.vn\/wp-content\/uploads\/2024\/03\/9.jpg\" \/>\n\t<meta property=\"og:image:width\" content=\"846\" \/>\n\t<meta property=\"og:image:height\" content=\"553\" \/>\n\t<meta property=\"og:image:type\" content=\"image\/jpeg\" \/>\n<meta name=\"twitter:card\" content=\"summary_large_image\" \/>\n<meta name=\"twitter:label1\" content=\"Est. reading time\" \/>\n\t<meta name=\"twitter:data1\" content=\"2 minutes\" \/>\n<script type=\"application\/ld+json\" class=\"yoast-schema-graph\">{\"@context\":\"https:\/\/schema.org\",\"@graph\":[{\"@type\":\"WebPage\",\"@id\":\"https:\/\/etekrobotics.com.vn\/san-pham\/kiem-tra-thanh-phan-trong-san-pham\/\",\"url\":\"https:\/\/etekrobotics.com.vn\/san-pham\/kiem-tra-thanh-phan-trong-san-pham\/\",\"name\":\"Ki\u1ec3m Tra Th\u00e0nh Ph\u1ea7n Trong S\u1ea3n Ph\u1ea9m - Etek\",\"isPartOf\":{\"@id\":\"https:\/\/etekrobotics.com.vn\/#website\"},\"datePublished\":\"2024-03-12T02:55:31+00:00\",\"dateModified\":\"2024-03-12T02:55:32+00:00\",\"breadcrumb\":{\"@id\":\"https:\/\/etekrobotics.com.vn\/san-pham\/kiem-tra-thanh-phan-trong-san-pham\/#breadcrumb\"},\"inLanguage\":\"en-US\",\"potentialAction\":[{\"@type\":\"ReadAction\",\"target\":[\"https:\/\/etekrobotics.com.vn\/san-pham\/kiem-tra-thanh-phan-trong-san-pham\/\"]}]},{\"@type\":\"BreadcrumbList\",\"@id\":\"https:\/\/etekrobotics.com.vn\/san-pham\/kiem-tra-thanh-phan-trong-san-pham\/#breadcrumb\",\"itemListElement\":[{\"@type\":\"ListItem\",\"position\":1,\"name\":\"Trang ch\u1ee7\",\"item\":\"https:\/\/etekrobotics.com.vn\/\"},{\"@type\":\"ListItem\",\"position\":2,\"name\":\"C\u1eeda h\u00e0ng\",\"item\":\"https:\/\/etekrobotics.com.vn\/cua-hang\/\"},{\"@type\":\"ListItem\",\"position\":3,\"name\":\"Ki\u1ec3m Tra Th\u00e0nh Ph\u1ea7n Trong S\u1ea3n Ph\u1ea9m\"}]},{\"@type\":\"WebSite\",\"@id\":\"https:\/\/etekrobotics.com.vn\/#website\",\"url\":\"https:\/\/etekrobotics.com.vn\/\",\"name\":\"Etek\",\"description\":\"C\u00f4ng ty C\u1ed5 ph\u1ea7n Gi\u1ea3i ph\u00e1p T\u1ef1 \u0111\u1ed9ng h\u00f3a ETEK\",\"potentialAction\":[{\"@type\":\"SearchAction\",\"target\":{\"@type\":\"EntryPoint\",\"urlTemplate\":\"https:\/\/etekrobotics.com.vn\/?s={search_term_string}\"},\"query-input\":\"required name=search_term_string\"}],\"inLanguage\":\"en-US\"}]}<\/script>\n<!-- \/ Yoast SEO plugin. -->","yoast_head_json":{"title":"Ki\u1ec3m Tra Th\u00e0nh Ph\u1ea7n Trong S\u1ea3n Ph\u1ea9m - Etek","robots":{"index":"index","follow":"follow","max-snippet":"max-snippet:-1","max-image-preview":"max-image-preview:large","max-video-preview":"max-video-preview:-1"},"canonical":"https:\/\/etekrobotics.com.vn\/en\/product\/kiem-tra-thanh-phan-trong-san-pham\/","og_locale":"en_US","og_type":"article","og_title":"Ki\u1ec3m Tra Th\u00e0nh Ph\u1ea7n Trong S\u1ea3n Ph\u1ea9m - Etek","og_description":"Th\u00f4ng tin chung:\u00a0 V\u1ea5n \u0111\u1ec1: Th\u00e0nh ph\u1ea7n trong s\u1ea3n ph\u1ea9m b\u1ecb thi\u1ebfu Quy tr\u00ecnh: S\u1ea3n ph\u1ea9m di chuy\u1ec3n tr\u00ean b\u0103ng t\u1ea3i Camera th\u1ef1c hi\u1ec7n ch\u1ee5p v\u00e0 d\u00f9ng tool classify \u0111\u1ec3 ph\u00e2n lo\u1ea1i s\u1ea3n ph\u1ea9m l\u1ed7i L\u1ee3i \u00edch: T\u0103ng ch\u1ea5t l\u01b0\u1ee3ng s\u1ea3n ph\u1ea9m Gi\u1ea3m chi ph\u00ed nh\u00e2n c\u00f4ng T\u0103ng n\u0103ng su\u1ea5t Th\u00f4ng s\u1ed1 tr\u1ea1m: S\u1ed1 l\u01b0\u1ee3ng: [...]","og_url":"https:\/\/etekrobotics.com.vn\/en\/product\/kiem-tra-thanh-phan-trong-san-pham\/","og_site_name":"Etek","article_modified_time":"2024-03-12T02:55:32+00:00","og_image":[{"width":846,"height":553,"url":"https:\/\/etekrobotics.com.vn\/wp-content\/uploads\/2024\/03\/9.jpg","type":"image\/jpeg"}],"twitter_card":"summary_large_image","twitter_misc":{"Est. reading time":"2 minutes"},"schema":{"@context":"https:\/\/schema.org","@graph":[{"@type":"WebPage","@id":"https:\/\/etekrobotics.com.vn\/san-pham\/kiem-tra-thanh-phan-trong-san-pham\/","url":"https:\/\/etekrobotics.com.vn\/san-pham\/kiem-tra-thanh-phan-trong-san-pham\/","name":"Ki\u1ec3m Tra Th\u00e0nh Ph\u1ea7n Trong S\u1ea3n Ph\u1ea9m - Etek","isPartOf":{"@id":"https:\/\/etekrobotics.com.vn\/#website"},"datePublished":"2024-03-12T02:55:31+00:00","dateModified":"2024-03-12T02:55:32+00:00","breadcrumb":{"@id":"https:\/\/etekrobotics.com.vn\/san-pham\/kiem-tra-thanh-phan-trong-san-pham\/#breadcrumb"},"inLanguage":"en-US","potentialAction":[{"@type":"ReadAction","target":["https:\/\/etekrobotics.com.vn\/san-pham\/kiem-tra-thanh-phan-trong-san-pham\/"]}]},{"@type":"BreadcrumbList","@id":"https:\/\/etekrobotics.com.vn\/san-pham\/kiem-tra-thanh-phan-trong-san-pham\/#breadcrumb","itemListElement":[{"@type":"ListItem","position":1,"name":"Trang ch\u1ee7","item":"https:\/\/etekrobotics.com.vn\/"},{"@type":"ListItem","position":2,"name":"C\u1eeda h\u00e0ng","item":"https:\/\/etekrobotics.com.vn\/cua-hang\/"},{"@type":"ListItem","position":3,"name":"Ki\u1ec3m Tra Th\u00e0nh Ph\u1ea7n Trong S\u1ea3n Ph\u1ea9m"}]},{"@type":"WebSite","@id":"https:\/\/etekrobotics.com.vn\/#website","url":"https:\/\/etekrobotics.com.vn\/","name":"Etek","description":"C\u00f4ng ty C\u1ed5 ph\u1ea7n Gi\u1ea3i ph\u00e1p T\u1ef1 \u0111\u1ed9ng h\u00f3a ETEK","potentialAction":[{"@type":"SearchAction","target":{"@type":"EntryPoint","urlTemplate":"https:\/\/etekrobotics.com.vn\/?s={search_term_string}"},"query-input":"required name=search_term_string"}],"inLanguage":"en-US"}]}},"_links":{"self":[{"href":"https:\/\/etekrobotics.com.vn\/en\/wp-json\/wp\/v2\/product\/1631","targetHints":{"allow":["GET"]}}],"collection":[{"href":"https:\/\/etekrobotics.com.vn\/en\/wp-json\/wp\/v2\/product"}],"about":[{"href":"https:\/\/etekrobotics.com.vn\/en\/wp-json\/wp\/v2\/types\/product"}],"replies":[{"embeddable":true,"href":"https:\/\/etekrobotics.com.vn\/en\/wp-json\/wp\/v2\/comments?post=1631"}],"wp:featuredmedia":[{"embeddable":true,"href":"https:\/\/etekrobotics.com.vn\/en\/wp-json\/wp\/v2\/media\/1632"}],"wp:attachment":[{"href":"https:\/\/etekrobotics.com.vn\/en\/wp-json\/wp\/v2\/media?parent=1631"}],"wp:term":[{"taxonomy":"product_cat","embeddable":true,"href":"https:\/\/etekrobotics.com.vn\/en\/wp-json\/wp\/v2\/product_cat?post=1631"},{"taxonomy":"product_tag","embeddable":true,"href":"https:\/\/etekrobotics.com.vn\/en\/wp-json\/wp\/v2\/product_tag?post=1631"}],"curies":[{"name":"wp","href":"https:\/\/api.w.org\/{rel}","templated":true}]}}