{"id":1635,"date":"2024-03-12T03:05:35","date_gmt":"2024-03-12T03:05:35","guid":{"rendered":"https:\/\/etekrobotics.com.vn\/?post_type=product&#038;p=1635"},"modified":"2024-07-01T22:13:48","modified_gmt":"2024-07-01T22:13:48","slug":"kiem-tra-vi-tri-nap-chai","status":"publish","type":"product","link":"https:\/\/etekrobotics.com.vn\/en\/product\/kiem-tra-vi-tri-nap-chai\/","title":{"rendered":"Ki\u1ec3m Tra V\u1ecb Tr\u00ed N\u1eafp Chai"},"content":{"rendered":"<h1><strong>Th\u00f4ng tin chung:<\/strong><\/h1>\n<h2><b>V\u1ea5n <\/b><b>\u0111\u1ec1<\/b>:<\/h2>\n<ul>\n<li>N\u1eafp chai b\u1ecb l\u1ec7ch<\/li>\n<li>N\u1eafp chai kh\u00f4ng \u0111\u00fang v\u1ecb tr\u00ed<\/li>\n<li>N\u1eafp chai kh\u00f4ng \u0111\u00fang m\u00e0u s\u1eafc<\/li>\n<\/ul>\n<h2><b>Quy<\/b> <b>tr\u00ecnh<\/b><b>:<\/b><\/h2>\n<ul>\n<li>S\u1ea3n ph\u1ea9m di chuy\u1ec3n tr\u00ean b\u0103ng t\u1ea3i<\/li>\n<li>Camera th\u1ef1c hi\u1ec7n qu\u00e9t b\u1eb1ng lazer \u0111\u1ec3 \u0111o n\u1eafp chai v\u00e0 x\u00e1c \u0111\u1ecbnh s\u1ea3n ph\u1ea9m l\u1ed7i<\/li>\n<\/ul>\n<h2><b>L\u1ee3i<\/b> <b>\u00edch<\/b><b>:<\/b><\/h2>\n<ul>\n<li>T\u0103ng ch\u1ea5t l\u01b0\u1ee3ng s\u1ea3n ph\u1ea9m<\/li>\n<li>T\u0103ng n\u0103ng su\u1ea5t <img loading=\"lazy\" decoding=\"async\" class=\"wp-image-1636 aligncenter\" src=\"https:\/\/etekrobotics.com.vn\/wp-content\/uploads\/2024\/03\/12.jpg\" alt=\"\" width=\"376\" height=\"243\" srcset=\"https:\/\/etekrobotics.com.vn\/wp-content\/uploads\/2024\/03\/12.jpg 856w, https:\/\/etekrobotics.com.vn\/wp-content\/uploads\/2024\/03\/12-768x496.jpg 768w, https:\/\/etekrobotics.com.vn\/wp-content\/uploads\/2024\/03\/12-18x12.jpg 18w, https:\/\/etekrobotics.com.vn\/wp-content\/uploads\/2024\/03\/12-600x388.jpg 600w\" sizes=\"auto, (max-width: 376px) 100vw, 376px\" \/><\/li>\n<\/ul>\n<h1><strong>Th\u00f4ng s\u1ed1 tr\u1ea1m:<\/strong><\/h1>\n<ol>\n<li>S\u1ea3n l\u01b0\u1ee3ng: 1 sp\/s<\/li>\n<li>\u0110i\u1ec1u ki\u1ec7n \u00e1nh s\u00e1ng:300-1000 lux<\/li>\n<li>K\u00edch c\u1ee1 s\u1ea3n ph\u1ea9m: 200mm* 200mm<\/li>\n<li>K\u00edch th\u01b0\u1edbc l\u1ed7i: 20m*20mm<\/li>\n<\/ol>\n<h1><strong>Thi\u1ebft b\u1ecb:<\/strong><\/h1>\n<ul>\n<li>Camera 2D, 3D<\/li>\n<li>B\u0103ng t\u1ea3i<\/li>\n<li>C\u00e1p ngu\u1ed3n<\/li>\n<li>C\u00e1p Ethernet<\/li>\n<\/ul>\n<h1><strong>Th\u00f4ng s\u1ed1 thi\u1ebft b\u1ecb:<\/strong><\/h1>\n<h2><b>3D-L4000 with <\/b><b>Visionpro<\/b><b>:<\/b><\/h2>\n<ul>\n<li>\u0110\u1ed9 ph\u00e2n gi\u1ea3i: 2K<\/li>\n<li>Kho\u1ea3ng c\u00e1ch l\u00e0m vi\u1ec7c (CD*NFOV*FFOV*MR): 180*95*460*745<\/li>\n<\/ul>\n<h1><img loading=\"lazy\" decoding=\"async\" class=\"size-full wp-image-1637 aligncenter\" src=\"https:\/\/etekrobotics.com.vn\/wp-content\/uploads\/2024\/03\/13.jpg\" alt=\"\" width=\"301\" height=\"218\" srcset=\"https:\/\/etekrobotics.com.vn\/wp-content\/uploads\/2024\/03\/13.jpg 301w, https:\/\/etekrobotics.com.vn\/wp-content\/uploads\/2024\/03\/13-18x12.jpg 18w\" sizes=\"auto, (max-width: 301px) 100vw, 301px\" \/><\/h1>\n<h1><strong>Ng\u00e0nh:<\/strong><\/h1>\n<ul>\n<li>H\u00f3a ch\u1ea5t<\/li>\n<li>\u0110\u1ed3 u\u1ed1ng\u2026vv<\/li>\n<\/ul>\n<h1><strong>S\u1ea3n ph\u1ea9m:<\/strong><\/h1>\n<p><img loading=\"lazy\" decoding=\"async\" class=\"alignnone  wp-image-1639\" src=\"https:\/\/etekrobotics.com.vn\/wp-content\/uploads\/2024\/03\/4-1.jpg\" alt=\"\" width=\"231\" height=\"170\" srcset=\"https:\/\/etekrobotics.com.vn\/wp-content\/uploads\/2024\/03\/4-1.jpg 301w, https:\/\/etekrobotics.com.vn\/wp-content\/uploads\/2024\/03\/4-1-16x12.jpg 16w\" sizes=\"auto, (max-width: 231px) 100vw, 231px\" \/> <img loading=\"lazy\" decoding=\"async\" class=\"alignnone  wp-image-1638\" src=\"https:\/\/etekrobotics.com.vn\/wp-content\/uploads\/2024\/03\/14.jpg\" alt=\"\" width=\"229\" height=\"168\" srcset=\"https:\/\/etekrobotics.com.vn\/wp-content\/uploads\/2024\/03\/14.jpg 301w, https:\/\/etekrobotics.com.vn\/wp-content\/uploads\/2024\/03\/14-16x12.jpg 16w\" sizes=\"auto, (max-width: 229px) 100vw, 229px\" \/><\/p>","protected":false},"excerpt":{"rendered":"<p>Th\u00f4ng tin chung: V\u1ea5n \u0111\u1ec1: N\u1eafp chai b\u1ecb l\u1ec7ch N\u1eafp chai kh\u00f4ng \u0111\u00fang v\u1ecb tr\u00ed N\u1eafp chai kh\u00f4ng \u0111\u00fang m\u00e0u s\u1eafc Quy tr\u00ecnh: S\u1ea3n ph\u1ea9m di chuy\u1ec3n tr\u00ean b\u0103ng t\u1ea3i Camera th\u1ef1c hi\u1ec7n qu\u00e9t b\u1eb1ng lazer \u0111\u1ec3 \u0111o n\u1eafp chai v\u00e0 x\u00e1c \u0111\u1ecbnh s\u1ea3n ph\u1ea9m l\u1ed7i L\u1ee3i \u00edch: T\u0103ng ch\u1ea5t l\u01b0\u1ee3ng s\u1ea3n ph\u1ea9m T\u0103ng n\u0103ng [&#8230;]","protected":false},"featured_media":1636,"comment_status":"open","ping_status":"closed","template":"","meta":[],"product_cat":[131,132,136],"product_tag":[],"class_list":["post-1635","product","type-product","status-publish","has-post-thumbnail","hentry","product_cat-hang-tieu-dung-dong-goi","product_cat-kiem-tra-ngoai-quan-hang-tieu-dung-dong-goi","product_cat-kiem-tra-vi-tri-nap-chai"],"yoast_head":"<!-- This site is optimized with the Yoast SEO plugin v21.6 - https:\/\/yoast.com\/wordpress\/plugins\/seo\/ -->\n<title>Ki\u1ec3m Tra V\u1ecb Tr\u00ed N\u1eafp Chai - Etek<\/title>\n<meta name=\"robots\" content=\"index, follow, max-snippet:-1, max-image-preview:large, max-video-preview:-1\" \/>\n<link rel=\"canonical\" href=\"https:\/\/etekrobotics.com.vn\/en\/product\/kiem-tra-vi-tri-nap-chai\/\" \/>\n<meta property=\"og:locale\" content=\"en_US\" \/>\n<meta property=\"og:type\" content=\"article\" \/>\n<meta property=\"og:title\" content=\"Ki\u1ec3m Tra V\u1ecb Tr\u00ed N\u1eafp Chai - Etek\" \/>\n<meta property=\"og:description\" content=\"Th\u00f4ng tin chung: V\u1ea5n \u0111\u1ec1: N\u1eafp chai b\u1ecb l\u1ec7ch N\u1eafp chai kh\u00f4ng \u0111\u00fang v\u1ecb tr\u00ed N\u1eafp chai kh\u00f4ng \u0111\u00fang m\u00e0u s\u1eafc Quy tr\u00ecnh: S\u1ea3n ph\u1ea9m di chuy\u1ec3n tr\u00ean b\u0103ng t\u1ea3i Camera th\u1ef1c hi\u1ec7n qu\u00e9t b\u1eb1ng lazer \u0111\u1ec3 \u0111o n\u1eafp chai v\u00e0 x\u00e1c \u0111\u1ecbnh s\u1ea3n ph\u1ea9m l\u1ed7i L\u1ee3i \u00edch: T\u0103ng ch\u1ea5t l\u01b0\u1ee3ng s\u1ea3n ph\u1ea9m T\u0103ng n\u0103ng [...]\" \/>\n<meta property=\"og:url\" content=\"https:\/\/etekrobotics.com.vn\/en\/product\/kiem-tra-vi-tri-nap-chai\/\" \/>\n<meta property=\"og:site_name\" content=\"Etek\" \/>\n<meta property=\"article:modified_time\" content=\"2024-07-01T22:13:48+00:00\" \/>\n<meta property=\"og:image\" content=\"https:\/\/etekrobotics.com.vn\/wp-content\/uploads\/2024\/03\/12.jpg\" \/>\n\t<meta property=\"og:image:width\" content=\"856\" \/>\n\t<meta property=\"og:image:height\" content=\"553\" \/>\n\t<meta property=\"og:image:type\" content=\"image\/jpeg\" \/>\n<meta name=\"twitter:card\" content=\"summary_large_image\" \/>\n<meta name=\"twitter:label1\" content=\"Est. reading time\" \/>\n\t<meta name=\"twitter:data1\" content=\"2 minutes\" \/>\n<script type=\"application\/ld+json\" class=\"yoast-schema-graph\">{\"@context\":\"https:\/\/schema.org\",\"@graph\":[{\"@type\":\"WebPage\",\"@id\":\"https:\/\/etekrobotics.com.vn\/san-pham\/kiem-tra-vi-tri-nap-chai\/\",\"url\":\"https:\/\/etekrobotics.com.vn\/san-pham\/kiem-tra-vi-tri-nap-chai\/\",\"name\":\"Ki\u1ec3m Tra V\u1ecb Tr\u00ed N\u1eafp Chai - Etek\",\"isPartOf\":{\"@id\":\"https:\/\/etekrobotics.com.vn\/#website\"},\"datePublished\":\"2024-03-12T03:05:35+00:00\",\"dateModified\":\"2024-07-01T22:13:48+00:00\",\"breadcrumb\":{\"@id\":\"https:\/\/etekrobotics.com.vn\/san-pham\/kiem-tra-vi-tri-nap-chai\/#breadcrumb\"},\"inLanguage\":\"en-US\",\"potentialAction\":[{\"@type\":\"ReadAction\",\"target\":[\"https:\/\/etekrobotics.com.vn\/san-pham\/kiem-tra-vi-tri-nap-chai\/\"]}]},{\"@type\":\"BreadcrumbList\",\"@id\":\"https:\/\/etekrobotics.com.vn\/san-pham\/kiem-tra-vi-tri-nap-chai\/#breadcrumb\",\"itemListElement\":[{\"@type\":\"ListItem\",\"position\":1,\"name\":\"Trang ch\u1ee7\",\"item\":\"https:\/\/etekrobotics.com.vn\/\"},{\"@type\":\"ListItem\",\"position\":2,\"name\":\"C\u1eeda h\u00e0ng\",\"item\":\"https:\/\/etekrobotics.com.vn\/cua-hang\/\"},{\"@type\":\"ListItem\",\"position\":3,\"name\":\"Ki\u1ec3m Tra V\u1ecb Tr\u00ed N\u1eafp Chai\"}]},{\"@type\":\"WebSite\",\"@id\":\"https:\/\/etekrobotics.com.vn\/#website\",\"url\":\"https:\/\/etekrobotics.com.vn\/\",\"name\":\"Etek\",\"description\":\"C\u00f4ng ty C\u1ed5 ph\u1ea7n Gi\u1ea3i ph\u00e1p T\u1ef1 \u0111\u1ed9ng h\u00f3a ETEK\",\"potentialAction\":[{\"@type\":\"SearchAction\",\"target\":{\"@type\":\"EntryPoint\",\"urlTemplate\":\"https:\/\/etekrobotics.com.vn\/?s={search_term_string}\"},\"query-input\":\"required name=search_term_string\"}],\"inLanguage\":\"en-US\"}]}<\/script>\n<!-- \/ Yoast SEO plugin. -->","yoast_head_json":{"title":"Ki\u1ec3m Tra V\u1ecb Tr\u00ed N\u1eafp Chai - Etek","robots":{"index":"index","follow":"follow","max-snippet":"max-snippet:-1","max-image-preview":"max-image-preview:large","max-video-preview":"max-video-preview:-1"},"canonical":"https:\/\/etekrobotics.com.vn\/en\/product\/kiem-tra-vi-tri-nap-chai\/","og_locale":"en_US","og_type":"article","og_title":"Ki\u1ec3m Tra V\u1ecb Tr\u00ed N\u1eafp Chai - Etek","og_description":"Th\u00f4ng tin chung: V\u1ea5n \u0111\u1ec1: N\u1eafp chai b\u1ecb l\u1ec7ch N\u1eafp chai kh\u00f4ng \u0111\u00fang v\u1ecb tr\u00ed N\u1eafp chai kh\u00f4ng \u0111\u00fang m\u00e0u s\u1eafc Quy tr\u00ecnh: S\u1ea3n ph\u1ea9m di chuy\u1ec3n tr\u00ean b\u0103ng t\u1ea3i Camera th\u1ef1c hi\u1ec7n qu\u00e9t b\u1eb1ng lazer \u0111\u1ec3 \u0111o n\u1eafp chai v\u00e0 x\u00e1c \u0111\u1ecbnh s\u1ea3n ph\u1ea9m l\u1ed7i L\u1ee3i \u00edch: T\u0103ng ch\u1ea5t l\u01b0\u1ee3ng s\u1ea3n ph\u1ea9m T\u0103ng n\u0103ng [...]","og_url":"https:\/\/etekrobotics.com.vn\/en\/product\/kiem-tra-vi-tri-nap-chai\/","og_site_name":"Etek","article_modified_time":"2024-07-01T22:13:48+00:00","og_image":[{"width":856,"height":553,"url":"https:\/\/etekrobotics.com.vn\/wp-content\/uploads\/2024\/03\/12.jpg","type":"image\/jpeg"}],"twitter_card":"summary_large_image","twitter_misc":{"Est. reading time":"2 minutes"},"schema":{"@context":"https:\/\/schema.org","@graph":[{"@type":"WebPage","@id":"https:\/\/etekrobotics.com.vn\/san-pham\/kiem-tra-vi-tri-nap-chai\/","url":"https:\/\/etekrobotics.com.vn\/san-pham\/kiem-tra-vi-tri-nap-chai\/","name":"Ki\u1ec3m Tra V\u1ecb Tr\u00ed N\u1eafp Chai - Etek","isPartOf":{"@id":"https:\/\/etekrobotics.com.vn\/#website"},"datePublished":"2024-03-12T03:05:35+00:00","dateModified":"2024-07-01T22:13:48+00:00","breadcrumb":{"@id":"https:\/\/etekrobotics.com.vn\/san-pham\/kiem-tra-vi-tri-nap-chai\/#breadcrumb"},"inLanguage":"en-US","potentialAction":[{"@type":"ReadAction","target":["https:\/\/etekrobotics.com.vn\/san-pham\/kiem-tra-vi-tri-nap-chai\/"]}]},{"@type":"BreadcrumbList","@id":"https:\/\/etekrobotics.com.vn\/san-pham\/kiem-tra-vi-tri-nap-chai\/#breadcrumb","itemListElement":[{"@type":"ListItem","position":1,"name":"Trang ch\u1ee7","item":"https:\/\/etekrobotics.com.vn\/"},{"@type":"ListItem","position":2,"name":"C\u1eeda h\u00e0ng","item":"https:\/\/etekrobotics.com.vn\/cua-hang\/"},{"@type":"ListItem","position":3,"name":"Ki\u1ec3m Tra V\u1ecb Tr\u00ed N\u1eafp Chai"}]},{"@type":"WebSite","@id":"https:\/\/etekrobotics.com.vn\/#website","url":"https:\/\/etekrobotics.com.vn\/","name":"Etek","description":"C\u00f4ng ty C\u1ed5 ph\u1ea7n Gi\u1ea3i ph\u00e1p T\u1ef1 \u0111\u1ed9ng h\u00f3a ETEK","potentialAction":[{"@type":"SearchAction","target":{"@type":"EntryPoint","urlTemplate":"https:\/\/etekrobotics.com.vn\/?s={search_term_string}"},"query-input":"required name=search_term_string"}],"inLanguage":"en-US"}]}},"_links":{"self":[{"href":"https:\/\/etekrobotics.com.vn\/en\/wp-json\/wp\/v2\/product\/1635","targetHints":{"allow":["GET"]}}],"collection":[{"href":"https:\/\/etekrobotics.com.vn\/en\/wp-json\/wp\/v2\/product"}],"about":[{"href":"https:\/\/etekrobotics.com.vn\/en\/wp-json\/wp\/v2\/types\/product"}],"replies":[{"embeddable":true,"href":"https:\/\/etekrobotics.com.vn\/en\/wp-json\/wp\/v2\/comments?post=1635"}],"wp:featuredmedia":[{"embeddable":true,"href":"https:\/\/etekrobotics.com.vn\/en\/wp-json\/wp\/v2\/media\/1636"}],"wp:attachment":[{"href":"https:\/\/etekrobotics.com.vn\/en\/wp-json\/wp\/v2\/media?parent=1635"}],"wp:term":[{"taxonomy":"product_cat","embeddable":true,"href":"https:\/\/etekrobotics.com.vn\/en\/wp-json\/wp\/v2\/product_cat?post=1635"},{"taxonomy":"product_tag","embeddable":true,"href":"https:\/\/etekrobotics.com.vn\/en\/wp-json\/wp\/v2\/product_tag?post=1635"}],"curies":[{"name":"wp","href":"https:\/\/api.w.org\/{rel}","templated":true}]}}