{"id":1640,"date":"2024-03-12T03:40:02","date_gmt":"2024-03-12T03:40:02","guid":{"rendered":"https:\/\/etekrobotics.com.vn\/?post_type=product&#038;p=1640"},"modified":"2024-08-02T08:35:19","modified_gmt":"2024-08-02T08:35:19","slug":"kiem-tra-ngoai-quan-lon-nhom","status":"publish","type":"product","link":"https:\/\/etekrobotics.com.vn\/en\/product\/kiem-tra-ngoai-quan-lon-nhom\/","title":{"rendered":"Ki\u1ec3m Tra Ngo\u1ea1i Quan Lon Nh\u00f4m"},"content":{"rendered":"<h1><strong>Th\u00f4ng tin chung:<\/strong><\/h1>\n<h2><b>V\u1ea5n <\/b><b>\u0111\u1ec1<\/b><b>: <\/b><\/h2>\n<ul>\n<li>B\u1ec1 m\u1eb7t c\u1ee7a lon b\u1ecb l\u1ed3i, l\u00f5m, x\u01b0\u1edbc\u2026<\/li>\n<li>Khoen kh\u00f4ng \u0111\u00fang v\u1ecb tr\u00ed<\/li>\n<\/ul>\n<h2><b>Quy<\/b> <b>tr\u00ecnh<\/b><b>:<\/b><\/h2>\n<ul>\n<li>S\u1ea3n ph\u1ea9m ch\u1ea1y tr\u00ean b\u0103ng t\u1ea3i<\/li>\n<li>Camera th\u1ef1c hi\u1ec7n qu\u00e9t b\u1eb1ng lazer v\u00e0 d\u00f9ng tool 3D Geometry \u0111\u1ec3 ph\u00e2n lo\u1ea1i s\u1ea3n ph\u1ea9m l\u1ed7i<\/li>\n<\/ul>\n<h2><b>L\u1ee3i<\/b> <b>\u00edch<\/b><b>:<\/b><\/h2>\n<ul>\n<li>T\u0103ng ch\u1ea5t l\u01b0\u1ee3ng s\u1ea3n ph\u1ea9m<\/li>\n<li>Gi\u1ea3m chi ph\u00ed nh\u00e2n c\u00f4ng<\/li>\n<\/ul>\n<h1><img loading=\"lazy\" decoding=\"async\" class=\"wp-image-1641 aligncenter\" src=\"https:\/\/etekrobotics.com.vn\/wp-content\/uploads\/2024\/03\/15.jpg\" alt=\"\" width=\"463\" height=\"302\" srcset=\"https:\/\/etekrobotics.com.vn\/wp-content\/uploads\/2024\/03\/15.jpg 847w, https:\/\/etekrobotics.com.vn\/wp-content\/uploads\/2024\/03\/15-768x501.jpg 768w, https:\/\/etekrobotics.com.vn\/wp-content\/uploads\/2024\/03\/15-18x12.jpg 18w, https:\/\/etekrobotics.com.vn\/wp-content\/uploads\/2024\/03\/15-600x392.jpg 600w\" sizes=\"auto, (max-width: 463px) 100vw, 463px\" \/><\/h1>\n<h1><strong>Th\u00f4ng s\u1ed1 tr\u1ea1m:<\/strong><\/h1>\n<ol>\n<li>S\u1ea3n l\u01b0\u1ee3ng: 2sp\/s<\/li>\n<li>\u0110i\u1ec1u ki\u1ec7n \u00e1nh s\u00e1ng: 300-1000 lux<\/li>\n<li>K\u00edch th\u01b0\u1edbc l\u1ed7i: 5-10 mm<\/li>\n<\/ol>\n<h1><strong>Thi\u1ebft b\u1ecb:<\/strong><\/h1>\n<ul>\n<li>Camera 3D<\/li>\n<li>B\u0103ng t\u1ea3i<\/li>\n<li>C\u00e1p ngu\u1ed3n<\/li>\n<li>C\u00e1p ether<\/li>\n<\/ul>\n<h1><strong>Th\u00f4ng s\u1ed1 thi\u1ebft b\u1ecb:<\/strong><\/h1>\n<h3><b>In-sight 3D L4000:<\/b><\/h3>\n<ul>\n<li>\u0110\u1ed9 ph\u00e2n gi\u1ea3i: 2K<\/li>\n<li>Kho\u1ea3ng c\u00e1ch l\u00e0m vi\u1ec7c (CD*NFOV*FFOV*MR): 180*95*460*745<\/li>\n<li>T\u1ea7n s\u1ed1 qu\u00e9t: 6kHz<\/li>\n<\/ul>\n<h1><img loading=\"lazy\" decoding=\"async\" class=\"size-full wp-image-1642 aligncenter\" src=\"https:\/\/etekrobotics.com.vn\/wp-content\/uploads\/2024\/03\/16.jpg\" alt=\"\" width=\"301\" height=\"221\" srcset=\"https:\/\/etekrobotics.com.vn\/wp-content\/uploads\/2024\/03\/16.jpg 301w, https:\/\/etekrobotics.com.vn\/wp-content\/uploads\/2024\/03\/16-16x12.jpg 16w\" sizes=\"auto, (max-width: 301px) 100vw, 301px\" \/><\/h1>\n<h1><strong>Ng\u00e0nh:<\/strong><\/h1>\n<ul>\n<li>H\u00f3a ch\u1ea5t<\/li>\n<li>\u0110\u1ed3 u\u1ed1ng\u2026vv<\/li>\n<\/ul>\n<h1><strong>S\u1ea3n ph\u1ea9m:<\/strong><\/h1>\n<p><img loading=\"lazy\" decoding=\"async\" class=\"alignnone wp-image-1643\" src=\"https:\/\/etekrobotics.com.vn\/wp-content\/uploads\/2024\/03\/17.jpg\" alt=\"\" width=\"265\" height=\"192\" srcset=\"https:\/\/etekrobotics.com.vn\/wp-content\/uploads\/2024\/03\/17.jpg 301w, https:\/\/etekrobotics.com.vn\/wp-content\/uploads\/2024\/03\/17-18x12.jpg 18w\" sizes=\"auto, (max-width: 265px) 100vw, 265px\" \/> <img loading=\"lazy\" decoding=\"async\" class=\"alignnone wp-image-1644\" src=\"https:\/\/etekrobotics.com.vn\/wp-content\/uploads\/2024\/03\/18.jpg\" alt=\"\" width=\"266\" height=\"195\" srcset=\"https:\/\/etekrobotics.com.vn\/wp-content\/uploads\/2024\/03\/18.jpg 301w, https:\/\/etekrobotics.com.vn\/wp-content\/uploads\/2024\/03\/18-16x12.jpg 16w\" sizes=\"auto, (max-width: 266px) 100vw, 266px\" \/><\/p>","protected":false},"excerpt":{"rendered":"<p>Th\u00f4ng tin chung: V\u1ea5n \u0111\u1ec1: B\u1ec1 m\u1eb7t c\u1ee7a lon b\u1ecb l\u1ed3i, l\u00f5m, x\u01b0\u1edbc\u2026 Khoen kh\u00f4ng \u0111\u00fang v\u1ecb tr\u00ed Quy tr\u00ecnh: S\u1ea3n ph\u1ea9m ch\u1ea1y tr\u00ean b\u0103ng t\u1ea3i Camera th\u1ef1c hi\u1ec7n qu\u00e9t b\u1eb1ng lazer v\u00e0 d\u00f9ng tool 3D Geometry \u0111\u1ec3 ph\u00e2n lo\u1ea1i s\u1ea3n ph\u1ea9m l\u1ed7i L\u1ee3i \u00edch: T\u0103ng ch\u1ea5t l\u01b0\u1ee3ng s\u1ea3n ph\u1ea9m Gi\u1ea3m chi ph\u00ed nh\u00e2n c\u00f4ng [&#8230;]","protected":false},"featured_media":1944,"comment_status":"open","ping_status":"closed","template":"","meta":[],"product_cat":[131,132,137],"product_tag":[],"class_list":["post-1640","product","type-product","status-publish","has-post-thumbnail","hentry","product_cat-hang-tieu-dung-dong-goi","product_cat-kiem-tra-ngoai-quan-hang-tieu-dung-dong-goi","product_cat-kiem-tra-ngoai-quan-lon-nhom"],"yoast_head":"<!-- This site is optimized with the Yoast SEO plugin v21.6 - https:\/\/yoast.com\/wordpress\/plugins\/seo\/ -->\n<title>Ki\u1ec3m Tra Ngo\u1ea1i Quan Lon Nh\u00f4m - Etek<\/title>\n<meta name=\"robots\" content=\"index, follow, max-snippet:-1, max-image-preview:large, max-video-preview:-1\" \/>\n<link rel=\"canonical\" href=\"https:\/\/etekrobotics.com.vn\/en\/product\/kiem-tra-ngoai-quan-lon-nhom\/\" \/>\n<meta property=\"og:locale\" content=\"en_US\" \/>\n<meta property=\"og:type\" content=\"article\" \/>\n<meta property=\"og:title\" content=\"Ki\u1ec3m Tra Ngo\u1ea1i Quan Lon Nh\u00f4m - Etek\" \/>\n<meta property=\"og:description\" content=\"Th\u00f4ng tin chung: V\u1ea5n \u0111\u1ec1: B\u1ec1 m\u1eb7t c\u1ee7a lon b\u1ecb l\u1ed3i, l\u00f5m, x\u01b0\u1edbc\u2026 Khoen kh\u00f4ng \u0111\u00fang v\u1ecb tr\u00ed Quy tr\u00ecnh: S\u1ea3n ph\u1ea9m ch\u1ea1y tr\u00ean b\u0103ng t\u1ea3i Camera th\u1ef1c hi\u1ec7n qu\u00e9t b\u1eb1ng lazer v\u00e0 d\u00f9ng tool 3D Geometry \u0111\u1ec3 ph\u00e2n lo\u1ea1i s\u1ea3n ph\u1ea9m l\u1ed7i L\u1ee3i \u00edch: T\u0103ng ch\u1ea5t l\u01b0\u1ee3ng s\u1ea3n ph\u1ea9m Gi\u1ea3m chi ph\u00ed nh\u00e2n c\u00f4ng [...]\" \/>\n<meta property=\"og:url\" content=\"https:\/\/etekrobotics.com.vn\/en\/product\/kiem-tra-ngoai-quan-lon-nhom\/\" \/>\n<meta property=\"og:site_name\" content=\"Etek\" \/>\n<meta property=\"article:modified_time\" content=\"2024-08-02T08:35:19+00:00\" \/>\n<meta property=\"og:image\" content=\"https:\/\/etekrobotics.com.vn\/wp-content\/uploads\/2024\/03\/kiem-tra-ngoai-quan-lon-nhom.jpg\" \/>\n\t<meta property=\"og:image:width\" content=\"600\" \/>\n\t<meta property=\"og:image:height\" content=\"392\" \/>\n\t<meta property=\"og:image:type\" content=\"image\/jpeg\" \/>\n<meta name=\"twitter:card\" content=\"summary_large_image\" \/>\n<meta name=\"twitter:label1\" content=\"Est. reading time\" \/>\n\t<meta name=\"twitter:data1\" content=\"2 minutes\" \/>\n<script type=\"application\/ld+json\" class=\"yoast-schema-graph\">{\"@context\":\"https:\/\/schema.org\",\"@graph\":[{\"@type\":\"WebPage\",\"@id\":\"https:\/\/etekrobotics.com.vn\/san-pham\/kiem-tra-ngoai-quan-lon-nhom\/\",\"url\":\"https:\/\/etekrobotics.com.vn\/san-pham\/kiem-tra-ngoai-quan-lon-nhom\/\",\"name\":\"Ki\u1ec3m Tra Ngo\u1ea1i Quan Lon Nh\u00f4m - Etek\",\"isPartOf\":{\"@id\":\"https:\/\/etekrobotics.com.vn\/#website\"},\"datePublished\":\"2024-03-12T03:40:02+00:00\",\"dateModified\":\"2024-08-02T08:35:19+00:00\",\"breadcrumb\":{\"@id\":\"https:\/\/etekrobotics.com.vn\/san-pham\/kiem-tra-ngoai-quan-lon-nhom\/#breadcrumb\"},\"inLanguage\":\"en-US\",\"potentialAction\":[{\"@type\":\"ReadAction\",\"target\":[\"https:\/\/etekrobotics.com.vn\/san-pham\/kiem-tra-ngoai-quan-lon-nhom\/\"]}]},{\"@type\":\"BreadcrumbList\",\"@id\":\"https:\/\/etekrobotics.com.vn\/san-pham\/kiem-tra-ngoai-quan-lon-nhom\/#breadcrumb\",\"itemListElement\":[{\"@type\":\"ListItem\",\"position\":1,\"name\":\"Trang ch\u1ee7\",\"item\":\"https:\/\/etekrobotics.com.vn\/\"},{\"@type\":\"ListItem\",\"position\":2,\"name\":\"C\u1eeda h\u00e0ng\",\"item\":\"https:\/\/etekrobotics.com.vn\/cua-hang\/\"},{\"@type\":\"ListItem\",\"position\":3,\"name\":\"Ki\u1ec3m Tra Ngo\u1ea1i Quan Lon Nh\u00f4m\"}]},{\"@type\":\"WebSite\",\"@id\":\"https:\/\/etekrobotics.com.vn\/#website\",\"url\":\"https:\/\/etekrobotics.com.vn\/\",\"name\":\"Etek\",\"description\":\"C\u00f4ng ty C\u1ed5 ph\u1ea7n Gi\u1ea3i ph\u00e1p T\u1ef1 \u0111\u1ed9ng h\u00f3a ETEK\",\"potentialAction\":[{\"@type\":\"SearchAction\",\"target\":{\"@type\":\"EntryPoint\",\"urlTemplate\":\"https:\/\/etekrobotics.com.vn\/?s={search_term_string}\"},\"query-input\":\"required name=search_term_string\"}],\"inLanguage\":\"en-US\"}]}<\/script>\n<!-- \/ Yoast SEO plugin. -->","yoast_head_json":{"title":"Ki\u1ec3m Tra Ngo\u1ea1i Quan Lon Nh\u00f4m - Etek","robots":{"index":"index","follow":"follow","max-snippet":"max-snippet:-1","max-image-preview":"max-image-preview:large","max-video-preview":"max-video-preview:-1"},"canonical":"https:\/\/etekrobotics.com.vn\/en\/product\/kiem-tra-ngoai-quan-lon-nhom\/","og_locale":"en_US","og_type":"article","og_title":"Ki\u1ec3m Tra Ngo\u1ea1i Quan Lon Nh\u00f4m - Etek","og_description":"Th\u00f4ng tin chung: V\u1ea5n \u0111\u1ec1: B\u1ec1 m\u1eb7t c\u1ee7a lon b\u1ecb l\u1ed3i, l\u00f5m, x\u01b0\u1edbc\u2026 Khoen kh\u00f4ng \u0111\u00fang v\u1ecb tr\u00ed Quy tr\u00ecnh: S\u1ea3n ph\u1ea9m ch\u1ea1y tr\u00ean b\u0103ng t\u1ea3i Camera th\u1ef1c hi\u1ec7n qu\u00e9t b\u1eb1ng lazer v\u00e0 d\u00f9ng tool 3D Geometry \u0111\u1ec3 ph\u00e2n lo\u1ea1i s\u1ea3n ph\u1ea9m l\u1ed7i L\u1ee3i \u00edch: T\u0103ng ch\u1ea5t l\u01b0\u1ee3ng s\u1ea3n ph\u1ea9m Gi\u1ea3m chi ph\u00ed nh\u00e2n c\u00f4ng [...]","og_url":"https:\/\/etekrobotics.com.vn\/en\/product\/kiem-tra-ngoai-quan-lon-nhom\/","og_site_name":"Etek","article_modified_time":"2024-08-02T08:35:19+00:00","og_image":[{"width":600,"height":392,"url":"https:\/\/etekrobotics.com.vn\/wp-content\/uploads\/2024\/03\/kiem-tra-ngoai-quan-lon-nhom.jpg","type":"image\/jpeg"}],"twitter_card":"summary_large_image","twitter_misc":{"Est. reading time":"2 minutes"},"schema":{"@context":"https:\/\/schema.org","@graph":[{"@type":"WebPage","@id":"https:\/\/etekrobotics.com.vn\/san-pham\/kiem-tra-ngoai-quan-lon-nhom\/","url":"https:\/\/etekrobotics.com.vn\/san-pham\/kiem-tra-ngoai-quan-lon-nhom\/","name":"Ki\u1ec3m Tra Ngo\u1ea1i Quan Lon Nh\u00f4m - Etek","isPartOf":{"@id":"https:\/\/etekrobotics.com.vn\/#website"},"datePublished":"2024-03-12T03:40:02+00:00","dateModified":"2024-08-02T08:35:19+00:00","breadcrumb":{"@id":"https:\/\/etekrobotics.com.vn\/san-pham\/kiem-tra-ngoai-quan-lon-nhom\/#breadcrumb"},"inLanguage":"en-US","potentialAction":[{"@type":"ReadAction","target":["https:\/\/etekrobotics.com.vn\/san-pham\/kiem-tra-ngoai-quan-lon-nhom\/"]}]},{"@type":"BreadcrumbList","@id":"https:\/\/etekrobotics.com.vn\/san-pham\/kiem-tra-ngoai-quan-lon-nhom\/#breadcrumb","itemListElement":[{"@type":"ListItem","position":1,"name":"Trang ch\u1ee7","item":"https:\/\/etekrobotics.com.vn\/"},{"@type":"ListItem","position":2,"name":"C\u1eeda h\u00e0ng","item":"https:\/\/etekrobotics.com.vn\/cua-hang\/"},{"@type":"ListItem","position":3,"name":"Ki\u1ec3m Tra Ngo\u1ea1i Quan Lon Nh\u00f4m"}]},{"@type":"WebSite","@id":"https:\/\/etekrobotics.com.vn\/#website","url":"https:\/\/etekrobotics.com.vn\/","name":"Etek","description":"C\u00f4ng ty C\u1ed5 ph\u1ea7n Gi\u1ea3i ph\u00e1p T\u1ef1 \u0111\u1ed9ng h\u00f3a ETEK","potentialAction":[{"@type":"SearchAction","target":{"@type":"EntryPoint","urlTemplate":"https:\/\/etekrobotics.com.vn\/?s={search_term_string}"},"query-input":"required name=search_term_string"}],"inLanguage":"en-US"}]}},"_links":{"self":[{"href":"https:\/\/etekrobotics.com.vn\/en\/wp-json\/wp\/v2\/product\/1640","targetHints":{"allow":["GET"]}}],"collection":[{"href":"https:\/\/etekrobotics.com.vn\/en\/wp-json\/wp\/v2\/product"}],"about":[{"href":"https:\/\/etekrobotics.com.vn\/en\/wp-json\/wp\/v2\/types\/product"}],"replies":[{"embeddable":true,"href":"https:\/\/etekrobotics.com.vn\/en\/wp-json\/wp\/v2\/comments?post=1640"}],"wp:featuredmedia":[{"embeddable":true,"href":"https:\/\/etekrobotics.com.vn\/en\/wp-json\/wp\/v2\/media\/1944"}],"wp:attachment":[{"href":"https:\/\/etekrobotics.com.vn\/en\/wp-json\/wp\/v2\/media?parent=1640"}],"wp:term":[{"taxonomy":"product_cat","embeddable":true,"href":"https:\/\/etekrobotics.com.vn\/en\/wp-json\/wp\/v2\/product_cat?post=1640"},{"taxonomy":"product_tag","embeddable":true,"href":"https:\/\/etekrobotics.com.vn\/en\/wp-json\/wp\/v2\/product_tag?post=1640"}],"curies":[{"name":"wp","href":"https:\/\/api.w.org\/{rel}","templated":true}]}}