{"id":1645,"date":"2024-03-12T03:57:21","date_gmt":"2024-03-12T03:57:21","guid":{"rendered":"https:\/\/etekrobotics.com.vn\/?post_type=product&#038;p=1645"},"modified":"2024-03-12T03:57:22","modified_gmt":"2024-03-12T03:57:22","slug":"camera-dan-huong-robot-gap-tha-vat","status":"publish","type":"product","link":"https:\/\/etekrobotics.com.vn\/en\/product\/camera-dan-huong-robot-gap-tha-vat\/","title":{"rendered":"Camera D\u1eabn H\u01b0\u1edbng Robot G\u1eafp Th\u1ea3 V\u1eadt"},"content":{"rendered":"<h1><strong>Th\u00f4ng tin chung:<\/strong><\/h1>\n<h2><b>V\u1ea5n <\/b><b>\u0111\u1ec1<\/b><b>: <\/b><\/h2>\n<ul>\n<li>Vi\u1ec7c \u0111\u00f3ng g\u00f3i th\u1ee7 c\u00f4ng kh\u00e1 ch\u1eadm<\/li>\n<li>T\u1ed1n kh\u00e1 nhi\u1ec1u nh\u00e2n c\u00f4ng<\/li>\n<\/ul>\n<h2><b>Quy<\/b> <b>tr\u00ecnh<\/b><b>:<\/b><\/h2>\n<ul>\n<li>S\u1ea3n ph\u1ea9m ch\u1ea1y tr\u00ean b\u0103ng t\u1ea3i<\/li>\n<li>Camera th\u1ef1c hi\u1ec7n ch\u1ee5p, x\u00e1c \u0111\u1ecbnh t\u1ecda \u0111\u1ed9 s\u1eb3n ph\u1ea9m v\u00e0 g\u1eedi v\u1ec1 robot<\/li>\n<li>Robot th\u1ef1c hi\u1ec7n g\u1eafp s\u1ea3n ph\u1ea9m cho v\u00e0o th\u00f9ng<\/li>\n<\/ul>\n<h2><b>L\u1ee3i<\/b> <b>\u00edch<\/b><b>:<\/b><\/h2>\n<ul>\n<li>T\u0103ng n\u0103ng su\u1ea5t<\/li>\n<li>Gi\u1ea3m chi ph\u00ed nh\u00e2n c\u00f4ng<\/li>\n<\/ul>\n<h1><strong>Th\u00f4ng s\u1ed1 tr\u1ea1m:<\/strong><\/h1>\n<ol>\n<li>S\u1ea3n l\u01b0\u1ee3ng: 3 sp\/s<\/li>\n<li>\u0110i\u1ec1u ki\u1ec7n \u00e1nh s\u00e1ng: 300-1000 lux<\/li>\n<li>T\u1ed1c \u0111\u1ed9 c\u1ee7a robot: 10 m\/s<\/li>\n<li>Giao th\u1ee9c truy\u1ec1n th\u00f4ng: TCP\/IP, Modbus TCP<\/li>\n<\/ol>\n<h1><strong>Thi\u1ebft b\u1ecb:<\/strong><\/h1>\n<ol>\n<li>B\u0103ng t\u1ea3i<\/li>\n<li>C\u00e1nh tay robot<\/li>\n<li>Camera 2D<\/li>\n<li>C\u00e1p ngu\u1ed3n<\/li>\n<li>C\u00e1p ethernet<\/li>\n<\/ol>\n<h1><strong>Th\u00f4ng s\u1ed1 thi\u1ebft b\u1ecb:<\/strong><\/h1>\n<h2><b>in-sight 8000 series:<\/b><\/h2>\n<ul>\n<li>\u0110\u1ed9 ph\u00e2n gi\u1ea3i: 1 MP<\/li>\n<li>T\u1ed1c \u0111\u1ed9 ch\u1ee5p: 217 fps<\/li>\n<li>Lo\u1ea1i lens: C-mount<\/li>\n<li>Lo\u1ea1i sensor: Global shutter<\/li>\n<\/ul>\n<h1><img loading=\"lazy\" decoding=\"async\" class=\"size-full wp-image-1647 aligncenter\" src=\"https:\/\/etekrobotics.com.vn\/wp-content\/uploads\/2024\/03\/20.jpg\" alt=\"\" width=\"301\" height=\"219\" srcset=\"https:\/\/etekrobotics.com.vn\/wp-content\/uploads\/2024\/03\/20.jpg 301w, https:\/\/etekrobotics.com.vn\/wp-content\/uploads\/2024\/03\/20-16x12.jpg 16w\" sizes=\"auto, (max-width: 301px) 100vw, 301px\" \/><\/h1>\n<h1><strong>Ng\u00e0nh:<\/strong><\/h1>\n<ul>\n<li>Th\u1ef1c ph\u1ea9m<\/li>\n<li>\u0110\u1ed3 u\u1ed1ng<\/li>\n<li>B\u00e1nh k\u1eb9o<\/li>\n<\/ul>\n<h1><strong>S\u1ea3n ph\u1ea9m:<\/strong><\/h1>\n<p><img loading=\"lazy\" decoding=\"async\" class=\"alignnone  wp-image-1648\" src=\"https:\/\/etekrobotics.com.vn\/wp-content\/uploads\/2024\/03\/21.jpg\" alt=\"\" width=\"251\" height=\"184\" srcset=\"https:\/\/etekrobotics.com.vn\/wp-content\/uploads\/2024\/03\/21.jpg 301w, https:\/\/etekrobotics.com.vn\/wp-content\/uploads\/2024\/03\/21-16x12.jpg 16w\" sizes=\"auto, (max-width: 251px) 100vw, 251px\" \/> <img loading=\"lazy\" decoding=\"async\" class=\"alignnone  wp-image-1649\" src=\"https:\/\/etekrobotics.com.vn\/wp-content\/uploads\/2024\/03\/22.jpg\" alt=\"\" width=\"257\" height=\"188\" srcset=\"https:\/\/etekrobotics.com.vn\/wp-content\/uploads\/2024\/03\/22.jpg 301w, https:\/\/etekrobotics.com.vn\/wp-content\/uploads\/2024\/03\/22-16x12.jpg 16w\" sizes=\"auto, (max-width: 257px) 100vw, 257px\" \/><\/p>","protected":false},"excerpt":{"rendered":"<p>Th\u00f4ng tin chung: V\u1ea5n \u0111\u1ec1: Vi\u1ec7c \u0111\u00f3ng g\u00f3i th\u1ee7 c\u00f4ng kh\u00e1 ch\u1eadm T\u1ed1n kh\u00e1 nhi\u1ec1u nh\u00e2n c\u00f4ng Quy tr\u00ecnh: S\u1ea3n ph\u1ea9m ch\u1ea1y tr\u00ean b\u0103ng t\u1ea3i Camera th\u1ef1c hi\u1ec7n ch\u1ee5p, x\u00e1c \u0111\u1ecbnh t\u1ecda \u0111\u1ed9 s\u1eb3n ph\u1ea9m v\u00e0 g\u1eedi v\u1ec1 robot Robot th\u1ef1c hi\u1ec7n g\u1eafp s\u1ea3n ph\u1ea9m cho v\u00e0o th\u00f9ng L\u1ee3i \u00edch: T\u0103ng n\u0103ng su\u1ea5t Gi\u1ea3m chi [&#8230;]","protected":false},"featured_media":1646,"comment_status":"open","ping_status":"closed","template":"","meta":[],"product_cat":[157,156,131],"product_tag":[],"class_list":["post-1645","product","type-product","status-publish","has-post-thumbnail","hentry","product_cat-camera-dan-huong-robot-gap-tha-vat","product_cat-dan-huong-hang-tieu-dung-dong-goi","product_cat-hang-tieu-dung-dong-goi"],"yoast_head":"<!-- This site is optimized with the Yoast SEO plugin v21.6 - https:\/\/yoast.com\/wordpress\/plugins\/seo\/ -->\n<title>Camera D\u1eabn H\u01b0\u1edbng Robot G\u1eafp Th\u1ea3 V\u1eadt - Etek<\/title>\n<meta name=\"robots\" content=\"index, follow, max-snippet:-1, max-image-preview:large, max-video-preview:-1\" \/>\n<link rel=\"canonical\" href=\"https:\/\/etekrobotics.com.vn\/en\/product\/camera-dan-huong-robot-gap-tha-vat\/\" \/>\n<meta property=\"og:locale\" content=\"en_US\" \/>\n<meta property=\"og:type\" content=\"article\" \/>\n<meta property=\"og:title\" content=\"Camera D\u1eabn H\u01b0\u1edbng Robot G\u1eafp Th\u1ea3 V\u1eadt - Etek\" \/>\n<meta property=\"og:description\" content=\"Th\u00f4ng tin chung: V\u1ea5n \u0111\u1ec1: Vi\u1ec7c \u0111\u00f3ng g\u00f3i th\u1ee7 c\u00f4ng kh\u00e1 ch\u1eadm T\u1ed1n kh\u00e1 nhi\u1ec1u nh\u00e2n c\u00f4ng Quy tr\u00ecnh: S\u1ea3n ph\u1ea9m ch\u1ea1y tr\u00ean b\u0103ng t\u1ea3i Camera th\u1ef1c hi\u1ec7n ch\u1ee5p, x\u00e1c \u0111\u1ecbnh t\u1ecda \u0111\u1ed9 s\u1eb3n ph\u1ea9m v\u00e0 g\u1eedi v\u1ec1 robot Robot th\u1ef1c hi\u1ec7n g\u1eafp s\u1ea3n ph\u1ea9m cho v\u00e0o th\u00f9ng L\u1ee3i \u00edch: T\u0103ng n\u0103ng su\u1ea5t Gi\u1ea3m chi [...]\" \/>\n<meta property=\"og:url\" content=\"https:\/\/etekrobotics.com.vn\/en\/product\/camera-dan-huong-robot-gap-tha-vat\/\" \/>\n<meta property=\"og:site_name\" content=\"Etek\" \/>\n<meta property=\"article:modified_time\" content=\"2024-03-12T03:57:22+00:00\" \/>\n<meta property=\"og:image\" content=\"https:\/\/etekrobotics.com.vn\/wp-content\/uploads\/2024\/03\/19.jpg\" \/>\n\t<meta property=\"og:image:width\" content=\"856\" \/>\n\t<meta property=\"og:image:height\" content=\"553\" \/>\n\t<meta property=\"og:image:type\" content=\"image\/jpeg\" \/>\n<meta name=\"twitter:card\" content=\"summary_large_image\" \/>\n<meta name=\"twitter:label1\" content=\"Est. reading time\" \/>\n\t<meta name=\"twitter:data1\" content=\"2 minutes\" \/>\n<script type=\"application\/ld+json\" class=\"yoast-schema-graph\">{\"@context\":\"https:\/\/schema.org\",\"@graph\":[{\"@type\":\"WebPage\",\"@id\":\"https:\/\/etekrobotics.com.vn\/san-pham\/camera-dan-huong-robot-gap-tha-vat\/\",\"url\":\"https:\/\/etekrobotics.com.vn\/san-pham\/camera-dan-huong-robot-gap-tha-vat\/\",\"name\":\"Camera D\u1eabn H\u01b0\u1edbng Robot G\u1eafp Th\u1ea3 V\u1eadt - Etek\",\"isPartOf\":{\"@id\":\"https:\/\/etekrobotics.com.vn\/#website\"},\"datePublished\":\"2024-03-12T03:57:21+00:00\",\"dateModified\":\"2024-03-12T03:57:22+00:00\",\"breadcrumb\":{\"@id\":\"https:\/\/etekrobotics.com.vn\/san-pham\/camera-dan-huong-robot-gap-tha-vat\/#breadcrumb\"},\"inLanguage\":\"en-US\",\"potentialAction\":[{\"@type\":\"ReadAction\",\"target\":[\"https:\/\/etekrobotics.com.vn\/san-pham\/camera-dan-huong-robot-gap-tha-vat\/\"]}]},{\"@type\":\"BreadcrumbList\",\"@id\":\"https:\/\/etekrobotics.com.vn\/san-pham\/camera-dan-huong-robot-gap-tha-vat\/#breadcrumb\",\"itemListElement\":[{\"@type\":\"ListItem\",\"position\":1,\"name\":\"Trang ch\u1ee7\",\"item\":\"https:\/\/etekrobotics.com.vn\/\"},{\"@type\":\"ListItem\",\"position\":2,\"name\":\"C\u1eeda h\u00e0ng\",\"item\":\"https:\/\/etekrobotics.com.vn\/cua-hang\/\"},{\"@type\":\"ListItem\",\"position\":3,\"name\":\"Camera D\u1eabn H\u01b0\u1edbng Robot G\u1eafp Th\u1ea3 V\u1eadt\"}]},{\"@type\":\"WebSite\",\"@id\":\"https:\/\/etekrobotics.com.vn\/#website\",\"url\":\"https:\/\/etekrobotics.com.vn\/\",\"name\":\"Etek\",\"description\":\"C\u00f4ng ty C\u1ed5 ph\u1ea7n Gi\u1ea3i ph\u00e1p T\u1ef1 \u0111\u1ed9ng h\u00f3a ETEK\",\"potentialAction\":[{\"@type\":\"SearchAction\",\"target\":{\"@type\":\"EntryPoint\",\"urlTemplate\":\"https:\/\/etekrobotics.com.vn\/?s={search_term_string}\"},\"query-input\":\"required name=search_term_string\"}],\"inLanguage\":\"en-US\"}]}<\/script>\n<!-- \/ Yoast SEO plugin. -->","yoast_head_json":{"title":"Camera D\u1eabn H\u01b0\u1edbng Robot G\u1eafp Th\u1ea3 V\u1eadt - Etek","robots":{"index":"index","follow":"follow","max-snippet":"max-snippet:-1","max-image-preview":"max-image-preview:large","max-video-preview":"max-video-preview:-1"},"canonical":"https:\/\/etekrobotics.com.vn\/en\/product\/camera-dan-huong-robot-gap-tha-vat\/","og_locale":"en_US","og_type":"article","og_title":"Camera D\u1eabn H\u01b0\u1edbng Robot G\u1eafp Th\u1ea3 V\u1eadt - Etek","og_description":"Th\u00f4ng tin chung: V\u1ea5n \u0111\u1ec1: Vi\u1ec7c \u0111\u00f3ng g\u00f3i th\u1ee7 c\u00f4ng kh\u00e1 ch\u1eadm T\u1ed1n kh\u00e1 nhi\u1ec1u nh\u00e2n c\u00f4ng Quy tr\u00ecnh: S\u1ea3n ph\u1ea9m ch\u1ea1y tr\u00ean b\u0103ng t\u1ea3i Camera th\u1ef1c hi\u1ec7n ch\u1ee5p, x\u00e1c \u0111\u1ecbnh t\u1ecda \u0111\u1ed9 s\u1eb3n ph\u1ea9m v\u00e0 g\u1eedi v\u1ec1 robot Robot th\u1ef1c hi\u1ec7n g\u1eafp s\u1ea3n ph\u1ea9m cho v\u00e0o th\u00f9ng L\u1ee3i \u00edch: T\u0103ng n\u0103ng su\u1ea5t Gi\u1ea3m chi [...]","og_url":"https:\/\/etekrobotics.com.vn\/en\/product\/camera-dan-huong-robot-gap-tha-vat\/","og_site_name":"Etek","article_modified_time":"2024-03-12T03:57:22+00:00","og_image":[{"width":856,"height":553,"url":"https:\/\/etekrobotics.com.vn\/wp-content\/uploads\/2024\/03\/19.jpg","type":"image\/jpeg"}],"twitter_card":"summary_large_image","twitter_misc":{"Est. reading time":"2 minutes"},"schema":{"@context":"https:\/\/schema.org","@graph":[{"@type":"WebPage","@id":"https:\/\/etekrobotics.com.vn\/san-pham\/camera-dan-huong-robot-gap-tha-vat\/","url":"https:\/\/etekrobotics.com.vn\/san-pham\/camera-dan-huong-robot-gap-tha-vat\/","name":"Camera D\u1eabn H\u01b0\u1edbng Robot G\u1eafp Th\u1ea3 V\u1eadt - Etek","isPartOf":{"@id":"https:\/\/etekrobotics.com.vn\/#website"},"datePublished":"2024-03-12T03:57:21+00:00","dateModified":"2024-03-12T03:57:22+00:00","breadcrumb":{"@id":"https:\/\/etekrobotics.com.vn\/san-pham\/camera-dan-huong-robot-gap-tha-vat\/#breadcrumb"},"inLanguage":"en-US","potentialAction":[{"@type":"ReadAction","target":["https:\/\/etekrobotics.com.vn\/san-pham\/camera-dan-huong-robot-gap-tha-vat\/"]}]},{"@type":"BreadcrumbList","@id":"https:\/\/etekrobotics.com.vn\/san-pham\/camera-dan-huong-robot-gap-tha-vat\/#breadcrumb","itemListElement":[{"@type":"ListItem","position":1,"name":"Trang ch\u1ee7","item":"https:\/\/etekrobotics.com.vn\/"},{"@type":"ListItem","position":2,"name":"C\u1eeda h\u00e0ng","item":"https:\/\/etekrobotics.com.vn\/cua-hang\/"},{"@type":"ListItem","position":3,"name":"Camera D\u1eabn H\u01b0\u1edbng Robot G\u1eafp Th\u1ea3 V\u1eadt"}]},{"@type":"WebSite","@id":"https:\/\/etekrobotics.com.vn\/#website","url":"https:\/\/etekrobotics.com.vn\/","name":"Etek","description":"C\u00f4ng ty C\u1ed5 ph\u1ea7n Gi\u1ea3i ph\u00e1p T\u1ef1 \u0111\u1ed9ng h\u00f3a ETEK","potentialAction":[{"@type":"SearchAction","target":{"@type":"EntryPoint","urlTemplate":"https:\/\/etekrobotics.com.vn\/?s={search_term_string}"},"query-input":"required name=search_term_string"}],"inLanguage":"en-US"}]}},"_links":{"self":[{"href":"https:\/\/etekrobotics.com.vn\/en\/wp-json\/wp\/v2\/product\/1645","targetHints":{"allow":["GET"]}}],"collection":[{"href":"https:\/\/etekrobotics.com.vn\/en\/wp-json\/wp\/v2\/product"}],"about":[{"href":"https:\/\/etekrobotics.com.vn\/en\/wp-json\/wp\/v2\/types\/product"}],"replies":[{"embeddable":true,"href":"https:\/\/etekrobotics.com.vn\/en\/wp-json\/wp\/v2\/comments?post=1645"}],"wp:featuredmedia":[{"embeddable":true,"href":"https:\/\/etekrobotics.com.vn\/en\/wp-json\/wp\/v2\/media\/1646"}],"wp:attachment":[{"href":"https:\/\/etekrobotics.com.vn\/en\/wp-json\/wp\/v2\/media?parent=1645"}],"wp:term":[{"taxonomy":"product_cat","embeddable":true,"href":"https:\/\/etekrobotics.com.vn\/en\/wp-json\/wp\/v2\/product_cat?post=1645"},{"taxonomy":"product_tag","embeddable":true,"href":"https:\/\/etekrobotics.com.vn\/en\/wp-json\/wp\/v2\/product_tag?post=1645"}],"curies":[{"name":"wp","href":"https:\/\/api.w.org\/{rel}","templated":true}]}}