{"id":1650,"date":"2024-03-12T04:16:51","date_gmt":"2024-03-12T04:16:51","guid":{"rendered":"https:\/\/etekrobotics.com.vn\/?post_type=product&#038;p=1650"},"modified":"2024-03-13T09:45:47","modified_gmt":"2024-03-13T09:45:47","slug":"doc-barcode-toc-do-cao","status":"publish","type":"product","link":"https:\/\/etekrobotics.com.vn\/en\/product\/doc-barcode-toc-do-cao\/","title":{"rendered":"\u0110\u1ecdc Barcode T\u1ed1c \u0110\u1ed9 Cao"},"content":{"rendered":"<h1><strong>Th\u00f4ng tin chung:<\/strong><\/h1>\n<h2><b>V\u1ea5n <\/b><b>\u0111\u1ec1<\/b>:<\/h2>\n<ul>\n<li>Barcode b\u1ecb h\u01b0 h\u1ecfng, m\u1edd v\u00e0 c\u00f3 \u0111\u1ed9 t\u01b0\u01a1ng ph\u1ea3n th\u1ea5p<\/li>\n<li>\u0110\u1ecdc nhanh, t\u1ed1c \u0111\u1ed9 cao.<\/li>\n<\/ul>\n<h2><b>Quy<\/b> <b>tr\u00ecnh<\/b><b>:<\/b><\/h2>\n<ul>\n<li>Camera th\u1ef1c hi\u1ec7n ch\u1ee5p v\u00e0 d\u00f9ng tool 1DMax, 2DMax \u0111\u1ec3 truy xu\u1ea5t th\u00f4ng tin s\u1ea3n ph\u1ea9m<\/li>\n<li>Th\u00f4ng tin \u0111\u01b0\u1ee3c g\u1eedi v\u1ec1 d\u1eef li\u1ec7u trung t\u00e2m<\/li>\n<\/ul>\n<h2><b>L\u1ee3i<\/b> <b>\u00edch<\/b><b>:<\/b><\/h2>\n<ul>\n<li>D\u1ec5 d\u00e0ng ki\u1ec3m so\u00e1t th\u00f4ng tin s\u1ea3n ph\u1ea9m<\/li>\n<li>Gi\u1ea3m chi ph\u00ed in l\u1ea1i<\/li>\n<\/ul>\n<h1><strong>Th\u00f4ng s\u1ed1 tr\u1ea1m:<\/strong><\/h1>\n<ol>\n<li>S\u1ea3n l\u01b0\u1ee3ng: 5 sp\/s<\/li>\n<li>\u0110i\u1ec1u ki\u1ec7n \u00e1nh s\u00e1ng: 300-1000 lux<\/li>\n<li>K\u00edch th\u01b0\u1edbc barcode: 35mm*10mm<\/li>\n<\/ol>\n<h1><strong>Thi\u1ebft b\u1ecb:<\/strong><\/h1>\n<ol>\n<li>Camera 2D<\/li>\n<li>B\u0103ng t\u1ea3i<\/li>\n<li>Thanh d\u1eabn h\u01b0\u1edbng<\/li>\n<li>C\u00e1p ngu\u1ed3n<\/li>\n<li>C\u00e1p ethernet<\/li>\n<\/ol>\n<h1><strong>Th\u00f4ng s\u1ed1 thi\u1ebft b\u1ecb:<\/strong><\/h1>\n<h3><b>Dataman 280 series:<\/b><\/h3>\n<ul>\n<li>\u0110\u1ed9 ph\u00e2n gi\u1ea3i: 2MP<\/li>\n<li>T\u1ea7n s\u1ed1 ch\u1ee5p: 45Hz<\/li>\n<li>K\u00edch th\u01b0\u1edbc lens: 6mm<\/li>\n<li>Truy\u1ec1n th\u00f4ng: Ethernet<\/li>\n<\/ul>\n<h1><img loading=\"lazy\" decoding=\"async\" class=\"size-full wp-image-1652 aligncenter\" src=\"https:\/\/etekrobotics.com.vn\/wp-content\/uploads\/2024\/03\/24.jpg\" alt=\"\" width=\"301\" height=\"219\" srcset=\"https:\/\/etekrobotics.com.vn\/wp-content\/uploads\/2024\/03\/24.jpg 301w, https:\/\/etekrobotics.com.vn\/wp-content\/uploads\/2024\/03\/24-16x12.jpg 16w\" sizes=\"auto, (max-width: 301px) 100vw, 301px\" \/><\/h1>\n<h1><strong>Ng\u00e0nh:<\/strong><\/h1>\n<ul>\n<li>\u0110\u1ed3 u\u1ed1ng<\/li>\n<li>Th\u1ef1c ph\u1ea9m<\/li>\n<\/ul>\n<h1><strong>S\u1ea3n ph\u1ea9m:<\/strong><\/h1>\n<p><img loading=\"lazy\" decoding=\"async\" class=\"wp-image-1653 aligncenter\" src=\"https:\/\/etekrobotics.com.vn\/wp-content\/uploads\/2024\/03\/25.jpg\" alt=\"\" width=\"225\" height=\"165\" srcset=\"https:\/\/etekrobotics.com.vn\/wp-content\/uploads\/2024\/03\/25.jpg 301w, https:\/\/etekrobotics.com.vn\/wp-content\/uploads\/2024\/03\/25-16x12.jpg 16w\" sizes=\"auto, (max-width: 225px) 100vw, 225px\" \/> <img loading=\"lazy\" decoding=\"async\" class=\"wp-image-1649 aligncenter\" src=\"https:\/\/etekrobotics.com.vn\/wp-content\/uploads\/2024\/03\/22.jpg\" alt=\"\" width=\"245\" height=\"179\" srcset=\"https:\/\/etekrobotics.com.vn\/wp-content\/uploads\/2024\/03\/22.jpg 301w, https:\/\/etekrobotics.com.vn\/wp-content\/uploads\/2024\/03\/22-16x12.jpg 16w\" sizes=\"auto, (max-width: 245px) 100vw, 245px\" \/><\/p>","protected":false},"excerpt":{"rendered":"<p>Th\u00f4ng tin chung: V\u1ea5n \u0111\u1ec1: Barcode b\u1ecb h\u01b0 h\u1ecfng, m\u1edd v\u00e0 c\u00f3 \u0111\u1ed9 t\u01b0\u01a1ng ph\u1ea3n th\u1ea5p \u0110\u1ecdc nhanh, t\u1ed1c \u0111\u1ed9 cao. Quy tr\u00ecnh: Camera th\u1ef1c hi\u1ec7n ch\u1ee5p v\u00e0 d\u00f9ng tool 1DMax, 2DMax \u0111\u1ec3 truy xu\u1ea5t th\u00f4ng tin s\u1ea3n ph\u1ea9m Th\u00f4ng tin \u0111\u01b0\u1ee3c g\u1eedi v\u1ec1 d\u1eef li\u1ec7u trung t\u00e2m L\u1ee3i \u00edch: D\u1ec5 d\u00e0ng ki\u1ec3m so\u00e1t th\u00f4ng [&#8230;]","protected":false},"featured_media":1651,"comment_status":"open","ping_status":"closed","template":"","meta":[],"product_cat":[16,186,131,179],"product_tag":[189,187,188,190,191],"class_list":["post-1650","product","type-product","status-publish","has-post-thumbnail","hentry","product_cat-nganh-nghe","product_cat-doc-barcode-toc-do-cao","product_cat-hang-tieu-dung-dong-goi","product_cat-truy-xuat-thong-tin-san-pham-hang-tieu-dung-dong-goi","product_tag-check-barcode","product_tag-doc-barcode","product_tag-doc-barcode-toc-do-cao","product_tag-he-thong-thi-giac-cognex","product_tag-truy-xuat-thong-tin"],"yoast_head":"<!-- This site is optimized with the Yoast SEO plugin v21.6 - https:\/\/yoast.com\/wordpress\/plugins\/seo\/ -->\n<title>\u0110\u1ecdc Barcode T\u1ed1c \u0110\u1ed9 Cao - Etek<\/title>\n<meta name=\"robots\" content=\"index, follow, max-snippet:-1, max-image-preview:large, max-video-preview:-1\" \/>\n<link rel=\"canonical\" href=\"https:\/\/etekrobotics.com.vn\/en\/product\/doc-barcode-toc-do-cao\/\" \/>\n<meta property=\"og:locale\" content=\"en_US\" \/>\n<meta property=\"og:type\" content=\"article\" \/>\n<meta property=\"og:title\" content=\"\u0110\u1ecdc Barcode T\u1ed1c \u0110\u1ed9 Cao - Etek\" \/>\n<meta property=\"og:description\" content=\"Th\u00f4ng tin chung: V\u1ea5n \u0111\u1ec1: Barcode b\u1ecb h\u01b0 h\u1ecfng, m\u1edd v\u00e0 c\u00f3 \u0111\u1ed9 t\u01b0\u01a1ng ph\u1ea3n th\u1ea5p \u0110\u1ecdc nhanh, t\u1ed1c \u0111\u1ed9 cao. Quy tr\u00ecnh: Camera th\u1ef1c hi\u1ec7n ch\u1ee5p v\u00e0 d\u00f9ng tool 1DMax, 2DMax \u0111\u1ec3 truy xu\u1ea5t th\u00f4ng tin s\u1ea3n ph\u1ea9m Th\u00f4ng tin \u0111\u01b0\u1ee3c g\u1eedi v\u1ec1 d\u1eef li\u1ec7u trung t\u00e2m L\u1ee3i \u00edch: D\u1ec5 d\u00e0ng ki\u1ec3m so\u00e1t th\u00f4ng [...]\" \/>\n<meta property=\"og:url\" content=\"https:\/\/etekrobotics.com.vn\/en\/product\/doc-barcode-toc-do-cao\/\" \/>\n<meta property=\"og:site_name\" content=\"Etek\" \/>\n<meta property=\"article:modified_time\" content=\"2024-03-13T09:45:47+00:00\" \/>\n<meta property=\"og:image\" content=\"https:\/\/etekrobotics.com.vn\/wp-content\/uploads\/2024\/03\/23.jpg\" \/>\n\t<meta property=\"og:image:width\" content=\"856\" \/>\n\t<meta property=\"og:image:height\" content=\"553\" \/>\n\t<meta property=\"og:image:type\" content=\"image\/jpeg\" \/>\n<meta name=\"twitter:card\" content=\"summary_large_image\" \/>\n<meta name=\"twitter:label1\" content=\"Est. reading time\" \/>\n\t<meta name=\"twitter:data1\" content=\"2 minutes\" \/>\n<script type=\"application\/ld+json\" class=\"yoast-schema-graph\">{\"@context\":\"https:\/\/schema.org\",\"@graph\":[{\"@type\":\"WebPage\",\"@id\":\"https:\/\/etekrobotics.com.vn\/san-pham\/doc-barcode-toc-do-cao\/\",\"url\":\"https:\/\/etekrobotics.com.vn\/san-pham\/doc-barcode-toc-do-cao\/\",\"name\":\"\u0110\u1ecdc Barcode T\u1ed1c \u0110\u1ed9 Cao - Etek\",\"isPartOf\":{\"@id\":\"https:\/\/etekrobotics.com.vn\/#website\"},\"datePublished\":\"2024-03-12T04:16:51+00:00\",\"dateModified\":\"2024-03-13T09:45:47+00:00\",\"breadcrumb\":{\"@id\":\"https:\/\/etekrobotics.com.vn\/san-pham\/doc-barcode-toc-do-cao\/#breadcrumb\"},\"inLanguage\":\"en-US\",\"potentialAction\":[{\"@type\":\"ReadAction\",\"target\":[\"https:\/\/etekrobotics.com.vn\/san-pham\/doc-barcode-toc-do-cao\/\"]}]},{\"@type\":\"BreadcrumbList\",\"@id\":\"https:\/\/etekrobotics.com.vn\/san-pham\/doc-barcode-toc-do-cao\/#breadcrumb\",\"itemListElement\":[{\"@type\":\"ListItem\",\"position\":1,\"name\":\"Trang ch\u1ee7\",\"item\":\"https:\/\/etekrobotics.com.vn\/\"},{\"@type\":\"ListItem\",\"position\":2,\"name\":\"C\u1eeda h\u00e0ng\",\"item\":\"https:\/\/etekrobotics.com.vn\/cua-hang\/\"},{\"@type\":\"ListItem\",\"position\":3,\"name\":\"\u0110\u1ecdc Barcode T\u1ed1c \u0110\u1ed9 Cao\"}]},{\"@type\":\"WebSite\",\"@id\":\"https:\/\/etekrobotics.com.vn\/#website\",\"url\":\"https:\/\/etekrobotics.com.vn\/\",\"name\":\"Etek\",\"description\":\"C\u00f4ng ty C\u1ed5 ph\u1ea7n Gi\u1ea3i ph\u00e1p T\u1ef1 \u0111\u1ed9ng h\u00f3a ETEK\",\"potentialAction\":[{\"@type\":\"SearchAction\",\"target\":{\"@type\":\"EntryPoint\",\"urlTemplate\":\"https:\/\/etekrobotics.com.vn\/?s={search_term_string}\"},\"query-input\":\"required name=search_term_string\"}],\"inLanguage\":\"en-US\"}]}<\/script>\n<!-- \/ Yoast SEO plugin. -->","yoast_head_json":{"title":"\u0110\u1ecdc Barcode T\u1ed1c \u0110\u1ed9 Cao - Etek","robots":{"index":"index","follow":"follow","max-snippet":"max-snippet:-1","max-image-preview":"max-image-preview:large","max-video-preview":"max-video-preview:-1"},"canonical":"https:\/\/etekrobotics.com.vn\/en\/product\/doc-barcode-toc-do-cao\/","og_locale":"en_US","og_type":"article","og_title":"\u0110\u1ecdc Barcode T\u1ed1c \u0110\u1ed9 Cao - Etek","og_description":"Th\u00f4ng tin chung: V\u1ea5n \u0111\u1ec1: Barcode b\u1ecb h\u01b0 h\u1ecfng, m\u1edd v\u00e0 c\u00f3 \u0111\u1ed9 t\u01b0\u01a1ng ph\u1ea3n th\u1ea5p \u0110\u1ecdc nhanh, t\u1ed1c \u0111\u1ed9 cao. Quy tr\u00ecnh: Camera th\u1ef1c hi\u1ec7n ch\u1ee5p v\u00e0 d\u00f9ng tool 1DMax, 2DMax \u0111\u1ec3 truy xu\u1ea5t th\u00f4ng tin s\u1ea3n ph\u1ea9m Th\u00f4ng tin \u0111\u01b0\u1ee3c g\u1eedi v\u1ec1 d\u1eef li\u1ec7u trung t\u00e2m L\u1ee3i \u00edch: D\u1ec5 d\u00e0ng ki\u1ec3m so\u00e1t th\u00f4ng [...]","og_url":"https:\/\/etekrobotics.com.vn\/en\/product\/doc-barcode-toc-do-cao\/","og_site_name":"Etek","article_modified_time":"2024-03-13T09:45:47+00:00","og_image":[{"width":856,"height":553,"url":"https:\/\/etekrobotics.com.vn\/wp-content\/uploads\/2024\/03\/23.jpg","type":"image\/jpeg"}],"twitter_card":"summary_large_image","twitter_misc":{"Est. reading time":"2 minutes"},"schema":{"@context":"https:\/\/schema.org","@graph":[{"@type":"WebPage","@id":"https:\/\/etekrobotics.com.vn\/san-pham\/doc-barcode-toc-do-cao\/","url":"https:\/\/etekrobotics.com.vn\/san-pham\/doc-barcode-toc-do-cao\/","name":"\u0110\u1ecdc Barcode T\u1ed1c \u0110\u1ed9 Cao - Etek","isPartOf":{"@id":"https:\/\/etekrobotics.com.vn\/#website"},"datePublished":"2024-03-12T04:16:51+00:00","dateModified":"2024-03-13T09:45:47+00:00","breadcrumb":{"@id":"https:\/\/etekrobotics.com.vn\/san-pham\/doc-barcode-toc-do-cao\/#breadcrumb"},"inLanguage":"en-US","potentialAction":[{"@type":"ReadAction","target":["https:\/\/etekrobotics.com.vn\/san-pham\/doc-barcode-toc-do-cao\/"]}]},{"@type":"BreadcrumbList","@id":"https:\/\/etekrobotics.com.vn\/san-pham\/doc-barcode-toc-do-cao\/#breadcrumb","itemListElement":[{"@type":"ListItem","position":1,"name":"Trang ch\u1ee7","item":"https:\/\/etekrobotics.com.vn\/"},{"@type":"ListItem","position":2,"name":"C\u1eeda h\u00e0ng","item":"https:\/\/etekrobotics.com.vn\/cua-hang\/"},{"@type":"ListItem","position":3,"name":"\u0110\u1ecdc Barcode T\u1ed1c \u0110\u1ed9 Cao"}]},{"@type":"WebSite","@id":"https:\/\/etekrobotics.com.vn\/#website","url":"https:\/\/etekrobotics.com.vn\/","name":"Etek","description":"C\u00f4ng ty C\u1ed5 ph\u1ea7n Gi\u1ea3i ph\u00e1p T\u1ef1 \u0111\u1ed9ng h\u00f3a ETEK","potentialAction":[{"@type":"SearchAction","target":{"@type":"EntryPoint","urlTemplate":"https:\/\/etekrobotics.com.vn\/?s={search_term_string}"},"query-input":"required name=search_term_string"}],"inLanguage":"en-US"}]}},"_links":{"self":[{"href":"https:\/\/etekrobotics.com.vn\/en\/wp-json\/wp\/v2\/product\/1650","targetHints":{"allow":["GET"]}}],"collection":[{"href":"https:\/\/etekrobotics.com.vn\/en\/wp-json\/wp\/v2\/product"}],"about":[{"href":"https:\/\/etekrobotics.com.vn\/en\/wp-json\/wp\/v2\/types\/product"}],"replies":[{"embeddable":true,"href":"https:\/\/etekrobotics.com.vn\/en\/wp-json\/wp\/v2\/comments?post=1650"}],"wp:featuredmedia":[{"embeddable":true,"href":"https:\/\/etekrobotics.com.vn\/en\/wp-json\/wp\/v2\/media\/1651"}],"wp:attachment":[{"href":"https:\/\/etekrobotics.com.vn\/en\/wp-json\/wp\/v2\/media?parent=1650"}],"wp:term":[{"taxonomy":"product_cat","embeddable":true,"href":"https:\/\/etekrobotics.com.vn\/en\/wp-json\/wp\/v2\/product_cat?post=1650"},{"taxonomy":"product_tag","embeddable":true,"href":"https:\/\/etekrobotics.com.vn\/en\/wp-json\/wp\/v2\/product_tag?post=1650"}],"curies":[{"name":"wp","href":"https:\/\/api.w.org\/{rel}","templated":true}]}}