{"id":1654,"date":"2024-03-12T04:21:55","date_gmt":"2024-03-12T04:21:55","guid":{"rendered":"https:\/\/etekrobotics.com.vn\/?post_type=product&#038;p=1654"},"modified":"2024-03-12T04:21:57","modified_gmt":"2024-03-12T04:21:57","slug":"doc-ocr-tren-san-pham","status":"publish","type":"product","link":"https:\/\/etekrobotics.com.vn\/en\/product\/doc-ocr-tren-san-pham\/","title":{"rendered":"\u0110\u1ecdc OCR Tr\u00ean S\u1ea3n Ph\u1ea9m"},"content":{"rendered":"<h1><strong>Th\u00f4ng tin chung:<\/strong><\/h1>\n<h2><b>V\u1ea5n <\/b><b>\u0111\u1ec1<\/b>:<\/h2>\n<ul>\n<li>Ch\u1ea5t l\u01b0\u1ee3ng k\u00ed t\u1ef1 in k\u00e9m<\/li>\n<li>\u0110\u1ecdc \u1edf t\u1ed1c \u0111\u1ed9 cao<\/li>\n<\/ul>\n<h2><b>Quy<\/b> <b>tr\u00ecnh<\/b><b>:<\/b><\/h2>\n<ul>\n<li>S\u1ea3n ph\u1ea9m di chuy\u1ec3n tr\u00ean b\u0103ng t\u1ea3i<\/li>\n<li>Camera ch\u1ee5p v\u00e0 d\u00f9ng tool OCRmax \u0111\u1ec3 \u0111\u1ecdc k\u00ed t\u1ef1<\/li>\n<li>D\u1eef li\u1ec7u \u0111\u01b0\u1ee3c g\u1eedi v\u1ec1 ph\u00f2ng \u0111i\u1ec1u khi\u1ec3n trung t\u00e2m<\/li>\n<\/ul>\n<h2><b>L\u1ee3i<\/b> <b>\u00edch<\/b><b>: <\/b><\/h2>\n<ul>\n<li>\u0110\u1ea3m b\u1ea3o s\u1ef1 h\u00e0i long cho kh\u00e1ch h\u00e0ng<\/li>\n<li>Qu\u1ea3n l\u00ed vi\u1ec7c thu h\u1ed3i s\u1ea3n ph\u1ea9m d\u1ec5 d\u00e0ng<\/li>\n<\/ul>\n<h1><strong>Th\u00f4ng s\u1ed1 tr\u1ea1m:<\/strong><\/h1>\n<ol>\n<li>S\u1ea3n l\u01b0\u1ee3ng: 5 sp\/s<\/li>\n<li>\u0110i\u1ec1u ki\u1ec7n \u00e1nh s\u00e1ng: 300 -1000 lux<\/li>\n<li>K\u00edch th\u01b0\u1edbc k\u00ed t\u1ef1: 3mm*3mm<\/li>\n<\/ol>\n<h1><strong>Thi\u1ebft b\u1ecb:<\/strong><\/h1>\n<ol>\n<li>B\u0103ng t\u1ea3i<\/li>\n<li>Camera 2D<\/li>\n<li>C\u00e1p ngu\u1ed3n<\/li>\n<li>C\u00e1p ethernet<\/li>\n<\/ol>\n<h1><strong>Th\u00f4ng s\u1ed1 thi\u1ebft b\u1ecb:<\/strong><\/h1>\n<h3><b>In-sight 3800 series:<\/b><\/h3>\n<ul>\n<li>\u0110\u1ed9 ph\u00e2n gi\u1ea3i: 5MP<\/li>\n<li>T\u1ed1c \u0111\u1ed9 ch\u1ee5p: 32 fps<\/li>\n<li>Lo\u1ea1i sensor: global shutter<\/li>\n<li>Ngu\u1ed3n: 24V<\/li>\n<\/ul>\n<h1><img loading=\"lazy\" decoding=\"async\" class=\"size-full wp-image-1656 aligncenter\" src=\"https:\/\/etekrobotics.com.vn\/wp-content\/uploads\/2024\/03\/27.jpg\" alt=\"\" width=\"301\" height=\"219\" srcset=\"https:\/\/etekrobotics.com.vn\/wp-content\/uploads\/2024\/03\/27.jpg 301w, https:\/\/etekrobotics.com.vn\/wp-content\/uploads\/2024\/03\/27-16x12.jpg 16w\" sizes=\"auto, (max-width: 301px) 100vw, 301px\" \/><\/h1>\n<h1><strong>Ng\u00e0nh:<\/strong><\/h1>\n<ul>\n<li>Ng\u00e0nh th\u1ef1c ph\u1ea9m<\/li>\n<li>\u0110\u1ed3 u\u1ed1ng<\/li>\n<\/ul>\n<h1><strong>S\u1ea3n ph\u1ea9m:<\/strong><\/h1>\n<p><img loading=\"lazy\" decoding=\"async\" class=\"alignnone  wp-image-1657\" src=\"https:\/\/etekrobotics.com.vn\/wp-content\/uploads\/2024\/03\/28.jpg\" alt=\"\" width=\"224\" height=\"164\" srcset=\"https:\/\/etekrobotics.com.vn\/wp-content\/uploads\/2024\/03\/28.jpg 301w, https:\/\/etekrobotics.com.vn\/wp-content\/uploads\/2024\/03\/28-16x12.jpg 16w\" sizes=\"auto, (max-width: 224px) 100vw, 224px\" \/> <img loading=\"lazy\" decoding=\"async\" class=\"alignnone  wp-image-1658\" src=\"https:\/\/etekrobotics.com.vn\/wp-content\/uploads\/2024\/03\/29.jpg\" alt=\"\" width=\"228\" height=\"167\" srcset=\"https:\/\/etekrobotics.com.vn\/wp-content\/uploads\/2024\/03\/29.jpg 301w, https:\/\/etekrobotics.com.vn\/wp-content\/uploads\/2024\/03\/29-16x12.jpg 16w\" sizes=\"auto, (max-width: 228px) 100vw, 228px\" \/><\/p>","protected":false},"excerpt":{"rendered":"<p>Th\u00f4ng tin chung: V\u1ea5n \u0111\u1ec1: Ch\u1ea5t l\u01b0\u1ee3ng k\u00ed t\u1ef1 in k\u00e9m \u0110\u1ecdc \u1edf t\u1ed1c \u0111\u1ed9 cao Quy tr\u00ecnh: S\u1ea3n ph\u1ea9m di chuy\u1ec3n tr\u00ean b\u0103ng t\u1ea3i Camera ch\u1ee5p v\u00e0 d\u00f9ng tool OCRmax \u0111\u1ec3 \u0111\u1ecdc k\u00ed t\u1ef1 D\u1eef li\u1ec7u \u0111\u01b0\u1ee3c g\u1eedi v\u1ec1 ph\u00f2ng \u0111i\u1ec1u khi\u1ec3n trung t\u00e2m L\u1ee3i \u00edch: \u0110\u1ea3m b\u1ea3o s\u1ef1 h\u00e0i long cho kh\u00e1ch h\u00e0ng [&#8230;]","protected":false},"featured_media":1655,"comment_status":"open","ping_status":"closed","template":"","meta":[],"product_cat":[182,131,179],"product_tag":[],"class_list":["post-1654","product","type-product","status-publish","has-post-thumbnail","hentry","product_cat-doc-ocr-tren-san-pham","product_cat-hang-tieu-dung-dong-goi","product_cat-truy-xuat-thong-tin-san-pham-hang-tieu-dung-dong-goi"],"yoast_head":"<!-- This site is optimized with the Yoast SEO plugin v21.6 - https:\/\/yoast.com\/wordpress\/plugins\/seo\/ -->\n<title>\u0110\u1ecdc OCR Tr\u00ean S\u1ea3n Ph\u1ea9m - Etek<\/title>\n<meta name=\"robots\" content=\"index, follow, max-snippet:-1, max-image-preview:large, max-video-preview:-1\" \/>\n<link rel=\"canonical\" href=\"https:\/\/etekrobotics.com.vn\/en\/product\/doc-ocr-tren-san-pham\/\" \/>\n<meta property=\"og:locale\" content=\"en_US\" \/>\n<meta property=\"og:type\" content=\"article\" \/>\n<meta property=\"og:title\" content=\"\u0110\u1ecdc OCR Tr\u00ean S\u1ea3n Ph\u1ea9m - Etek\" \/>\n<meta property=\"og:description\" content=\"Th\u00f4ng tin chung: V\u1ea5n \u0111\u1ec1: Ch\u1ea5t l\u01b0\u1ee3ng k\u00ed t\u1ef1 in k\u00e9m \u0110\u1ecdc \u1edf t\u1ed1c \u0111\u1ed9 cao Quy tr\u00ecnh: S\u1ea3n ph\u1ea9m di chuy\u1ec3n tr\u00ean b\u0103ng t\u1ea3i Camera ch\u1ee5p v\u00e0 d\u00f9ng tool OCRmax \u0111\u1ec3 \u0111\u1ecdc k\u00ed t\u1ef1 D\u1eef li\u1ec7u \u0111\u01b0\u1ee3c g\u1eedi v\u1ec1 ph\u00f2ng \u0111i\u1ec1u khi\u1ec3n trung t\u00e2m L\u1ee3i \u00edch: \u0110\u1ea3m b\u1ea3o s\u1ef1 h\u00e0i long cho kh\u00e1ch h\u00e0ng [...]\" \/>\n<meta property=\"og:url\" content=\"https:\/\/etekrobotics.com.vn\/en\/product\/doc-ocr-tren-san-pham\/\" \/>\n<meta property=\"og:site_name\" content=\"Etek\" \/>\n<meta property=\"article:modified_time\" content=\"2024-03-12T04:21:57+00:00\" \/>\n<meta property=\"og:image\" content=\"https:\/\/etekrobotics.com.vn\/wp-content\/uploads\/2024\/03\/26.jpg\" \/>\n\t<meta property=\"og:image:width\" content=\"856\" \/>\n\t<meta property=\"og:image:height\" content=\"553\" \/>\n\t<meta property=\"og:image:type\" content=\"image\/jpeg\" \/>\n<meta name=\"twitter:card\" content=\"summary_large_image\" \/>\n<meta name=\"twitter:label1\" content=\"Est. reading time\" \/>\n\t<meta name=\"twitter:data1\" content=\"2 minutes\" \/>\n<script type=\"application\/ld+json\" class=\"yoast-schema-graph\">{\"@context\":\"https:\/\/schema.org\",\"@graph\":[{\"@type\":\"WebPage\",\"@id\":\"https:\/\/etekrobotics.com.vn\/san-pham\/doc-ocr-tren-san-pham\/\",\"url\":\"https:\/\/etekrobotics.com.vn\/san-pham\/doc-ocr-tren-san-pham\/\",\"name\":\"\u0110\u1ecdc OCR Tr\u00ean S\u1ea3n Ph\u1ea9m - Etek\",\"isPartOf\":{\"@id\":\"https:\/\/etekrobotics.com.vn\/#website\"},\"datePublished\":\"2024-03-12T04:21:55+00:00\",\"dateModified\":\"2024-03-12T04:21:57+00:00\",\"breadcrumb\":{\"@id\":\"https:\/\/etekrobotics.com.vn\/san-pham\/doc-ocr-tren-san-pham\/#breadcrumb\"},\"inLanguage\":\"en-US\",\"potentialAction\":[{\"@type\":\"ReadAction\",\"target\":[\"https:\/\/etekrobotics.com.vn\/san-pham\/doc-ocr-tren-san-pham\/\"]}]},{\"@type\":\"BreadcrumbList\",\"@id\":\"https:\/\/etekrobotics.com.vn\/san-pham\/doc-ocr-tren-san-pham\/#breadcrumb\",\"itemListElement\":[{\"@type\":\"ListItem\",\"position\":1,\"name\":\"Trang ch\u1ee7\",\"item\":\"https:\/\/etekrobotics.com.vn\/\"},{\"@type\":\"ListItem\",\"position\":2,\"name\":\"C\u1eeda h\u00e0ng\",\"item\":\"https:\/\/etekrobotics.com.vn\/cua-hang\/\"},{\"@type\":\"ListItem\",\"position\":3,\"name\":\"\u0110\u1ecdc OCR Tr\u00ean S\u1ea3n Ph\u1ea9m\"}]},{\"@type\":\"WebSite\",\"@id\":\"https:\/\/etekrobotics.com.vn\/#website\",\"url\":\"https:\/\/etekrobotics.com.vn\/\",\"name\":\"Etek\",\"description\":\"C\u00f4ng ty C\u1ed5 ph\u1ea7n Gi\u1ea3i ph\u00e1p T\u1ef1 \u0111\u1ed9ng h\u00f3a ETEK\",\"potentialAction\":[{\"@type\":\"SearchAction\",\"target\":{\"@type\":\"EntryPoint\",\"urlTemplate\":\"https:\/\/etekrobotics.com.vn\/?s={search_term_string}\"},\"query-input\":\"required name=search_term_string\"}],\"inLanguage\":\"en-US\"}]}<\/script>\n<!-- \/ Yoast SEO plugin. -->","yoast_head_json":{"title":"\u0110\u1ecdc OCR Tr\u00ean S\u1ea3n Ph\u1ea9m - Etek","robots":{"index":"index","follow":"follow","max-snippet":"max-snippet:-1","max-image-preview":"max-image-preview:large","max-video-preview":"max-video-preview:-1"},"canonical":"https:\/\/etekrobotics.com.vn\/en\/product\/doc-ocr-tren-san-pham\/","og_locale":"en_US","og_type":"article","og_title":"\u0110\u1ecdc OCR Tr\u00ean S\u1ea3n Ph\u1ea9m - Etek","og_description":"Th\u00f4ng tin chung: V\u1ea5n \u0111\u1ec1: Ch\u1ea5t l\u01b0\u1ee3ng k\u00ed t\u1ef1 in k\u00e9m \u0110\u1ecdc \u1edf t\u1ed1c \u0111\u1ed9 cao Quy tr\u00ecnh: S\u1ea3n ph\u1ea9m di chuy\u1ec3n tr\u00ean b\u0103ng t\u1ea3i Camera ch\u1ee5p v\u00e0 d\u00f9ng tool OCRmax \u0111\u1ec3 \u0111\u1ecdc k\u00ed t\u1ef1 D\u1eef li\u1ec7u \u0111\u01b0\u1ee3c g\u1eedi v\u1ec1 ph\u00f2ng \u0111i\u1ec1u khi\u1ec3n trung t\u00e2m L\u1ee3i \u00edch: \u0110\u1ea3m b\u1ea3o s\u1ef1 h\u00e0i long cho kh\u00e1ch h\u00e0ng [...]","og_url":"https:\/\/etekrobotics.com.vn\/en\/product\/doc-ocr-tren-san-pham\/","og_site_name":"Etek","article_modified_time":"2024-03-12T04:21:57+00:00","og_image":[{"width":856,"height":553,"url":"https:\/\/etekrobotics.com.vn\/wp-content\/uploads\/2024\/03\/26.jpg","type":"image\/jpeg"}],"twitter_card":"summary_large_image","twitter_misc":{"Est. reading time":"2 minutes"},"schema":{"@context":"https:\/\/schema.org","@graph":[{"@type":"WebPage","@id":"https:\/\/etekrobotics.com.vn\/san-pham\/doc-ocr-tren-san-pham\/","url":"https:\/\/etekrobotics.com.vn\/san-pham\/doc-ocr-tren-san-pham\/","name":"\u0110\u1ecdc OCR Tr\u00ean S\u1ea3n Ph\u1ea9m - Etek","isPartOf":{"@id":"https:\/\/etekrobotics.com.vn\/#website"},"datePublished":"2024-03-12T04:21:55+00:00","dateModified":"2024-03-12T04:21:57+00:00","breadcrumb":{"@id":"https:\/\/etekrobotics.com.vn\/san-pham\/doc-ocr-tren-san-pham\/#breadcrumb"},"inLanguage":"en-US","potentialAction":[{"@type":"ReadAction","target":["https:\/\/etekrobotics.com.vn\/san-pham\/doc-ocr-tren-san-pham\/"]}]},{"@type":"BreadcrumbList","@id":"https:\/\/etekrobotics.com.vn\/san-pham\/doc-ocr-tren-san-pham\/#breadcrumb","itemListElement":[{"@type":"ListItem","position":1,"name":"Trang ch\u1ee7","item":"https:\/\/etekrobotics.com.vn\/"},{"@type":"ListItem","position":2,"name":"C\u1eeda h\u00e0ng","item":"https:\/\/etekrobotics.com.vn\/cua-hang\/"},{"@type":"ListItem","position":3,"name":"\u0110\u1ecdc OCR Tr\u00ean S\u1ea3n Ph\u1ea9m"}]},{"@type":"WebSite","@id":"https:\/\/etekrobotics.com.vn\/#website","url":"https:\/\/etekrobotics.com.vn\/","name":"Etek","description":"C\u00f4ng ty C\u1ed5 ph\u1ea7n Gi\u1ea3i ph\u00e1p T\u1ef1 \u0111\u1ed9ng h\u00f3a ETEK","potentialAction":[{"@type":"SearchAction","target":{"@type":"EntryPoint","urlTemplate":"https:\/\/etekrobotics.com.vn\/?s={search_term_string}"},"query-input":"required name=search_term_string"}],"inLanguage":"en-US"}]}},"_links":{"self":[{"href":"https:\/\/etekrobotics.com.vn\/en\/wp-json\/wp\/v2\/product\/1654","targetHints":{"allow":["GET"]}}],"collection":[{"href":"https:\/\/etekrobotics.com.vn\/en\/wp-json\/wp\/v2\/product"}],"about":[{"href":"https:\/\/etekrobotics.com.vn\/en\/wp-json\/wp\/v2\/types\/product"}],"replies":[{"embeddable":true,"href":"https:\/\/etekrobotics.com.vn\/en\/wp-json\/wp\/v2\/comments?post=1654"}],"wp:featuredmedia":[{"embeddable":true,"href":"https:\/\/etekrobotics.com.vn\/en\/wp-json\/wp\/v2\/media\/1655"}],"wp:attachment":[{"href":"https:\/\/etekrobotics.com.vn\/en\/wp-json\/wp\/v2\/media?parent=1654"}],"wp:term":[{"taxonomy":"product_cat","embeddable":true,"href":"https:\/\/etekrobotics.com.vn\/en\/wp-json\/wp\/v2\/product_cat?post=1654"},{"taxonomy":"product_tag","embeddable":true,"href":"https:\/\/etekrobotics.com.vn\/en\/wp-json\/wp\/v2\/product_tag?post=1654"}],"curies":[{"name":"wp","href":"https:\/\/api.w.org\/{rel}","templated":true}]}}