{"id":1687,"date":"2024-03-14T03:49:21","date_gmt":"2024-03-14T03:49:21","guid":{"rendered":"https:\/\/etekrobotics.com.vn\/?post_type=product&#038;p=1687"},"modified":"2024-03-14T03:52:17","modified_gmt":"2024-03-14T03:52:17","slug":"theo-doi-san-pham-su-dung-dotcode-va-ocr","status":"publish","type":"product","link":"https:\/\/etekrobotics.com.vn\/en\/product\/theo-doi-san-pham-su-dung-dotcode-va-ocr\/","title":{"rendered":"Theo D\u00f5i S\u1ea3n Ph\u1ea9m S\u1eed D\u1ee5ng Dotcode v\u00e0 OCR"},"content":{"rendered":"<h1><strong>Th\u00f4ng tin chung:<\/strong><\/h1>\n<h2><b>V\u1ea5n <\/b><b>\u0111\u1ec1<\/b><b>:<\/b><\/h2>\n<ul>\n<li>C\u00e1c k\u00ed t\u1ef1 \u0111\u01b0\u1ee3c kh\u1eafc c\u00f3 k\u00edch c\u1ee1 kh\u00e1c nhau, v\u00e0 s\u00e1t nhau<\/li>\n<li>Ch\u1ea5t l\u01b0\u1ee3ng m\u00e1y in k\u00e9m, g\u00e2y kh\u00f3 khan cho vi\u1ec7c ki\u1ec3m tra.<\/li>\n<\/ul>\n<h2><b>Quy<\/b> <b>tr\u00ecnh<\/b><b>:<\/b><\/h2>\n<ul>\n<li>S\u1ea3n ph\u1ea9m ch\u1ea1y tr\u00ean b\u0103ng t\u1ea3i<\/li>\n<li>Camera ch\u1ee5p v\u00e0 d\u00f9ng tool Vidi EL \u0111\u1ec3 truy xu\u1ea5t th\u00f4ng tin s\u1ea3n ph\u1ea9m<\/li>\n<li>D\u1eef li\u1ec7u \u0111\u01b0\u1ee3c g\u1eedi v\u1ec1 ph\u00f2ng \u0111i\u1ec1u khi\u1ec3n trung t\u00e2m<\/li>\n<\/ul>\n<h2><b>L\u1ee3i<\/b> <b>\u00edch<\/b><b>:<\/b><\/h2>\n<ul>\n<li>D\u1ec5 d\u00e0ng ki\u1ec3m so\u00e1t th\u00f4ng tin s\u1ea3n ph\u1ea9m<\/li>\n<\/ul>\n<h1><strong>Th\u00f4ng s\u1ed1 tr\u1ea1m:<\/strong><\/h1>\n<ol>\n<li>S\u1ea3n l\u01b0\u1ee3ng: 5 sp\/s<\/li>\n<li>\u0110i\u1ec1u ki\u1ec7n \u00e1nh s\u00e1ng: 300-1000 lux<\/li>\n<li>K\u00edch th\u01b0\u1edbc Dotcode: 10mm*30mm<\/li>\n<li>K\u00edch th\u01b0\u1edbc OCR: 5mm*5mm<\/li>\n<\/ol>\n<h1><strong>Thi\u1ebft b\u1ecb:<\/strong><\/h1>\n<ol>\n<li>B\u0103ng t\u1ea3i<\/li>\n<li>Camera 2D<\/li>\n<li>C\u00e1p ngu\u1ed3n<\/li>\n<li>C\u00e1p ethernet<\/li>\n<\/ol>\n<h1><strong>Th\u00f4ng s\u1ed1 thi\u1ebft b\u1ecb:<\/strong><\/h1>\n<h2><b>In-sight 7000 series:<\/b><\/h2>\n<ul>\n<li>\u0110\u1ed9 ph\u00e2n gi\u1ea3i: 5MP<\/li>\n<li>T\u1ed1c \u0111\u1ed9 ch\u1ee5p: 32 fps<\/li>\n<li>Lo\u1ea1i sensor: global shutter<\/li>\n<li>Ngu\u1ed3n: 24V<\/li>\n<\/ul>\n<h1><img loading=\"lazy\" decoding=\"async\" class=\"wp-image-1689 aligncenter\" src=\"https:\/\/etekrobotics.com.vn\/wp-content\/uploads\/2024\/03\/30.jpg\" alt=\"\" width=\"261\" height=\"190\" srcset=\"https:\/\/etekrobotics.com.vn\/wp-content\/uploads\/2024\/03\/30.jpg 301w, https:\/\/etekrobotics.com.vn\/wp-content\/uploads\/2024\/03\/30-16x12.jpg 16w\" sizes=\"auto, (max-width: 261px) 100vw, 261px\" \/><\/h1>\n<h1><strong>Ng\u00e0nh:<\/strong><\/h1>\n<ul>\n<li>Th\u1ef1c ph\u1ea9m<\/li>\n<li>\u0110\u1ed3 u\u1ed1ng<\/li>\n<\/ul>\n<h1><strong>S\u1ea3n ph\u1ea9m:<\/strong><\/h1>\n<p><img loading=\"lazy\" decoding=\"async\" class=\"alignnone  wp-image-1694\" src=\"https:\/\/etekrobotics.com.vn\/wp-content\/uploads\/2024\/03\/33.jpg\" alt=\"\" width=\"211\" height=\"154\" srcset=\"https:\/\/etekrobotics.com.vn\/wp-content\/uploads\/2024\/03\/33.jpg 301w, https:\/\/etekrobotics.com.vn\/wp-content\/uploads\/2024\/03\/33-16x12.jpg 16w\" sizes=\"auto, (max-width: 211px) 100vw, 211px\" \/> <img loading=\"lazy\" decoding=\"async\" class=\"alignnone  wp-image-1695\" src=\"https:\/\/etekrobotics.com.vn\/wp-content\/uploads\/2024\/03\/34.jpg\" alt=\"\" width=\"209\" height=\"154\" srcset=\"https:\/\/etekrobotics.com.vn\/wp-content\/uploads\/2024\/03\/34.jpg 301w, https:\/\/etekrobotics.com.vn\/wp-content\/uploads\/2024\/03\/34-16x12.jpg 16w\" sizes=\"auto, (max-width: 209px) 100vw, 209px\" \/><\/p>","protected":false},"excerpt":{"rendered":"<p>Th\u00f4ng tin chung: V\u1ea5n \u0111\u1ec1: C\u00e1c k\u00ed t\u1ef1 \u0111\u01b0\u1ee3c kh\u1eafc c\u00f3 k\u00edch c\u1ee1 kh\u00e1c nhau, v\u00e0 s\u00e1t nhau Ch\u1ea5t l\u01b0\u1ee3ng m\u00e1y in k\u00e9m, g\u00e2y kh\u00f3 khan cho vi\u1ec7c ki\u1ec3m tra. Quy tr\u00ecnh: S\u1ea3n ph\u1ea9m ch\u1ea1y tr\u00ean b\u0103ng t\u1ea3i Camera ch\u1ee5p v\u00e0 d\u00f9ng tool Vidi EL \u0111\u1ec3 truy xu\u1ea5t th\u00f4ng tin s\u1ea3n ph\u1ea9m D\u1eef li\u1ec7u \u0111\u01b0\u1ee3c [&#8230;]","protected":false},"featured_media":1688,"comment_status":"open","ping_status":"closed","template":"","meta":[],"product_cat":[131,183,179],"product_tag":[],"class_list":["post-1687","product","type-product","status-publish","has-post-thumbnail","hentry","product_cat-hang-tieu-dung-dong-goi","product_cat-theo-doi-san-pham-su-dung-dotcode-va-ocr","product_cat-truy-xuat-thong-tin-san-pham-hang-tieu-dung-dong-goi"],"yoast_head":"<!-- This site is optimized with the Yoast SEO plugin v21.6 - https:\/\/yoast.com\/wordpress\/plugins\/seo\/ -->\n<title>Theo D\u00f5i S\u1ea3n Ph\u1ea9m S\u1eed D\u1ee5ng Dotcode v\u00e0 OCR - Etek<\/title>\n<meta name=\"robots\" content=\"index, follow, max-snippet:-1, max-image-preview:large, max-video-preview:-1\" \/>\n<link rel=\"canonical\" href=\"https:\/\/etekrobotics.com.vn\/en\/product\/theo-doi-san-pham-su-dung-dotcode-va-ocr\/\" \/>\n<meta property=\"og:locale\" content=\"en_US\" \/>\n<meta property=\"og:type\" content=\"article\" \/>\n<meta property=\"og:title\" content=\"Theo D\u00f5i S\u1ea3n Ph\u1ea9m S\u1eed D\u1ee5ng Dotcode v\u00e0 OCR - Etek\" \/>\n<meta property=\"og:description\" content=\"Th\u00f4ng tin chung: V\u1ea5n \u0111\u1ec1: C\u00e1c k\u00ed t\u1ef1 \u0111\u01b0\u1ee3c kh\u1eafc c\u00f3 k\u00edch c\u1ee1 kh\u00e1c nhau, v\u00e0 s\u00e1t nhau Ch\u1ea5t l\u01b0\u1ee3ng m\u00e1y in k\u00e9m, g\u00e2y kh\u00f3 khan cho vi\u1ec7c ki\u1ec3m tra. Quy tr\u00ecnh: S\u1ea3n ph\u1ea9m ch\u1ea1y tr\u00ean b\u0103ng t\u1ea3i Camera ch\u1ee5p v\u00e0 d\u00f9ng tool Vidi EL \u0111\u1ec3 truy xu\u1ea5t th\u00f4ng tin s\u1ea3n ph\u1ea9m D\u1eef li\u1ec7u \u0111\u01b0\u1ee3c [...]\" \/>\n<meta property=\"og:url\" content=\"https:\/\/etekrobotics.com.vn\/en\/product\/theo-doi-san-pham-su-dung-dotcode-va-ocr\/\" \/>\n<meta property=\"og:site_name\" content=\"Etek\" \/>\n<meta property=\"article:modified_time\" content=\"2024-03-14T03:52:17+00:00\" \/>\n<meta property=\"og:image\" content=\"https:\/\/etekrobotics.com.vn\/wp-content\/uploads\/2024\/03\/29-1.jpg\" \/>\n\t<meta property=\"og:image:width\" content=\"856\" \/>\n\t<meta property=\"og:image:height\" content=\"553\" \/>\n\t<meta property=\"og:image:type\" content=\"image\/jpeg\" \/>\n<meta name=\"twitter:card\" content=\"summary_large_image\" \/>\n<meta name=\"twitter:label1\" content=\"Est. reading time\" \/>\n\t<meta name=\"twitter:data1\" content=\"2 minutes\" \/>\n<script type=\"application\/ld+json\" class=\"yoast-schema-graph\">{\"@context\":\"https:\/\/schema.org\",\"@graph\":[{\"@type\":\"WebPage\",\"@id\":\"https:\/\/etekrobotics.com.vn\/san-pham\/theo-doi-san-pham-su-dung-dotcode-va-ocr\/\",\"url\":\"https:\/\/etekrobotics.com.vn\/san-pham\/theo-doi-san-pham-su-dung-dotcode-va-ocr\/\",\"name\":\"Theo D\u00f5i S\u1ea3n Ph\u1ea9m S\u1eed D\u1ee5ng Dotcode v\u00e0 OCR - Etek\",\"isPartOf\":{\"@id\":\"https:\/\/etekrobotics.com.vn\/#website\"},\"datePublished\":\"2024-03-14T03:49:21+00:00\",\"dateModified\":\"2024-03-14T03:52:17+00:00\",\"breadcrumb\":{\"@id\":\"https:\/\/etekrobotics.com.vn\/san-pham\/theo-doi-san-pham-su-dung-dotcode-va-ocr\/#breadcrumb\"},\"inLanguage\":\"en-US\",\"potentialAction\":[{\"@type\":\"ReadAction\",\"target\":[\"https:\/\/etekrobotics.com.vn\/san-pham\/theo-doi-san-pham-su-dung-dotcode-va-ocr\/\"]}]},{\"@type\":\"BreadcrumbList\",\"@id\":\"https:\/\/etekrobotics.com.vn\/san-pham\/theo-doi-san-pham-su-dung-dotcode-va-ocr\/#breadcrumb\",\"itemListElement\":[{\"@type\":\"ListItem\",\"position\":1,\"name\":\"Trang ch\u1ee7\",\"item\":\"https:\/\/etekrobotics.com.vn\/\"},{\"@type\":\"ListItem\",\"position\":2,\"name\":\"C\u1eeda h\u00e0ng\",\"item\":\"https:\/\/etekrobotics.com.vn\/cua-hang\/\"},{\"@type\":\"ListItem\",\"position\":3,\"name\":\"Theo D\u00f5i S\u1ea3n Ph\u1ea9m S\u1eed D\u1ee5ng Dotcode v\u00e0 OCR\"}]},{\"@type\":\"WebSite\",\"@id\":\"https:\/\/etekrobotics.com.vn\/#website\",\"url\":\"https:\/\/etekrobotics.com.vn\/\",\"name\":\"Etek\",\"description\":\"C\u00f4ng ty C\u1ed5 ph\u1ea7n Gi\u1ea3i ph\u00e1p T\u1ef1 \u0111\u1ed9ng h\u00f3a ETEK\",\"potentialAction\":[{\"@type\":\"SearchAction\",\"target\":{\"@type\":\"EntryPoint\",\"urlTemplate\":\"https:\/\/etekrobotics.com.vn\/?s={search_term_string}\"},\"query-input\":\"required name=search_term_string\"}],\"inLanguage\":\"en-US\"}]}<\/script>\n<!-- \/ Yoast SEO plugin. -->","yoast_head_json":{"title":"Theo D\u00f5i S\u1ea3n Ph\u1ea9m S\u1eed D\u1ee5ng Dotcode v\u00e0 OCR - Etek","robots":{"index":"index","follow":"follow","max-snippet":"max-snippet:-1","max-image-preview":"max-image-preview:large","max-video-preview":"max-video-preview:-1"},"canonical":"https:\/\/etekrobotics.com.vn\/en\/product\/theo-doi-san-pham-su-dung-dotcode-va-ocr\/","og_locale":"en_US","og_type":"article","og_title":"Theo D\u00f5i S\u1ea3n Ph\u1ea9m S\u1eed D\u1ee5ng Dotcode v\u00e0 OCR - Etek","og_description":"Th\u00f4ng tin chung: V\u1ea5n \u0111\u1ec1: C\u00e1c k\u00ed t\u1ef1 \u0111\u01b0\u1ee3c kh\u1eafc c\u00f3 k\u00edch c\u1ee1 kh\u00e1c nhau, v\u00e0 s\u00e1t nhau Ch\u1ea5t l\u01b0\u1ee3ng m\u00e1y in k\u00e9m, g\u00e2y kh\u00f3 khan cho vi\u1ec7c ki\u1ec3m tra. Quy tr\u00ecnh: S\u1ea3n ph\u1ea9m ch\u1ea1y tr\u00ean b\u0103ng t\u1ea3i Camera ch\u1ee5p v\u00e0 d\u00f9ng tool Vidi EL \u0111\u1ec3 truy xu\u1ea5t th\u00f4ng tin s\u1ea3n ph\u1ea9m D\u1eef li\u1ec7u \u0111\u01b0\u1ee3c [...]","og_url":"https:\/\/etekrobotics.com.vn\/en\/product\/theo-doi-san-pham-su-dung-dotcode-va-ocr\/","og_site_name":"Etek","article_modified_time":"2024-03-14T03:52:17+00:00","og_image":[{"width":856,"height":553,"url":"https:\/\/etekrobotics.com.vn\/wp-content\/uploads\/2024\/03\/29-1.jpg","type":"image\/jpeg"}],"twitter_card":"summary_large_image","twitter_misc":{"Est. reading time":"2 minutes"},"schema":{"@context":"https:\/\/schema.org","@graph":[{"@type":"WebPage","@id":"https:\/\/etekrobotics.com.vn\/san-pham\/theo-doi-san-pham-su-dung-dotcode-va-ocr\/","url":"https:\/\/etekrobotics.com.vn\/san-pham\/theo-doi-san-pham-su-dung-dotcode-va-ocr\/","name":"Theo D\u00f5i S\u1ea3n Ph\u1ea9m S\u1eed D\u1ee5ng Dotcode v\u00e0 OCR - Etek","isPartOf":{"@id":"https:\/\/etekrobotics.com.vn\/#website"},"datePublished":"2024-03-14T03:49:21+00:00","dateModified":"2024-03-14T03:52:17+00:00","breadcrumb":{"@id":"https:\/\/etekrobotics.com.vn\/san-pham\/theo-doi-san-pham-su-dung-dotcode-va-ocr\/#breadcrumb"},"inLanguage":"en-US","potentialAction":[{"@type":"ReadAction","target":["https:\/\/etekrobotics.com.vn\/san-pham\/theo-doi-san-pham-su-dung-dotcode-va-ocr\/"]}]},{"@type":"BreadcrumbList","@id":"https:\/\/etekrobotics.com.vn\/san-pham\/theo-doi-san-pham-su-dung-dotcode-va-ocr\/#breadcrumb","itemListElement":[{"@type":"ListItem","position":1,"name":"Trang ch\u1ee7","item":"https:\/\/etekrobotics.com.vn\/"},{"@type":"ListItem","position":2,"name":"C\u1eeda h\u00e0ng","item":"https:\/\/etekrobotics.com.vn\/cua-hang\/"},{"@type":"ListItem","position":3,"name":"Theo D\u00f5i S\u1ea3n Ph\u1ea9m S\u1eed D\u1ee5ng Dotcode v\u00e0 OCR"}]},{"@type":"WebSite","@id":"https:\/\/etekrobotics.com.vn\/#website","url":"https:\/\/etekrobotics.com.vn\/","name":"Etek","description":"C\u00f4ng ty C\u1ed5 ph\u1ea7n Gi\u1ea3i ph\u00e1p T\u1ef1 \u0111\u1ed9ng h\u00f3a ETEK","potentialAction":[{"@type":"SearchAction","target":{"@type":"EntryPoint","urlTemplate":"https:\/\/etekrobotics.com.vn\/?s={search_term_string}"},"query-input":"required name=search_term_string"}],"inLanguage":"en-US"}]}},"_links":{"self":[{"href":"https:\/\/etekrobotics.com.vn\/en\/wp-json\/wp\/v2\/product\/1687","targetHints":{"allow":["GET"]}}],"collection":[{"href":"https:\/\/etekrobotics.com.vn\/en\/wp-json\/wp\/v2\/product"}],"about":[{"href":"https:\/\/etekrobotics.com.vn\/en\/wp-json\/wp\/v2\/types\/product"}],"replies":[{"embeddable":true,"href":"https:\/\/etekrobotics.com.vn\/en\/wp-json\/wp\/v2\/comments?post=1687"}],"wp:featuredmedia":[{"embeddable":true,"href":"https:\/\/etekrobotics.com.vn\/en\/wp-json\/wp\/v2\/media\/1688"}],"wp:attachment":[{"href":"https:\/\/etekrobotics.com.vn\/en\/wp-json\/wp\/v2\/media?parent=1687"}],"wp:term":[{"taxonomy":"product_cat","embeddable":true,"href":"https:\/\/etekrobotics.com.vn\/en\/wp-json\/wp\/v2\/product_cat?post=1687"},{"taxonomy":"product_tag","embeddable":true,"href":"https:\/\/etekrobotics.com.vn\/en\/wp-json\/wp\/v2\/product_tag?post=1687"}],"curies":[{"name":"wp","href":"https:\/\/api.w.org\/{rel}","templated":true}]}}