{"id":1697,"date":"2024-03-14T04:01:36","date_gmt":"2024-03-14T04:01:36","guid":{"rendered":"https:\/\/etekrobotics.com.vn\/?post_type=product&#038;p=1697"},"modified":"2024-04-05T02:07:24","modified_gmt":"2024-04-05T02:07:24","slug":"kiem-tra-tinh-nhat-quan-cua-san-pham","status":"publish","type":"product","link":"https:\/\/etekrobotics.com.vn\/en\/product\/kiem-tra-tinh-nhat-quan-cua-san-pham\/","title":{"rendered":"Ki\u1ec3m Tra T\u00ednh Nh\u1ea5t Qu\u00e1n C\u1ee7a S\u1ea3n Ph\u1ea9m"},"content":{"rendered":"<h1><strong>Th\u00f4ng tin chung:<\/strong><\/h1>\n<h2><b>V\u1ea5n \u0111\u1ec1: <\/b><\/h2>\n<ul>\n<li>S\u1ea3n ph\u1ea9m b\u1ecb m\u1ebb v\u00e0 c\u00f3 nh\u1eefng l\u1ed7i th\u1ea9m m\u1ef9 kh\u00e1c<\/li>\n<\/ul>\n<h2><b>Quy tr\u00ecnh: <\/b><\/h2>\n<ul>\n<li>S\u1ea3n ph\u1ea9m ch\u1ea1y tr\u00ean bang t\u1ea3i<\/li>\n<li>Camera th\u1ef1c hi\u1ec7n ch\u1ee5p \u1ea3nh v\u00e0 d\u00f9ng c\u00f4ng ngh\u1ec7 Patmax ph\u00e2n lo\u1ea1i s\u1ea3n ph\u1ea9m l\u1ed7i<\/li>\n<\/ul>\n<h2><b>L\u1ee3i \u00edch:<\/b><\/h2>\n<ul>\n<li>B\u1ea3o v\u1ec7 uy t\u00edn th\u01b0\u01a1ng hi\u00eau<\/li>\n<li>T\u1ea1o s\u1ef1 h\u00e0i long cho kh\u00e1ch h\u00e0ng<\/li>\n<\/ul>\n<h1><strong>S\u1ea3n ph\u1ea9m:<\/strong><\/h1>\n<p><img loading=\"lazy\" decoding=\"async\" class=\"alignnone wp-image-1690\" src=\"https:\/\/etekrobotics.com.vn\/wp-content\/uploads\/2024\/03\/31.jpg\" alt=\"\" width=\"237\" height=\"174\" srcset=\"https:\/\/etekrobotics.com.vn\/wp-content\/uploads\/2024\/03\/31.jpg 301w, https:\/\/etekrobotics.com.vn\/wp-content\/uploads\/2024\/03\/31-16x12.jpg 16w\" sizes=\"auto, (max-width: 237px) 100vw, 237px\" \/> <img loading=\"lazy\" decoding=\"async\" class=\"alignnone wp-image-1691\" src=\"https:\/\/etekrobotics.com.vn\/wp-content\/uploads\/2024\/03\/32.jpg\" alt=\"\" width=\"239\" height=\"174\" srcset=\"https:\/\/etekrobotics.com.vn\/wp-content\/uploads\/2024\/03\/32.jpg 301w, https:\/\/etekrobotics.com.vn\/wp-content\/uploads\/2024\/03\/32-16x12.jpg 16w\" sizes=\"auto, (max-width: 239px) 100vw, 239px\" \/><\/p>\n<h1><strong>Th\u00f4ng s\u1ed1 tr\u1ea1m:<\/strong><\/h1>\n<ol>\n<li>S\u1ea3n l\u01b0\u1ee3ng: 5 sp\/s<\/li>\n<li>\u0110i\u1ec1u ki\u1ec7n \u00e1nh s\u00e1ng: 300-1000 lux<\/li>\n<li>K\u00edch c\u1ee1 s\u1ea3n ph\u1ea9m: 30mm*30mm<\/li>\n<\/ol>\n<h1><strong>Thi\u1ebft b\u1ecb:<\/strong><\/h1>\n<ol>\n<li>B\u0103ng t\u1ea3i<\/li>\n<li>Camera 2D<\/li>\n<li>C\u00e1p ngu\u1ed3n<\/li>\n<li>C\u00e1p Ethernet<\/li>\n<\/ol>\n<h1><strong>Th\u00f4ng s\u1ed1 thi\u1ebft b\u1ecb:<\/strong><\/h1>\n<h2><b>In sight 2800:<\/b><\/h2>\n<ol>\n<li>\u0110\u1ed9 ph\u00e2n gi\u1ea3i: 2MP<\/li>\n<li>T\u1ea7n s\u1ed1 ch\u1ee5p: 45 Hz<\/li>\n<li>Lens: liquid lens, manual focus lens<\/li>\n<li>Truy\u1ec1n th\u00f4ng Ethernet<\/li>\n<\/ol>\n<h1>\u00a0<img loading=\"lazy\" decoding=\"async\" class=\"wp-image-1699 aligncenter\" src=\"https:\/\/etekrobotics.com.vn\/wp-content\/uploads\/2024\/03\/36.jpg\" alt=\"\" width=\"276\" height=\"201\" srcset=\"https:\/\/etekrobotics.com.vn\/wp-content\/uploads\/2024\/03\/36.jpg 301w, https:\/\/etekrobotics.com.vn\/wp-content\/uploads\/2024\/03\/36-16x12.jpg 16w\" sizes=\"auto, (max-width: 276px) 100vw, 276px\" \/><\/h1>\n<h1><strong>Ng\u00e0nh:<\/strong><\/h1>\n<ul>\n<li>Th\u1ef1c ph\u1ea9m<\/li>\n<li>\u0110\u1ed3 u\u1ed1ng<\/li>\n<\/ul>\n<p>&nbsp;<\/p>","protected":false},"excerpt":{"rendered":"<p>C\u00f4ng ngh\u1ec7 Cognex PatMax v\u00e0 c\u00e1c c\u00f4ng c\u1ee5 m\u00e0u s\u1eafc nh\u1eadn d\u1ea1ng thi\u1ebft k\u1ebf v\u00e0 tem b\u1ea5t ch\u1ea5p nh\u1eefng thay \u0111\u1ed5i v\u1ec1 h\u01b0\u1edbng, g\u00f3c, \u00e1nh s\u00e1ng v\u00e0 c\u00e1c \u0111i\u1ec1u ki\u1ec7n kh\u00e1c \u1ea3nh h\u01b0\u1edfng \u0111\u1ebfn h\u00ecnh th\u1ee9c b\u00ean ngo\u00e0i c\u1ee7a s\u1ea3n ph\u1ea9m tr\u00ean d\u00e2y chuy\u1ec1n<\/p>","protected":false},"featured_media":1698,"comment_status":"open","ping_status":"closed","template":"","meta":[],"product_cat":[131,132,133],"product_tag":[197,194,193,196,198,195],"class_list":["post-1697","product","type-product","status-publish","has-post-thumbnail","hentry","product_cat-hang-tieu-dung-dong-goi","product_cat-kiem-tra-ngoai-quan-hang-tieu-dung-dong-goi","product_cat-kiem-tra-tinh-nhat-quan-cua-san-pham","product_tag-he-thong-thi-giac-may","product_tag-kiem-tra-ngoai-quan","product_tag-kiem-tra-tinh-nhat-quan","product_tag-machine-vision","product_tag-thi-giac-may-cognex","product_tag-thuc-pham-do-uong"],"yoast_head":"<!-- This site is optimized with the Yoast SEO plugin v21.6 - https:\/\/yoast.com\/wordpress\/plugins\/seo\/ -->\n<title>Ki\u1ec3m Tra T\u00ednh Nh\u1ea5t Qu\u00e1n C\u1ee7a S\u1ea3n Ph\u1ea9m - Etek<\/title>\n<meta name=\"robots\" content=\"index, follow, max-snippet:-1, max-image-preview:large, max-video-preview:-1\" \/>\n<link rel=\"canonical\" href=\"https:\/\/etekrobotics.com.vn\/en\/product\/kiem-tra-tinh-nhat-quan-cua-san-pham\/\" \/>\n<meta property=\"og:locale\" content=\"en_US\" \/>\n<meta property=\"og:type\" content=\"article\" \/>\n<meta property=\"og:title\" content=\"Ki\u1ec3m Tra T\u00ednh Nh\u1ea5t Qu\u00e1n C\u1ee7a S\u1ea3n Ph\u1ea9m - Etek\" \/>\n<meta property=\"og:description\" content=\"C\u00f4ng ngh\u1ec7 Cognex PatMax v\u00e0 c\u00e1c c\u00f4ng c\u1ee5 m\u00e0u s\u1eafc nh\u1eadn d\u1ea1ng thi\u1ebft k\u1ebf v\u00e0 tem b\u1ea5t ch\u1ea5p nh\u1eefng thay \u0111\u1ed5i v\u1ec1 h\u01b0\u1edbng, g\u00f3c, \u00e1nh s\u00e1ng v\u00e0 c\u00e1c \u0111i\u1ec1u ki\u1ec7n kh\u00e1c \u1ea3nh h\u01b0\u1edfng \u0111\u1ebfn h\u00ecnh th\u1ee9c b\u00ean ngo\u00e0i c\u1ee7a s\u1ea3n ph\u1ea9m tr\u00ean d\u00e2y chuy\u1ec1n\" \/>\n<meta property=\"og:url\" content=\"https:\/\/etekrobotics.com.vn\/en\/product\/kiem-tra-tinh-nhat-quan-cua-san-pham\/\" \/>\n<meta property=\"og:site_name\" content=\"Etek\" \/>\n<meta property=\"article:modified_time\" content=\"2024-04-05T02:07:24+00:00\" \/>\n<meta property=\"og:image\" content=\"https:\/\/etekrobotics.com.vn\/wp-content\/uploads\/2024\/03\/35.jpg\" \/>\n\t<meta property=\"og:image:width\" content=\"856\" \/>\n\t<meta property=\"og:image:height\" content=\"553\" \/>\n\t<meta property=\"og:image:type\" content=\"image\/jpeg\" \/>\n<meta name=\"twitter:card\" content=\"summary_large_image\" \/>\n<meta name=\"twitter:label1\" content=\"Est. reading time\" \/>\n\t<meta name=\"twitter:data1\" content=\"2 minutes\" \/>\n<script type=\"application\/ld+json\" class=\"yoast-schema-graph\">{\"@context\":\"https:\/\/schema.org\",\"@graph\":[{\"@type\":\"WebPage\",\"@id\":\"https:\/\/etekrobotics.com.vn\/san-pham\/kiem-tra-tinh-nhat-quan-cua-san-pham\/\",\"url\":\"https:\/\/etekrobotics.com.vn\/san-pham\/kiem-tra-tinh-nhat-quan-cua-san-pham\/\",\"name\":\"Ki\u1ec3m Tra T\u00ednh Nh\u1ea5t Qu\u00e1n C\u1ee7a S\u1ea3n Ph\u1ea9m - Etek\",\"isPartOf\":{\"@id\":\"https:\/\/etekrobotics.com.vn\/#website\"},\"datePublished\":\"2024-03-14T04:01:36+00:00\",\"dateModified\":\"2024-04-05T02:07:24+00:00\",\"breadcrumb\":{\"@id\":\"https:\/\/etekrobotics.com.vn\/san-pham\/kiem-tra-tinh-nhat-quan-cua-san-pham\/#breadcrumb\"},\"inLanguage\":\"en-US\",\"potentialAction\":[{\"@type\":\"ReadAction\",\"target\":[\"https:\/\/etekrobotics.com.vn\/san-pham\/kiem-tra-tinh-nhat-quan-cua-san-pham\/\"]}]},{\"@type\":\"BreadcrumbList\",\"@id\":\"https:\/\/etekrobotics.com.vn\/san-pham\/kiem-tra-tinh-nhat-quan-cua-san-pham\/#breadcrumb\",\"itemListElement\":[{\"@type\":\"ListItem\",\"position\":1,\"name\":\"Trang ch\u1ee7\",\"item\":\"https:\/\/etekrobotics.com.vn\/\"},{\"@type\":\"ListItem\",\"position\":2,\"name\":\"C\u1eeda h\u00e0ng\",\"item\":\"https:\/\/etekrobotics.com.vn\/cua-hang\/\"},{\"@type\":\"ListItem\",\"position\":3,\"name\":\"Ki\u1ec3m Tra T\u00ednh Nh\u1ea5t Qu\u00e1n C\u1ee7a S\u1ea3n Ph\u1ea9m\"}]},{\"@type\":\"WebSite\",\"@id\":\"https:\/\/etekrobotics.com.vn\/#website\",\"url\":\"https:\/\/etekrobotics.com.vn\/\",\"name\":\"Etek\",\"description\":\"C\u00f4ng ty C\u1ed5 ph\u1ea7n Gi\u1ea3i ph\u00e1p T\u1ef1 \u0111\u1ed9ng h\u00f3a ETEK\",\"potentialAction\":[{\"@type\":\"SearchAction\",\"target\":{\"@type\":\"EntryPoint\",\"urlTemplate\":\"https:\/\/etekrobotics.com.vn\/?s={search_term_string}\"},\"query-input\":\"required name=search_term_string\"}],\"inLanguage\":\"en-US\"}]}<\/script>\n<!-- \/ Yoast SEO plugin. -->","yoast_head_json":{"title":"Ki\u1ec3m Tra T\u00ednh Nh\u1ea5t Qu\u00e1n C\u1ee7a S\u1ea3n Ph\u1ea9m - Etek","robots":{"index":"index","follow":"follow","max-snippet":"max-snippet:-1","max-image-preview":"max-image-preview:large","max-video-preview":"max-video-preview:-1"},"canonical":"https:\/\/etekrobotics.com.vn\/en\/product\/kiem-tra-tinh-nhat-quan-cua-san-pham\/","og_locale":"en_US","og_type":"article","og_title":"Ki\u1ec3m Tra T\u00ednh Nh\u1ea5t Qu\u00e1n C\u1ee7a S\u1ea3n Ph\u1ea9m - Etek","og_description":"C\u00f4ng ngh\u1ec7 Cognex PatMax v\u00e0 c\u00e1c c\u00f4ng c\u1ee5 m\u00e0u s\u1eafc nh\u1eadn d\u1ea1ng thi\u1ebft k\u1ebf v\u00e0 tem b\u1ea5t ch\u1ea5p nh\u1eefng thay \u0111\u1ed5i v\u1ec1 h\u01b0\u1edbng, g\u00f3c, \u00e1nh s\u00e1ng v\u00e0 c\u00e1c \u0111i\u1ec1u ki\u1ec7n kh\u00e1c \u1ea3nh h\u01b0\u1edfng \u0111\u1ebfn h\u00ecnh th\u1ee9c b\u00ean ngo\u00e0i c\u1ee7a s\u1ea3n ph\u1ea9m tr\u00ean d\u00e2y chuy\u1ec1n","og_url":"https:\/\/etekrobotics.com.vn\/en\/product\/kiem-tra-tinh-nhat-quan-cua-san-pham\/","og_site_name":"Etek","article_modified_time":"2024-04-05T02:07:24+00:00","og_image":[{"width":856,"height":553,"url":"https:\/\/etekrobotics.com.vn\/wp-content\/uploads\/2024\/03\/35.jpg","type":"image\/jpeg"}],"twitter_card":"summary_large_image","twitter_misc":{"Est. reading time":"2 minutes"},"schema":{"@context":"https:\/\/schema.org","@graph":[{"@type":"WebPage","@id":"https:\/\/etekrobotics.com.vn\/san-pham\/kiem-tra-tinh-nhat-quan-cua-san-pham\/","url":"https:\/\/etekrobotics.com.vn\/san-pham\/kiem-tra-tinh-nhat-quan-cua-san-pham\/","name":"Ki\u1ec3m Tra T\u00ednh Nh\u1ea5t Qu\u00e1n C\u1ee7a S\u1ea3n Ph\u1ea9m - Etek","isPartOf":{"@id":"https:\/\/etekrobotics.com.vn\/#website"},"datePublished":"2024-03-14T04:01:36+00:00","dateModified":"2024-04-05T02:07:24+00:00","breadcrumb":{"@id":"https:\/\/etekrobotics.com.vn\/san-pham\/kiem-tra-tinh-nhat-quan-cua-san-pham\/#breadcrumb"},"inLanguage":"en-US","potentialAction":[{"@type":"ReadAction","target":["https:\/\/etekrobotics.com.vn\/san-pham\/kiem-tra-tinh-nhat-quan-cua-san-pham\/"]}]},{"@type":"BreadcrumbList","@id":"https:\/\/etekrobotics.com.vn\/san-pham\/kiem-tra-tinh-nhat-quan-cua-san-pham\/#breadcrumb","itemListElement":[{"@type":"ListItem","position":1,"name":"Trang ch\u1ee7","item":"https:\/\/etekrobotics.com.vn\/"},{"@type":"ListItem","position":2,"name":"C\u1eeda h\u00e0ng","item":"https:\/\/etekrobotics.com.vn\/cua-hang\/"},{"@type":"ListItem","position":3,"name":"Ki\u1ec3m Tra T\u00ednh Nh\u1ea5t Qu\u00e1n C\u1ee7a S\u1ea3n Ph\u1ea9m"}]},{"@type":"WebSite","@id":"https:\/\/etekrobotics.com.vn\/#website","url":"https:\/\/etekrobotics.com.vn\/","name":"Etek","description":"C\u00f4ng ty C\u1ed5 ph\u1ea7n Gi\u1ea3i ph\u00e1p T\u1ef1 \u0111\u1ed9ng h\u00f3a ETEK","potentialAction":[{"@type":"SearchAction","target":{"@type":"EntryPoint","urlTemplate":"https:\/\/etekrobotics.com.vn\/?s={search_term_string}"},"query-input":"required name=search_term_string"}],"inLanguage":"en-US"}]}},"_links":{"self":[{"href":"https:\/\/etekrobotics.com.vn\/en\/wp-json\/wp\/v2\/product\/1697","targetHints":{"allow":["GET"]}}],"collection":[{"href":"https:\/\/etekrobotics.com.vn\/en\/wp-json\/wp\/v2\/product"}],"about":[{"href":"https:\/\/etekrobotics.com.vn\/en\/wp-json\/wp\/v2\/types\/product"}],"replies":[{"embeddable":true,"href":"https:\/\/etekrobotics.com.vn\/en\/wp-json\/wp\/v2\/comments?post=1697"}],"wp:featuredmedia":[{"embeddable":true,"href":"https:\/\/etekrobotics.com.vn\/en\/wp-json\/wp\/v2\/media\/1698"}],"wp:attachment":[{"href":"https:\/\/etekrobotics.com.vn\/en\/wp-json\/wp\/v2\/media?parent=1697"}],"wp:term":[{"taxonomy":"product_cat","embeddable":true,"href":"https:\/\/etekrobotics.com.vn\/en\/wp-json\/wp\/v2\/product_cat?post=1697"},{"taxonomy":"product_tag","embeddable":true,"href":"https:\/\/etekrobotics.com.vn\/en\/wp-json\/wp\/v2\/product_tag?post=1697"}],"curies":[{"name":"wp","href":"https:\/\/api.w.org\/{rel}","templated":true}]}}