{"id":1700,"date":"2024-03-14T04:06:36","date_gmt":"2024-03-14T04:06:36","guid":{"rendered":"https:\/\/etekrobotics.com.vn\/?post_type=product&#038;p=1700"},"modified":"2024-03-14T04:06:37","modified_gmt":"2024-03-14T04:06:37","slug":"phan-loai-san-pham","status":"publish","type":"product","link":"https:\/\/etekrobotics.com.vn\/en\/product\/phan-loai-san-pham\/","title":{"rendered":"Ph\u00e2n lo\u1ea1i s\u1ea3n ph\u1ea9m"},"content":{"rendered":"<h1><strong>Th\u00f4ng tin chung:<\/strong><\/h1>\n<h2><b>V\u1ea5n <\/b><b>\u0111\u1ec1<\/b><b>:<\/b><\/h2>\n<ul>\n<li>Vi\u1ec7c ph\u00e2n lo\u1ea1i th\u1ee7 c\u00f4ng t\u1ed1n th\u1eddi gian v\u00e0 kh\u00f4ng tin c\u1eady<\/li>\n<\/ul>\n<h2><b>Quy<\/b> <b>tr\u00ecnh<\/b><b>:<\/b><\/h2>\n<ul>\n<li>S\u1ea3n ph\u1ea9m ch\u1ea1y tr\u00ean bang t\u1ea3i<\/li>\n<li>Camera ch\u1ee5p v\u00e0 ph\u00e2n lo\u1ea1i s\u1ea3n ph\u1ea9m d\u1ef1a tr\u00ean m\u00e0u s\u1eafc, k\u00edch th\u01b0\u1edbc\u2026<\/li>\n<\/ul>\n<h2><b>L\u1ee3i<\/b> <b>\u00edch<\/b><b>:<\/b><\/h2>\n<ul>\n<li>Gi\u00fap vi\u1ec7c ph\u00e2n lo\u1ea1i tr\u1edf n\u00ean nhanh ch\u00f3ng<\/li>\n<li>Gi\u1ea3m chi ph\u00ed nh\u00e2n c\u00f4ng<\/li>\n<\/ul>\n<h1><strong>Th\u00f4ng s\u1ed1 tr\u1ea1m:<\/strong><\/h1>\n<ol>\n<li>S\u1ea3n l\u01b0\u1ee3ng: 2 sp\/s<\/li>\n<li>\u0110i\u1ec1u ki\u1ec7n \u00e1nh s\u00e1ng: 300-1000 lux<\/li>\n<li>K\u00edch c\u1ee1 s\u1ea3n ph\u1ea9m: 150mm*100mm<\/li>\n<\/ol>\n<h1><strong>Thi\u1ebft b\u1ecb:<\/strong><\/h1>\n<ol>\n<li>Camera 2D<\/li>\n<li>B\u0103ng t\u1ea3i<\/li>\n<li>C\u00e1p ngu\u1ed3n<\/li>\n<li>C\u00e1p Ethernet<\/li>\n<\/ol>\n<h1><strong>Th\u00f4ng s\u1ed1 thi\u1ebft b\u1ecb:<\/strong><\/h1>\n<h2><b>In-sight <\/b><b>snapp<\/b><b> vision sensor<\/b><\/h2>\n<ul>\n<li>\u0110\u1ed9 ph\u00e2n gi\u1ea3i: 1,6MP<\/li>\n<li>Lens: 6.2mm<\/li>\n<li>Ngu\u1ed3n: 24V<\/li>\n<\/ul>\n<h1><img loading=\"lazy\" decoding=\"async\" class=\"wp-image-1703 aligncenter\" src=\"https:\/\/etekrobotics.com.vn\/wp-content\/uploads\/2024\/03\/39.jpg\" alt=\"\" width=\"238\" height=\"173\" srcset=\"https:\/\/etekrobotics.com.vn\/wp-content\/uploads\/2024\/03\/39.jpg 301w, https:\/\/etekrobotics.com.vn\/wp-content\/uploads\/2024\/03\/39-16x12.jpg 16w\" sizes=\"auto, (max-width: 238px) 100vw, 238px\" \/><\/h1>\n<h1><strong>Ng\u00e0nh:<\/strong><\/h1>\n<ul>\n<li>Th\u1ef1c ph\u1ea9m<\/li>\n<li>H\u00f3a ch\u1ea5t<\/li>\n<\/ul>\n<h1><strong>S\u1ea3n ph\u1ea9m:<\/strong><\/h1>\n<p><img loading=\"lazy\" decoding=\"async\" class=\"alignnone  wp-image-1704\" src=\"https:\/\/etekrobotics.com.vn\/wp-content\/uploads\/2024\/03\/40.jpg\" alt=\"\" width=\"223\" height=\"164\" srcset=\"https:\/\/etekrobotics.com.vn\/wp-content\/uploads\/2024\/03\/40.jpg 301w, https:\/\/etekrobotics.com.vn\/wp-content\/uploads\/2024\/03\/40-16x12.jpg 16w\" sizes=\"auto, (max-width: 223px) 100vw, 223px\" \/> <img loading=\"lazy\" decoding=\"async\" class=\"alignnone  wp-image-1705\" src=\"https:\/\/etekrobotics.com.vn\/wp-content\/uploads\/2024\/03\/41.jpg\" alt=\"\" width=\"226\" height=\"165\" srcset=\"https:\/\/etekrobotics.com.vn\/wp-content\/uploads\/2024\/03\/41.jpg 301w, https:\/\/etekrobotics.com.vn\/wp-content\/uploads\/2024\/03\/41-16x12.jpg 16w\" sizes=\"auto, (max-width: 226px) 100vw, 226px\" \/><\/p>","protected":false},"excerpt":{"rendered":"<p>Th\u00f4ng tin chung: V\u1ea5n \u0111\u1ec1: Vi\u1ec7c ph\u00e2n lo\u1ea1i th\u1ee7 c\u00f4ng t\u1ed1n th\u1eddi gian v\u00e0 kh\u00f4ng tin c\u1eady Quy tr\u00ecnh: S\u1ea3n ph\u1ea9m ch\u1ea1y tr\u00ean bang t\u1ea3i Camera ch\u1ee5p v\u00e0 ph\u00e2n lo\u1ea1i s\u1ea3n ph\u1ea9m d\u1ef1a tr\u00ean m\u00e0u s\u1eafc, k\u00edch th\u01b0\u1edbc\u2026 L\u1ee3i \u00edch: Gi\u00fap vi\u1ec7c ph\u00e2n lo\u1ea1i tr\u1edf n\u00ean nhanh ch\u00f3ng Gi\u1ea3m chi ph\u00ed nh\u00e2n c\u00f4ng Th\u00f4ng s\u1ed1 [&#8230;]","protected":false},"featured_media":1701,"comment_status":"open","ping_status":"closed","template":"","meta":[],"product_cat":[131,132,139],"product_tag":[],"class_list":["post-1700","product","type-product","status-publish","has-post-thumbnail","hentry","product_cat-hang-tieu-dung-dong-goi","product_cat-kiem-tra-ngoai-quan-hang-tieu-dung-dong-goi","product_cat-phan-loai-san-pham"],"yoast_head":"<!-- This site is optimized with the Yoast SEO plugin v21.6 - https:\/\/yoast.com\/wordpress\/plugins\/seo\/ -->\n<title>Ph\u00e2n lo\u1ea1i s\u1ea3n ph\u1ea9m - Etek<\/title>\n<meta name=\"robots\" content=\"index, follow, max-snippet:-1, max-image-preview:large, max-video-preview:-1\" \/>\n<link rel=\"canonical\" href=\"https:\/\/etekrobotics.com.vn\/en\/product\/phan-loai-san-pham\/\" \/>\n<meta property=\"og:locale\" content=\"en_US\" \/>\n<meta property=\"og:type\" content=\"article\" \/>\n<meta property=\"og:title\" content=\"Ph\u00e2n lo\u1ea1i s\u1ea3n ph\u1ea9m - Etek\" \/>\n<meta property=\"og:description\" content=\"Th\u00f4ng tin chung: V\u1ea5n \u0111\u1ec1: Vi\u1ec7c ph\u00e2n lo\u1ea1i th\u1ee7 c\u00f4ng t\u1ed1n th\u1eddi gian v\u00e0 kh\u00f4ng tin c\u1eady Quy tr\u00ecnh: S\u1ea3n ph\u1ea9m ch\u1ea1y tr\u00ean bang t\u1ea3i Camera ch\u1ee5p v\u00e0 ph\u00e2n lo\u1ea1i s\u1ea3n ph\u1ea9m d\u1ef1a tr\u00ean m\u00e0u s\u1eafc, k\u00edch th\u01b0\u1edbc\u2026 L\u1ee3i \u00edch: Gi\u00fap vi\u1ec7c ph\u00e2n lo\u1ea1i tr\u1edf n\u00ean nhanh ch\u00f3ng Gi\u1ea3m chi ph\u00ed nh\u00e2n c\u00f4ng Th\u00f4ng s\u1ed1 [...]\" \/>\n<meta property=\"og:url\" content=\"https:\/\/etekrobotics.com.vn\/en\/product\/phan-loai-san-pham\/\" \/>\n<meta property=\"og:site_name\" content=\"Etek\" \/>\n<meta property=\"article:modified_time\" content=\"2024-03-14T04:06:37+00:00\" \/>\n<meta property=\"og:image\" content=\"https:\/\/etekrobotics.com.vn\/wp-content\/uploads\/2024\/03\/38.jpg\" \/>\n\t<meta property=\"og:image:width\" content=\"856\" \/>\n\t<meta property=\"og:image:height\" content=\"553\" \/>\n\t<meta property=\"og:image:type\" content=\"image\/jpeg\" \/>\n<meta name=\"twitter:card\" content=\"summary_large_image\" \/>\n<meta name=\"twitter:label1\" content=\"Est. reading time\" \/>\n\t<meta name=\"twitter:data1\" content=\"2 minutes\" \/>\n<script type=\"application\/ld+json\" class=\"yoast-schema-graph\">{\"@context\":\"https:\/\/schema.org\",\"@graph\":[{\"@type\":\"WebPage\",\"@id\":\"https:\/\/etekrobotics.com.vn\/san-pham\/phan-loai-san-pham\/\",\"url\":\"https:\/\/etekrobotics.com.vn\/san-pham\/phan-loai-san-pham\/\",\"name\":\"Ph\u00e2n lo\u1ea1i s\u1ea3n ph\u1ea9m - Etek\",\"isPartOf\":{\"@id\":\"https:\/\/etekrobotics.com.vn\/#website\"},\"datePublished\":\"2024-03-14T04:06:36+00:00\",\"dateModified\":\"2024-03-14T04:06:37+00:00\",\"breadcrumb\":{\"@id\":\"https:\/\/etekrobotics.com.vn\/san-pham\/phan-loai-san-pham\/#breadcrumb\"},\"inLanguage\":\"en-US\",\"potentialAction\":[{\"@type\":\"ReadAction\",\"target\":[\"https:\/\/etekrobotics.com.vn\/san-pham\/phan-loai-san-pham\/\"]}]},{\"@type\":\"BreadcrumbList\",\"@id\":\"https:\/\/etekrobotics.com.vn\/san-pham\/phan-loai-san-pham\/#breadcrumb\",\"itemListElement\":[{\"@type\":\"ListItem\",\"position\":1,\"name\":\"Trang ch\u1ee7\",\"item\":\"https:\/\/etekrobotics.com.vn\/\"},{\"@type\":\"ListItem\",\"position\":2,\"name\":\"C\u1eeda h\u00e0ng\",\"item\":\"https:\/\/etekrobotics.com.vn\/cua-hang\/\"},{\"@type\":\"ListItem\",\"position\":3,\"name\":\"Ph\u00e2n lo\u1ea1i s\u1ea3n ph\u1ea9m\"}]},{\"@type\":\"WebSite\",\"@id\":\"https:\/\/etekrobotics.com.vn\/#website\",\"url\":\"https:\/\/etekrobotics.com.vn\/\",\"name\":\"Etek\",\"description\":\"C\u00f4ng ty C\u1ed5 ph\u1ea7n Gi\u1ea3i ph\u00e1p T\u1ef1 \u0111\u1ed9ng h\u00f3a ETEK\",\"potentialAction\":[{\"@type\":\"SearchAction\",\"target\":{\"@type\":\"EntryPoint\",\"urlTemplate\":\"https:\/\/etekrobotics.com.vn\/?s={search_term_string}\"},\"query-input\":\"required name=search_term_string\"}],\"inLanguage\":\"en-US\"}]}<\/script>\n<!-- \/ Yoast SEO plugin. -->","yoast_head_json":{"title":"Ph\u00e2n lo\u1ea1i s\u1ea3n ph\u1ea9m - Etek","robots":{"index":"index","follow":"follow","max-snippet":"max-snippet:-1","max-image-preview":"max-image-preview:large","max-video-preview":"max-video-preview:-1"},"canonical":"https:\/\/etekrobotics.com.vn\/en\/product\/phan-loai-san-pham\/","og_locale":"en_US","og_type":"article","og_title":"Ph\u00e2n lo\u1ea1i s\u1ea3n ph\u1ea9m - Etek","og_description":"Th\u00f4ng tin chung: V\u1ea5n \u0111\u1ec1: Vi\u1ec7c ph\u00e2n lo\u1ea1i th\u1ee7 c\u00f4ng t\u1ed1n th\u1eddi gian v\u00e0 kh\u00f4ng tin c\u1eady Quy tr\u00ecnh: S\u1ea3n ph\u1ea9m ch\u1ea1y tr\u00ean bang t\u1ea3i Camera ch\u1ee5p v\u00e0 ph\u00e2n lo\u1ea1i s\u1ea3n ph\u1ea9m d\u1ef1a tr\u00ean m\u00e0u s\u1eafc, k\u00edch th\u01b0\u1edbc\u2026 L\u1ee3i \u00edch: Gi\u00fap vi\u1ec7c ph\u00e2n lo\u1ea1i tr\u1edf n\u00ean nhanh ch\u00f3ng Gi\u1ea3m chi ph\u00ed nh\u00e2n c\u00f4ng Th\u00f4ng s\u1ed1 [...]","og_url":"https:\/\/etekrobotics.com.vn\/en\/product\/phan-loai-san-pham\/","og_site_name":"Etek","article_modified_time":"2024-03-14T04:06:37+00:00","og_image":[{"width":856,"height":553,"url":"https:\/\/etekrobotics.com.vn\/wp-content\/uploads\/2024\/03\/38.jpg","type":"image\/jpeg"}],"twitter_card":"summary_large_image","twitter_misc":{"Est. reading time":"2 minutes"},"schema":{"@context":"https:\/\/schema.org","@graph":[{"@type":"WebPage","@id":"https:\/\/etekrobotics.com.vn\/san-pham\/phan-loai-san-pham\/","url":"https:\/\/etekrobotics.com.vn\/san-pham\/phan-loai-san-pham\/","name":"Ph\u00e2n lo\u1ea1i s\u1ea3n ph\u1ea9m - Etek","isPartOf":{"@id":"https:\/\/etekrobotics.com.vn\/#website"},"datePublished":"2024-03-14T04:06:36+00:00","dateModified":"2024-03-14T04:06:37+00:00","breadcrumb":{"@id":"https:\/\/etekrobotics.com.vn\/san-pham\/phan-loai-san-pham\/#breadcrumb"},"inLanguage":"en-US","potentialAction":[{"@type":"ReadAction","target":["https:\/\/etekrobotics.com.vn\/san-pham\/phan-loai-san-pham\/"]}]},{"@type":"BreadcrumbList","@id":"https:\/\/etekrobotics.com.vn\/san-pham\/phan-loai-san-pham\/#breadcrumb","itemListElement":[{"@type":"ListItem","position":1,"name":"Trang ch\u1ee7","item":"https:\/\/etekrobotics.com.vn\/"},{"@type":"ListItem","position":2,"name":"C\u1eeda h\u00e0ng","item":"https:\/\/etekrobotics.com.vn\/cua-hang\/"},{"@type":"ListItem","position":3,"name":"Ph\u00e2n lo\u1ea1i s\u1ea3n ph\u1ea9m"}]},{"@type":"WebSite","@id":"https:\/\/etekrobotics.com.vn\/#website","url":"https:\/\/etekrobotics.com.vn\/","name":"Etek","description":"C\u00f4ng ty C\u1ed5 ph\u1ea7n Gi\u1ea3i ph\u00e1p T\u1ef1 \u0111\u1ed9ng h\u00f3a ETEK","potentialAction":[{"@type":"SearchAction","target":{"@type":"EntryPoint","urlTemplate":"https:\/\/etekrobotics.com.vn\/?s={search_term_string}"},"query-input":"required name=search_term_string"}],"inLanguage":"en-US"}]}},"_links":{"self":[{"href":"https:\/\/etekrobotics.com.vn\/en\/wp-json\/wp\/v2\/product\/1700","targetHints":{"allow":["GET"]}}],"collection":[{"href":"https:\/\/etekrobotics.com.vn\/en\/wp-json\/wp\/v2\/product"}],"about":[{"href":"https:\/\/etekrobotics.com.vn\/en\/wp-json\/wp\/v2\/types\/product"}],"replies":[{"embeddable":true,"href":"https:\/\/etekrobotics.com.vn\/en\/wp-json\/wp\/v2\/comments?post=1700"}],"wp:featuredmedia":[{"embeddable":true,"href":"https:\/\/etekrobotics.com.vn\/en\/wp-json\/wp\/v2\/media\/1701"}],"wp:attachment":[{"href":"https:\/\/etekrobotics.com.vn\/en\/wp-json\/wp\/v2\/media?parent=1700"}],"wp:term":[{"taxonomy":"product_cat","embeddable":true,"href":"https:\/\/etekrobotics.com.vn\/en\/wp-json\/wp\/v2\/product_cat?post=1700"},{"taxonomy":"product_tag","embeddable":true,"href":"https:\/\/etekrobotics.com.vn\/en\/wp-json\/wp\/v2\/product_tag?post=1700"}],"curies":[{"name":"wp","href":"https:\/\/api.w.org\/{rel}","templated":true}]}}