{"id":1711,"date":"2024-03-14T04:16:53","date_gmt":"2024-03-14T04:16:53","guid":{"rendered":"https:\/\/etekrobotics.com.vn\/?post_type=product&#038;p=1711"},"modified":"2024-03-14T04:16:54","modified_gmt":"2024-03-14T04:16:54","slug":"kiem-tra-vi-tri-moi-han-mep","status":"publish","type":"product","link":"https:\/\/etekrobotics.com.vn\/en\/product\/kiem-tra-vi-tri-moi-han-mep\/","title":{"rendered":"Ki\u1ec3m tra v\u1ecb tr\u00ed m\u1ed1i h\u00e0n m\u00e9p"},"content":{"rendered":"<h1><strong>Th\u00f4ng tin chung:<\/strong><\/h1>\n<h2><b>V\u1ea5n <\/b><b>\u0111\u1ec1<\/b><b>: <\/b><\/h2>\n<ul>\n<li>K\u1ebd h\u1edf l\u1ed7i nh\u1ecf g\u00e2y kh\u00f3 kh\u0103n trong vi\u1ec7c ki\u1ec3m tra<\/li>\n<li>\u1ea2nh h\u01b0\u1edfng \u0111\u1ebfn tu\u1ed5i th\u1ecd c\u1ee7a s\u1ea3n ph\u1ea9m<\/li>\n<\/ul>\n<h2><b>Quy<\/b> <b>tr\u00ecnh<\/b><b>:<\/b><\/h2>\n<ul>\n<li>S\u1ea3n ph\u1ea9m ch\u1ea1y qua b\u0103ng t\u1ea3i<\/li>\n<li>Camera th\u1ef1c hi\u1ec7n ch\u1ee5p v\u00e0 ph\u00e2n lo\u1ea1i nh\u1eefng s\u1ea3n ph\u1ea9m b\u1ecb h\u1edf m\u1ed1i h\u00e0n<\/li>\n<\/ul>\n<h2><b>L\u1ee3i<\/b> <b>\u00edch<\/b><b>:<\/b><\/h2>\n<ul>\n<li>Ng\u0103n ng\u1eeba s\u1ef1 r\u00f2 r\u1ec9 c\u1ee7a \u00f4ng tu\u00fdp<\/li>\n<li>B\u1ea3o \u0111\u1ea3m tu\u1ed5i th\u1ecd s\u1ea3n ph\u1ea9m d\u00e0i<\/li>\n<\/ul>\n<h1><strong>Th\u00f4ng s\u1ed1 tr\u1ea1m:<\/strong><\/h1>\n<ol>\n<li>S\u1ea3n l\u01b0\u1ee3ng: 3 sp\/s<\/li>\n<li>\u0110i\u1ec1u ki\u1ec7n \u00e1nh s\u00e1ng: 300-1000 lux<\/li>\n<li>K\u00edch c\u1ee1 l\u1ed7i: 0.1-1 mm<\/li>\n<\/ol>\n<h1><strong>Thi\u1ebft b\u1ecb:<\/strong><\/h1>\n<ol>\n<li>B\u0103ng t\u1ea3i<\/li>\n<li>Camera 2D<\/li>\n<li>C\u00e1p ngu\u1ed3n<\/li>\n<li>C\u00e1p Ethernet<\/li>\n<\/ol>\n<h1><strong>Th\u00f4ng s\u1ed1 thi\u1ebft b\u1ecb:<\/strong><\/h1>\n<h2><b>In-sight D900 series:<\/b><\/h2>\n<ul>\n<li>\u0110\u1ed9 ph\u00e2n gi\u1ea3i: 5 MP<\/li>\n<li>T\u1ed1c \u0111\u1ed9 ch\u1ee5p: 26 fps<\/li>\n<li>Lens: C-mount, S-mount, Autofocus<\/li>\n<\/ul>\n<h1><img loading=\"lazy\" decoding=\"async\" class=\"wp-image-1708 aligncenter\" src=\"https:\/\/etekrobotics.com.vn\/wp-content\/uploads\/2024\/03\/43.jpg\" alt=\"\" width=\"269\" height=\"196\" srcset=\"https:\/\/etekrobotics.com.vn\/wp-content\/uploads\/2024\/03\/43.jpg 301w, https:\/\/etekrobotics.com.vn\/wp-content\/uploads\/2024\/03\/43-16x12.jpg 16w\" sizes=\"auto, (max-width: 269px) 100vw, 269px\" \/><\/h1>\n<h1><strong>Ng\u00e0nh:<\/strong><\/h1>\n<ul>\n<li>Th\u1ef1c ph\u1ea9m<\/li>\n<li>H\u00f3a ch\u1ea5t<\/li>\n<\/ul>\n<h1><strong>S\u1ea3n ph\u1ea9m:<\/strong><\/h1>\n<p><img loading=\"lazy\" decoding=\"async\" class=\"alignnone  wp-image-1709\" src=\"https:\/\/etekrobotics.com.vn\/wp-content\/uploads\/2024\/03\/44.jpg\" alt=\"\" width=\"189\" height=\"139\" srcset=\"https:\/\/etekrobotics.com.vn\/wp-content\/uploads\/2024\/03\/44.jpg 301w, https:\/\/etekrobotics.com.vn\/wp-content\/uploads\/2024\/03\/44-16x12.jpg 16w\" sizes=\"auto, (max-width: 189px) 100vw, 189px\" \/> <img loading=\"lazy\" decoding=\"async\" class=\"alignnone  wp-image-1710\" src=\"https:\/\/etekrobotics.com.vn\/wp-content\/uploads\/2024\/03\/45.jpg\" alt=\"\" width=\"202\" height=\"148\" srcset=\"https:\/\/etekrobotics.com.vn\/wp-content\/uploads\/2024\/03\/45.jpg 301w, https:\/\/etekrobotics.com.vn\/wp-content\/uploads\/2024\/03\/45-16x12.jpg 16w\" sizes=\"auto, (max-width: 202px) 100vw, 202px\" \/><\/p>","protected":false},"excerpt":{"rendered":"<p>Th\u00f4ng tin chung: V\u1ea5n \u0111\u1ec1: K\u1ebd h\u1edf l\u1ed7i nh\u1ecf g\u00e2y kh\u00f3 kh\u0103n trong vi\u1ec7c ki\u1ec3m tra \u1ea2nh h\u01b0\u1edfng \u0111\u1ebfn tu\u1ed5i th\u1ecd c\u1ee7a s\u1ea3n ph\u1ea9m Quy tr\u00ecnh: S\u1ea3n ph\u1ea9m ch\u1ea1y qua b\u0103ng t\u1ea3i Camera th\u1ef1c hi\u1ec7n ch\u1ee5p v\u00e0 ph\u00e2n lo\u1ea1i nh\u1eefng s\u1ea3n ph\u1ea9m b\u1ecb h\u1edf m\u1ed1i h\u00e0n L\u1ee3i \u00edch: Ng\u0103n ng\u1eeba s\u1ef1 r\u00f2 r\u1ec9 c\u1ee7a \u00f4ng [&#8230;]","protected":false},"featured_media":1707,"comment_status":"open","ping_status":"closed","template":"","meta":[],"product_cat":[131,132,141],"product_tag":[],"class_list":["post-1711","product","type-product","status-publish","has-post-thumbnail","hentry","product_cat-hang-tieu-dung-dong-goi","product_cat-kiem-tra-ngoai-quan-hang-tieu-dung-dong-goi","product_cat-kiem-tra-vi-tri-moi-han-mep"],"yoast_head":"<!-- This site is optimized with the Yoast SEO plugin v21.6 - https:\/\/yoast.com\/wordpress\/plugins\/seo\/ -->\n<title>Ki\u1ec3m tra v\u1ecb tr\u00ed m\u1ed1i h\u00e0n m\u00e9p - Etek<\/title>\n<meta name=\"robots\" content=\"index, follow, max-snippet:-1, max-image-preview:large, max-video-preview:-1\" \/>\n<link rel=\"canonical\" href=\"https:\/\/etekrobotics.com.vn\/en\/product\/kiem-tra-vi-tri-moi-han-mep\/\" \/>\n<meta property=\"og:locale\" content=\"en_US\" \/>\n<meta property=\"og:type\" content=\"article\" \/>\n<meta property=\"og:title\" content=\"Ki\u1ec3m tra v\u1ecb tr\u00ed m\u1ed1i h\u00e0n m\u00e9p - Etek\" \/>\n<meta property=\"og:description\" content=\"Th\u00f4ng tin chung: V\u1ea5n \u0111\u1ec1: K\u1ebd h\u1edf l\u1ed7i nh\u1ecf g\u00e2y kh\u00f3 kh\u0103n trong vi\u1ec7c ki\u1ec3m tra \u1ea2nh h\u01b0\u1edfng \u0111\u1ebfn tu\u1ed5i th\u1ecd c\u1ee7a s\u1ea3n ph\u1ea9m Quy tr\u00ecnh: S\u1ea3n ph\u1ea9m ch\u1ea1y qua b\u0103ng t\u1ea3i Camera th\u1ef1c hi\u1ec7n ch\u1ee5p v\u00e0 ph\u00e2n lo\u1ea1i nh\u1eefng s\u1ea3n ph\u1ea9m b\u1ecb h\u1edf m\u1ed1i h\u00e0n L\u1ee3i \u00edch: Ng\u0103n ng\u1eeba s\u1ef1 r\u00f2 r\u1ec9 c\u1ee7a \u00f4ng [...]\" \/>\n<meta property=\"og:url\" content=\"https:\/\/etekrobotics.com.vn\/en\/product\/kiem-tra-vi-tri-moi-han-mep\/\" \/>\n<meta property=\"og:site_name\" content=\"Etek\" \/>\n<meta property=\"article:modified_time\" content=\"2024-03-14T04:16:54+00:00\" \/>\n<meta property=\"og:image\" content=\"https:\/\/etekrobotics.com.vn\/wp-content\/uploads\/2024\/03\/42.jpg\" \/>\n\t<meta property=\"og:image:width\" content=\"856\" \/>\n\t<meta property=\"og:image:height\" content=\"553\" \/>\n\t<meta property=\"og:image:type\" content=\"image\/jpeg\" \/>\n<meta name=\"twitter:card\" content=\"summary_large_image\" \/>\n<meta name=\"twitter:label1\" content=\"Est. reading time\" \/>\n\t<meta name=\"twitter:data1\" content=\"2 minutes\" \/>\n<script type=\"application\/ld+json\" class=\"yoast-schema-graph\">{\"@context\":\"https:\/\/schema.org\",\"@graph\":[{\"@type\":\"WebPage\",\"@id\":\"https:\/\/etekrobotics.com.vn\/san-pham\/kiem-tra-vi-tri-moi-han-mep\/\",\"url\":\"https:\/\/etekrobotics.com.vn\/san-pham\/kiem-tra-vi-tri-moi-han-mep\/\",\"name\":\"Ki\u1ec3m tra v\u1ecb tr\u00ed m\u1ed1i h\u00e0n m\u00e9p - Etek\",\"isPartOf\":{\"@id\":\"https:\/\/etekrobotics.com.vn\/#website\"},\"datePublished\":\"2024-03-14T04:16:53+00:00\",\"dateModified\":\"2024-03-14T04:16:54+00:00\",\"breadcrumb\":{\"@id\":\"https:\/\/etekrobotics.com.vn\/san-pham\/kiem-tra-vi-tri-moi-han-mep\/#breadcrumb\"},\"inLanguage\":\"en-US\",\"potentialAction\":[{\"@type\":\"ReadAction\",\"target\":[\"https:\/\/etekrobotics.com.vn\/san-pham\/kiem-tra-vi-tri-moi-han-mep\/\"]}]},{\"@type\":\"BreadcrumbList\",\"@id\":\"https:\/\/etekrobotics.com.vn\/san-pham\/kiem-tra-vi-tri-moi-han-mep\/#breadcrumb\",\"itemListElement\":[{\"@type\":\"ListItem\",\"position\":1,\"name\":\"Trang ch\u1ee7\",\"item\":\"https:\/\/etekrobotics.com.vn\/\"},{\"@type\":\"ListItem\",\"position\":2,\"name\":\"C\u1eeda h\u00e0ng\",\"item\":\"https:\/\/etekrobotics.com.vn\/cua-hang\/\"},{\"@type\":\"ListItem\",\"position\":3,\"name\":\"Ki\u1ec3m tra v\u1ecb tr\u00ed m\u1ed1i h\u00e0n m\u00e9p\"}]},{\"@type\":\"WebSite\",\"@id\":\"https:\/\/etekrobotics.com.vn\/#website\",\"url\":\"https:\/\/etekrobotics.com.vn\/\",\"name\":\"Etek\",\"description\":\"C\u00f4ng ty C\u1ed5 ph\u1ea7n Gi\u1ea3i ph\u00e1p T\u1ef1 \u0111\u1ed9ng h\u00f3a ETEK\",\"potentialAction\":[{\"@type\":\"SearchAction\",\"target\":{\"@type\":\"EntryPoint\",\"urlTemplate\":\"https:\/\/etekrobotics.com.vn\/?s={search_term_string}\"},\"query-input\":\"required name=search_term_string\"}],\"inLanguage\":\"en-US\"}]}<\/script>\n<!-- \/ Yoast SEO plugin. -->","yoast_head_json":{"title":"Ki\u1ec3m tra v\u1ecb tr\u00ed m\u1ed1i h\u00e0n m\u00e9p - Etek","robots":{"index":"index","follow":"follow","max-snippet":"max-snippet:-1","max-image-preview":"max-image-preview:large","max-video-preview":"max-video-preview:-1"},"canonical":"https:\/\/etekrobotics.com.vn\/en\/product\/kiem-tra-vi-tri-moi-han-mep\/","og_locale":"en_US","og_type":"article","og_title":"Ki\u1ec3m tra v\u1ecb tr\u00ed m\u1ed1i h\u00e0n m\u00e9p - Etek","og_description":"Th\u00f4ng tin chung: V\u1ea5n \u0111\u1ec1: K\u1ebd h\u1edf l\u1ed7i nh\u1ecf g\u00e2y kh\u00f3 kh\u0103n trong vi\u1ec7c ki\u1ec3m tra \u1ea2nh h\u01b0\u1edfng \u0111\u1ebfn tu\u1ed5i th\u1ecd c\u1ee7a s\u1ea3n ph\u1ea9m Quy tr\u00ecnh: S\u1ea3n ph\u1ea9m ch\u1ea1y qua b\u0103ng t\u1ea3i Camera th\u1ef1c hi\u1ec7n ch\u1ee5p v\u00e0 ph\u00e2n lo\u1ea1i nh\u1eefng s\u1ea3n ph\u1ea9m b\u1ecb h\u1edf m\u1ed1i h\u00e0n L\u1ee3i \u00edch: Ng\u0103n ng\u1eeba s\u1ef1 r\u00f2 r\u1ec9 c\u1ee7a \u00f4ng [...]","og_url":"https:\/\/etekrobotics.com.vn\/en\/product\/kiem-tra-vi-tri-moi-han-mep\/","og_site_name":"Etek","article_modified_time":"2024-03-14T04:16:54+00:00","og_image":[{"width":856,"height":553,"url":"https:\/\/etekrobotics.com.vn\/wp-content\/uploads\/2024\/03\/42.jpg","type":"image\/jpeg"}],"twitter_card":"summary_large_image","twitter_misc":{"Est. reading time":"2 minutes"},"schema":{"@context":"https:\/\/schema.org","@graph":[{"@type":"WebPage","@id":"https:\/\/etekrobotics.com.vn\/san-pham\/kiem-tra-vi-tri-moi-han-mep\/","url":"https:\/\/etekrobotics.com.vn\/san-pham\/kiem-tra-vi-tri-moi-han-mep\/","name":"Ki\u1ec3m tra v\u1ecb tr\u00ed m\u1ed1i h\u00e0n m\u00e9p - Etek","isPartOf":{"@id":"https:\/\/etekrobotics.com.vn\/#website"},"datePublished":"2024-03-14T04:16:53+00:00","dateModified":"2024-03-14T04:16:54+00:00","breadcrumb":{"@id":"https:\/\/etekrobotics.com.vn\/san-pham\/kiem-tra-vi-tri-moi-han-mep\/#breadcrumb"},"inLanguage":"en-US","potentialAction":[{"@type":"ReadAction","target":["https:\/\/etekrobotics.com.vn\/san-pham\/kiem-tra-vi-tri-moi-han-mep\/"]}]},{"@type":"BreadcrumbList","@id":"https:\/\/etekrobotics.com.vn\/san-pham\/kiem-tra-vi-tri-moi-han-mep\/#breadcrumb","itemListElement":[{"@type":"ListItem","position":1,"name":"Trang ch\u1ee7","item":"https:\/\/etekrobotics.com.vn\/"},{"@type":"ListItem","position":2,"name":"C\u1eeda h\u00e0ng","item":"https:\/\/etekrobotics.com.vn\/cua-hang\/"},{"@type":"ListItem","position":3,"name":"Ki\u1ec3m tra v\u1ecb tr\u00ed m\u1ed1i h\u00e0n m\u00e9p"}]},{"@type":"WebSite","@id":"https:\/\/etekrobotics.com.vn\/#website","url":"https:\/\/etekrobotics.com.vn\/","name":"Etek","description":"C\u00f4ng ty C\u1ed5 ph\u1ea7n Gi\u1ea3i ph\u00e1p T\u1ef1 \u0111\u1ed9ng h\u00f3a ETEK","potentialAction":[{"@type":"SearchAction","target":{"@type":"EntryPoint","urlTemplate":"https:\/\/etekrobotics.com.vn\/?s={search_term_string}"},"query-input":"required name=search_term_string"}],"inLanguage":"en-US"}]}},"_links":{"self":[{"href":"https:\/\/etekrobotics.com.vn\/en\/wp-json\/wp\/v2\/product\/1711","targetHints":{"allow":["GET"]}}],"collection":[{"href":"https:\/\/etekrobotics.com.vn\/en\/wp-json\/wp\/v2\/product"}],"about":[{"href":"https:\/\/etekrobotics.com.vn\/en\/wp-json\/wp\/v2\/types\/product"}],"replies":[{"embeddable":true,"href":"https:\/\/etekrobotics.com.vn\/en\/wp-json\/wp\/v2\/comments?post=1711"}],"wp:featuredmedia":[{"embeddable":true,"href":"https:\/\/etekrobotics.com.vn\/en\/wp-json\/wp\/v2\/media\/1707"}],"wp:attachment":[{"href":"https:\/\/etekrobotics.com.vn\/en\/wp-json\/wp\/v2\/media?parent=1711"}],"wp:term":[{"taxonomy":"product_cat","embeddable":true,"href":"https:\/\/etekrobotics.com.vn\/en\/wp-json\/wp\/v2\/product_cat?post=1711"},{"taxonomy":"product_tag","embeddable":true,"href":"https:\/\/etekrobotics.com.vn\/en\/wp-json\/wp\/v2\/product_tag?post=1711"}],"curies":[{"name":"wp","href":"https:\/\/api.w.org\/{rel}","templated":true}]}}