{"id":1726,"date":"2024-03-14T06:07:36","date_gmt":"2024-03-14T06:07:36","guid":{"rendered":"https:\/\/etekrobotics.com.vn\/?post_type=product&#038;p=1726"},"modified":"2024-08-23T10:06:34","modified_gmt":"2024-08-23T10:06:34","slug":"doc-ocr-tren-hop-sua","status":"publish","type":"product","link":"https:\/\/etekrobotics.com.vn\/en\/product\/doc-ocr-tren-hop-sua\/","title":{"rendered":"\u0110\u1ecdc OCR tr\u00ean h\u1ed9p s\u1eefa"},"content":{"rendered":"<h1><strong>Th\u00f4ng tin chung:<\/strong><\/h1>\n<h2><strong>V\u1ea5n \u0111\u1ec1:<\/strong><\/h2>\n<ul>\n<li>OCR b\u1ecb m\u1edd, in tr\u00ean n\u1ec1n kh\u00f3 \u0111\u1ecdc<\/li>\n<li>Y\u00eau c\u1ea7u t\u1ed1c \u0111\u1ed9 b\u0103ng t\u1ea3i cao<\/li>\n<\/ul>\n<h2><b>Gi\u1ea3i<\/b> <b>ph\u00e1p<\/b><b>:<\/b><\/h2>\n<p><img loading=\"lazy\" decoding=\"async\" class=\"aligncenter wp-image-1951\" src=\"https:\/\/etekrobotics.com.vn\/wp-content\/uploads\/2024\/03\/doc-orc-tren-hop-sua-01.jpg\" alt=\"\" width=\"600\" height=\"387\" srcset=\"https:\/\/etekrobotics.com.vn\/wp-content\/uploads\/2024\/03\/doc-orc-tren-hop-sua-01.jpg 2362w, https:\/\/etekrobotics.com.vn\/wp-content\/uploads\/2024\/03\/doc-orc-tren-hop-sua-01-768x496.jpg 768w, https:\/\/etekrobotics.com.vn\/wp-content\/uploads\/2024\/03\/doc-orc-tren-hop-sua-01-1536x992.jpg 1536w, https:\/\/etekrobotics.com.vn\/wp-content\/uploads\/2024\/03\/doc-orc-tren-hop-sua-01-2048x1322.jpg 2048w, https:\/\/etekrobotics.com.vn\/wp-content\/uploads\/2024\/03\/doc-orc-tren-hop-sua-01-18x12.jpg 18w, https:\/\/etekrobotics.com.vn\/wp-content\/uploads\/2024\/03\/doc-orc-tren-hop-sua-01-600x387.jpg 600w\" sizes=\"auto, (max-width: 600px) 100vw, 600px\" \/><\/p>\n<ul>\n<li>S\u1ea3n ph\u1ea9m di chuy\u1ec3n tr\u00ean b\u0103ng t\u1ea3i<\/li>\n<li>Camera th\u1ef1c hi\u1ec7n ch\u1ee5p v\u00e0 d\u00f9ng tool Read EL \u0111\u1ec3 \u0111\u1ecdc OCR<\/li>\n<li>D\u1eef li\u1ec7u \u0111\u01b0\u1ee3c g\u1eedi v\u1ec1 ph\u00f2ng \u0111i\u1ec1u khi\u1ec3n trung t\u00e2m<\/li>\n<\/ul>\n<h2><b>L\u1ee3i<\/b> <b>\u00edch<\/b><b>:<\/b><\/h2>\n<ul>\n<li>D\u1ec5 d\u00e0ng qu\u1ea3n l\u00ed th\u00f4ng tin s\u1ea3n ph\u1ea9m<\/li>\n<li>Gi\u1ea3m chi ph\u00ed nh\u00e2n c\u00f4ng<\/li>\n<\/ul>\n<h1><strong>Th\u00f4ng s\u1ed1 tr\u1ea1m:<\/strong><\/h1>\n<ol>\n<li>S\u1ea3n l\u01b0\u1ee3ng: 7 sp\/s<\/li>\n<li>\u0110i\u1ec1u ki\u1ec7n \u00e1nh s\u00e1ng: 300-1000 lux<\/li>\n<li>K\u00edch th\u01b0\u1edbc k\u00ed t\u1ef1: 2-4 mm<\/li>\n<\/ol>\n<h1><strong>Thi\u1ebft b\u1ecb:<\/strong><\/h1>\n<ol>\n<li>Camera 2D<\/li>\n<li>B\u0103ng t\u1ea3i<\/li>\n<li>C\u00e1p ngu\u1ed3n<\/li>\n<li>C\u00e1p ethernet<\/li>\n<\/ol>\n<h1><strong>Th\u00f4ng s\u1ed1 thi\u1ebft b\u1ecb:<\/strong><\/h1>\n<h2><b>In-Sight 3800 series:<\/b><\/h2>\n<ul>\n<li>\u0110\u1ed9 ph\u00e2n gi\u1ea3i: 5MP<\/li>\n<li>T\u1ed1c \u0111\u1ed9 ch\u1ee5p: 32 fps<\/li>\n<li>Lens: Manual lens, Autofocus lens<\/li>\n<li>Truy\u1ec1n th\u00f4ng: Ethernet<\/li>\n<\/ul>\n<h1><img loading=\"lazy\" decoding=\"async\" class=\"size-full wp-image-1728 aligncenter\" src=\"https:\/\/etekrobotics.com.vn\/wp-content\/uploads\/2024\/03\/61.jpg\" alt=\"\" width=\"301\" height=\"219\" srcset=\"https:\/\/etekrobotics.com.vn\/wp-content\/uploads\/2024\/03\/61.jpg 301w, https:\/\/etekrobotics.com.vn\/wp-content\/uploads\/2024\/03\/61-16x12.jpg 16w\" sizes=\"auto, (max-width: 301px) 100vw, 301px\" \/><\/h1>\n<h1><strong>Ng\u00e0nh:<\/strong><\/h1>\n<ul>\n<li><span style=\"font-weight: 400;\">Th\u1ef1c ph\u1ea9m &#8211; \u0110\u1ed3 u\u1ed1ng<\/span><\/li>\n<li><span style=\"font-weight: 400;\">H\u00e0ng ti\u00eau d\u00f9ng<\/span><\/li>\n<li><span style=\"font-weight: 400;\">D\u01b0\u1ee3c ph\u1ea9m &#8211; H\u00f3a ch\u1ea5t<\/span><\/li>\n<li><span style=\"font-weight: 400;\">C\u00f4ng nghi\u1ec7p \u00f4 t\u00f4<\/span><\/li>\n<\/ul>\n<h1><strong>S\u1ea3n ph\u1ea9m:<\/strong><\/h1>\n<p><img loading=\"lazy\" decoding=\"async\" class=\"aligncenter size-full wp-image-1953\" src=\"https:\/\/etekrobotics.com.vn\/wp-content\/uploads\/2024\/03\/doc-orc-tren-hop-sua-04.jpg\" alt=\"\" width=\"336\" height=\"219\" srcset=\"https:\/\/etekrobotics.com.vn\/wp-content\/uploads\/2024\/03\/doc-orc-tren-hop-sua-04.jpg 336w, https:\/\/etekrobotics.com.vn\/wp-content\/uploads\/2024\/03\/doc-orc-tren-hop-sua-04-18x12.jpg 18w\" sizes=\"auto, (max-width: 336px) 100vw, 336px\" \/><\/p>","protected":false},"excerpt":{"rendered":"<p>Th\u00f4ng tin chung: V\u1ea5n \u0111\u1ec1: OCR b\u1ecb m\u1edd, in tr\u00ean n\u1ec1n kh\u00f3 \u0111\u1ecdc Y\u00eau c\u1ea7u t\u1ed1c \u0111\u1ed9 b\u0103ng t\u1ea3i cao Gi\u1ea3i ph\u00e1p: S\u1ea3n ph\u1ea9m di chuy\u1ec3n tr\u00ean b\u0103ng t\u1ea3i Camera th\u1ef1c hi\u1ec7n ch\u1ee5p v\u00e0 d\u00f9ng tool Read EL \u0111\u1ec3 \u0111\u1ecdc OCR D\u1eef li\u1ec7u \u0111\u01b0\u1ee3c g\u1eedi v\u1ec1 ph\u00f2ng \u0111i\u1ec1u khi\u1ec3n trung t\u00e2m L\u1ee3i \u00edch: D\u1ec5 d\u00e0ng [&#8230;]","protected":false},"featured_media":1727,"comment_status":"open","ping_status":"closed","template":"","meta":[],"product_cat":[180,131,179],"product_tag":[],"class_list":["post-1726","product","type-product","status-publish","has-post-thumbnail","hentry","product_cat-doc-ocr-tren-hop-sua","product_cat-hang-tieu-dung-dong-goi","product_cat-truy-xuat-thong-tin-san-pham-hang-tieu-dung-dong-goi"],"yoast_head":"<!-- This site is optimized with the Yoast SEO plugin v21.6 - https:\/\/yoast.com\/wordpress\/plugins\/seo\/ -->\n<title>\u0110\u1ecdc OCR tr\u00ean h\u1ed9p s\u1eefa - Etek<\/title>\n<meta name=\"robots\" content=\"index, follow, max-snippet:-1, max-image-preview:large, max-video-preview:-1\" \/>\n<link rel=\"canonical\" href=\"https:\/\/etekrobotics.com.vn\/en\/product\/doc-ocr-tren-hop-sua\/\" \/>\n<meta property=\"og:locale\" content=\"en_US\" \/>\n<meta property=\"og:type\" content=\"article\" \/>\n<meta property=\"og:title\" content=\"\u0110\u1ecdc OCR tr\u00ean h\u1ed9p s\u1eefa - Etek\" \/>\n<meta property=\"og:description\" content=\"Th\u00f4ng tin chung: V\u1ea5n \u0111\u1ec1: OCR b\u1ecb m\u1edd, in tr\u00ean n\u1ec1n kh\u00f3 \u0111\u1ecdc Y\u00eau c\u1ea7u t\u1ed1c \u0111\u1ed9 b\u0103ng t\u1ea3i cao Gi\u1ea3i ph\u00e1p: S\u1ea3n ph\u1ea9m di chuy\u1ec3n tr\u00ean b\u0103ng t\u1ea3i Camera th\u1ef1c hi\u1ec7n ch\u1ee5p v\u00e0 d\u00f9ng tool Read EL \u0111\u1ec3 \u0111\u1ecdc OCR D\u1eef li\u1ec7u \u0111\u01b0\u1ee3c g\u1eedi v\u1ec1 ph\u00f2ng \u0111i\u1ec1u khi\u1ec3n trung t\u00e2m L\u1ee3i \u00edch: D\u1ec5 d\u00e0ng [...]\" \/>\n<meta property=\"og:url\" content=\"https:\/\/etekrobotics.com.vn\/en\/product\/doc-ocr-tren-hop-sua\/\" \/>\n<meta property=\"og:site_name\" content=\"Etek\" \/>\n<meta property=\"article:modified_time\" content=\"2024-08-23T10:06:34+00:00\" \/>\n<meta property=\"og:image\" content=\"https:\/\/etekrobotics.com.vn\/wp-content\/uploads\/2024\/03\/60.jpg\" \/>\n\t<meta property=\"og:image:width\" content=\"856\" \/>\n\t<meta property=\"og:image:height\" content=\"553\" \/>\n\t<meta property=\"og:image:type\" content=\"image\/jpeg\" \/>\n<meta name=\"twitter:card\" content=\"summary_large_image\" \/>\n<meta name=\"twitter:label1\" content=\"Est. reading time\" \/>\n\t<meta name=\"twitter:data1\" content=\"2 minutes\" \/>\n<script type=\"application\/ld+json\" class=\"yoast-schema-graph\">{\"@context\":\"https:\/\/schema.org\",\"@graph\":[{\"@type\":\"WebPage\",\"@id\":\"https:\/\/etekrobotics.com.vn\/san-pham\/doc-ocr-tren-hop-sua\/\",\"url\":\"https:\/\/etekrobotics.com.vn\/san-pham\/doc-ocr-tren-hop-sua\/\",\"name\":\"\u0110\u1ecdc OCR tr\u00ean h\u1ed9p s\u1eefa - Etek\",\"isPartOf\":{\"@id\":\"https:\/\/etekrobotics.com.vn\/#website\"},\"datePublished\":\"2024-03-14T06:07:36+00:00\",\"dateModified\":\"2024-08-23T10:06:34+00:00\",\"breadcrumb\":{\"@id\":\"https:\/\/etekrobotics.com.vn\/san-pham\/doc-ocr-tren-hop-sua\/#breadcrumb\"},\"inLanguage\":\"en-US\",\"potentialAction\":[{\"@type\":\"ReadAction\",\"target\":[\"https:\/\/etekrobotics.com.vn\/san-pham\/doc-ocr-tren-hop-sua\/\"]}]},{\"@type\":\"BreadcrumbList\",\"@id\":\"https:\/\/etekrobotics.com.vn\/san-pham\/doc-ocr-tren-hop-sua\/#breadcrumb\",\"itemListElement\":[{\"@type\":\"ListItem\",\"position\":1,\"name\":\"Trang ch\u1ee7\",\"item\":\"https:\/\/etekrobotics.com.vn\/\"},{\"@type\":\"ListItem\",\"position\":2,\"name\":\"C\u1eeda h\u00e0ng\",\"item\":\"https:\/\/etekrobotics.com.vn\/cua-hang\/\"},{\"@type\":\"ListItem\",\"position\":3,\"name\":\"\u0110\u1ecdc OCR tr\u00ean h\u1ed9p s\u1eefa\"}]},{\"@type\":\"WebSite\",\"@id\":\"https:\/\/etekrobotics.com.vn\/#website\",\"url\":\"https:\/\/etekrobotics.com.vn\/\",\"name\":\"Etek\",\"description\":\"C\u00f4ng ty C\u1ed5 ph\u1ea7n Gi\u1ea3i ph\u00e1p T\u1ef1 \u0111\u1ed9ng h\u00f3a ETEK\",\"potentialAction\":[{\"@type\":\"SearchAction\",\"target\":{\"@type\":\"EntryPoint\",\"urlTemplate\":\"https:\/\/etekrobotics.com.vn\/?s={search_term_string}\"},\"query-input\":\"required name=search_term_string\"}],\"inLanguage\":\"en-US\"}]}<\/script>\n<!-- \/ Yoast SEO plugin. -->","yoast_head_json":{"title":"\u0110\u1ecdc OCR tr\u00ean h\u1ed9p s\u1eefa - Etek","robots":{"index":"index","follow":"follow","max-snippet":"max-snippet:-1","max-image-preview":"max-image-preview:large","max-video-preview":"max-video-preview:-1"},"canonical":"https:\/\/etekrobotics.com.vn\/en\/product\/doc-ocr-tren-hop-sua\/","og_locale":"en_US","og_type":"article","og_title":"\u0110\u1ecdc OCR tr\u00ean h\u1ed9p s\u1eefa - Etek","og_description":"Th\u00f4ng tin chung: V\u1ea5n \u0111\u1ec1: OCR b\u1ecb m\u1edd, in tr\u00ean n\u1ec1n kh\u00f3 \u0111\u1ecdc Y\u00eau c\u1ea7u t\u1ed1c \u0111\u1ed9 b\u0103ng t\u1ea3i cao Gi\u1ea3i ph\u00e1p: S\u1ea3n ph\u1ea9m di chuy\u1ec3n tr\u00ean b\u0103ng t\u1ea3i Camera th\u1ef1c hi\u1ec7n ch\u1ee5p v\u00e0 d\u00f9ng tool Read EL \u0111\u1ec3 \u0111\u1ecdc OCR D\u1eef li\u1ec7u \u0111\u01b0\u1ee3c g\u1eedi v\u1ec1 ph\u00f2ng \u0111i\u1ec1u khi\u1ec3n trung t\u00e2m L\u1ee3i \u00edch: D\u1ec5 d\u00e0ng [...]","og_url":"https:\/\/etekrobotics.com.vn\/en\/product\/doc-ocr-tren-hop-sua\/","og_site_name":"Etek","article_modified_time":"2024-08-23T10:06:34+00:00","og_image":[{"width":856,"height":553,"url":"https:\/\/etekrobotics.com.vn\/wp-content\/uploads\/2024\/03\/60.jpg","type":"image\/jpeg"}],"twitter_card":"summary_large_image","twitter_misc":{"Est. reading time":"2 minutes"},"schema":{"@context":"https:\/\/schema.org","@graph":[{"@type":"WebPage","@id":"https:\/\/etekrobotics.com.vn\/san-pham\/doc-ocr-tren-hop-sua\/","url":"https:\/\/etekrobotics.com.vn\/san-pham\/doc-ocr-tren-hop-sua\/","name":"\u0110\u1ecdc OCR tr\u00ean h\u1ed9p s\u1eefa - Etek","isPartOf":{"@id":"https:\/\/etekrobotics.com.vn\/#website"},"datePublished":"2024-03-14T06:07:36+00:00","dateModified":"2024-08-23T10:06:34+00:00","breadcrumb":{"@id":"https:\/\/etekrobotics.com.vn\/san-pham\/doc-ocr-tren-hop-sua\/#breadcrumb"},"inLanguage":"en-US","potentialAction":[{"@type":"ReadAction","target":["https:\/\/etekrobotics.com.vn\/san-pham\/doc-ocr-tren-hop-sua\/"]}]},{"@type":"BreadcrumbList","@id":"https:\/\/etekrobotics.com.vn\/san-pham\/doc-ocr-tren-hop-sua\/#breadcrumb","itemListElement":[{"@type":"ListItem","position":1,"name":"Trang ch\u1ee7","item":"https:\/\/etekrobotics.com.vn\/"},{"@type":"ListItem","position":2,"name":"C\u1eeda h\u00e0ng","item":"https:\/\/etekrobotics.com.vn\/cua-hang\/"},{"@type":"ListItem","position":3,"name":"\u0110\u1ecdc OCR tr\u00ean h\u1ed9p s\u1eefa"}]},{"@type":"WebSite","@id":"https:\/\/etekrobotics.com.vn\/#website","url":"https:\/\/etekrobotics.com.vn\/","name":"Etek","description":"C\u00f4ng ty C\u1ed5 ph\u1ea7n Gi\u1ea3i ph\u00e1p T\u1ef1 \u0111\u1ed9ng h\u00f3a ETEK","potentialAction":[{"@type":"SearchAction","target":{"@type":"EntryPoint","urlTemplate":"https:\/\/etekrobotics.com.vn\/?s={search_term_string}"},"query-input":"required name=search_term_string"}],"inLanguage":"en-US"}]}},"_links":{"self":[{"href":"https:\/\/etekrobotics.com.vn\/en\/wp-json\/wp\/v2\/product\/1726","targetHints":{"allow":["GET"]}}],"collection":[{"href":"https:\/\/etekrobotics.com.vn\/en\/wp-json\/wp\/v2\/product"}],"about":[{"href":"https:\/\/etekrobotics.com.vn\/en\/wp-json\/wp\/v2\/types\/product"}],"replies":[{"embeddable":true,"href":"https:\/\/etekrobotics.com.vn\/en\/wp-json\/wp\/v2\/comments?post=1726"}],"wp:featuredmedia":[{"embeddable":true,"href":"https:\/\/etekrobotics.com.vn\/en\/wp-json\/wp\/v2\/media\/1727"}],"wp:attachment":[{"href":"https:\/\/etekrobotics.com.vn\/en\/wp-json\/wp\/v2\/media?parent=1726"}],"wp:term":[{"taxonomy":"product_cat","embeddable":true,"href":"https:\/\/etekrobotics.com.vn\/en\/wp-json\/wp\/v2\/product_cat?post=1726"},{"taxonomy":"product_tag","embeddable":true,"href":"https:\/\/etekrobotics.com.vn\/en\/wp-json\/wp\/v2\/product_tag?post=1726"}],"curies":[{"name":"wp","href":"https:\/\/api.w.org\/{rel}","templated":true}]}}