{"id":1731,"date":"2024-03-14T06:15:12","date_gmt":"2024-03-14T06:15:12","guid":{"rendered":"https:\/\/etekrobotics.com.vn\/?post_type=product&#038;p=1731"},"modified":"2024-03-14T06:15:13","modified_gmt":"2024-03-14T06:15:13","slug":"kiem-tra-vi-tri-keo-dan-nhan-tren-hop-thuoc-la","status":"publish","type":"product","link":"https:\/\/etekrobotics.com.vn\/en\/product\/kiem-tra-vi-tri-keo-dan-nhan-tren-hop-thuoc-la\/","title":{"rendered":"Ki\u1ec3m tra v\u1ecb tr\u00ed keo d\u00e1n nh\u00e3n tr\u00ean h\u1ed9p thu\u1ed1c l\u00e1"},"content":{"rendered":"<h1><strong>Th\u00f4ng tin chung:<\/strong><\/h1>\n<h2><b>V\u1ea5n <\/b><b>\u0111\u1ec1<\/b><b>:<\/b><\/h2>\n<ul>\n<li>V\u1ecb tr\u00ed h\u1ea1t keo tr\u00ean b\u1ec1 m\u1eb7t h\u1ed9p kh\u00f4ng ch\u00ednh x\u00e1c g\u00e2y ra vi\u1ec7c d\u00e1n nh\u00e3n l\u1ec7ch<\/li>\n<\/ul>\n<h2><b>Gi\u1ea3i<\/b> <b>ph\u00e1p<\/b><b>: <\/b><\/h2>\n<ul>\n<li>S\u1ea3n ph\u1ea9m di chuy\u1ec3n tr\u00ean b\u0103ng t\u1ea3i<\/li>\n<li>Camera th\u1ef1c hi\u1ec7n ch\u1ee5p v\u00e0 d\u00f9ng tools geometry \u0111\u1ec3 x\u00e1c \u0111\u1ecbnh v\u1ecb tr\u00ed h\u1ea1t keo<\/li>\n<li>D\u1eef li\u1ec7u \u0111\u01b0\u1ee3c g\u1eedi v\u1ec1 c\u01a1 c\u1ea5u ch\u1ea5p h\u00e0nh \u0111\u1ec3 ph\u00e2n lo\u1ea1i s\u1ea3n ph\u1ea9m l\u1ed7i ra kh\u1ecfi b\u0103ng t\u1ea3i<\/li>\n<\/ul>\n<h2><b>L\u1ee3i<\/b> <b>\u00edch<\/b><b>:<\/b><\/h2>\n<ul>\n<li>\u0110\u1ea3m b\u1ea3o ch\u1ea5t l\u01b0\u1ee3ng s\u1ea3n ph\u1ea9m<\/li>\n<\/ul>\n<h1><strong>Th\u00f4ng s\u1ed1 tr\u1ea1m:\u00a0<\/strong><\/h1>\n<ol>\n<li>S\u1ea3n l\u01b0\u1ee3ng: 3 sp\/s<\/li>\n<li>\u0110i\u1ec1u ki\u1ec7n \u00e1nh s\u00e1ng: 300-1000 lux<\/li>\n<li>K\u00edch th\u01b0\u1edbc keo: 1-2 mm<\/li>\n<\/ol>\n<h1><strong>Thi\u1ebft b\u1ecb:<\/strong><\/h1>\n<ol>\n<li>B\u0103ng t\u1ea3i<\/li>\n<li>Camera 2D<\/li>\n<li>C\u00e1p ngu\u1ed3n<\/li>\n<li>C\u00e1p ethernet<\/li>\n<\/ol>\n<h1><strong>Th\u00f4ng s\u1ed1 thi\u1ebft b\u1ecb:<\/strong><\/h1>\n<h2><b>In-sight 7000 series:<\/b><\/h2>\n<ul>\n<li>\u0110\u1ed9 ph\u00e2n gi\u1ea3i: 5MP<\/li>\n<li>T\u1ed1c \u0111\u1ed9 ch\u1ee5p: 32 fps<\/li>\n<li>Ngu\u1ed3n: 24V<\/li>\n<li>Lens: Liquid lens, C-mount<\/li>\n<\/ul>\n<h1><img loading=\"lazy\" decoding=\"async\" class=\"size-full wp-image-1733 aligncenter\" src=\"https:\/\/etekrobotics.com.vn\/wp-content\/uploads\/2024\/03\/65.jpg\" alt=\"\" width=\"301\" height=\"219\" srcset=\"https:\/\/etekrobotics.com.vn\/wp-content\/uploads\/2024\/03\/65.jpg 301w, https:\/\/etekrobotics.com.vn\/wp-content\/uploads\/2024\/03\/65-16x12.jpg 16w\" sizes=\"auto, (max-width: 301px) 100vw, 301px\" \/><\/h1>\n<h1><strong>Ng\u00e0nh:<\/strong><\/h1>\n<ul>\n<li>Thu\u1ed1c l\u00e1<\/li>\n<li>Th\u1ef1c ph\u1ea9m<\/li>\n<li>\u0110\u1ed3 u\u1ed1ng<\/li>\n<\/ul>\n<h1><strong>S\u1ea3n ph\u1ea9m:<\/strong><\/h1>\n<p><img loading=\"lazy\" decoding=\"async\" class=\"alignnone  wp-image-1734\" src=\"https:\/\/etekrobotics.com.vn\/wp-content\/uploads\/2024\/03\/66.jpg\" alt=\"\" width=\"243\" height=\"179\" srcset=\"https:\/\/etekrobotics.com.vn\/wp-content\/uploads\/2024\/03\/66.jpg 301w, https:\/\/etekrobotics.com.vn\/wp-content\/uploads\/2024\/03\/66-16x12.jpg 16w\" sizes=\"auto, (max-width: 243px) 100vw, 243px\" \/> <img loading=\"lazy\" decoding=\"async\" class=\"alignnone  wp-image-1735\" src=\"https:\/\/etekrobotics.com.vn\/wp-content\/uploads\/2024\/03\/67.jpg\" alt=\"\" width=\"244\" height=\"178\" srcset=\"https:\/\/etekrobotics.com.vn\/wp-content\/uploads\/2024\/03\/67.jpg 301w, https:\/\/etekrobotics.com.vn\/wp-content\/uploads\/2024\/03\/67-16x12.jpg 16w\" sizes=\"auto, (max-width: 244px) 100vw, 244px\" \/><\/p>","protected":false},"excerpt":{"rendered":"<p>Th\u00f4ng tin chung: V\u1ea5n \u0111\u1ec1: V\u1ecb tr\u00ed h\u1ea1t keo tr\u00ean b\u1ec1 m\u1eb7t h\u1ed9p kh\u00f4ng ch\u00ednh x\u00e1c g\u00e2y ra vi\u1ec7c d\u00e1n nh\u00e3n l\u1ec7ch Gi\u1ea3i ph\u00e1p: S\u1ea3n ph\u1ea9m di chuy\u1ec3n tr\u00ean b\u0103ng t\u1ea3i Camera th\u1ef1c hi\u1ec7n ch\u1ee5p v\u00e0 d\u00f9ng tools geometry \u0111\u1ec3 x\u00e1c \u0111\u1ecbnh v\u1ecb tr\u00ed h\u1ea1t keo D\u1eef li\u1ec7u \u0111\u01b0\u1ee3c g\u1eedi v\u1ec1 c\u01a1 c\u1ea5u ch\u1ea5p h\u00e0nh [&#8230;]","protected":false},"featured_media":1732,"comment_status":"open","ping_status":"closed","template":"","meta":[],"product_cat":[131,181,179],"product_tag":[],"class_list":["post-1731","product","type-product","status-publish","has-post-thumbnail","hentry","product_cat-hang-tieu-dung-dong-goi","product_cat-kiem-tra-vi-tri-keo-dan-nhan-tren-hop-thuoc-la","product_cat-truy-xuat-thong-tin-san-pham-hang-tieu-dung-dong-goi"],"yoast_head":"<!-- This site is optimized with the Yoast SEO plugin v21.6 - https:\/\/yoast.com\/wordpress\/plugins\/seo\/ -->\n<title>Ki\u1ec3m tra v\u1ecb tr\u00ed keo d\u00e1n nh\u00e3n tr\u00ean h\u1ed9p thu\u1ed1c l\u00e1 - Etek<\/title>\n<meta name=\"robots\" content=\"index, follow, max-snippet:-1, max-image-preview:large, max-video-preview:-1\" \/>\n<link rel=\"canonical\" href=\"https:\/\/etekrobotics.com.vn\/en\/product\/kiem-tra-vi-tri-keo-dan-nhan-tren-hop-thuoc-la\/\" \/>\n<meta property=\"og:locale\" content=\"en_US\" \/>\n<meta property=\"og:type\" content=\"article\" \/>\n<meta property=\"og:title\" content=\"Ki\u1ec3m tra v\u1ecb tr\u00ed keo d\u00e1n nh\u00e3n tr\u00ean h\u1ed9p thu\u1ed1c l\u00e1 - Etek\" \/>\n<meta property=\"og:description\" content=\"Th\u00f4ng tin chung: V\u1ea5n \u0111\u1ec1: V\u1ecb tr\u00ed h\u1ea1t keo tr\u00ean b\u1ec1 m\u1eb7t h\u1ed9p kh\u00f4ng ch\u00ednh x\u00e1c g\u00e2y ra vi\u1ec7c d\u00e1n nh\u00e3n l\u1ec7ch Gi\u1ea3i ph\u00e1p: S\u1ea3n ph\u1ea9m di chuy\u1ec3n tr\u00ean b\u0103ng t\u1ea3i Camera th\u1ef1c hi\u1ec7n ch\u1ee5p v\u00e0 d\u00f9ng tools geometry \u0111\u1ec3 x\u00e1c \u0111\u1ecbnh v\u1ecb tr\u00ed h\u1ea1t keo D\u1eef li\u1ec7u \u0111\u01b0\u1ee3c g\u1eedi v\u1ec1 c\u01a1 c\u1ea5u ch\u1ea5p h\u00e0nh [...]\" \/>\n<meta property=\"og:url\" content=\"https:\/\/etekrobotics.com.vn\/en\/product\/kiem-tra-vi-tri-keo-dan-nhan-tren-hop-thuoc-la\/\" \/>\n<meta property=\"og:site_name\" content=\"Etek\" \/>\n<meta property=\"article:modified_time\" content=\"2024-03-14T06:15:13+00:00\" \/>\n<meta property=\"og:image\" content=\"https:\/\/etekrobotics.com.vn\/wp-content\/uploads\/2024\/03\/64.jpg\" \/>\n\t<meta property=\"og:image:width\" content=\"856\" \/>\n\t<meta property=\"og:image:height\" content=\"553\" \/>\n\t<meta property=\"og:image:type\" content=\"image\/jpeg\" \/>\n<meta name=\"twitter:card\" content=\"summary_large_image\" \/>\n<meta name=\"twitter:label1\" content=\"Est. reading time\" \/>\n\t<meta name=\"twitter:data1\" content=\"2 minutes\" \/>\n<script type=\"application\/ld+json\" class=\"yoast-schema-graph\">{\"@context\":\"https:\/\/schema.org\",\"@graph\":[{\"@type\":\"WebPage\",\"@id\":\"https:\/\/etekrobotics.com.vn\/san-pham\/kiem-tra-vi-tri-keo-dan-nhan-tren-hop-thuoc-la\/\",\"url\":\"https:\/\/etekrobotics.com.vn\/san-pham\/kiem-tra-vi-tri-keo-dan-nhan-tren-hop-thuoc-la\/\",\"name\":\"Ki\u1ec3m tra v\u1ecb tr\u00ed keo d\u00e1n nh\u00e3n tr\u00ean h\u1ed9p thu\u1ed1c l\u00e1 - Etek\",\"isPartOf\":{\"@id\":\"https:\/\/etekrobotics.com.vn\/#website\"},\"datePublished\":\"2024-03-14T06:15:12+00:00\",\"dateModified\":\"2024-03-14T06:15:13+00:00\",\"breadcrumb\":{\"@id\":\"https:\/\/etekrobotics.com.vn\/san-pham\/kiem-tra-vi-tri-keo-dan-nhan-tren-hop-thuoc-la\/#breadcrumb\"},\"inLanguage\":\"en-US\",\"potentialAction\":[{\"@type\":\"ReadAction\",\"target\":[\"https:\/\/etekrobotics.com.vn\/san-pham\/kiem-tra-vi-tri-keo-dan-nhan-tren-hop-thuoc-la\/\"]}]},{\"@type\":\"BreadcrumbList\",\"@id\":\"https:\/\/etekrobotics.com.vn\/san-pham\/kiem-tra-vi-tri-keo-dan-nhan-tren-hop-thuoc-la\/#breadcrumb\",\"itemListElement\":[{\"@type\":\"ListItem\",\"position\":1,\"name\":\"Trang ch\u1ee7\",\"item\":\"https:\/\/etekrobotics.com.vn\/\"},{\"@type\":\"ListItem\",\"position\":2,\"name\":\"C\u1eeda h\u00e0ng\",\"item\":\"https:\/\/etekrobotics.com.vn\/cua-hang\/\"},{\"@type\":\"ListItem\",\"position\":3,\"name\":\"Ki\u1ec3m tra v\u1ecb tr\u00ed keo d\u00e1n nh\u00e3n tr\u00ean h\u1ed9p thu\u1ed1c l\u00e1\"}]},{\"@type\":\"WebSite\",\"@id\":\"https:\/\/etekrobotics.com.vn\/#website\",\"url\":\"https:\/\/etekrobotics.com.vn\/\",\"name\":\"Etek\",\"description\":\"C\u00f4ng ty C\u1ed5 ph\u1ea7n Gi\u1ea3i ph\u00e1p T\u1ef1 \u0111\u1ed9ng h\u00f3a ETEK\",\"potentialAction\":[{\"@type\":\"SearchAction\",\"target\":{\"@type\":\"EntryPoint\",\"urlTemplate\":\"https:\/\/etekrobotics.com.vn\/?s={search_term_string}\"},\"query-input\":\"required name=search_term_string\"}],\"inLanguage\":\"en-US\"}]}<\/script>\n<!-- \/ Yoast SEO plugin. -->","yoast_head_json":{"title":"Ki\u1ec3m tra v\u1ecb tr\u00ed keo d\u00e1n nh\u00e3n tr\u00ean h\u1ed9p thu\u1ed1c l\u00e1 - Etek","robots":{"index":"index","follow":"follow","max-snippet":"max-snippet:-1","max-image-preview":"max-image-preview:large","max-video-preview":"max-video-preview:-1"},"canonical":"https:\/\/etekrobotics.com.vn\/en\/product\/kiem-tra-vi-tri-keo-dan-nhan-tren-hop-thuoc-la\/","og_locale":"en_US","og_type":"article","og_title":"Ki\u1ec3m tra v\u1ecb tr\u00ed keo d\u00e1n nh\u00e3n tr\u00ean h\u1ed9p thu\u1ed1c l\u00e1 - Etek","og_description":"Th\u00f4ng tin chung: V\u1ea5n \u0111\u1ec1: V\u1ecb tr\u00ed h\u1ea1t keo tr\u00ean b\u1ec1 m\u1eb7t h\u1ed9p kh\u00f4ng ch\u00ednh x\u00e1c g\u00e2y ra vi\u1ec7c d\u00e1n nh\u00e3n l\u1ec7ch Gi\u1ea3i ph\u00e1p: S\u1ea3n ph\u1ea9m di chuy\u1ec3n tr\u00ean b\u0103ng t\u1ea3i Camera th\u1ef1c hi\u1ec7n ch\u1ee5p v\u00e0 d\u00f9ng tools geometry \u0111\u1ec3 x\u00e1c \u0111\u1ecbnh v\u1ecb tr\u00ed h\u1ea1t keo D\u1eef li\u1ec7u \u0111\u01b0\u1ee3c g\u1eedi v\u1ec1 c\u01a1 c\u1ea5u ch\u1ea5p h\u00e0nh [...]","og_url":"https:\/\/etekrobotics.com.vn\/en\/product\/kiem-tra-vi-tri-keo-dan-nhan-tren-hop-thuoc-la\/","og_site_name":"Etek","article_modified_time":"2024-03-14T06:15:13+00:00","og_image":[{"width":856,"height":553,"url":"https:\/\/etekrobotics.com.vn\/wp-content\/uploads\/2024\/03\/64.jpg","type":"image\/jpeg"}],"twitter_card":"summary_large_image","twitter_misc":{"Est. reading time":"2 minutes"},"schema":{"@context":"https:\/\/schema.org","@graph":[{"@type":"WebPage","@id":"https:\/\/etekrobotics.com.vn\/san-pham\/kiem-tra-vi-tri-keo-dan-nhan-tren-hop-thuoc-la\/","url":"https:\/\/etekrobotics.com.vn\/san-pham\/kiem-tra-vi-tri-keo-dan-nhan-tren-hop-thuoc-la\/","name":"Ki\u1ec3m tra v\u1ecb tr\u00ed keo d\u00e1n nh\u00e3n tr\u00ean h\u1ed9p thu\u1ed1c l\u00e1 - Etek","isPartOf":{"@id":"https:\/\/etekrobotics.com.vn\/#website"},"datePublished":"2024-03-14T06:15:12+00:00","dateModified":"2024-03-14T06:15:13+00:00","breadcrumb":{"@id":"https:\/\/etekrobotics.com.vn\/san-pham\/kiem-tra-vi-tri-keo-dan-nhan-tren-hop-thuoc-la\/#breadcrumb"},"inLanguage":"en-US","potentialAction":[{"@type":"ReadAction","target":["https:\/\/etekrobotics.com.vn\/san-pham\/kiem-tra-vi-tri-keo-dan-nhan-tren-hop-thuoc-la\/"]}]},{"@type":"BreadcrumbList","@id":"https:\/\/etekrobotics.com.vn\/san-pham\/kiem-tra-vi-tri-keo-dan-nhan-tren-hop-thuoc-la\/#breadcrumb","itemListElement":[{"@type":"ListItem","position":1,"name":"Trang ch\u1ee7","item":"https:\/\/etekrobotics.com.vn\/"},{"@type":"ListItem","position":2,"name":"C\u1eeda h\u00e0ng","item":"https:\/\/etekrobotics.com.vn\/cua-hang\/"},{"@type":"ListItem","position":3,"name":"Ki\u1ec3m tra v\u1ecb tr\u00ed keo d\u00e1n nh\u00e3n tr\u00ean h\u1ed9p thu\u1ed1c l\u00e1"}]},{"@type":"WebSite","@id":"https:\/\/etekrobotics.com.vn\/#website","url":"https:\/\/etekrobotics.com.vn\/","name":"Etek","description":"C\u00f4ng ty C\u1ed5 ph\u1ea7n Gi\u1ea3i ph\u00e1p T\u1ef1 \u0111\u1ed9ng h\u00f3a ETEK","potentialAction":[{"@type":"SearchAction","target":{"@type":"EntryPoint","urlTemplate":"https:\/\/etekrobotics.com.vn\/?s={search_term_string}"},"query-input":"required name=search_term_string"}],"inLanguage":"en-US"}]}},"_links":{"self":[{"href":"https:\/\/etekrobotics.com.vn\/en\/wp-json\/wp\/v2\/product\/1731","targetHints":{"allow":["GET"]}}],"collection":[{"href":"https:\/\/etekrobotics.com.vn\/en\/wp-json\/wp\/v2\/product"}],"about":[{"href":"https:\/\/etekrobotics.com.vn\/en\/wp-json\/wp\/v2\/types\/product"}],"replies":[{"embeddable":true,"href":"https:\/\/etekrobotics.com.vn\/en\/wp-json\/wp\/v2\/comments?post=1731"}],"wp:featuredmedia":[{"embeddable":true,"href":"https:\/\/etekrobotics.com.vn\/en\/wp-json\/wp\/v2\/media\/1732"}],"wp:attachment":[{"href":"https:\/\/etekrobotics.com.vn\/en\/wp-json\/wp\/v2\/media?parent=1731"}],"wp:term":[{"taxonomy":"product_cat","embeddable":true,"href":"https:\/\/etekrobotics.com.vn\/en\/wp-json\/wp\/v2\/product_cat?post=1731"},{"taxonomy":"product_tag","embeddable":true,"href":"https:\/\/etekrobotics.com.vn\/en\/wp-json\/wp\/v2\/product_tag?post=1731"}],"curies":[{"name":"wp","href":"https:\/\/api.w.org\/{rel}","templated":true}]}}