{"id":1736,"date":"2024-03-14T06:20:42","date_gmt":"2024-03-14T06:20:42","guid":{"rendered":"https:\/\/etekrobotics.com.vn\/?post_type=product&#038;p=1736"},"modified":"2024-03-14T06:20:44","modified_gmt":"2024-03-14T06:20:44","slug":"giai-phap-in-va-doc-code","status":"publish","type":"product","link":"https:\/\/etekrobotics.com.vn\/en\/product\/giai-phap-in-va-doc-code\/","title":{"rendered":"Gi\u1ea3i Ph\u00e1p In V\u00e0 \u0110\u1ecdc Code"},"content":{"rendered":"<h1><strong>Th\u00f4ng tin chung:<\/strong><\/h1>\n<h2><b>V\u1ea5n <\/b><b>\u0111\u1ec1<\/b><b>: <\/b><\/h2>\n<ul>\n<li>Code in ra b\u1ecb m\u1edd nh\u00f2e kh\u00f4ng \u0111\u1ea3m b\u1ea3o ch\u1ea5t l\u01b0\u1ee3ng<\/li>\n<\/ul>\n<h2><b>Gi\u1ea3i<\/b> <b>ph\u00e1p<\/b><b>:<\/b><\/h2>\n<ul>\n<li>S\u1ea3n ph\u1ea9m di chuy\u1ec3n tr\u00ean b\u0103ng t\u1ea3i<\/li>\n<li>M\u00e1y in th\u1ef1c hi\u1ec7n in barcode, OCR l\u00ean s\u1ea3n ph\u1ea9m<\/li>\n<li>Camera ch\u1ee5p v\u00e0 x\u00e1c minh c\u00e1c s\u1ea3n ph\u1ea9m c\u00f3 code l\u1ed7i<\/li>\n<li>C\u01a1 c\u1ea5u ch\u1ea5p h\u00e0nh lo\u1ea1i b\u1ecf s\u1ea3n ph\u1ea9m l\u1ed7i<\/li>\n<\/ul>\n<h2><strong>L\u1ee3i \u00edch: <\/strong><\/h2>\n<ul>\n<li>\u0110\u1ea3m b\u1ea3o code kh\u00f4ng b\u1ecb l\u1ed7i<\/li>\n<li>Gi\u1ea3m thi\u1ec3u vi\u1ec7c l\u00e0m l\u1ea1i s\u1ea3n ph\u1ea9m<\/li>\n<\/ul>\n<h1><strong>Th\u00f4ng s\u1ed1 tr\u1ea1m:<\/strong><\/h1>\n<ol>\n<li>S\u1ea3n l\u01b0\u1ee3ng: 8 sp\/s<\/li>\n<li>\u0110i\u1ec1u ki\u1ec7n \u00e1nh s\u00e1ng: 300-1000 lux<\/li>\n<li>K\u00edch th\u01b0\u1edbc code: 3mm-20mm<\/li>\n<li>Giao th\u1ee9c truy\u1ec1n th\u00f4ng: RS 232, Ethernet \u2026<\/li>\n<\/ol>\n<h1><strong>Thi\u1ebft b\u1ecb:<\/strong><\/h1>\n<ol>\n<li>M\u00e1y in<\/li>\n<li>B\u0103ng t\u1ea3i<\/li>\n<li>Camera 2D<\/li>\n<li>C\u00e1p ngu\u1ed3n, Ethernet<\/li>\n<li>C\u01a1 c\u1ea5u ch\u1ea5p h\u00e0nh<\/li>\n<\/ol>\n<h1><strong>Th\u00f4ng s\u1ed1 thi\u1ebft b\u1ecb:<\/strong><\/h1>\n<h2><b>DataMan<\/b><b> 260 series:<\/b><\/h2>\n<ul>\n<li>T\u1ed1c \u0111\u1ed9 ch\u1ee5p: 60 fps<\/li>\n<li>\u0110\u1ed9 ph\u00e2n gi\u1ea3i: 0.4M<\/li>\n<li>T\u1ec9 l\u1ec7 gi\u1ea3i m\u00e3: 45 code\/s<\/li>\n<li>Lens: Liquid Lens<\/li>\n<li>Ngu\u1ed3n: 24V<\/li>\n<\/ul>\n<h1><img loading=\"lazy\" decoding=\"async\" class=\"size-full wp-image-1738 aligncenter\" src=\"https:\/\/etekrobotics.com.vn\/wp-content\/uploads\/2024\/03\/69.jpg\" alt=\"\" width=\"301\" height=\"219\" srcset=\"https:\/\/etekrobotics.com.vn\/wp-content\/uploads\/2024\/03\/69.jpg 301w, https:\/\/etekrobotics.com.vn\/wp-content\/uploads\/2024\/03\/69-16x12.jpg 16w\" sizes=\"auto, (max-width: 301px) 100vw, 301px\" \/><\/h1>\n<h1><strong>Ng\u00e0nh:<\/strong><\/h1>\n<ul>\n<li>Th\u1ef1c ph\u1ea9m<\/li>\n<li>\u0110\u1ed3 u\u1ed1ng<\/li>\n<li>Y t\u1ebf<\/li>\n<li>Thu\u1ed1c l\u00e1<\/li>\n<\/ul>\n<h1><strong>S\u1ea3n ph\u1ea9m:<\/strong><\/h1>\n<p><img loading=\"lazy\" decoding=\"async\" class=\"alignnone  wp-image-1739\" src=\"https:\/\/etekrobotics.com.vn\/wp-content\/uploads\/2024\/03\/70.jpg\" alt=\"\" width=\"230\" height=\"169\" srcset=\"https:\/\/etekrobotics.com.vn\/wp-content\/uploads\/2024\/03\/70.jpg 301w, https:\/\/etekrobotics.com.vn\/wp-content\/uploads\/2024\/03\/70-16x12.jpg 16w\" sizes=\"auto, (max-width: 230px) 100vw, 230px\" \/> <img loading=\"lazy\" decoding=\"async\" class=\"alignnone  wp-image-1740\" src=\"https:\/\/etekrobotics.com.vn\/wp-content\/uploads\/2024\/03\/71.jpg\" alt=\"\" width=\"229\" height=\"167\" srcset=\"https:\/\/etekrobotics.com.vn\/wp-content\/uploads\/2024\/03\/71.jpg 301w, https:\/\/etekrobotics.com.vn\/wp-content\/uploads\/2024\/03\/71-16x12.jpg 16w\" sizes=\"auto, (max-width: 229px) 100vw, 229px\" \/><\/p>","protected":false},"excerpt":{"rendered":"<p>Th\u00f4ng tin chung: V\u1ea5n \u0111\u1ec1: Code in ra b\u1ecb m\u1edd nh\u00f2e kh\u00f4ng \u0111\u1ea3m b\u1ea3o ch\u1ea5t l\u01b0\u1ee3ng Gi\u1ea3i ph\u00e1p: S\u1ea3n ph\u1ea9m di chuy\u1ec3n tr\u00ean b\u0103ng t\u1ea3i M\u00e1y in th\u1ef1c hi\u1ec7n in barcode, OCR l\u00ean s\u1ea3n ph\u1ea9m Camera ch\u1ee5p v\u00e0 x\u00e1c minh c\u00e1c s\u1ea3n ph\u1ea9m c\u00f3 code l\u1ed7i C\u01a1 c\u1ea5u ch\u1ea5p h\u00e0nh lo\u1ea1i b\u1ecf s\u1ea3n ph\u1ea9m l\u1ed7i [&#8230;]","protected":false},"featured_media":1737,"comment_status":"open","ping_status":"closed","template":"","meta":[],"product_cat":[192,131,132],"product_tag":[],"class_list":["post-1736","product","type-product","status-publish","has-post-thumbnail","hentry","product_cat-giai-phap-in-va-doc-code","product_cat-hang-tieu-dung-dong-goi","product_cat-kiem-tra-ngoai-quan-hang-tieu-dung-dong-goi"],"yoast_head":"<!-- This site is optimized with the Yoast SEO plugin v21.6 - https:\/\/yoast.com\/wordpress\/plugins\/seo\/ -->\n<title>Gi\u1ea3i Ph\u00e1p In V\u00e0 \u0110\u1ecdc Code - Etek<\/title>\n<meta name=\"robots\" content=\"index, follow, max-snippet:-1, max-image-preview:large, max-video-preview:-1\" \/>\n<link rel=\"canonical\" href=\"https:\/\/etekrobotics.com.vn\/en\/product\/giai-phap-in-va-doc-code\/\" \/>\n<meta property=\"og:locale\" content=\"en_US\" \/>\n<meta property=\"og:type\" content=\"article\" \/>\n<meta property=\"og:title\" content=\"Gi\u1ea3i Ph\u00e1p In V\u00e0 \u0110\u1ecdc Code - Etek\" \/>\n<meta property=\"og:description\" content=\"Th\u00f4ng tin chung: V\u1ea5n \u0111\u1ec1: Code in ra b\u1ecb m\u1edd nh\u00f2e kh\u00f4ng \u0111\u1ea3m b\u1ea3o ch\u1ea5t l\u01b0\u1ee3ng Gi\u1ea3i ph\u00e1p: S\u1ea3n ph\u1ea9m di chuy\u1ec3n tr\u00ean b\u0103ng t\u1ea3i M\u00e1y in th\u1ef1c hi\u1ec7n in barcode, OCR l\u00ean s\u1ea3n ph\u1ea9m Camera ch\u1ee5p v\u00e0 x\u00e1c minh c\u00e1c s\u1ea3n ph\u1ea9m c\u00f3 code l\u1ed7i C\u01a1 c\u1ea5u ch\u1ea5p h\u00e0nh lo\u1ea1i b\u1ecf s\u1ea3n ph\u1ea9m l\u1ed7i [...]\" \/>\n<meta property=\"og:url\" content=\"https:\/\/etekrobotics.com.vn\/en\/product\/giai-phap-in-va-doc-code\/\" \/>\n<meta property=\"og:site_name\" content=\"Etek\" \/>\n<meta property=\"article:modified_time\" content=\"2024-03-14T06:20:44+00:00\" \/>\n<meta property=\"og:image\" content=\"https:\/\/etekrobotics.com.vn\/wp-content\/uploads\/2024\/03\/68.jpg\" \/>\n\t<meta property=\"og:image:width\" content=\"856\" \/>\n\t<meta property=\"og:image:height\" content=\"553\" \/>\n\t<meta property=\"og:image:type\" content=\"image\/jpeg\" \/>\n<meta name=\"twitter:card\" content=\"summary_large_image\" \/>\n<meta name=\"twitter:label1\" content=\"Est. reading time\" \/>\n\t<meta name=\"twitter:data1\" content=\"2 minutes\" \/>\n<script type=\"application\/ld+json\" class=\"yoast-schema-graph\">{\"@context\":\"https:\/\/schema.org\",\"@graph\":[{\"@type\":\"WebPage\",\"@id\":\"https:\/\/etekrobotics.com.vn\/san-pham\/giai-phap-in-va-doc-code\/\",\"url\":\"https:\/\/etekrobotics.com.vn\/san-pham\/giai-phap-in-va-doc-code\/\",\"name\":\"Gi\u1ea3i Ph\u00e1p In V\u00e0 \u0110\u1ecdc Code - Etek\",\"isPartOf\":{\"@id\":\"https:\/\/etekrobotics.com.vn\/#website\"},\"datePublished\":\"2024-03-14T06:20:42+00:00\",\"dateModified\":\"2024-03-14T06:20:44+00:00\",\"breadcrumb\":{\"@id\":\"https:\/\/etekrobotics.com.vn\/san-pham\/giai-phap-in-va-doc-code\/#breadcrumb\"},\"inLanguage\":\"en-US\",\"potentialAction\":[{\"@type\":\"ReadAction\",\"target\":[\"https:\/\/etekrobotics.com.vn\/san-pham\/giai-phap-in-va-doc-code\/\"]}]},{\"@type\":\"BreadcrumbList\",\"@id\":\"https:\/\/etekrobotics.com.vn\/san-pham\/giai-phap-in-va-doc-code\/#breadcrumb\",\"itemListElement\":[{\"@type\":\"ListItem\",\"position\":1,\"name\":\"Trang ch\u1ee7\",\"item\":\"https:\/\/etekrobotics.com.vn\/\"},{\"@type\":\"ListItem\",\"position\":2,\"name\":\"C\u1eeda h\u00e0ng\",\"item\":\"https:\/\/etekrobotics.com.vn\/cua-hang\/\"},{\"@type\":\"ListItem\",\"position\":3,\"name\":\"Gi\u1ea3i Ph\u00e1p In V\u00e0 \u0110\u1ecdc Code\"}]},{\"@type\":\"WebSite\",\"@id\":\"https:\/\/etekrobotics.com.vn\/#website\",\"url\":\"https:\/\/etekrobotics.com.vn\/\",\"name\":\"Etek\",\"description\":\"C\u00f4ng ty C\u1ed5 ph\u1ea7n Gi\u1ea3i ph\u00e1p T\u1ef1 \u0111\u1ed9ng h\u00f3a ETEK\",\"potentialAction\":[{\"@type\":\"SearchAction\",\"target\":{\"@type\":\"EntryPoint\",\"urlTemplate\":\"https:\/\/etekrobotics.com.vn\/?s={search_term_string}\"},\"query-input\":\"required name=search_term_string\"}],\"inLanguage\":\"en-US\"}]}<\/script>\n<!-- \/ Yoast SEO plugin. -->","yoast_head_json":{"title":"Gi\u1ea3i Ph\u00e1p In V\u00e0 \u0110\u1ecdc Code - Etek","robots":{"index":"index","follow":"follow","max-snippet":"max-snippet:-1","max-image-preview":"max-image-preview:large","max-video-preview":"max-video-preview:-1"},"canonical":"https:\/\/etekrobotics.com.vn\/en\/product\/giai-phap-in-va-doc-code\/","og_locale":"en_US","og_type":"article","og_title":"Gi\u1ea3i Ph\u00e1p In V\u00e0 \u0110\u1ecdc Code - Etek","og_description":"Th\u00f4ng tin chung: V\u1ea5n \u0111\u1ec1: Code in ra b\u1ecb m\u1edd nh\u00f2e kh\u00f4ng \u0111\u1ea3m b\u1ea3o ch\u1ea5t l\u01b0\u1ee3ng Gi\u1ea3i ph\u00e1p: S\u1ea3n ph\u1ea9m di chuy\u1ec3n tr\u00ean b\u0103ng t\u1ea3i M\u00e1y in th\u1ef1c hi\u1ec7n in barcode, OCR l\u00ean s\u1ea3n ph\u1ea9m Camera ch\u1ee5p v\u00e0 x\u00e1c minh c\u00e1c s\u1ea3n ph\u1ea9m c\u00f3 code l\u1ed7i C\u01a1 c\u1ea5u ch\u1ea5p h\u00e0nh lo\u1ea1i b\u1ecf s\u1ea3n ph\u1ea9m l\u1ed7i [...]","og_url":"https:\/\/etekrobotics.com.vn\/en\/product\/giai-phap-in-va-doc-code\/","og_site_name":"Etek","article_modified_time":"2024-03-14T06:20:44+00:00","og_image":[{"width":856,"height":553,"url":"https:\/\/etekrobotics.com.vn\/wp-content\/uploads\/2024\/03\/68.jpg","type":"image\/jpeg"}],"twitter_card":"summary_large_image","twitter_misc":{"Est. reading time":"2 minutes"},"schema":{"@context":"https:\/\/schema.org","@graph":[{"@type":"WebPage","@id":"https:\/\/etekrobotics.com.vn\/san-pham\/giai-phap-in-va-doc-code\/","url":"https:\/\/etekrobotics.com.vn\/san-pham\/giai-phap-in-va-doc-code\/","name":"Gi\u1ea3i Ph\u00e1p In V\u00e0 \u0110\u1ecdc Code - Etek","isPartOf":{"@id":"https:\/\/etekrobotics.com.vn\/#website"},"datePublished":"2024-03-14T06:20:42+00:00","dateModified":"2024-03-14T06:20:44+00:00","breadcrumb":{"@id":"https:\/\/etekrobotics.com.vn\/san-pham\/giai-phap-in-va-doc-code\/#breadcrumb"},"inLanguage":"en-US","potentialAction":[{"@type":"ReadAction","target":["https:\/\/etekrobotics.com.vn\/san-pham\/giai-phap-in-va-doc-code\/"]}]},{"@type":"BreadcrumbList","@id":"https:\/\/etekrobotics.com.vn\/san-pham\/giai-phap-in-va-doc-code\/#breadcrumb","itemListElement":[{"@type":"ListItem","position":1,"name":"Trang ch\u1ee7","item":"https:\/\/etekrobotics.com.vn\/"},{"@type":"ListItem","position":2,"name":"C\u1eeda h\u00e0ng","item":"https:\/\/etekrobotics.com.vn\/cua-hang\/"},{"@type":"ListItem","position":3,"name":"Gi\u1ea3i Ph\u00e1p In V\u00e0 \u0110\u1ecdc Code"}]},{"@type":"WebSite","@id":"https:\/\/etekrobotics.com.vn\/#website","url":"https:\/\/etekrobotics.com.vn\/","name":"Etek","description":"C\u00f4ng ty C\u1ed5 ph\u1ea7n Gi\u1ea3i ph\u00e1p T\u1ef1 \u0111\u1ed9ng h\u00f3a ETEK","potentialAction":[{"@type":"SearchAction","target":{"@type":"EntryPoint","urlTemplate":"https:\/\/etekrobotics.com.vn\/?s={search_term_string}"},"query-input":"required name=search_term_string"}],"inLanguage":"en-US"}]}},"_links":{"self":[{"href":"https:\/\/etekrobotics.com.vn\/en\/wp-json\/wp\/v2\/product\/1736","targetHints":{"allow":["GET"]}}],"collection":[{"href":"https:\/\/etekrobotics.com.vn\/en\/wp-json\/wp\/v2\/product"}],"about":[{"href":"https:\/\/etekrobotics.com.vn\/en\/wp-json\/wp\/v2\/types\/product"}],"replies":[{"embeddable":true,"href":"https:\/\/etekrobotics.com.vn\/en\/wp-json\/wp\/v2\/comments?post=1736"}],"wp:featuredmedia":[{"embeddable":true,"href":"https:\/\/etekrobotics.com.vn\/en\/wp-json\/wp\/v2\/media\/1737"}],"wp:attachment":[{"href":"https:\/\/etekrobotics.com.vn\/en\/wp-json\/wp\/v2\/media?parent=1736"}],"wp:term":[{"taxonomy":"product_cat","embeddable":true,"href":"https:\/\/etekrobotics.com.vn\/en\/wp-json\/wp\/v2\/product_cat?post=1736"},{"taxonomy":"product_tag","embeddable":true,"href":"https:\/\/etekrobotics.com.vn\/en\/wp-json\/wp\/v2\/product_tag?post=1736"}],"curies":[{"name":"wp","href":"https:\/\/api.w.org\/{rel}","templated":true}]}}