{"id":1741,"date":"2024-03-14T06:31:44","date_gmt":"2024-03-14T06:31:44","guid":{"rendered":"https:\/\/etekrobotics.com.vn\/?post_type=product&#038;p=1741"},"modified":"2024-03-14T06:31:45","modified_gmt":"2024-03-14T06:31:45","slug":"kiem-tra-chat-luong-nhan-cua-pin","status":"publish","type":"product","link":"https:\/\/etekrobotics.com.vn\/en\/product\/kiem-tra-chat-luong-nhan-cua-pin\/","title":{"rendered":"Ki\u1ec3m Tra Ch\u1ea5t L\u01b0\u1ee3ng Nh\u00e3n C\u1ee7a Pin"},"content":{"rendered":"<h1><strong>Th\u00f4ng tin chung:<\/strong><\/h1>\n<h2><b>V\u1ea5n <\/b><b>\u0111\u1ec1<\/b><b>: <\/b><\/h2>\n<ul>\n<li>Barcode in b\u1ecb m\u1edd, kh\u00f4ng \u0111\u1ea3m b\u1ea3o ch\u1ea5t l\u01b0\u1ee3ng<\/li>\n<li>Nh\u00e3n c\u1ee7a pin b\u1ecb r\u00e1ch, x\u01b0\u1edbc\u2026.<\/li>\n<\/ul>\n<h2><b>Quy<\/b> <b>tr\u00ecnh<\/b><b>:<\/b><\/h2>\n<ul>\n<li>Pin di chuy\u1ec3n tr\u00ean b\u0103ng t\u1ea3i<\/li>\n<li>Camera ch\u1ee5p v\u00e0 d\u00f9ng tool pattern \u0111\u1ec3 ph\u00e2n lo\u1ea1i s\u1ea3n ph\u1ea9m b\u1ecb r\u00e1ch x\u01b0\u1edbc<\/li>\n<\/ul>\n<h2><b>L\u1ee3i<\/b> <b>\u00edch<\/b><b>:<\/b><\/h2>\n<ul>\n<li>C\u1ea3i thi\u1ec7n ch\u1ea5t l\u01b0\u1ee3ng s\u1ea3n ph\u1ea9m<\/li>\n<li>Gi\u1ea3m chi ph\u00ed nh\u00e2n c\u00f4ng<\/li>\n<li>T\u0103ng n\u0103ng su\u1ea5t<\/li>\n<\/ul>\n<h1><strong>Th\u00f4ng s\u1ed1 tr\u1ea1m:<\/strong><\/h1>\n<ol>\n<li>S\u1ea3n l\u01b0\u1ee3ng: 1 sp\/s<\/li>\n<li>\u0110i\u1ec1u ki\u1ec7n \u00e1nh s\u00e1ng: 300-1000 lux<\/li>\n<li>K\u00edch th\u01b0\u1edbc s\u1ea3n ph\u1ea9m: 800*300*300 mm<\/li>\n<\/ol>\n<h1><strong>Thi\u1ebft b\u1ecb:<\/strong><\/h1>\n<ol>\n<li>Camera 2D<\/li>\n<li>Sensor trigger<\/li>\n<li>B\u0103ng t\u1ea3i<\/li>\n<li>C\u00e1p ngu\u1ed3n, ethernet<\/li>\n<\/ol>\n<h1><strong>Th\u00f4ng s\u1ed1 thi\u1ebft b\u1ecb:<\/strong><\/h1>\n<h2><b>In-sight 2000 series:<\/b><\/h2>\n<ul>\n<li>T\u1ed1c \u0111\u1ed9 ch\u1ee5p t\u1ed1i \u0111a: 77 fps (\u0111\u01a1n s\u1eafc), 55 fps (m\u00e0u)<\/li>\n<li>Lens: S-Mount<\/li>\n<li>\u0110\u1ed9 ph\u00e2n gi\u1ea3i: 1.2MP<\/li>\n<li>Ngu\u1ed3n 24VDC<\/li>\n<\/ul>\n<h1><img loading=\"lazy\" decoding=\"async\" class=\"size-full wp-image-1743 aligncenter\" src=\"https:\/\/etekrobotics.com.vn\/wp-content\/uploads\/2024\/03\/71-1.jpg\" alt=\"\" width=\"301\" height=\"220\" srcset=\"https:\/\/etekrobotics.com.vn\/wp-content\/uploads\/2024\/03\/71-1.jpg 301w, https:\/\/etekrobotics.com.vn\/wp-content\/uploads\/2024\/03\/71-1-16x12.jpg 16w\" sizes=\"auto, (max-width: 301px) 100vw, 301px\" \/><\/h1>\n<h1><strong>Ng\u00e0nh:<\/strong><\/h1>\n<ul>\n<li>\u00d4 t\u00f4 \u0111i\u1ec7n<\/li>\n<li>\u0110i\u1ec7n tho\u1ea1i<\/li>\n<li>Xe m\u00e1y \u0111i\u1ec7n..vv<\/li>\n<\/ul>\n<h1><strong>S\u1ea3n ph\u1ea9m:\u00a0<\/strong><\/h1>\n<p><img loading=\"lazy\" decoding=\"async\" class=\"alignnone  wp-image-1744\" src=\"https:\/\/etekrobotics.com.vn\/wp-content\/uploads\/2024\/03\/72.jpg\" alt=\"\" width=\"202\" height=\"147\" srcset=\"https:\/\/etekrobotics.com.vn\/wp-content\/uploads\/2024\/03\/72.jpg 301w, https:\/\/etekrobotics.com.vn\/wp-content\/uploads\/2024\/03\/72-16x12.jpg 16w\" sizes=\"auto, (max-width: 202px) 100vw, 202px\" \/> <img loading=\"lazy\" decoding=\"async\" class=\"alignnone  wp-image-1745\" src=\"https:\/\/etekrobotics.com.vn\/wp-content\/uploads\/2024\/03\/73.jpg\" alt=\"\" width=\"206\" height=\"150\" srcset=\"https:\/\/etekrobotics.com.vn\/wp-content\/uploads\/2024\/03\/73.jpg 301w, https:\/\/etekrobotics.com.vn\/wp-content\/uploads\/2024\/03\/73-16x12.jpg 16w\" sizes=\"auto, (max-width: 206px) 100vw, 206px\" \/><\/p>","protected":false},"excerpt":{"rendered":"<p>Th\u00f4ng tin chung: V\u1ea5n \u0111\u1ec1: Barcode in b\u1ecb m\u1edd, kh\u00f4ng \u0111\u1ea3m b\u1ea3o ch\u1ea5t l\u01b0\u1ee3ng Nh\u00e3n c\u1ee7a pin b\u1ecb r\u00e1ch, x\u01b0\u1edbc\u2026. Quy tr\u00ecnh: Pin di chuy\u1ec3n tr\u00ean b\u0103ng t\u1ea3i Camera ch\u1ee5p v\u00e0 d\u00f9ng tool pattern \u0111\u1ec3 ph\u00e2n lo\u1ea1i s\u1ea3n ph\u1ea9m b\u1ecb r\u00e1ch x\u01b0\u1edbc L\u1ee3i \u00edch: C\u1ea3i thi\u1ec7n ch\u1ea5t l\u01b0\u1ee3ng s\u1ea3n ph\u1ea9m Gi\u1ea3m chi ph\u00ed nh\u00e2n c\u00f4ng [&#8230;]","protected":false},"featured_media":1742,"comment_status":"open","ping_status":"closed","template":"","meta":[],"product_cat":[120,119,56],"product_tag":[],"class_list":["post-1741","product","type-product","status-publish","has-post-thumbnail","hentry","product_cat-kiem-tra-chat-luong-nhan-cua-pin","product_cat-kiem-tra-ngoai-quan","product_cat-o-to"],"yoast_head":"<!-- This site is optimized with the Yoast SEO plugin v21.6 - https:\/\/yoast.com\/wordpress\/plugins\/seo\/ -->\n<title>Ki\u1ec3m Tra Ch\u1ea5t L\u01b0\u1ee3ng Nh\u00e3n C\u1ee7a Pin - Etek<\/title>\n<meta name=\"robots\" content=\"index, follow, max-snippet:-1, max-image-preview:large, max-video-preview:-1\" \/>\n<link rel=\"canonical\" href=\"https:\/\/etekrobotics.com.vn\/en\/product\/kiem-tra-chat-luong-nhan-cua-pin\/\" \/>\n<meta property=\"og:locale\" content=\"en_US\" \/>\n<meta property=\"og:type\" content=\"article\" \/>\n<meta property=\"og:title\" content=\"Ki\u1ec3m Tra Ch\u1ea5t L\u01b0\u1ee3ng Nh\u00e3n C\u1ee7a Pin - Etek\" \/>\n<meta property=\"og:description\" content=\"Th\u00f4ng tin chung: V\u1ea5n \u0111\u1ec1: Barcode in b\u1ecb m\u1edd, kh\u00f4ng \u0111\u1ea3m b\u1ea3o ch\u1ea5t l\u01b0\u1ee3ng Nh\u00e3n c\u1ee7a pin b\u1ecb r\u00e1ch, x\u01b0\u1edbc\u2026. Quy tr\u00ecnh: Pin di chuy\u1ec3n tr\u00ean b\u0103ng t\u1ea3i Camera ch\u1ee5p v\u00e0 d\u00f9ng tool pattern \u0111\u1ec3 ph\u00e2n lo\u1ea1i s\u1ea3n ph\u1ea9m b\u1ecb r\u00e1ch x\u01b0\u1edbc L\u1ee3i \u00edch: C\u1ea3i thi\u1ec7n ch\u1ea5t l\u01b0\u1ee3ng s\u1ea3n ph\u1ea9m Gi\u1ea3m chi ph\u00ed nh\u00e2n c\u00f4ng [...]\" \/>\n<meta property=\"og:url\" content=\"https:\/\/etekrobotics.com.vn\/en\/product\/kiem-tra-chat-luong-nhan-cua-pin\/\" \/>\n<meta property=\"og:site_name\" content=\"Etek\" \/>\n<meta property=\"article:modified_time\" content=\"2024-03-14T06:31:45+00:00\" \/>\n<meta property=\"og:image\" content=\"https:\/\/etekrobotics.com.vn\/wp-content\/uploads\/2024\/03\/70-1.jpg\" \/>\n\t<meta property=\"og:image:width\" content=\"846\" \/>\n\t<meta property=\"og:image:height\" content=\"553\" \/>\n\t<meta property=\"og:image:type\" content=\"image\/jpeg\" \/>\n<meta name=\"twitter:card\" content=\"summary_large_image\" \/>\n<meta name=\"twitter:label1\" content=\"Est. reading time\" \/>\n\t<meta name=\"twitter:data1\" content=\"2 minutes\" \/>\n<script type=\"application\/ld+json\" class=\"yoast-schema-graph\">{\"@context\":\"https:\/\/schema.org\",\"@graph\":[{\"@type\":\"WebPage\",\"@id\":\"https:\/\/etekrobotics.com.vn\/san-pham\/kiem-tra-chat-luong-nhan-cua-pin\/\",\"url\":\"https:\/\/etekrobotics.com.vn\/san-pham\/kiem-tra-chat-luong-nhan-cua-pin\/\",\"name\":\"Ki\u1ec3m Tra Ch\u1ea5t L\u01b0\u1ee3ng Nh\u00e3n C\u1ee7a Pin - Etek\",\"isPartOf\":{\"@id\":\"https:\/\/etekrobotics.com.vn\/#website\"},\"datePublished\":\"2024-03-14T06:31:44+00:00\",\"dateModified\":\"2024-03-14T06:31:45+00:00\",\"breadcrumb\":{\"@id\":\"https:\/\/etekrobotics.com.vn\/san-pham\/kiem-tra-chat-luong-nhan-cua-pin\/#breadcrumb\"},\"inLanguage\":\"en-US\",\"potentialAction\":[{\"@type\":\"ReadAction\",\"target\":[\"https:\/\/etekrobotics.com.vn\/san-pham\/kiem-tra-chat-luong-nhan-cua-pin\/\"]}]},{\"@type\":\"BreadcrumbList\",\"@id\":\"https:\/\/etekrobotics.com.vn\/san-pham\/kiem-tra-chat-luong-nhan-cua-pin\/#breadcrumb\",\"itemListElement\":[{\"@type\":\"ListItem\",\"position\":1,\"name\":\"Trang ch\u1ee7\",\"item\":\"https:\/\/etekrobotics.com.vn\/\"},{\"@type\":\"ListItem\",\"position\":2,\"name\":\"C\u1eeda h\u00e0ng\",\"item\":\"https:\/\/etekrobotics.com.vn\/cua-hang\/\"},{\"@type\":\"ListItem\",\"position\":3,\"name\":\"Ki\u1ec3m Tra Ch\u1ea5t L\u01b0\u1ee3ng Nh\u00e3n C\u1ee7a Pin\"}]},{\"@type\":\"WebSite\",\"@id\":\"https:\/\/etekrobotics.com.vn\/#website\",\"url\":\"https:\/\/etekrobotics.com.vn\/\",\"name\":\"Etek\",\"description\":\"C\u00f4ng ty C\u1ed5 ph\u1ea7n Gi\u1ea3i ph\u00e1p T\u1ef1 \u0111\u1ed9ng h\u00f3a ETEK\",\"potentialAction\":[{\"@type\":\"SearchAction\",\"target\":{\"@type\":\"EntryPoint\",\"urlTemplate\":\"https:\/\/etekrobotics.com.vn\/?s={search_term_string}\"},\"query-input\":\"required name=search_term_string\"}],\"inLanguage\":\"en-US\"}]}<\/script>\n<!-- \/ Yoast SEO plugin. -->","yoast_head_json":{"title":"Ki\u1ec3m Tra Ch\u1ea5t L\u01b0\u1ee3ng Nh\u00e3n C\u1ee7a Pin - Etek","robots":{"index":"index","follow":"follow","max-snippet":"max-snippet:-1","max-image-preview":"max-image-preview:large","max-video-preview":"max-video-preview:-1"},"canonical":"https:\/\/etekrobotics.com.vn\/en\/product\/kiem-tra-chat-luong-nhan-cua-pin\/","og_locale":"en_US","og_type":"article","og_title":"Ki\u1ec3m Tra Ch\u1ea5t L\u01b0\u1ee3ng Nh\u00e3n C\u1ee7a Pin - Etek","og_description":"Th\u00f4ng tin chung: V\u1ea5n \u0111\u1ec1: Barcode in b\u1ecb m\u1edd, kh\u00f4ng \u0111\u1ea3m b\u1ea3o ch\u1ea5t l\u01b0\u1ee3ng Nh\u00e3n c\u1ee7a pin b\u1ecb r\u00e1ch, x\u01b0\u1edbc\u2026. Quy tr\u00ecnh: Pin di chuy\u1ec3n tr\u00ean b\u0103ng t\u1ea3i Camera ch\u1ee5p v\u00e0 d\u00f9ng tool pattern \u0111\u1ec3 ph\u00e2n lo\u1ea1i s\u1ea3n ph\u1ea9m b\u1ecb r\u00e1ch x\u01b0\u1edbc L\u1ee3i \u00edch: C\u1ea3i thi\u1ec7n ch\u1ea5t l\u01b0\u1ee3ng s\u1ea3n ph\u1ea9m Gi\u1ea3m chi ph\u00ed nh\u00e2n c\u00f4ng [...]","og_url":"https:\/\/etekrobotics.com.vn\/en\/product\/kiem-tra-chat-luong-nhan-cua-pin\/","og_site_name":"Etek","article_modified_time":"2024-03-14T06:31:45+00:00","og_image":[{"width":846,"height":553,"url":"https:\/\/etekrobotics.com.vn\/wp-content\/uploads\/2024\/03\/70-1.jpg","type":"image\/jpeg"}],"twitter_card":"summary_large_image","twitter_misc":{"Est. reading time":"2 minutes"},"schema":{"@context":"https:\/\/schema.org","@graph":[{"@type":"WebPage","@id":"https:\/\/etekrobotics.com.vn\/san-pham\/kiem-tra-chat-luong-nhan-cua-pin\/","url":"https:\/\/etekrobotics.com.vn\/san-pham\/kiem-tra-chat-luong-nhan-cua-pin\/","name":"Ki\u1ec3m Tra Ch\u1ea5t L\u01b0\u1ee3ng Nh\u00e3n C\u1ee7a Pin - Etek","isPartOf":{"@id":"https:\/\/etekrobotics.com.vn\/#website"},"datePublished":"2024-03-14T06:31:44+00:00","dateModified":"2024-03-14T06:31:45+00:00","breadcrumb":{"@id":"https:\/\/etekrobotics.com.vn\/san-pham\/kiem-tra-chat-luong-nhan-cua-pin\/#breadcrumb"},"inLanguage":"en-US","potentialAction":[{"@type":"ReadAction","target":["https:\/\/etekrobotics.com.vn\/san-pham\/kiem-tra-chat-luong-nhan-cua-pin\/"]}]},{"@type":"BreadcrumbList","@id":"https:\/\/etekrobotics.com.vn\/san-pham\/kiem-tra-chat-luong-nhan-cua-pin\/#breadcrumb","itemListElement":[{"@type":"ListItem","position":1,"name":"Trang ch\u1ee7","item":"https:\/\/etekrobotics.com.vn\/"},{"@type":"ListItem","position":2,"name":"C\u1eeda h\u00e0ng","item":"https:\/\/etekrobotics.com.vn\/cua-hang\/"},{"@type":"ListItem","position":3,"name":"Ki\u1ec3m Tra Ch\u1ea5t L\u01b0\u1ee3ng Nh\u00e3n C\u1ee7a Pin"}]},{"@type":"WebSite","@id":"https:\/\/etekrobotics.com.vn\/#website","url":"https:\/\/etekrobotics.com.vn\/","name":"Etek","description":"C\u00f4ng ty C\u1ed5 ph\u1ea7n Gi\u1ea3i ph\u00e1p T\u1ef1 \u0111\u1ed9ng h\u00f3a ETEK","potentialAction":[{"@type":"SearchAction","target":{"@type":"EntryPoint","urlTemplate":"https:\/\/etekrobotics.com.vn\/?s={search_term_string}"},"query-input":"required name=search_term_string"}],"inLanguage":"en-US"}]}},"_links":{"self":[{"href":"https:\/\/etekrobotics.com.vn\/en\/wp-json\/wp\/v2\/product\/1741","targetHints":{"allow":["GET"]}}],"collection":[{"href":"https:\/\/etekrobotics.com.vn\/en\/wp-json\/wp\/v2\/product"}],"about":[{"href":"https:\/\/etekrobotics.com.vn\/en\/wp-json\/wp\/v2\/types\/product"}],"replies":[{"embeddable":true,"href":"https:\/\/etekrobotics.com.vn\/en\/wp-json\/wp\/v2\/comments?post=1741"}],"wp:featuredmedia":[{"embeddable":true,"href":"https:\/\/etekrobotics.com.vn\/en\/wp-json\/wp\/v2\/media\/1742"}],"wp:attachment":[{"href":"https:\/\/etekrobotics.com.vn\/en\/wp-json\/wp\/v2\/media?parent=1741"}],"wp:term":[{"taxonomy":"product_cat","embeddable":true,"href":"https:\/\/etekrobotics.com.vn\/en\/wp-json\/wp\/v2\/product_cat?post=1741"},{"taxonomy":"product_tag","embeddable":true,"href":"https:\/\/etekrobotics.com.vn\/en\/wp-json\/wp\/v2\/product_tag?post=1741"}],"curies":[{"name":"wp","href":"https:\/\/api.w.org\/{rel}","templated":true}]}}