{"id":1746,"date":"2024-03-14T06:39:45","date_gmt":"2024-03-14T06:39:45","guid":{"rendered":"https:\/\/etekrobotics.com.vn\/?post_type=product&#038;p=1746"},"modified":"2024-03-14T06:39:46","modified_gmt":"2024-03-14T06:39:46","slug":"kiem-tra-ma-phanh-2","status":"publish","type":"product","link":"https:\/\/etekrobotics.com.vn\/en\/product\/kiem-tra-ma-phanh-2\/","title":{"rendered":"Ki\u1ec3m Tra M\u00e1 Phanh"},"content":{"rendered":"<h1><strong>Th\u00f4ng tin chung:<\/strong><\/h1>\n<h2><b>V\u1ea5n <\/b><b>\u0111\u1ec1<\/b><b>:<\/b><\/h2>\n<ul>\n<li>\u0110\u1ed9 r\u1ed9ng khe h\u1edf trong m\u00e1 phanh kh\u00f4ng \u0111\u1ea1t chu\u1ea9n<\/li>\n<li>G\u00e2y m\u1ea5t an to\u00e0n cho h\u1ec7 th\u1ed1ng xe<\/li>\n<\/ul>\n<h2><b>Quy<\/b> <b>tr\u00ecnh<\/b><b>:<\/b><\/h2>\n<ul>\n<li>S\u1ea3n ph\u1ea9m ch\u1ea1y tr\u00ean b\u0103ng t\u1ea3i<\/li>\n<li>Camera qu\u00e9t b\u1eb1ng lazer v\u00e0 d\u00f9ng tool Gap Measurement \u0111o \u0111\u1ed9 r\u1ed9ng k\u1ebd h\u1edf m\u00e1 phanh v\u00e0 ph\u00e2n lo\u1ea1i s\u1ea3n ph\u1ea9m l\u1ed7i<\/li>\n<\/ul>\n<h2><b>L\u1ee3i<\/b> <b>\u00edch<\/b>:<\/h2>\n<ul>\n<li>\u0110\u1ea3m b\u1ea3o an to\u00e0n phanh cho h\u1ec7 th\u1ed1ng xe<\/li>\n<\/ul>\n<h1><strong>Th\u00f4ng s\u1ed1 tr\u1ea1m:<\/strong><\/h1>\n<ol>\n<li>S\u1ea3n l\u01b0\u1ee3ng: 2 sp\/s<\/li>\n<li>\u0110i\u1ec1u ki\u1ec7n \u00e1nh s\u00e1ng: 300-1000 lux<\/li>\n<li>K\u00edch th\u01b0\u1edbc k\u1ebd h\u1edf: 5-10 mm<\/li>\n<\/ol>\n<h1><strong>Thi\u1ebft b\u1ecb:<\/strong><\/h1>\n<ol>\n<li>Camera 3D<\/li>\n<li>B\u0103ng t\u1ea3i<\/li>\n<li>C\u00e1p ngu\u1ed3n<\/li>\n<li>C\u00e1p ethernet<\/li>\n<\/ol>\n<h1><strong>Th\u00f4ng s\u1ed1 thi\u1ebft b\u1ecb:<\/strong><\/h1>\n<h2><b>In-sight 3D L-4000:<\/b><\/h2>\n<ul>\n<li>\u0110\u1ed9 ph\u00e2n gi\u1ea3i: 2K<\/li>\n<li>Ngu\u1ed3n s\u00e1ng:<\/li>\n<li>L\u1edbp laze: 2M<\/li>\n<li>C\u00f4ng su\u1ea5t \u0111\u1ea7u ra: 45mW<\/li>\n<\/ul>\n<h1><img loading=\"lazy\" decoding=\"async\" class=\"size-full wp-image-1748 aligncenter\" src=\"https:\/\/etekrobotics.com.vn\/wp-content\/uploads\/2024\/03\/75.jpg\" alt=\"\" width=\"301\" height=\"220\" srcset=\"https:\/\/etekrobotics.com.vn\/wp-content\/uploads\/2024\/03\/75.jpg 301w, https:\/\/etekrobotics.com.vn\/wp-content\/uploads\/2024\/03\/75-16x12.jpg 16w\" sizes=\"auto, (max-width: 301px) 100vw, 301px\" \/><\/h1>\n<h1><strong>Ng\u00e0nh:<\/strong><\/h1>\n<ul>\n<li>\u00d4 t\u00f4<\/li>\n<li>Xe m\u00e1y<\/li>\n<\/ul>\n<h1><strong>S\u1ea3n ph\u1ea9m:<\/strong><\/h1>\n<p><img loading=\"lazy\" decoding=\"async\" class=\"alignnone  wp-image-1749\" src=\"https:\/\/etekrobotics.com.vn\/wp-content\/uploads\/2024\/03\/76.jpg\" alt=\"\" width=\"225\" height=\"165\" srcset=\"https:\/\/etekrobotics.com.vn\/wp-content\/uploads\/2024\/03\/76.jpg 301w, https:\/\/etekrobotics.com.vn\/wp-content\/uploads\/2024\/03\/76-16x12.jpg 16w\" sizes=\"auto, (max-width: 225px) 100vw, 225px\" \/> <img loading=\"lazy\" decoding=\"async\" class=\"alignnone  wp-image-1750\" src=\"https:\/\/etekrobotics.com.vn\/wp-content\/uploads\/2024\/03\/77.jpg\" alt=\"\" width=\"223\" height=\"163\" srcset=\"https:\/\/etekrobotics.com.vn\/wp-content\/uploads\/2024\/03\/77.jpg 301w, https:\/\/etekrobotics.com.vn\/wp-content\/uploads\/2024\/03\/77-16x12.jpg 16w\" sizes=\"auto, (max-width: 223px) 100vw, 223px\" \/><\/p>","protected":false},"excerpt":{"rendered":"<p>Th\u00f4ng tin chung: V\u1ea5n \u0111\u1ec1: \u0110\u1ed9 r\u1ed9ng khe h\u1edf trong m\u00e1 phanh kh\u00f4ng \u0111\u1ea1t chu\u1ea9n G\u00e2y m\u1ea5t an to\u00e0n cho h\u1ec7 th\u1ed1ng xe Quy tr\u00ecnh: S\u1ea3n ph\u1ea9m ch\u1ea1y tr\u00ean b\u0103ng t\u1ea3i Camera qu\u00e9t b\u1eb1ng lazer v\u00e0 d\u00f9ng tool Gap Measurement \u0111o \u0111\u1ed9 r\u1ed9ng k\u1ebd h\u1edf m\u00e1 phanh v\u00e0 ph\u00e2n lo\u1ea1i s\u1ea3n ph\u1ea9m l\u1ed7i L\u1ee3i \u00edch: [&#8230;]","protected":false},"featured_media":1747,"comment_status":"open","ping_status":"closed","template":"","meta":[],"product_cat":[121,119,56],"product_tag":[],"class_list":["post-1746","product","type-product","status-publish","has-post-thumbnail","hentry","product_cat-kiem-tra-ma-phanh","product_cat-kiem-tra-ngoai-quan","product_cat-o-to"],"yoast_head":"<!-- This site is optimized with the Yoast SEO plugin v21.6 - https:\/\/yoast.com\/wordpress\/plugins\/seo\/ -->\n<title>Ki\u1ec3m Tra M\u00e1 Phanh - Etek<\/title>\n<meta name=\"robots\" content=\"index, follow, max-snippet:-1, max-image-preview:large, max-video-preview:-1\" \/>\n<link rel=\"canonical\" href=\"https:\/\/etekrobotics.com.vn\/en\/product\/kiem-tra-ma-phanh-2\/\" \/>\n<meta property=\"og:locale\" content=\"en_US\" \/>\n<meta property=\"og:type\" content=\"article\" \/>\n<meta property=\"og:title\" content=\"Ki\u1ec3m Tra M\u00e1 Phanh - Etek\" \/>\n<meta property=\"og:description\" content=\"Th\u00f4ng tin chung: V\u1ea5n \u0111\u1ec1: \u0110\u1ed9 r\u1ed9ng khe h\u1edf trong m\u00e1 phanh kh\u00f4ng \u0111\u1ea1t chu\u1ea9n G\u00e2y m\u1ea5t an to\u00e0n cho h\u1ec7 th\u1ed1ng xe Quy tr\u00ecnh: S\u1ea3n ph\u1ea9m ch\u1ea1y tr\u00ean b\u0103ng t\u1ea3i Camera qu\u00e9t b\u1eb1ng lazer v\u00e0 d\u00f9ng tool Gap Measurement \u0111o \u0111\u1ed9 r\u1ed9ng k\u1ebd h\u1edf m\u00e1 phanh v\u00e0 ph\u00e2n lo\u1ea1i s\u1ea3n ph\u1ea9m l\u1ed7i L\u1ee3i \u00edch: [...]\" \/>\n<meta property=\"og:url\" content=\"https:\/\/etekrobotics.com.vn\/en\/product\/kiem-tra-ma-phanh-2\/\" \/>\n<meta property=\"og:site_name\" content=\"Etek\" \/>\n<meta property=\"article:modified_time\" content=\"2024-03-14T06:39:46+00:00\" \/>\n<meta property=\"og:image\" content=\"https:\/\/etekrobotics.com.vn\/wp-content\/uploads\/2024\/03\/74.jpg\" \/>\n\t<meta property=\"og:image:width\" content=\"847\" \/>\n\t<meta property=\"og:image:height\" content=\"553\" \/>\n\t<meta property=\"og:image:type\" content=\"image\/jpeg\" \/>\n<meta name=\"twitter:card\" content=\"summary_large_image\" \/>\n<meta name=\"twitter:label1\" content=\"Est. reading time\" \/>\n\t<meta name=\"twitter:data1\" content=\"2 minutes\" \/>\n<script type=\"application\/ld+json\" class=\"yoast-schema-graph\">{\"@context\":\"https:\/\/schema.org\",\"@graph\":[{\"@type\":\"WebPage\",\"@id\":\"https:\/\/etekrobotics.com.vn\/san-pham\/kiem-tra-ma-phanh-2\/\",\"url\":\"https:\/\/etekrobotics.com.vn\/san-pham\/kiem-tra-ma-phanh-2\/\",\"name\":\"Ki\u1ec3m Tra M\u00e1 Phanh - Etek\",\"isPartOf\":{\"@id\":\"https:\/\/etekrobotics.com.vn\/#website\"},\"datePublished\":\"2024-03-14T06:39:45+00:00\",\"dateModified\":\"2024-03-14T06:39:46+00:00\",\"breadcrumb\":{\"@id\":\"https:\/\/etekrobotics.com.vn\/san-pham\/kiem-tra-ma-phanh-2\/#breadcrumb\"},\"inLanguage\":\"en-US\",\"potentialAction\":[{\"@type\":\"ReadAction\",\"target\":[\"https:\/\/etekrobotics.com.vn\/san-pham\/kiem-tra-ma-phanh-2\/\"]}]},{\"@type\":\"BreadcrumbList\",\"@id\":\"https:\/\/etekrobotics.com.vn\/san-pham\/kiem-tra-ma-phanh-2\/#breadcrumb\",\"itemListElement\":[{\"@type\":\"ListItem\",\"position\":1,\"name\":\"Trang ch\u1ee7\",\"item\":\"https:\/\/etekrobotics.com.vn\/\"},{\"@type\":\"ListItem\",\"position\":2,\"name\":\"C\u1eeda h\u00e0ng\",\"item\":\"https:\/\/etekrobotics.com.vn\/cua-hang\/\"},{\"@type\":\"ListItem\",\"position\":3,\"name\":\"Ki\u1ec3m Tra M\u00e1 Phanh\"}]},{\"@type\":\"WebSite\",\"@id\":\"https:\/\/etekrobotics.com.vn\/#website\",\"url\":\"https:\/\/etekrobotics.com.vn\/\",\"name\":\"Etek\",\"description\":\"C\u00f4ng ty C\u1ed5 ph\u1ea7n Gi\u1ea3i ph\u00e1p T\u1ef1 \u0111\u1ed9ng h\u00f3a ETEK\",\"potentialAction\":[{\"@type\":\"SearchAction\",\"target\":{\"@type\":\"EntryPoint\",\"urlTemplate\":\"https:\/\/etekrobotics.com.vn\/?s={search_term_string}\"},\"query-input\":\"required name=search_term_string\"}],\"inLanguage\":\"en-US\"}]}<\/script>\n<!-- \/ Yoast SEO plugin. -->","yoast_head_json":{"title":"Ki\u1ec3m Tra M\u00e1 Phanh - Etek","robots":{"index":"index","follow":"follow","max-snippet":"max-snippet:-1","max-image-preview":"max-image-preview:large","max-video-preview":"max-video-preview:-1"},"canonical":"https:\/\/etekrobotics.com.vn\/en\/product\/kiem-tra-ma-phanh-2\/","og_locale":"en_US","og_type":"article","og_title":"Ki\u1ec3m Tra M\u00e1 Phanh - Etek","og_description":"Th\u00f4ng tin chung: V\u1ea5n \u0111\u1ec1: \u0110\u1ed9 r\u1ed9ng khe h\u1edf trong m\u00e1 phanh kh\u00f4ng \u0111\u1ea1t chu\u1ea9n G\u00e2y m\u1ea5t an to\u00e0n cho h\u1ec7 th\u1ed1ng xe Quy tr\u00ecnh: S\u1ea3n ph\u1ea9m ch\u1ea1y tr\u00ean b\u0103ng t\u1ea3i Camera qu\u00e9t b\u1eb1ng lazer v\u00e0 d\u00f9ng tool Gap Measurement \u0111o \u0111\u1ed9 r\u1ed9ng k\u1ebd h\u1edf m\u00e1 phanh v\u00e0 ph\u00e2n lo\u1ea1i s\u1ea3n ph\u1ea9m l\u1ed7i L\u1ee3i \u00edch: [...]","og_url":"https:\/\/etekrobotics.com.vn\/en\/product\/kiem-tra-ma-phanh-2\/","og_site_name":"Etek","article_modified_time":"2024-03-14T06:39:46+00:00","og_image":[{"width":847,"height":553,"url":"https:\/\/etekrobotics.com.vn\/wp-content\/uploads\/2024\/03\/74.jpg","type":"image\/jpeg"}],"twitter_card":"summary_large_image","twitter_misc":{"Est. reading time":"2 minutes"},"schema":{"@context":"https:\/\/schema.org","@graph":[{"@type":"WebPage","@id":"https:\/\/etekrobotics.com.vn\/san-pham\/kiem-tra-ma-phanh-2\/","url":"https:\/\/etekrobotics.com.vn\/san-pham\/kiem-tra-ma-phanh-2\/","name":"Ki\u1ec3m Tra M\u00e1 Phanh - Etek","isPartOf":{"@id":"https:\/\/etekrobotics.com.vn\/#website"},"datePublished":"2024-03-14T06:39:45+00:00","dateModified":"2024-03-14T06:39:46+00:00","breadcrumb":{"@id":"https:\/\/etekrobotics.com.vn\/san-pham\/kiem-tra-ma-phanh-2\/#breadcrumb"},"inLanguage":"en-US","potentialAction":[{"@type":"ReadAction","target":["https:\/\/etekrobotics.com.vn\/san-pham\/kiem-tra-ma-phanh-2\/"]}]},{"@type":"BreadcrumbList","@id":"https:\/\/etekrobotics.com.vn\/san-pham\/kiem-tra-ma-phanh-2\/#breadcrumb","itemListElement":[{"@type":"ListItem","position":1,"name":"Trang ch\u1ee7","item":"https:\/\/etekrobotics.com.vn\/"},{"@type":"ListItem","position":2,"name":"C\u1eeda h\u00e0ng","item":"https:\/\/etekrobotics.com.vn\/cua-hang\/"},{"@type":"ListItem","position":3,"name":"Ki\u1ec3m Tra M\u00e1 Phanh"}]},{"@type":"WebSite","@id":"https:\/\/etekrobotics.com.vn\/#website","url":"https:\/\/etekrobotics.com.vn\/","name":"Etek","description":"C\u00f4ng ty C\u1ed5 ph\u1ea7n Gi\u1ea3i ph\u00e1p T\u1ef1 \u0111\u1ed9ng h\u00f3a ETEK","potentialAction":[{"@type":"SearchAction","target":{"@type":"EntryPoint","urlTemplate":"https:\/\/etekrobotics.com.vn\/?s={search_term_string}"},"query-input":"required name=search_term_string"}],"inLanguage":"en-US"}]}},"_links":{"self":[{"href":"https:\/\/etekrobotics.com.vn\/en\/wp-json\/wp\/v2\/product\/1746","targetHints":{"allow":["GET"]}}],"collection":[{"href":"https:\/\/etekrobotics.com.vn\/en\/wp-json\/wp\/v2\/product"}],"about":[{"href":"https:\/\/etekrobotics.com.vn\/en\/wp-json\/wp\/v2\/types\/product"}],"replies":[{"embeddable":true,"href":"https:\/\/etekrobotics.com.vn\/en\/wp-json\/wp\/v2\/comments?post=1746"}],"wp:featuredmedia":[{"embeddable":true,"href":"https:\/\/etekrobotics.com.vn\/en\/wp-json\/wp\/v2\/media\/1747"}],"wp:attachment":[{"href":"https:\/\/etekrobotics.com.vn\/en\/wp-json\/wp\/v2\/media?parent=1746"}],"wp:term":[{"taxonomy":"product_cat","embeddable":true,"href":"https:\/\/etekrobotics.com.vn\/en\/wp-json\/wp\/v2\/product_cat?post=1746"},{"taxonomy":"product_tag","embeddable":true,"href":"https:\/\/etekrobotics.com.vn\/en\/wp-json\/wp\/v2\/product_tag?post=1746"}],"curies":[{"name":"wp","href":"https:\/\/api.w.org\/{rel}","templated":true}]}}