{"id":1755,"date":"2024-03-14T06:58:47","date_gmt":"2024-03-14T06:58:47","guid":{"rendered":"https:\/\/etekrobotics.com.vn\/?post_type=product&#038;p=1755"},"modified":"2024-03-14T06:58:48","modified_gmt":"2024-03-14T06:58:48","slug":"kiem-tra-khoi-dong-co","status":"publish","type":"product","link":"https:\/\/etekrobotics.com.vn\/en\/product\/kiem-tra-khoi-dong-co\/","title":{"rendered":"Ki\u1ec3m Tra Kh\u1ed1i \u0110\u1ed9ng C\u01a1"},"content":{"rendered":"<h1><strong>Th\u00f4ng tin chung:<\/strong><\/h1>\n<h2><b>V\u1ea5n <\/b><b>\u0111\u1ec1<\/b><b>: <\/b><\/h2>\n<ul>\n<li>C\u00e1c th\u00e0nh ph\u1ea7n l\u1eafp r\u00e1p kh\u00f4ng \u0111\u00fang v\u1ecb tr\u00ed<\/li>\n<li>G\u00e2y \u1ea3nh h\u01b0\u1edfng \u0111\u1ebfn c\u00e1c c\u00f4ng \u0111o\u1ea1n s\u1ea3n xu\u1ea5t ti\u1ebfp theo<\/li>\n<\/ul>\n<h2><b>Quy<\/b> <b>tr\u00ecnh<\/b><b>:<\/b><\/h2>\n<ul>\n<li>Robot di chuy\u1ec3n xung quanh kh\u1ed1i \u0111\u1ed9ng c\u01a1<\/li>\n<li>Camera th\u1ef1c hi\u1ec7n ch\u1ee5p v\u00e0 x\u00e1c minh c\u00e1c th\u00e0nh ph\u1ea7n<\/li>\n<\/ul>\n<h2><b>L\u1ee3i<\/b> <b>\u00edch<\/b><b>:<\/b><\/h2>\n<ul>\n<li>\u0110\u1ea3m b\u1ea3o ch\u1ea5t l\u01b0\u1ee3ng s\u1ea3n ph\u1ea9m t\u1ea1o \u0111\u1ed9 an to\u00e0n cho h\u1ec7 th\u1ed1ng xe<\/li>\n<\/ul>\n<h1><strong>Th\u00f4ng s\u1ed1 tr\u1ea1m:<\/strong><\/h1>\n<ol>\n<li>S\u1ea3n l\u01b0\u1ee3ng:\u00a0 1 sp\/p<\/li>\n<li>\u0110i\u1ec1u ki\u1ec7n \u00e1nh s\u00e1ng: 300-1000 lux<\/li>\n<li>T\u1ed1c \u0111\u1ed9 robot: 4 m\/s<\/li>\n<li>K\u00edch th\u01b0\u1edbc linh ki\u1ec7n<\/li>\n<\/ol>\n<h1><strong>Thi\u1ebft b\u1ecb:<\/strong><\/h1>\n<ol>\n<li>Tool<\/li>\n<li>C\u00e1nh tay robot<\/li>\n<li>Camera 2D, 3D<\/li>\n<li>C\u00e1p ngu\u1ed3n, ethernet<\/li>\n<\/ol>\n<h1><strong>Th\u00f4ng s\u1ed1 thi\u1ebft b\u1ecb:<\/strong><\/h1>\n<h2><b>\u00a0In-sight D900 series:<\/b><\/h2>\n<ol>\n<li>\u0110\u1ed9 ph\u00e2n gi\u1ea3i: 5 MP<\/li>\n<li>T\u1ed1c \u0111\u1ed9 ch\u1ee5p: 26 fps<\/li>\n<li>Lens: C-mount, S-mount, Autofocus<\/li>\n<\/ol>\n<h1><img loading=\"lazy\" decoding=\"async\" class=\"size-full wp-image-1714 aligncenter\" src=\"https:\/\/etekrobotics.com.vn\/wp-content\/uploads\/2024\/03\/51.jpg\" alt=\"\" width=\"301\" height=\"219\" srcset=\"https:\/\/etekrobotics.com.vn\/wp-content\/uploads\/2024\/03\/51.jpg 301w, https:\/\/etekrobotics.com.vn\/wp-content\/uploads\/2024\/03\/51-16x12.jpg 16w\" sizes=\"auto, (max-width: 301px) 100vw, 301px\" \/><\/h1>\n<h1><strong>Ng\u00e0nh:<\/strong><\/h1>\n<ul>\n<li>\u00d4 t\u00f4<\/li>\n<li>Xe m\u00e1y<\/li>\n<li>\u0110i\u1ec7n\u2026 vv<\/li>\n<\/ul>\n<h1><strong>S\u1ea3n ph\u1ea9m:<\/strong><\/h1>\n<p><img loading=\"lazy\" decoding=\"async\" class=\"alignnone  wp-image-1757\" src=\"https:\/\/etekrobotics.com.vn\/wp-content\/uploads\/2024\/03\/82.jpg\" alt=\"\" width=\"240\" height=\"176\" srcset=\"https:\/\/etekrobotics.com.vn\/wp-content\/uploads\/2024\/03\/82.jpg 301w, https:\/\/etekrobotics.com.vn\/wp-content\/uploads\/2024\/03\/82-16x12.jpg 16w\" sizes=\"auto, (max-width: 240px) 100vw, 240px\" \/> <img loading=\"lazy\" decoding=\"async\" class=\"alignnone  wp-image-1758\" src=\"https:\/\/etekrobotics.com.vn\/wp-content\/uploads\/2024\/03\/83.jpg\" alt=\"\" width=\"234\" height=\"172\" srcset=\"https:\/\/etekrobotics.com.vn\/wp-content\/uploads\/2024\/03\/83.jpg 302w, https:\/\/etekrobotics.com.vn\/wp-content\/uploads\/2024\/03\/83-16x12.jpg 16w, https:\/\/etekrobotics.com.vn\/wp-content\/uploads\/2024\/03\/83-300x222.jpg 300w\" sizes=\"auto, (max-width: 234px) 100vw, 234px\" \/><\/p>","protected":false},"excerpt":{"rendered":"<p>Th\u00f4ng tin chung: V\u1ea5n \u0111\u1ec1: C\u00e1c th\u00e0nh ph\u1ea7n l\u1eafp r\u00e1p kh\u00f4ng \u0111\u00fang v\u1ecb tr\u00ed G\u00e2y \u1ea3nh h\u01b0\u1edfng \u0111\u1ebfn c\u00e1c c\u00f4ng \u0111o\u1ea1n s\u1ea3n xu\u1ea5t ti\u1ebfp theo Quy tr\u00ecnh: Robot di chuy\u1ec3n xung quanh kh\u1ed1i \u0111\u1ed9ng c\u01a1 Camera th\u1ef1c hi\u1ec7n ch\u1ee5p v\u00e0 x\u00e1c minh c\u00e1c th\u00e0nh ph\u1ea7n L\u1ee3i \u00edch: \u0110\u1ea3m b\u1ea3o ch\u1ea5t l\u01b0\u1ee3ng s\u1ea3n ph\u1ea9m t\u1ea1o \u0111\u1ed9 [&#8230;]","protected":false},"featured_media":1756,"comment_status":"open","ping_status":"closed","template":"","meta":[],"product_cat":[123,119,56],"product_tag":[],"class_list":["post-1755","product","type-product","status-publish","has-post-thumbnail","hentry","product_cat-kiem-tra-khoi-dong-co","product_cat-kiem-tra-ngoai-quan","product_cat-o-to"],"yoast_head":"<!-- This site is optimized with the Yoast SEO plugin v21.6 - https:\/\/yoast.com\/wordpress\/plugins\/seo\/ -->\n<title>Ki\u1ec3m Tra Kh\u1ed1i \u0110\u1ed9ng C\u01a1 - Etek<\/title>\n<meta name=\"robots\" content=\"index, follow, max-snippet:-1, max-image-preview:large, max-video-preview:-1\" \/>\n<link rel=\"canonical\" href=\"https:\/\/etekrobotics.com.vn\/en\/product\/kiem-tra-khoi-dong-co\/\" \/>\n<meta property=\"og:locale\" content=\"en_US\" \/>\n<meta property=\"og:type\" content=\"article\" \/>\n<meta property=\"og:title\" content=\"Ki\u1ec3m Tra Kh\u1ed1i \u0110\u1ed9ng C\u01a1 - Etek\" \/>\n<meta property=\"og:description\" content=\"Th\u00f4ng tin chung: V\u1ea5n \u0111\u1ec1: C\u00e1c th\u00e0nh ph\u1ea7n l\u1eafp r\u00e1p kh\u00f4ng \u0111\u00fang v\u1ecb tr\u00ed G\u00e2y \u1ea3nh h\u01b0\u1edfng \u0111\u1ebfn c\u00e1c c\u00f4ng \u0111o\u1ea1n s\u1ea3n xu\u1ea5t ti\u1ebfp theo Quy tr\u00ecnh: Robot di chuy\u1ec3n xung quanh kh\u1ed1i \u0111\u1ed9ng c\u01a1 Camera th\u1ef1c hi\u1ec7n ch\u1ee5p v\u00e0 x\u00e1c minh c\u00e1c th\u00e0nh ph\u1ea7n L\u1ee3i \u00edch: \u0110\u1ea3m b\u1ea3o ch\u1ea5t l\u01b0\u1ee3ng s\u1ea3n ph\u1ea9m t\u1ea1o \u0111\u1ed9 [...]\" \/>\n<meta property=\"og:url\" content=\"https:\/\/etekrobotics.com.vn\/en\/product\/kiem-tra-khoi-dong-co\/\" \/>\n<meta property=\"og:site_name\" content=\"Etek\" \/>\n<meta property=\"article:modified_time\" content=\"2024-03-14T06:58:48+00:00\" \/>\n<meta property=\"og:image\" content=\"https:\/\/etekrobotics.com.vn\/wp-content\/uploads\/2024\/03\/81.jpg\" \/>\n\t<meta property=\"og:image:width\" content=\"856\" \/>\n\t<meta property=\"og:image:height\" content=\"553\" \/>\n\t<meta property=\"og:image:type\" content=\"image\/jpeg\" \/>\n<meta name=\"twitter:card\" content=\"summary_large_image\" \/>\n<meta name=\"twitter:label1\" content=\"Est. reading time\" \/>\n\t<meta name=\"twitter:data1\" content=\"2 minutes\" \/>\n<script type=\"application\/ld+json\" class=\"yoast-schema-graph\">{\"@context\":\"https:\/\/schema.org\",\"@graph\":[{\"@type\":\"WebPage\",\"@id\":\"https:\/\/etekrobotics.com.vn\/san-pham\/kiem-tra-khoi-dong-co\/\",\"url\":\"https:\/\/etekrobotics.com.vn\/san-pham\/kiem-tra-khoi-dong-co\/\",\"name\":\"Ki\u1ec3m Tra Kh\u1ed1i \u0110\u1ed9ng C\u01a1 - Etek\",\"isPartOf\":{\"@id\":\"https:\/\/etekrobotics.com.vn\/#website\"},\"datePublished\":\"2024-03-14T06:58:47+00:00\",\"dateModified\":\"2024-03-14T06:58:48+00:00\",\"breadcrumb\":{\"@id\":\"https:\/\/etekrobotics.com.vn\/san-pham\/kiem-tra-khoi-dong-co\/#breadcrumb\"},\"inLanguage\":\"en-US\",\"potentialAction\":[{\"@type\":\"ReadAction\",\"target\":[\"https:\/\/etekrobotics.com.vn\/san-pham\/kiem-tra-khoi-dong-co\/\"]}]},{\"@type\":\"BreadcrumbList\",\"@id\":\"https:\/\/etekrobotics.com.vn\/san-pham\/kiem-tra-khoi-dong-co\/#breadcrumb\",\"itemListElement\":[{\"@type\":\"ListItem\",\"position\":1,\"name\":\"Trang ch\u1ee7\",\"item\":\"https:\/\/etekrobotics.com.vn\/\"},{\"@type\":\"ListItem\",\"position\":2,\"name\":\"C\u1eeda h\u00e0ng\",\"item\":\"https:\/\/etekrobotics.com.vn\/cua-hang\/\"},{\"@type\":\"ListItem\",\"position\":3,\"name\":\"Ki\u1ec3m Tra Kh\u1ed1i \u0110\u1ed9ng C\u01a1\"}]},{\"@type\":\"WebSite\",\"@id\":\"https:\/\/etekrobotics.com.vn\/#website\",\"url\":\"https:\/\/etekrobotics.com.vn\/\",\"name\":\"Etek\",\"description\":\"C\u00f4ng ty C\u1ed5 ph\u1ea7n Gi\u1ea3i ph\u00e1p T\u1ef1 \u0111\u1ed9ng h\u00f3a ETEK\",\"potentialAction\":[{\"@type\":\"SearchAction\",\"target\":{\"@type\":\"EntryPoint\",\"urlTemplate\":\"https:\/\/etekrobotics.com.vn\/?s={search_term_string}\"},\"query-input\":\"required name=search_term_string\"}],\"inLanguage\":\"en-US\"}]}<\/script>\n<!-- \/ Yoast SEO plugin. -->","yoast_head_json":{"title":"Ki\u1ec3m Tra Kh\u1ed1i \u0110\u1ed9ng C\u01a1 - Etek","robots":{"index":"index","follow":"follow","max-snippet":"max-snippet:-1","max-image-preview":"max-image-preview:large","max-video-preview":"max-video-preview:-1"},"canonical":"https:\/\/etekrobotics.com.vn\/en\/product\/kiem-tra-khoi-dong-co\/","og_locale":"en_US","og_type":"article","og_title":"Ki\u1ec3m Tra Kh\u1ed1i \u0110\u1ed9ng C\u01a1 - Etek","og_description":"Th\u00f4ng tin chung: V\u1ea5n \u0111\u1ec1: C\u00e1c th\u00e0nh ph\u1ea7n l\u1eafp r\u00e1p kh\u00f4ng \u0111\u00fang v\u1ecb tr\u00ed G\u00e2y \u1ea3nh h\u01b0\u1edfng \u0111\u1ebfn c\u00e1c c\u00f4ng \u0111o\u1ea1n s\u1ea3n xu\u1ea5t ti\u1ebfp theo Quy tr\u00ecnh: Robot di chuy\u1ec3n xung quanh kh\u1ed1i \u0111\u1ed9ng c\u01a1 Camera th\u1ef1c hi\u1ec7n ch\u1ee5p v\u00e0 x\u00e1c minh c\u00e1c th\u00e0nh ph\u1ea7n L\u1ee3i \u00edch: \u0110\u1ea3m b\u1ea3o ch\u1ea5t l\u01b0\u1ee3ng s\u1ea3n ph\u1ea9m t\u1ea1o \u0111\u1ed9 [...]","og_url":"https:\/\/etekrobotics.com.vn\/en\/product\/kiem-tra-khoi-dong-co\/","og_site_name":"Etek","article_modified_time":"2024-03-14T06:58:48+00:00","og_image":[{"width":856,"height":553,"url":"https:\/\/etekrobotics.com.vn\/wp-content\/uploads\/2024\/03\/81.jpg","type":"image\/jpeg"}],"twitter_card":"summary_large_image","twitter_misc":{"Est. reading time":"2 minutes"},"schema":{"@context":"https:\/\/schema.org","@graph":[{"@type":"WebPage","@id":"https:\/\/etekrobotics.com.vn\/san-pham\/kiem-tra-khoi-dong-co\/","url":"https:\/\/etekrobotics.com.vn\/san-pham\/kiem-tra-khoi-dong-co\/","name":"Ki\u1ec3m Tra Kh\u1ed1i \u0110\u1ed9ng C\u01a1 - Etek","isPartOf":{"@id":"https:\/\/etekrobotics.com.vn\/#website"},"datePublished":"2024-03-14T06:58:47+00:00","dateModified":"2024-03-14T06:58:48+00:00","breadcrumb":{"@id":"https:\/\/etekrobotics.com.vn\/san-pham\/kiem-tra-khoi-dong-co\/#breadcrumb"},"inLanguage":"en-US","potentialAction":[{"@type":"ReadAction","target":["https:\/\/etekrobotics.com.vn\/san-pham\/kiem-tra-khoi-dong-co\/"]}]},{"@type":"BreadcrumbList","@id":"https:\/\/etekrobotics.com.vn\/san-pham\/kiem-tra-khoi-dong-co\/#breadcrumb","itemListElement":[{"@type":"ListItem","position":1,"name":"Trang ch\u1ee7","item":"https:\/\/etekrobotics.com.vn\/"},{"@type":"ListItem","position":2,"name":"C\u1eeda h\u00e0ng","item":"https:\/\/etekrobotics.com.vn\/cua-hang\/"},{"@type":"ListItem","position":3,"name":"Ki\u1ec3m Tra Kh\u1ed1i \u0110\u1ed9ng C\u01a1"}]},{"@type":"WebSite","@id":"https:\/\/etekrobotics.com.vn\/#website","url":"https:\/\/etekrobotics.com.vn\/","name":"Etek","description":"C\u00f4ng ty C\u1ed5 ph\u1ea7n Gi\u1ea3i ph\u00e1p T\u1ef1 \u0111\u1ed9ng h\u00f3a ETEK","potentialAction":[{"@type":"SearchAction","target":{"@type":"EntryPoint","urlTemplate":"https:\/\/etekrobotics.com.vn\/?s={search_term_string}"},"query-input":"required name=search_term_string"}],"inLanguage":"en-US"}]}},"_links":{"self":[{"href":"https:\/\/etekrobotics.com.vn\/en\/wp-json\/wp\/v2\/product\/1755","targetHints":{"allow":["GET"]}}],"collection":[{"href":"https:\/\/etekrobotics.com.vn\/en\/wp-json\/wp\/v2\/product"}],"about":[{"href":"https:\/\/etekrobotics.com.vn\/en\/wp-json\/wp\/v2\/types\/product"}],"replies":[{"embeddable":true,"href":"https:\/\/etekrobotics.com.vn\/en\/wp-json\/wp\/v2\/comments?post=1755"}],"wp:featuredmedia":[{"embeddable":true,"href":"https:\/\/etekrobotics.com.vn\/en\/wp-json\/wp\/v2\/media\/1756"}],"wp:attachment":[{"href":"https:\/\/etekrobotics.com.vn\/en\/wp-json\/wp\/v2\/media?parent=1755"}],"wp:term":[{"taxonomy":"product_cat","embeddable":true,"href":"https:\/\/etekrobotics.com.vn\/en\/wp-json\/wp\/v2\/product_cat?post=1755"},{"taxonomy":"product_tag","embeddable":true,"href":"https:\/\/etekrobotics.com.vn\/en\/wp-json\/wp\/v2\/product_tag?post=1755"}],"curies":[{"name":"wp","href":"https:\/\/api.w.org\/{rel}","templated":true}]}}