{"id":1770,"date":"2024-03-14T08:40:33","date_gmt":"2024-03-14T08:40:33","guid":{"rendered":"https:\/\/etekrobotics.com.vn\/?post_type=product&#038;p=1770"},"modified":"2024-07-11T04:02:34","modified_gmt":"2024-07-11T04:02:34","slug":"kiem-tra-so-luong-cua-bu-long-tren-banh-xe","status":"publish","type":"product","link":"https:\/\/etekrobotics.com.vn\/en\/product\/kiem-tra-so-luong-cua-bu-long-tren-banh-xe\/","title":{"rendered":"Ki\u1ec3m tra s\u1ed1 l\u01b0\u1ee3ng c\u1ee7a bu l\u00f4ng tr\u00ean b\u00e1nh xe"},"content":{"rendered":"<h1><strong>Th\u00f4ng tin chung:<\/strong><\/h1>\n<h2><b>V\u1ea5n <\/b><b>\u0111\u1ec1<\/b><b>: <\/b><\/h2>\n<ul>\n<li>B\u00e1nh xe kh\u00f4ng \u0111\u1ee7 s\u1ed1 bu l\u00f4ng c\u1ea7n thi\u1ebft<\/li>\n<li>B\u1ec1 m\u1eb7t b\u00e1nh xe s\u00e1ng b\u00f3ng, kh\u00f3 ph\u00e1t hi\u1ec7n l\u1ed7i<\/li>\n<\/ul>\n<h2><b>Quy<\/b> <b>tr\u00ecnh<\/b><b>:<img loading=\"lazy\" decoding=\"async\" class=\"aligncenter wp-image-1942\" src=\"https:\/\/etekrobotics.com.vn\/wp-content\/uploads\/2024\/03\/kiem-tra-so-luong-01.jpg\" alt=\"kiem-tra-so-luong-bu-long\" width=\"600\" height=\"386\" srcset=\"https:\/\/etekrobotics.com.vn\/wp-content\/uploads\/2024\/03\/kiem-tra-so-luong-01.jpg 2224w, https:\/\/etekrobotics.com.vn\/wp-content\/uploads\/2024\/03\/kiem-tra-so-luong-01-768x493.jpg 768w, https:\/\/etekrobotics.com.vn\/wp-content\/uploads\/2024\/03\/kiem-tra-so-luong-01-1536x987.jpg 1536w, https:\/\/etekrobotics.com.vn\/wp-content\/uploads\/2024\/03\/kiem-tra-so-luong-01-2048x1316.jpg 2048w, https:\/\/etekrobotics.com.vn\/wp-content\/uploads\/2024\/03\/kiem-tra-so-luong-01-18x12.jpg 18w, https:\/\/etekrobotics.com.vn\/wp-content\/uploads\/2024\/03\/kiem-tra-so-luong-01-600x386.jpg 600w\" sizes=\"auto, (max-width: 600px) 100vw, 600px\" \/><\/b><\/h2>\n<ul>\n<li>Camera th\u1ef1c hi\u1ec7n ch\u1ee5p v\u00e0 ph\u00e2n lo\u1ea1i c\u00e1c b\u00e1nh xe b\u1ecb thi\u1ebfu bu l\u00f4ng<\/li>\n<\/ul>\n<h2><b>L\u1ee3i<\/b> <b>\u00edch<\/b><b>:<\/b><\/h2>\n<ul>\n<li>T\u1ea1o \u0111\u1ed9 an to\u00e0n cho h\u1ec7 th\u1ed1ng xe<\/li>\n<li>Gi\u1ea3m vi\u1ec7c ki\u1ec3m tra b\u1eb1ng th\u1ee7 c\u00f4ng<\/li>\n<\/ul>\n<h1><strong>Th\u00f4ng s\u1ed1 tr\u1ea1m:<\/strong><\/h1>\n<ol>\n<li>S\u1ea3n l\u01b0\u1ee3ng:\u00a0 1 sp\/s<\/li>\n<li>\u0110i\u1ec1u ki\u1ec7n \u00e1nh s\u00e1ng: 300-1000 lux<\/li>\n<li>\u0110\u01b0\u1eddng k\u00ednh l\u1ed7: 20-40 mm<\/li>\n<\/ol>\n<h1><strong>Thi\u1ebft b\u1ecb:<\/strong><\/h1>\n<ol>\n<li>Camera 2D<\/li>\n<li>C\u00e1p ngu\u1ed3n<\/li>\n<li>C\u00e1p Ethernet<\/li>\n<\/ol>\n<h1><strong>Th\u00f4ng s\u1ed1 thi\u1ebft b\u1ecb:<\/strong><\/h1>\n<h2><b>In-sight D900 series:<\/b><\/h2>\n<ul>\n<li>\u0110\u1ed9 ph\u00e2n gi\u1ea3i: 5 MP<\/li>\n<li>T\u1ed1c \u0111\u1ed9 ch\u1ee5p: 26 fps<\/li>\n<li>Lens: C-mount, S-mount, Autofocus<\/li>\n<\/ul>\n<h1><img loading=\"lazy\" decoding=\"async\" class=\"size-full wp-image-1714 aligncenter\" src=\"https:\/\/etekrobotics.com.vn\/wp-content\/uploads\/2024\/03\/51.jpg\" alt=\"\" width=\"301\" height=\"219\" srcset=\"https:\/\/etekrobotics.com.vn\/wp-content\/uploads\/2024\/03\/51.jpg 301w, https:\/\/etekrobotics.com.vn\/wp-content\/uploads\/2024\/03\/51-16x12.jpg 16w\" sizes=\"auto, (max-width: 301px) 100vw, 301px\" \/><\/h1>\n<h1><strong>Ng\u00e0nh:<\/strong><\/h1>\n<ul>\n<li>\u00d4 t\u00f4<\/li>\n<li>Xe m\u00e1y<\/li>\n<\/ul>\n<h1><strong>S\u1ea3n ph\u1ea9m:<\/strong><\/h1>\n<p><img loading=\"lazy\" decoding=\"async\" class=\"wp-image-1772 aligncenter\" src=\"https:\/\/etekrobotics.com.vn\/wp-content\/uploads\/2024\/03\/91.jpg\" alt=\"\" width=\"230\" height=\"169\" srcset=\"https:\/\/etekrobotics.com.vn\/wp-content\/uploads\/2024\/03\/91.jpg 301w, https:\/\/etekrobotics.com.vn\/wp-content\/uploads\/2024\/03\/91-16x12.jpg 16w\" sizes=\"auto, (max-width: 230px) 100vw, 230px\" \/><\/p>\n<h2><strong>Gi\u1ea3i ph\u00e1p ki\u1ec3m tra s\u1ed1 l\u01b0\u1ee3ng bu l\u00f4ng tr\u00ean b\u00e1nh xe<\/strong><\/h2>\n<p><strong>Ph\u00e1t hi\u1ec7n s\u1ef1 c\u00f3 m\u1eb7t ho\u1eb7c v\u1eafng m\u1eb7t c\u1ee7a bu l\u00f4ng b\u00e1nh xe tr\u00ean b\u00e1nh xe ph\u1ea3n quang ph\u1ee9c t\u1ea1p<\/strong><\/p>\n<p>\u0110inh t\u00e1n b\u00e1nh xe, ho\u1eb7c bu l\u00f4ng b\u00e1nh xe, v\u1eb7n v\u00e0o tr\u1ee5c v\u00e0 nh\u00f4 ra qua b\u00e1nh xe, \u0111\u1ec3 t\u1ea1o th\u00e0nh m\u1ed9t ph\u1ea7n c\u00f3 ren m\u00e0 \u0111ai \u1ed1c b\u00e1nh xe sau \u0111\u00f3 \u0111\u01b0\u1ee3c si\u1ebft ch\u1eb7t, gi\u1eef b\u00e1nh xe tr\u00ean tr\u1ee5c. \u0110inh t\u00e1n b\u1ecb m\u1ea5t ph\u1ea3i \u0111\u01b0\u1ee3c b\u1eaft l\u1ea1i tr\u01b0\u1edbc khi b\u00e1nh xe ti\u1ebfn h\u00e0nh l\u1eafp \u0111ai \u1ed1c b\u00e1nh xe v\u00e0 si\u1ebft ch\u1eb7t.<\/p>\n<p>B\u00e1nh xe \u00f4 t\u00f4 c\u00f3 thi\u1ebft k\u1ebf r\u1ea5t \u0111a d\u1ea1ng v\u00e0 th\u01b0\u1eddng \u0111\u01b0\u1ee3c l\u00e0m b\u1eb1ng kim lo\u1ea1i ph\u1ea3n quang cao, t\u1ea1o ra m\u00f4i tr\u01b0\u1eddng tr\u1ef1c quan kh\u00f3 nh\u1eadn d\u1ea1ng. T\u00f9y thu\u1ed9c v\u00e0o thi\u1ebft k\u1ebf, \u0111inh t\u00e1n b\u00e1nh xe c\u00f3 th\u1ec3 nh\u00f4 ra ho\u1eb7c n\u1eb1m s\u00e2u trong h\u1ed1c b\u00e1nh xe. T\u1ea5t c\u1ea3 nh\u1eefng \u0111i\u1ec1u n\u00e0y khi\u1ebfn cho vi\u1ec7c l\u1eadp tr\u00ecnh th\u1ecb gi\u00e1c m\u00e1y th\u00f4ng th\u01b0\u1eddng g\u1eb7p nhi\u1ec1u kh\u00f3 kh\u0103n trong vi\u1ec7c ph\u00e1t hi\u1ec7n \u0111inh t\u00e1n b\u00e1nh xe \u1edf c\u00e1c g\u00f3c \u0111\u1ed9 kh\u00e1c nhau trong nhi\u1ec1u \u0111i\u1ec1u ki\u1ec7n \u00e1nh s\u00e1ng.<br \/>\nCognex Deep Learning x\u00e1c minh vi\u1ec7c l\u1eafp r\u00e1p \u0111\u00fang bu l\u00f4ng b\u00e1nh xe \u0111\u00e1ng tin c\u1eady. C\u00f4ng c\u1ee5 \u0111\u1ecbnh v\u1ecb b\u1ed9 ph\u1eadn \u0111\u01b0\u1ee3c \u0111\u00e0o t\u1ea1o b\u1eb1ng c\u00e1ch s\u1eed d\u1ee5ng h\u00ecnh \u1ea3nh m\u1eabu c\u1ee7a t\u1eebng \u0111inh t\u00e1n t\u1eeb nhi\u1ec1u v\u1ecb tr\u00ed v\u00e0 g\u00f3c \u0111\u1ed9 kh\u00e1c nhau. Sau \u0111\u00f3, n\u00f3 c\u00f3 th\u1ec3 x\u00e1c \u0111\u1ecbnh \u0111\u00e1ng tin c\u1eady s\u1ef1 hi\u1ec7n di\u1ec7n ho\u1eb7c v\u1eafng m\u1eb7t c\u1ee7a t\u1eebng \u0111inh t\u00e1n b\u00e1nh xe trong tr\u01b0\u1eddng th\u1ecb gi\u00e1c ph\u1ee9c t\u1ea1p v\u00e0 kh\u00f3 hi\u1ec3u, x\u00e1c nh\u1eadn r\u1eb1ng s\u1ed1 l\u01b0\u1ee3ng \u0111inh t\u00e1n ph\u00f9 h\u1ee3p n\u1eb1m \u0111\u00fang v\u1ecb tr\u00ed tr\u00ean b\u00e1nh xe.<\/p>","protected":false},"excerpt":{"rendered":"<p>Th\u00f4ng tin chung: V\u1ea5n \u0111\u1ec1: B\u00e1nh xe kh\u00f4ng \u0111\u1ee7 s\u1ed1 bu l\u00f4ng c\u1ea7n thi\u1ebft B\u1ec1 m\u1eb7t b\u00e1nh xe s\u00e1ng b\u00f3ng, kh\u00f3 ph\u00e1t hi\u1ec7n l\u1ed7i Quy tr\u00ecnh: Camera th\u1ef1c hi\u1ec7n ch\u1ee5p v\u00e0 ph\u00e2n lo\u1ea1i c\u00e1c b\u00e1nh xe b\u1ecb thi\u1ebfu bu l\u00f4ng L\u1ee3i \u00edch: T\u1ea1o \u0111\u1ed9 an to\u00e0n cho h\u1ec7 th\u1ed1ng xe Gi\u1ea3m vi\u1ec7c ki\u1ec3m tra b\u1eb1ng [&#8230;]","protected":false},"featured_media":1942,"comment_status":"open","ping_status":"closed","template":"","meta":[],"product_cat":[119,126,56],"product_tag":[],"class_list":["post-1770","product","type-product","status-publish","has-post-thumbnail","hentry","product_cat-kiem-tra-ngoai-quan","product_cat-kiem-tra-so-luong-cua-bu-long-tren-banh-xe","product_cat-o-to"],"yoast_head":"<!-- This site is optimized with the Yoast SEO plugin v21.6 - https:\/\/yoast.com\/wordpress\/plugins\/seo\/ -->\n<title>Ki\u1ec3m tra s\u1ed1 l\u01b0\u1ee3ng c\u1ee7a bu l\u00f4ng tr\u00ean b\u00e1nh xe - Etek<\/title>\n<meta name=\"robots\" content=\"index, follow, max-snippet:-1, max-image-preview:large, max-video-preview:-1\" \/>\n<link rel=\"canonical\" href=\"https:\/\/etekrobotics.com.vn\/en\/product\/kiem-tra-so-luong-cua-bu-long-tren-banh-xe\/\" \/>\n<meta property=\"og:locale\" content=\"en_US\" \/>\n<meta property=\"og:type\" content=\"article\" \/>\n<meta property=\"og:title\" content=\"Ki\u1ec3m tra s\u1ed1 l\u01b0\u1ee3ng c\u1ee7a bu l\u00f4ng tr\u00ean b\u00e1nh xe - Etek\" \/>\n<meta property=\"og:description\" content=\"Th\u00f4ng tin chung: V\u1ea5n \u0111\u1ec1: B\u00e1nh xe kh\u00f4ng \u0111\u1ee7 s\u1ed1 bu l\u00f4ng c\u1ea7n thi\u1ebft B\u1ec1 m\u1eb7t b\u00e1nh xe s\u00e1ng b\u00f3ng, kh\u00f3 ph\u00e1t hi\u1ec7n l\u1ed7i Quy tr\u00ecnh: Camera th\u1ef1c hi\u1ec7n ch\u1ee5p v\u00e0 ph\u00e2n lo\u1ea1i c\u00e1c b\u00e1nh xe b\u1ecb thi\u1ebfu bu l\u00f4ng L\u1ee3i \u00edch: T\u1ea1o \u0111\u1ed9 an to\u00e0n cho h\u1ec7 th\u1ed1ng xe Gi\u1ea3m vi\u1ec7c ki\u1ec3m tra b\u1eb1ng [...]\" \/>\n<meta property=\"og:url\" content=\"https:\/\/etekrobotics.com.vn\/en\/product\/kiem-tra-so-luong-cua-bu-long-tren-banh-xe\/\" \/>\n<meta property=\"og:site_name\" content=\"Etek\" \/>\n<meta property=\"article:modified_time\" content=\"2024-07-11T04:02:34+00:00\" \/>\n<meta property=\"og:image\" content=\"https:\/\/etekrobotics.com.vn\/wp-content\/uploads\/2024\/03\/kiem-tra-so-luong-01.jpg\" \/>\n\t<meta property=\"og:image:width\" content=\"2224\" \/>\n\t<meta property=\"og:image:height\" content=\"1429\" \/>\n\t<meta property=\"og:image:type\" content=\"image\/jpeg\" \/>\n<meta name=\"twitter:card\" content=\"summary_large_image\" \/>\n<meta name=\"twitter:label1\" content=\"Est. reading time\" \/>\n\t<meta name=\"twitter:data1\" content=\"3 minutes\" \/>\n<script type=\"application\/ld+json\" class=\"yoast-schema-graph\">{\"@context\":\"https:\/\/schema.org\",\"@graph\":[{\"@type\":\"WebPage\",\"@id\":\"https:\/\/etekrobotics.com.vn\/san-pham\/kiem-tra-so-luong-cua-bu-long-tren-banh-xe\/\",\"url\":\"https:\/\/etekrobotics.com.vn\/san-pham\/kiem-tra-so-luong-cua-bu-long-tren-banh-xe\/\",\"name\":\"Ki\u1ec3m tra s\u1ed1 l\u01b0\u1ee3ng c\u1ee7a bu l\u00f4ng tr\u00ean b\u00e1nh xe - Etek\",\"isPartOf\":{\"@id\":\"https:\/\/etekrobotics.com.vn\/#website\"},\"datePublished\":\"2024-03-14T08:40:33+00:00\",\"dateModified\":\"2024-07-11T04:02:34+00:00\",\"breadcrumb\":{\"@id\":\"https:\/\/etekrobotics.com.vn\/san-pham\/kiem-tra-so-luong-cua-bu-long-tren-banh-xe\/#breadcrumb\"},\"inLanguage\":\"en-US\",\"potentialAction\":[{\"@type\":\"ReadAction\",\"target\":[\"https:\/\/etekrobotics.com.vn\/san-pham\/kiem-tra-so-luong-cua-bu-long-tren-banh-xe\/\"]}]},{\"@type\":\"BreadcrumbList\",\"@id\":\"https:\/\/etekrobotics.com.vn\/san-pham\/kiem-tra-so-luong-cua-bu-long-tren-banh-xe\/#breadcrumb\",\"itemListElement\":[{\"@type\":\"ListItem\",\"position\":1,\"name\":\"Trang ch\u1ee7\",\"item\":\"https:\/\/etekrobotics.com.vn\/\"},{\"@type\":\"ListItem\",\"position\":2,\"name\":\"C\u1eeda h\u00e0ng\",\"item\":\"https:\/\/etekrobotics.com.vn\/cua-hang\/\"},{\"@type\":\"ListItem\",\"position\":3,\"name\":\"Ki\u1ec3m tra s\u1ed1 l\u01b0\u1ee3ng c\u1ee7a bu l\u00f4ng tr\u00ean b\u00e1nh xe\"}]},{\"@type\":\"WebSite\",\"@id\":\"https:\/\/etekrobotics.com.vn\/#website\",\"url\":\"https:\/\/etekrobotics.com.vn\/\",\"name\":\"Etek\",\"description\":\"C\u00f4ng ty C\u1ed5 ph\u1ea7n Gi\u1ea3i ph\u00e1p T\u1ef1 \u0111\u1ed9ng h\u00f3a ETEK\",\"potentialAction\":[{\"@type\":\"SearchAction\",\"target\":{\"@type\":\"EntryPoint\",\"urlTemplate\":\"https:\/\/etekrobotics.com.vn\/?s={search_term_string}\"},\"query-input\":\"required name=search_term_string\"}],\"inLanguage\":\"en-US\"}]}<\/script>\n<!-- \/ Yoast SEO plugin. -->","yoast_head_json":{"title":"Ki\u1ec3m tra s\u1ed1 l\u01b0\u1ee3ng c\u1ee7a bu l\u00f4ng tr\u00ean b\u00e1nh xe - Etek","robots":{"index":"index","follow":"follow","max-snippet":"max-snippet:-1","max-image-preview":"max-image-preview:large","max-video-preview":"max-video-preview:-1"},"canonical":"https:\/\/etekrobotics.com.vn\/en\/product\/kiem-tra-so-luong-cua-bu-long-tren-banh-xe\/","og_locale":"en_US","og_type":"article","og_title":"Ki\u1ec3m tra s\u1ed1 l\u01b0\u1ee3ng c\u1ee7a bu l\u00f4ng tr\u00ean b\u00e1nh xe - Etek","og_description":"Th\u00f4ng tin chung: V\u1ea5n \u0111\u1ec1: B\u00e1nh xe kh\u00f4ng \u0111\u1ee7 s\u1ed1 bu l\u00f4ng c\u1ea7n thi\u1ebft B\u1ec1 m\u1eb7t b\u00e1nh xe s\u00e1ng b\u00f3ng, kh\u00f3 ph\u00e1t hi\u1ec7n l\u1ed7i Quy tr\u00ecnh: Camera th\u1ef1c hi\u1ec7n ch\u1ee5p v\u00e0 ph\u00e2n lo\u1ea1i c\u00e1c b\u00e1nh xe b\u1ecb thi\u1ebfu bu l\u00f4ng L\u1ee3i \u00edch: T\u1ea1o \u0111\u1ed9 an to\u00e0n cho h\u1ec7 th\u1ed1ng xe Gi\u1ea3m vi\u1ec7c ki\u1ec3m tra b\u1eb1ng [...]","og_url":"https:\/\/etekrobotics.com.vn\/en\/product\/kiem-tra-so-luong-cua-bu-long-tren-banh-xe\/","og_site_name":"Etek","article_modified_time":"2024-07-11T04:02:34+00:00","og_image":[{"width":2224,"height":1429,"url":"https:\/\/etekrobotics.com.vn\/wp-content\/uploads\/2024\/03\/kiem-tra-so-luong-01.jpg","type":"image\/jpeg"}],"twitter_card":"summary_large_image","twitter_misc":{"Est. reading time":"3 minutes"},"schema":{"@context":"https:\/\/schema.org","@graph":[{"@type":"WebPage","@id":"https:\/\/etekrobotics.com.vn\/san-pham\/kiem-tra-so-luong-cua-bu-long-tren-banh-xe\/","url":"https:\/\/etekrobotics.com.vn\/san-pham\/kiem-tra-so-luong-cua-bu-long-tren-banh-xe\/","name":"Ki\u1ec3m tra s\u1ed1 l\u01b0\u1ee3ng c\u1ee7a bu l\u00f4ng tr\u00ean b\u00e1nh xe - Etek","isPartOf":{"@id":"https:\/\/etekrobotics.com.vn\/#website"},"datePublished":"2024-03-14T08:40:33+00:00","dateModified":"2024-07-11T04:02:34+00:00","breadcrumb":{"@id":"https:\/\/etekrobotics.com.vn\/san-pham\/kiem-tra-so-luong-cua-bu-long-tren-banh-xe\/#breadcrumb"},"inLanguage":"en-US","potentialAction":[{"@type":"ReadAction","target":["https:\/\/etekrobotics.com.vn\/san-pham\/kiem-tra-so-luong-cua-bu-long-tren-banh-xe\/"]}]},{"@type":"BreadcrumbList","@id":"https:\/\/etekrobotics.com.vn\/san-pham\/kiem-tra-so-luong-cua-bu-long-tren-banh-xe\/#breadcrumb","itemListElement":[{"@type":"ListItem","position":1,"name":"Trang ch\u1ee7","item":"https:\/\/etekrobotics.com.vn\/"},{"@type":"ListItem","position":2,"name":"C\u1eeda h\u00e0ng","item":"https:\/\/etekrobotics.com.vn\/cua-hang\/"},{"@type":"ListItem","position":3,"name":"Ki\u1ec3m tra s\u1ed1 l\u01b0\u1ee3ng c\u1ee7a bu l\u00f4ng tr\u00ean b\u00e1nh xe"}]},{"@type":"WebSite","@id":"https:\/\/etekrobotics.com.vn\/#website","url":"https:\/\/etekrobotics.com.vn\/","name":"Etek","description":"C\u00f4ng ty C\u1ed5 ph\u1ea7n Gi\u1ea3i ph\u00e1p T\u1ef1 \u0111\u1ed9ng h\u00f3a ETEK","potentialAction":[{"@type":"SearchAction","target":{"@type":"EntryPoint","urlTemplate":"https:\/\/etekrobotics.com.vn\/?s={search_term_string}"},"query-input":"required name=search_term_string"}],"inLanguage":"en-US"}]}},"_links":{"self":[{"href":"https:\/\/etekrobotics.com.vn\/en\/wp-json\/wp\/v2\/product\/1770","targetHints":{"allow":["GET"]}}],"collection":[{"href":"https:\/\/etekrobotics.com.vn\/en\/wp-json\/wp\/v2\/product"}],"about":[{"href":"https:\/\/etekrobotics.com.vn\/en\/wp-json\/wp\/v2\/types\/product"}],"replies":[{"embeddable":true,"href":"https:\/\/etekrobotics.com.vn\/en\/wp-json\/wp\/v2\/comments?post=1770"}],"wp:featuredmedia":[{"embeddable":true,"href":"https:\/\/etekrobotics.com.vn\/en\/wp-json\/wp\/v2\/media\/1942"}],"wp:attachment":[{"href":"https:\/\/etekrobotics.com.vn\/en\/wp-json\/wp\/v2\/media?parent=1770"}],"wp:term":[{"taxonomy":"product_cat","embeddable":true,"href":"https:\/\/etekrobotics.com.vn\/en\/wp-json\/wp\/v2\/product_cat?post=1770"},{"taxonomy":"product_tag","embeddable":true,"href":"https:\/\/etekrobotics.com.vn\/en\/wp-json\/wp\/v2\/product_tag?post=1770"}],"curies":[{"name":"wp","href":"https:\/\/api.w.org\/{rel}","templated":true}]}}