{"id":1774,"date":"2024-03-14T09:40:59","date_gmt":"2024-03-14T09:40:59","guid":{"rendered":"https:\/\/etekrobotics.com.vn\/?post_type=product&#038;p=1774"},"modified":"2024-03-14T09:41:00","modified_gmt":"2024-03-14T09:41:00","slug":"ung-dung-dan-huong-robot-van-bu-long","status":"publish","type":"product","link":"https:\/\/etekrobotics.com.vn\/en\/product\/ung-dung-dan-huong-robot-van-bu-long\/","title":{"rendered":"\u1ee8ng d\u1ee5ng d\u1eabn h\u01b0\u1edbng robot v\u1eb7n bu l\u00f4ng"},"content":{"rendered":"<h1><strong>Th\u00f4ng tin chung:<\/strong><\/h1>\n<h2><b>V\u1ea5n <\/b><b>\u0111\u1ec1<\/b><b>: <\/b><\/h2>\n<ul>\n<li>Th\u1ef1c hi\u1ec7n b\u1eb1ng th\u1ee7 c\u00f4ng t\u1ed1n r\u1ea5t nhi\u1ec1u nh\u00e2n c\u00f4ng<\/li>\n<li>G\u00e2y m\u1ea5t an to\u00e0n cho c\u00f4ng nh\u00e2n<\/li>\n<\/ul>\n<h2><b>Quy<\/b> <b>tr\u00ecnh<\/b><b>:<\/b><\/h2>\n<ul>\n<li>Camera th\u1ef1c hi\u1ec7n ph\u00e2n lo\u1ea1i v\u00e0 \u0111\u1ecbnh v\u1ecb trung t\u00e2m c\u1ee7a tr\u1ee5c b\u00e1nh xe<\/li>\n<li>D\u1eef li\u1ec7u t\u1eeb camera \u0111\u01b0\u1ee3c g\u1eedi v\u1ec1 robot<\/li>\n<li>Robot th\u1ef1c hi\u1ec7n v\u1eb7n bu l\u00f4ng v\u00e0o b\u00e1nh xe<\/li>\n<\/ul>\n<h2><b>L\u1ee3i<\/b> <b>\u00edch<\/b><b>:<\/b><\/h2>\n<ul>\n<li>Gi\u1ea3m chi ph\u00ed nh\u00e2n c\u00f4ng<\/li>\n<li>T\u0103ng ch\u1ea5t l\u01b0\u1ee3ng s\u1ea3n ph\u1ea9m<\/li>\n<\/ul>\n<h1><strong> Th\u00f4ng s\u1ed1 tr\u1ea1m:<\/strong><\/h1>\n<ol>\n<li>S\u1ea3n l\u01b0\u1ee3ng:\u00a0 1 sp\/p<\/li>\n<li>\u0110i\u1ec1u ki\u1ec7n \u00e1nh s\u00e1ng: 300-1000 lux<\/li>\n<li>T\u1ed1c \u0111\u1ed9 robot: 4 m\/s<\/li>\n<li>K\u00edch th\u01b0\u1edbc l\u1ed7: 20-40 mm<\/li>\n<\/ol>\n<h1><strong>Thi\u1ebft b\u1ecb:<\/strong><\/h1>\n<ol>\n<li>Tool<\/li>\n<li>G\u00e1<\/li>\n<li>C\u00e1nh tay robot<\/li>\n<li>Camera 2D<\/li>\n<li>C\u00e1p ngu\u1ed3n, ethernet<\/li>\n<\/ol>\n<h1><strong>Th\u00f4ng s\u1ed1 thi\u1ebft b\u1ecb:<\/strong><\/h1>\n<h2><b>In-sight 8000 series<\/b><\/h2>\n<ul>\n<li>\u0110\u1ed9 ph\u00e2n gi\u1ea3i: 5MP<\/li>\n<li>T\u1ed1c \u0111\u1ed9 ch\u1ee5p: 32 fps<\/li>\n<li>Lens: C-mount<\/li>\n<\/ul>\n<h1><img loading=\"lazy\" decoding=\"async\" class=\"size-full wp-image-1776 aligncenter\" src=\"https:\/\/etekrobotics.com.vn\/wp-content\/uploads\/2024\/03\/92-1.jpg\" alt=\"\" width=\"301\" height=\"219\" srcset=\"https:\/\/etekrobotics.com.vn\/wp-content\/uploads\/2024\/03\/92-1.jpg 301w, https:\/\/etekrobotics.com.vn\/wp-content\/uploads\/2024\/03\/92-1-16x12.jpg 16w\" sizes=\"auto, (max-width: 301px) 100vw, 301px\" \/><\/h1>\n<h1><strong>Ng\u00e0nh:<\/strong><\/h1>\n<ul>\n<li>\u00d4 t\u00f4<\/li>\n<li>Xe m\u00e1y<\/li>\n<\/ul>\n<h1><strong>S\u1ea3n ph\u1ea9m:<\/strong><\/h1>\n<p><img loading=\"lazy\" decoding=\"async\" class=\"alignnone  wp-image-1778\" src=\"https:\/\/etekrobotics.com.vn\/wp-content\/uploads\/2024\/03\/94.jpg\" alt=\"\" width=\"252\" height=\"184\" srcset=\"https:\/\/etekrobotics.com.vn\/wp-content\/uploads\/2024\/03\/94.jpg 301w, https:\/\/etekrobotics.com.vn\/wp-content\/uploads\/2024\/03\/94-16x12.jpg 16w\" sizes=\"auto, (max-width: 252px) 100vw, 252px\" \/> <img loading=\"lazy\" decoding=\"async\" class=\"alignnone  wp-image-1777\" src=\"https:\/\/etekrobotics.com.vn\/wp-content\/uploads\/2024\/03\/93.jpg\" alt=\"\" width=\"247\" height=\"181\" srcset=\"https:\/\/etekrobotics.com.vn\/wp-content\/uploads\/2024\/03\/93.jpg 301w, https:\/\/etekrobotics.com.vn\/wp-content\/uploads\/2024\/03\/93-16x12.jpg 16w\" sizes=\"auto, (max-width: 247px) 100vw, 247px\" \/><\/p>","protected":false},"excerpt":{"rendered":"<p>Th\u00f4ng tin chung: V\u1ea5n \u0111\u1ec1: Th\u1ef1c hi\u1ec7n b\u1eb1ng th\u1ee7 c\u00f4ng t\u1ed1n r\u1ea5t nhi\u1ec1u nh\u00e2n c\u00f4ng G\u00e2y m\u1ea5t an to\u00e0n cho c\u00f4ng nh\u00e2n Quy tr\u00ecnh: Camera th\u1ef1c hi\u1ec7n ph\u00e2n lo\u1ea1i v\u00e0 \u0111\u1ecbnh v\u1ecb trung t\u00e2m c\u1ee7a tr\u1ee5c b\u00e1nh xe D\u1eef li\u1ec7u t\u1eeb camera \u0111\u01b0\u1ee3c g\u1eedi v\u1ec1 robot Robot th\u1ef1c hi\u1ec7n v\u1eb7n bu l\u00f4ng v\u00e0o b\u00e1nh xe [&#8230;]","protected":false},"featured_media":1775,"comment_status":"open","ping_status":"closed","template":"","meta":[],"product_cat":[148,56,149],"product_tag":[],"class_list":["post-1774","product","type-product","status-publish","has-post-thumbnail","hentry","product_cat-dan-huong","product_cat-o-to","product_cat-ung-dung-dan-huong-robot-van-bu-long"],"yoast_head":"<!-- This site is optimized with the Yoast SEO plugin v21.6 - https:\/\/yoast.com\/wordpress\/plugins\/seo\/ -->\n<title>\u1ee8ng d\u1ee5ng d\u1eabn h\u01b0\u1edbng robot v\u1eb7n bu l\u00f4ng - Etek<\/title>\n<meta name=\"robots\" content=\"index, follow, max-snippet:-1, max-image-preview:large, max-video-preview:-1\" \/>\n<link rel=\"canonical\" href=\"https:\/\/etekrobotics.com.vn\/en\/product\/ung-dung-dan-huong-robot-van-bu-long\/\" \/>\n<meta property=\"og:locale\" content=\"en_US\" \/>\n<meta property=\"og:type\" content=\"article\" \/>\n<meta property=\"og:title\" content=\"\u1ee8ng d\u1ee5ng d\u1eabn h\u01b0\u1edbng robot v\u1eb7n bu l\u00f4ng - Etek\" \/>\n<meta property=\"og:description\" content=\"Th\u00f4ng tin chung: V\u1ea5n \u0111\u1ec1: Th\u1ef1c hi\u1ec7n b\u1eb1ng th\u1ee7 c\u00f4ng t\u1ed1n r\u1ea5t nhi\u1ec1u nh\u00e2n c\u00f4ng G\u00e2y m\u1ea5t an to\u00e0n cho c\u00f4ng nh\u00e2n Quy tr\u00ecnh: Camera th\u1ef1c hi\u1ec7n ph\u00e2n lo\u1ea1i v\u00e0 \u0111\u1ecbnh v\u1ecb trung t\u00e2m c\u1ee7a tr\u1ee5c b\u00e1nh xe D\u1eef li\u1ec7u t\u1eeb camera \u0111\u01b0\u1ee3c g\u1eedi v\u1ec1 robot Robot th\u1ef1c hi\u1ec7n v\u1eb7n bu l\u00f4ng v\u00e0o b\u00e1nh xe [...]\" \/>\n<meta property=\"og:url\" content=\"https:\/\/etekrobotics.com.vn\/en\/product\/ung-dung-dan-huong-robot-van-bu-long\/\" \/>\n<meta property=\"og:site_name\" content=\"Etek\" \/>\n<meta property=\"article:modified_time\" content=\"2024-03-14T09:41:00+00:00\" \/>\n<meta property=\"og:image\" content=\"https:\/\/etekrobotics.com.vn\/wp-content\/uploads\/2024\/03\/91-1.jpg\" \/>\n\t<meta property=\"og:image:width\" content=\"856\" \/>\n\t<meta property=\"og:image:height\" content=\"553\" \/>\n\t<meta property=\"og:image:type\" content=\"image\/jpeg\" \/>\n<meta name=\"twitter:card\" content=\"summary_large_image\" \/>\n<meta name=\"twitter:label1\" content=\"Est. reading time\" \/>\n\t<meta name=\"twitter:data1\" content=\"2 minutes\" \/>\n<script type=\"application\/ld+json\" class=\"yoast-schema-graph\">{\"@context\":\"https:\/\/schema.org\",\"@graph\":[{\"@type\":\"WebPage\",\"@id\":\"https:\/\/etekrobotics.com.vn\/san-pham\/ung-dung-dan-huong-robot-van-bu-long\/\",\"url\":\"https:\/\/etekrobotics.com.vn\/san-pham\/ung-dung-dan-huong-robot-van-bu-long\/\",\"name\":\"\u1ee8ng d\u1ee5ng d\u1eabn h\u01b0\u1edbng robot v\u1eb7n bu l\u00f4ng - Etek\",\"isPartOf\":{\"@id\":\"https:\/\/etekrobotics.com.vn\/#website\"},\"datePublished\":\"2024-03-14T09:40:59+00:00\",\"dateModified\":\"2024-03-14T09:41:00+00:00\",\"breadcrumb\":{\"@id\":\"https:\/\/etekrobotics.com.vn\/san-pham\/ung-dung-dan-huong-robot-van-bu-long\/#breadcrumb\"},\"inLanguage\":\"en-US\",\"potentialAction\":[{\"@type\":\"ReadAction\",\"target\":[\"https:\/\/etekrobotics.com.vn\/san-pham\/ung-dung-dan-huong-robot-van-bu-long\/\"]}]},{\"@type\":\"BreadcrumbList\",\"@id\":\"https:\/\/etekrobotics.com.vn\/san-pham\/ung-dung-dan-huong-robot-van-bu-long\/#breadcrumb\",\"itemListElement\":[{\"@type\":\"ListItem\",\"position\":1,\"name\":\"Trang ch\u1ee7\",\"item\":\"https:\/\/etekrobotics.com.vn\/\"},{\"@type\":\"ListItem\",\"position\":2,\"name\":\"C\u1eeda h\u00e0ng\",\"item\":\"https:\/\/etekrobotics.com.vn\/cua-hang\/\"},{\"@type\":\"ListItem\",\"position\":3,\"name\":\"\u1ee8ng d\u1ee5ng d\u1eabn h\u01b0\u1edbng robot v\u1eb7n bu l\u00f4ng\"}]},{\"@type\":\"WebSite\",\"@id\":\"https:\/\/etekrobotics.com.vn\/#website\",\"url\":\"https:\/\/etekrobotics.com.vn\/\",\"name\":\"Etek\",\"description\":\"C\u00f4ng ty C\u1ed5 ph\u1ea7n Gi\u1ea3i ph\u00e1p T\u1ef1 \u0111\u1ed9ng h\u00f3a ETEK\",\"potentialAction\":[{\"@type\":\"SearchAction\",\"target\":{\"@type\":\"EntryPoint\",\"urlTemplate\":\"https:\/\/etekrobotics.com.vn\/?s={search_term_string}\"},\"query-input\":\"required name=search_term_string\"}],\"inLanguage\":\"en-US\"}]}<\/script>\n<!-- \/ Yoast SEO plugin. -->","yoast_head_json":{"title":"\u1ee8ng d\u1ee5ng d\u1eabn h\u01b0\u1edbng robot v\u1eb7n bu l\u00f4ng - Etek","robots":{"index":"index","follow":"follow","max-snippet":"max-snippet:-1","max-image-preview":"max-image-preview:large","max-video-preview":"max-video-preview:-1"},"canonical":"https:\/\/etekrobotics.com.vn\/en\/product\/ung-dung-dan-huong-robot-van-bu-long\/","og_locale":"en_US","og_type":"article","og_title":"\u1ee8ng d\u1ee5ng d\u1eabn h\u01b0\u1edbng robot v\u1eb7n bu l\u00f4ng - Etek","og_description":"Th\u00f4ng tin chung: V\u1ea5n \u0111\u1ec1: Th\u1ef1c hi\u1ec7n b\u1eb1ng th\u1ee7 c\u00f4ng t\u1ed1n r\u1ea5t nhi\u1ec1u nh\u00e2n c\u00f4ng G\u00e2y m\u1ea5t an to\u00e0n cho c\u00f4ng nh\u00e2n Quy tr\u00ecnh: Camera th\u1ef1c hi\u1ec7n ph\u00e2n lo\u1ea1i v\u00e0 \u0111\u1ecbnh v\u1ecb trung t\u00e2m c\u1ee7a tr\u1ee5c b\u00e1nh xe D\u1eef li\u1ec7u t\u1eeb camera \u0111\u01b0\u1ee3c g\u1eedi v\u1ec1 robot Robot th\u1ef1c hi\u1ec7n v\u1eb7n bu l\u00f4ng v\u00e0o b\u00e1nh xe [...]","og_url":"https:\/\/etekrobotics.com.vn\/en\/product\/ung-dung-dan-huong-robot-van-bu-long\/","og_site_name":"Etek","article_modified_time":"2024-03-14T09:41:00+00:00","og_image":[{"width":856,"height":553,"url":"https:\/\/etekrobotics.com.vn\/wp-content\/uploads\/2024\/03\/91-1.jpg","type":"image\/jpeg"}],"twitter_card":"summary_large_image","twitter_misc":{"Est. reading time":"2 minutes"},"schema":{"@context":"https:\/\/schema.org","@graph":[{"@type":"WebPage","@id":"https:\/\/etekrobotics.com.vn\/san-pham\/ung-dung-dan-huong-robot-van-bu-long\/","url":"https:\/\/etekrobotics.com.vn\/san-pham\/ung-dung-dan-huong-robot-van-bu-long\/","name":"\u1ee8ng d\u1ee5ng d\u1eabn h\u01b0\u1edbng robot v\u1eb7n bu l\u00f4ng - Etek","isPartOf":{"@id":"https:\/\/etekrobotics.com.vn\/#website"},"datePublished":"2024-03-14T09:40:59+00:00","dateModified":"2024-03-14T09:41:00+00:00","breadcrumb":{"@id":"https:\/\/etekrobotics.com.vn\/san-pham\/ung-dung-dan-huong-robot-van-bu-long\/#breadcrumb"},"inLanguage":"en-US","potentialAction":[{"@type":"ReadAction","target":["https:\/\/etekrobotics.com.vn\/san-pham\/ung-dung-dan-huong-robot-van-bu-long\/"]}]},{"@type":"BreadcrumbList","@id":"https:\/\/etekrobotics.com.vn\/san-pham\/ung-dung-dan-huong-robot-van-bu-long\/#breadcrumb","itemListElement":[{"@type":"ListItem","position":1,"name":"Trang ch\u1ee7","item":"https:\/\/etekrobotics.com.vn\/"},{"@type":"ListItem","position":2,"name":"C\u1eeda h\u00e0ng","item":"https:\/\/etekrobotics.com.vn\/cua-hang\/"},{"@type":"ListItem","position":3,"name":"\u1ee8ng d\u1ee5ng d\u1eabn h\u01b0\u1edbng robot v\u1eb7n bu l\u00f4ng"}]},{"@type":"WebSite","@id":"https:\/\/etekrobotics.com.vn\/#website","url":"https:\/\/etekrobotics.com.vn\/","name":"Etek","description":"C\u00f4ng ty C\u1ed5 ph\u1ea7n Gi\u1ea3i ph\u00e1p T\u1ef1 \u0111\u1ed9ng h\u00f3a ETEK","potentialAction":[{"@type":"SearchAction","target":{"@type":"EntryPoint","urlTemplate":"https:\/\/etekrobotics.com.vn\/?s={search_term_string}"},"query-input":"required name=search_term_string"}],"inLanguage":"en-US"}]}},"_links":{"self":[{"href":"https:\/\/etekrobotics.com.vn\/en\/wp-json\/wp\/v2\/product\/1774","targetHints":{"allow":["GET"]}}],"collection":[{"href":"https:\/\/etekrobotics.com.vn\/en\/wp-json\/wp\/v2\/product"}],"about":[{"href":"https:\/\/etekrobotics.com.vn\/en\/wp-json\/wp\/v2\/types\/product"}],"replies":[{"embeddable":true,"href":"https:\/\/etekrobotics.com.vn\/en\/wp-json\/wp\/v2\/comments?post=1774"}],"wp:featuredmedia":[{"embeddable":true,"href":"https:\/\/etekrobotics.com.vn\/en\/wp-json\/wp\/v2\/media\/1775"}],"wp:attachment":[{"href":"https:\/\/etekrobotics.com.vn\/en\/wp-json\/wp\/v2\/media?parent=1774"}],"wp:term":[{"taxonomy":"product_cat","embeddable":true,"href":"https:\/\/etekrobotics.com.vn\/en\/wp-json\/wp\/v2\/product_cat?post=1774"},{"taxonomy":"product_tag","embeddable":true,"href":"https:\/\/etekrobotics.com.vn\/en\/wp-json\/wp\/v2\/product_tag?post=1774"}],"curies":[{"name":"wp","href":"https:\/\/api.w.org\/{rel}","templated":true}]}}