{"id":1808,"date":"2024-03-21T01:21:35","date_gmt":"2024-03-21T01:21:35","guid":{"rendered":"https:\/\/etekrobotics.com.vn\/?post_type=product&#038;p=1808"},"modified":"2024-03-21T01:21:36","modified_gmt":"2024-03-21T01:21:36","slug":"kiem-tra-duong-keo","status":"publish","type":"product","link":"https:\/\/etekrobotics.com.vn\/en\/product\/kiem-tra-duong-keo\/","title":{"rendered":"Ki\u1ec3m tra \u0111\u01b0\u1eddng keo"},"content":{"rendered":"<h1><strong>Th\u00f4ng tin chung:<\/strong><\/h1>\n<h2><b>V\u1ea5n <\/b><b>\u0111\u1ec1<\/b><b>: <\/b><\/h2>\n<ul>\n<li>\u0110\u01b0\u1eddng keo kh\u00f4ng li\u1ec1n m\u1ea1ch<\/li>\n<li>Th\u1ec3 t\u00edch keo kh\u00f4ng \u0111\u1ee7<\/li>\n<li>\u0110\u01b0\u1eddng keo s\u00e1ng v\u00e0 \u01b0\u1edbt g\u00e2y kh\u00f3 kh\u0103n cho vi\u1ec7c ki\u1ec3m tra<\/li>\n<\/ul>\n<h2><b>Quy<\/b> <b>tr\u00ecnh<\/b><b>:<\/b><\/h2>\n<ul>\n<li>Camera th\u1ef1c hi\u1ec7n qu\u00e9t v\u00e0 t\u00ednh to\u00e1n th\u1ec3 t\u00edch \u0111\u01b0\u1eddng keo t\u1eeb \u0111\u00f3 x\u00e1c \u0111\u1ecbnh l\u1ed7i<\/li>\n<\/ul>\n<h2><b>L\u1ee3i<\/b> <b>\u00edch<\/b><b>:<\/b><\/h2>\n<ul>\n<li>\u0110\u1ea3m b\u1ea3o l\u01b0\u1ee3ng keo \u0111\u01b0\u1ee3c ph\u00e2n ph\u1ed1i \u0111\u1ee7<\/li>\n<li>Gi\u1ea3m chi ph\u00ed nh\u00e2n c\u00f4ng<\/li>\n<\/ul>\n<h1><strong>Th\u00f4ng s\u1ed1 tr\u1ea1m: <\/strong><\/h1>\n<ol>\n<li>S\u1ea3n l\u01b0\u1ee3ng:\u00a0 12 sp\/h<\/li>\n<li>\u0110i\u1ec1u ki\u1ec7n \u00e1nh s\u00e1ng: 300-1000 lux<\/li>\n<li>T\u1ed1c \u0111\u1ed9 robot (m\u00e1y): 0.03 m\/s<\/li>\n<li>K\u00edch th\u01b0\u1edbc \u0111\u01b0\u1eddng keo: 5mm<\/li>\n<\/ol>\n<h1><strong>Thi\u1ebft b\u1ecb:<\/strong><\/h1>\n<ol>\n<li>Camera 3D<\/li>\n<li>Robot (m\u00e1y)<\/li>\n<li>C\u00e1p ngu\u1ed3n<\/li>\n<li>C\u00e1p ethernet<\/li>\n<\/ol>\n<h1><strong>Th\u00f4ng s\u1ed1 thi\u1ebft b\u1ecb:<\/strong><\/h1>\n<p><b>In-sight 3D L-4000:<\/b><\/p>\n<ul>\n<li>\u0110\u1ed9 ph\u00e2n gi\u1ea3i: 2K<\/li>\n<li>Ngu\u1ed3n s\u00e1ng:<\/li>\n<\/ul>\n<p>&#8211; L\u1edbp laze: 2M<\/p>\n<p>-C\u00f4ng su\u1ea5t \u0111\u1ea7u ra: 45mW<\/p>\n<h1><img loading=\"lazy\" decoding=\"async\" class=\"alignnone size-full wp-image-1810\" src=\"https:\/\/etekrobotics.com.vn\/wp-content\/uploads\/2024\/03\/100.jpg\" alt=\"\" width=\"301\" height=\"219\" srcset=\"https:\/\/etekrobotics.com.vn\/wp-content\/uploads\/2024\/03\/100.jpg 301w, https:\/\/etekrobotics.com.vn\/wp-content\/uploads\/2024\/03\/100-16x12.jpg 16w\" sizes=\"auto, (max-width: 301px) 100vw, 301px\" \/><\/h1>\n<h1><strong>Ng\u00e0nh:<\/strong><\/h1>\n<ul>\n<li>\u00d4 t\u00f4<\/li>\n<li>B\u00e1n d\u1eabn<\/li>\n<\/ul>\n<h1><strong>S\u1ea3n ph\u1ea9m:<\/strong><\/h1>\n<p><img loading=\"lazy\" decoding=\"async\" class=\"alignnone  wp-image-1811\" src=\"https:\/\/etekrobotics.com.vn\/wp-content\/uploads\/2024\/03\/101.jpg\" alt=\"\" width=\"218\" height=\"160\" srcset=\"https:\/\/etekrobotics.com.vn\/wp-content\/uploads\/2024\/03\/101.jpg 301w, https:\/\/etekrobotics.com.vn\/wp-content\/uploads\/2024\/03\/101-16x12.jpg 16w\" sizes=\"auto, (max-width: 218px) 100vw, 218px\" \/> <img loading=\"lazy\" decoding=\"async\" class=\"alignnone  wp-image-1812\" src=\"https:\/\/etekrobotics.com.vn\/wp-content\/uploads\/2024\/03\/102.jpg\" alt=\"\" width=\"227\" height=\"166\" srcset=\"https:\/\/etekrobotics.com.vn\/wp-content\/uploads\/2024\/03\/102.jpg 301w, https:\/\/etekrobotics.com.vn\/wp-content\/uploads\/2024\/03\/102-16x12.jpg 16w\" sizes=\"auto, (max-width: 227px) 100vw, 227px\" \/><\/p>","protected":false},"excerpt":{"rendered":"<p>Th\u00f4ng tin chung: V\u1ea5n \u0111\u1ec1: \u0110\u01b0\u1eddng keo kh\u00f4ng li\u1ec1n m\u1ea1ch Th\u1ec3 t\u00edch keo kh\u00f4ng \u0111\u1ee7 \u0110\u01b0\u1eddng keo s\u00e1ng v\u00e0 \u01b0\u1edbt g\u00e2y kh\u00f3 kh\u0103n cho vi\u1ec7c ki\u1ec3m tra Quy tr\u00ecnh: Camera th\u1ef1c hi\u1ec7n qu\u00e9t v\u00e0 t\u00ednh to\u00e1n th\u1ec3 t\u00edch \u0111\u01b0\u1eddng keo t\u1eeb \u0111\u00f3 x\u00e1c \u0111\u1ecbnh l\u1ed7i L\u1ee3i \u00edch: \u0110\u1ea3m b\u1ea3o l\u01b0\u1ee3ng keo \u0111\u01b0\u1ee3c ph\u00e2n ph\u1ed1i \u0111\u1ee7 [&#8230;]","protected":false},"featured_media":1809,"comment_status":"open","ping_status":"closed","template":"","meta":[],"product_cat":[158,159,56],"product_tag":[],"class_list":["post-1808","product","type-product","status-publish","has-post-thumbnail","hentry","product_cat-do-luong","product_cat-kiem-tra-duong-keo","product_cat-o-to"],"yoast_head":"<!-- This site is optimized with the Yoast SEO plugin v21.6 - https:\/\/yoast.com\/wordpress\/plugins\/seo\/ -->\n<title>Ki\u1ec3m tra \u0111\u01b0\u1eddng keo - Etek<\/title>\n<meta name=\"robots\" content=\"index, follow, max-snippet:-1, max-image-preview:large, max-video-preview:-1\" \/>\n<link rel=\"canonical\" href=\"https:\/\/etekrobotics.com.vn\/en\/product\/kiem-tra-duong-keo\/\" \/>\n<meta property=\"og:locale\" content=\"en_US\" \/>\n<meta property=\"og:type\" content=\"article\" \/>\n<meta property=\"og:title\" content=\"Ki\u1ec3m tra \u0111\u01b0\u1eddng keo - Etek\" \/>\n<meta property=\"og:description\" content=\"Th\u00f4ng tin chung: V\u1ea5n \u0111\u1ec1: \u0110\u01b0\u1eddng keo kh\u00f4ng li\u1ec1n m\u1ea1ch Th\u1ec3 t\u00edch keo kh\u00f4ng \u0111\u1ee7 \u0110\u01b0\u1eddng keo s\u00e1ng v\u00e0 \u01b0\u1edbt g\u00e2y kh\u00f3 kh\u0103n cho vi\u1ec7c ki\u1ec3m tra Quy tr\u00ecnh: Camera th\u1ef1c hi\u1ec7n qu\u00e9t v\u00e0 t\u00ednh to\u00e1n th\u1ec3 t\u00edch \u0111\u01b0\u1eddng keo t\u1eeb \u0111\u00f3 x\u00e1c \u0111\u1ecbnh l\u1ed7i L\u1ee3i \u00edch: \u0110\u1ea3m b\u1ea3o l\u01b0\u1ee3ng keo \u0111\u01b0\u1ee3c ph\u00e2n ph\u1ed1i \u0111\u1ee7 [...]\" \/>\n<meta property=\"og:url\" content=\"https:\/\/etekrobotics.com.vn\/en\/product\/kiem-tra-duong-keo\/\" \/>\n<meta property=\"og:site_name\" content=\"Etek\" \/>\n<meta property=\"article:modified_time\" content=\"2024-03-21T01:21:36+00:00\" \/>\n<meta property=\"og:image\" content=\"https:\/\/etekrobotics.com.vn\/wp-content\/uploads\/2024\/03\/99.jpg\" \/>\n\t<meta property=\"og:image:width\" content=\"856\" \/>\n\t<meta property=\"og:image:height\" content=\"553\" \/>\n\t<meta property=\"og:image:type\" content=\"image\/jpeg\" \/>\n<meta name=\"twitter:card\" content=\"summary_large_image\" \/>\n<meta name=\"twitter:label1\" content=\"Est. reading time\" \/>\n\t<meta name=\"twitter:data1\" content=\"2 minutes\" \/>\n<script type=\"application\/ld+json\" class=\"yoast-schema-graph\">{\"@context\":\"https:\/\/schema.org\",\"@graph\":[{\"@type\":\"WebPage\",\"@id\":\"https:\/\/etekrobotics.com.vn\/san-pham\/kiem-tra-duong-keo\/\",\"url\":\"https:\/\/etekrobotics.com.vn\/san-pham\/kiem-tra-duong-keo\/\",\"name\":\"Ki\u1ec3m tra \u0111\u01b0\u1eddng keo - Etek\",\"isPartOf\":{\"@id\":\"https:\/\/etekrobotics.com.vn\/#website\"},\"datePublished\":\"2024-03-21T01:21:35+00:00\",\"dateModified\":\"2024-03-21T01:21:36+00:00\",\"breadcrumb\":{\"@id\":\"https:\/\/etekrobotics.com.vn\/san-pham\/kiem-tra-duong-keo\/#breadcrumb\"},\"inLanguage\":\"en-US\",\"potentialAction\":[{\"@type\":\"ReadAction\",\"target\":[\"https:\/\/etekrobotics.com.vn\/san-pham\/kiem-tra-duong-keo\/\"]}]},{\"@type\":\"BreadcrumbList\",\"@id\":\"https:\/\/etekrobotics.com.vn\/san-pham\/kiem-tra-duong-keo\/#breadcrumb\",\"itemListElement\":[{\"@type\":\"ListItem\",\"position\":1,\"name\":\"Trang ch\u1ee7\",\"item\":\"https:\/\/etekrobotics.com.vn\/\"},{\"@type\":\"ListItem\",\"position\":2,\"name\":\"C\u1eeda h\u00e0ng\",\"item\":\"https:\/\/etekrobotics.com.vn\/cua-hang\/\"},{\"@type\":\"ListItem\",\"position\":3,\"name\":\"Ki\u1ec3m tra \u0111\u01b0\u1eddng keo\"}]},{\"@type\":\"WebSite\",\"@id\":\"https:\/\/etekrobotics.com.vn\/#website\",\"url\":\"https:\/\/etekrobotics.com.vn\/\",\"name\":\"Etek\",\"description\":\"C\u00f4ng ty C\u1ed5 ph\u1ea7n Gi\u1ea3i ph\u00e1p T\u1ef1 \u0111\u1ed9ng h\u00f3a ETEK\",\"potentialAction\":[{\"@type\":\"SearchAction\",\"target\":{\"@type\":\"EntryPoint\",\"urlTemplate\":\"https:\/\/etekrobotics.com.vn\/?s={search_term_string}\"},\"query-input\":\"required name=search_term_string\"}],\"inLanguage\":\"en-US\"}]}<\/script>\n<!-- \/ Yoast SEO plugin. -->","yoast_head_json":{"title":"Ki\u1ec3m tra \u0111\u01b0\u1eddng keo - Etek","robots":{"index":"index","follow":"follow","max-snippet":"max-snippet:-1","max-image-preview":"max-image-preview:large","max-video-preview":"max-video-preview:-1"},"canonical":"https:\/\/etekrobotics.com.vn\/en\/product\/kiem-tra-duong-keo\/","og_locale":"en_US","og_type":"article","og_title":"Ki\u1ec3m tra \u0111\u01b0\u1eddng keo - Etek","og_description":"Th\u00f4ng tin chung: V\u1ea5n \u0111\u1ec1: \u0110\u01b0\u1eddng keo kh\u00f4ng li\u1ec1n m\u1ea1ch Th\u1ec3 t\u00edch keo kh\u00f4ng \u0111\u1ee7 \u0110\u01b0\u1eddng keo s\u00e1ng v\u00e0 \u01b0\u1edbt g\u00e2y kh\u00f3 kh\u0103n cho vi\u1ec7c ki\u1ec3m tra Quy tr\u00ecnh: Camera th\u1ef1c hi\u1ec7n qu\u00e9t v\u00e0 t\u00ednh to\u00e1n th\u1ec3 t\u00edch \u0111\u01b0\u1eddng keo t\u1eeb \u0111\u00f3 x\u00e1c \u0111\u1ecbnh l\u1ed7i L\u1ee3i \u00edch: \u0110\u1ea3m b\u1ea3o l\u01b0\u1ee3ng keo \u0111\u01b0\u1ee3c ph\u00e2n ph\u1ed1i \u0111\u1ee7 [...]","og_url":"https:\/\/etekrobotics.com.vn\/en\/product\/kiem-tra-duong-keo\/","og_site_name":"Etek","article_modified_time":"2024-03-21T01:21:36+00:00","og_image":[{"width":856,"height":553,"url":"https:\/\/etekrobotics.com.vn\/wp-content\/uploads\/2024\/03\/99.jpg","type":"image\/jpeg"}],"twitter_card":"summary_large_image","twitter_misc":{"Est. reading time":"2 minutes"},"schema":{"@context":"https:\/\/schema.org","@graph":[{"@type":"WebPage","@id":"https:\/\/etekrobotics.com.vn\/san-pham\/kiem-tra-duong-keo\/","url":"https:\/\/etekrobotics.com.vn\/san-pham\/kiem-tra-duong-keo\/","name":"Ki\u1ec3m tra \u0111\u01b0\u1eddng keo - Etek","isPartOf":{"@id":"https:\/\/etekrobotics.com.vn\/#website"},"datePublished":"2024-03-21T01:21:35+00:00","dateModified":"2024-03-21T01:21:36+00:00","breadcrumb":{"@id":"https:\/\/etekrobotics.com.vn\/san-pham\/kiem-tra-duong-keo\/#breadcrumb"},"inLanguage":"en-US","potentialAction":[{"@type":"ReadAction","target":["https:\/\/etekrobotics.com.vn\/san-pham\/kiem-tra-duong-keo\/"]}]},{"@type":"BreadcrumbList","@id":"https:\/\/etekrobotics.com.vn\/san-pham\/kiem-tra-duong-keo\/#breadcrumb","itemListElement":[{"@type":"ListItem","position":1,"name":"Trang ch\u1ee7","item":"https:\/\/etekrobotics.com.vn\/"},{"@type":"ListItem","position":2,"name":"C\u1eeda h\u00e0ng","item":"https:\/\/etekrobotics.com.vn\/cua-hang\/"},{"@type":"ListItem","position":3,"name":"Ki\u1ec3m tra \u0111\u01b0\u1eddng keo"}]},{"@type":"WebSite","@id":"https:\/\/etekrobotics.com.vn\/#website","url":"https:\/\/etekrobotics.com.vn\/","name":"Etek","description":"C\u00f4ng ty C\u1ed5 ph\u1ea7n Gi\u1ea3i ph\u00e1p T\u1ef1 \u0111\u1ed9ng h\u00f3a ETEK","potentialAction":[{"@type":"SearchAction","target":{"@type":"EntryPoint","urlTemplate":"https:\/\/etekrobotics.com.vn\/?s={search_term_string}"},"query-input":"required name=search_term_string"}],"inLanguage":"en-US"}]}},"_links":{"self":[{"href":"https:\/\/etekrobotics.com.vn\/en\/wp-json\/wp\/v2\/product\/1808","targetHints":{"allow":["GET"]}}],"collection":[{"href":"https:\/\/etekrobotics.com.vn\/en\/wp-json\/wp\/v2\/product"}],"about":[{"href":"https:\/\/etekrobotics.com.vn\/en\/wp-json\/wp\/v2\/types\/product"}],"replies":[{"embeddable":true,"href":"https:\/\/etekrobotics.com.vn\/en\/wp-json\/wp\/v2\/comments?post=1808"}],"wp:featuredmedia":[{"embeddable":true,"href":"https:\/\/etekrobotics.com.vn\/en\/wp-json\/wp\/v2\/media\/1809"}],"wp:attachment":[{"href":"https:\/\/etekrobotics.com.vn\/en\/wp-json\/wp\/v2\/media?parent=1808"}],"wp:term":[{"taxonomy":"product_cat","embeddable":true,"href":"https:\/\/etekrobotics.com.vn\/en\/wp-json\/wp\/v2\/product_cat?post=1808"},{"taxonomy":"product_tag","embeddable":true,"href":"https:\/\/etekrobotics.com.vn\/en\/wp-json\/wp\/v2\/product_tag?post=1808"}],"curies":[{"name":"wp","href":"https:\/\/api.w.org\/{rel}","templated":true}]}}