{"id":1813,"date":"2024-03-21T01:29:09","date_gmt":"2024-03-21T01:29:09","guid":{"rendered":"https:\/\/etekrobotics.com.vn\/?post_type=product&#038;p=1813"},"modified":"2024-03-21T01:29:10","modified_gmt":"2024-03-21T01:29:10","slug":"truy-xuat-thong-tin-khoi-dong-co","status":"publish","type":"product","link":"https:\/\/etekrobotics.com.vn\/en\/product\/truy-xuat-thong-tin-khoi-dong-co\/","title":{"rendered":"Truy xu\u1ea5t th\u00f4ng tin kh\u1ed1i \u0111\u1ed9ng c\u01a1"},"content":{"rendered":"<h1><strong>Th\u00f4ng tin chung: <\/strong><\/h1>\n<h2><b>V\u1ea5n <\/b><b>\u0111\u1ec1<\/b><b>:<\/b><\/h2>\n<ul>\n<li>Barcode kh\u1eafc tr\u00ean b\u1ec1 m\u1eb7t kim lo\u1ea1i g\u00e2y kh\u00f3 kh\u0103n cho vi\u1ec7c gi\u1ea3i m\u00e3<\/li>\n<\/ul>\n<h2><b>Gi\u1ea3i<\/b> <b>ph\u00e1p<\/b><b>:<\/b><\/h2>\n<ul>\n<li>S\u1ea3n ph\u1ea9m ch\u1ea1y tr\u00ean b\u0103ng t\u1ea3i<\/li>\n<li>Camera th\u1ef1c hi\u1ec7n ch\u1ee5p v\u00e0 s\u1eed d\u1ee5ng c\u00f4ng ngh\u1ec7 2DMax with PowerGrid \u0111\u1ec3 tr\u00edch xu\u1ea5t th\u00f4ng tin kh\u1ed1i \u0111\u1ed9ng c\u01a1<\/li>\n<li>D\u1eef li\u1ec7u \u0111\u01b0\u1ee3c g\u1eedi v\u1ec1 server<\/li>\n<\/ul>\n<h2><b>L\u1ee3i<\/b> <b>\u00edch<\/b><b>:<\/b><\/h2>\n<ul>\n<li>D\u1ec5 d\u00e0ng trong vi\u1ec7c qu\u1ea3n l\u00ed th\u00f4ng tin s\u1ea3n ph\u1ea9m<\/li>\n<\/ul>\n<h1><strong>Th\u00f4ng s\u1ed1 tr\u1ea1m: <\/strong><\/h1>\n<ol>\n<li>K\u00edch th\u01b0\u1edbc barcode: 5*5mm<\/li>\n<li>V\u00f9ng ch\u1ee5p: 3500*1500mm<\/li>\n<li>S\u1ea3n l\u01b0\u1ee3ng: 3 s\u1ea3n ph\u1ea9m\/s<\/li>\n<li>Giao th\u1ee9c truy\u1ec1n th\u00f4ng: TCP\/IP, Modbus TCP<\/li>\n<\/ol>\n<h1><strong>Thi\u1ebft b\u1ecb:<\/strong><\/h1>\n<ol>\n<li>Camera 2D<\/li>\n<li>\u0110\u00e8n<\/li>\n<li>B\u0103ng t\u1ea3i<\/li>\n<li>C\u00e1p ngu\u1ed3n, ethernet<\/li>\n<\/ol>\n<h1><strong>Th\u00f4ng s\u1ed1 thi\u1ebft b\u1ecb:<\/strong><\/h1>\n<h2><b>DataMan<\/b><b> 470 series:<\/b><\/h2>\n<ul>\n<li>T\u1ea7n s\u1ed1 ch\u1ee5p: 80Hz<\/li>\n<li>\u0110\u1ed9 ph\u00e2n gi\u1ea3i: 5MP<\/li>\n<li>Ngu\u1ed3n: 24V<\/li>\n<li>Lens: Liquid lens<\/li>\n<\/ul>\n<h1><img loading=\"lazy\" decoding=\"async\" class=\"alignnone  wp-image-1815\" src=\"https:\/\/etekrobotics.com.vn\/wp-content\/uploads\/2024\/03\/104.jpg\" alt=\"\" width=\"243\" height=\"177\" srcset=\"https:\/\/etekrobotics.com.vn\/wp-content\/uploads\/2024\/03\/104.jpg 301w, https:\/\/etekrobotics.com.vn\/wp-content\/uploads\/2024\/03\/104-16x12.jpg 16w\" sizes=\"auto, (max-width: 243px) 100vw, 243px\" \/><\/h1>\n<h1><strong>Ng\u00e0nh:<\/strong><\/h1>\n<ul>\n<li>\u00d4 t\u00f4<\/li>\n<li>Xe m\u00e1y<\/li>\n<\/ul>\n<h1><strong>S\u1ea3n ph\u1ea9m:<\/strong><\/h1>\n<p><img loading=\"lazy\" decoding=\"async\" class=\"alignnone  wp-image-1816\" src=\"https:\/\/etekrobotics.com.vn\/wp-content\/uploads\/2024\/03\/105.jpg\" alt=\"\" width=\"225\" height=\"165\" srcset=\"https:\/\/etekrobotics.com.vn\/wp-content\/uploads\/2024\/03\/105.jpg 301w, https:\/\/etekrobotics.com.vn\/wp-content\/uploads\/2024\/03\/105-16x12.jpg 16w\" sizes=\"auto, (max-width: 225px) 100vw, 225px\" \/> <img loading=\"lazy\" decoding=\"async\" class=\"alignnone  wp-image-1817\" src=\"https:\/\/etekrobotics.com.vn\/wp-content\/uploads\/2024\/03\/106.jpg\" alt=\"\" width=\"224\" height=\"164\" srcset=\"https:\/\/etekrobotics.com.vn\/wp-content\/uploads\/2024\/03\/106.jpg 301w, https:\/\/etekrobotics.com.vn\/wp-content\/uploads\/2024\/03\/106-16x12.jpg 16w\" sizes=\"auto, (max-width: 224px) 100vw, 224px\" \/><\/p>","protected":false},"excerpt":{"rendered":"<p>Th\u00f4ng tin chung: V\u1ea5n \u0111\u1ec1: Barcode kh\u1eafc tr\u00ean b\u1ec1 m\u1eb7t kim lo\u1ea1i g\u00e2y kh\u00f3 kh\u0103n cho vi\u1ec7c gi\u1ea3i m\u00e3 Gi\u1ea3i ph\u00e1p: S\u1ea3n ph\u1ea9m ch\u1ea1y tr\u00ean b\u0103ng t\u1ea3i Camera th\u1ef1c hi\u1ec7n ch\u1ee5p v\u00e0 s\u1eed d\u1ee5ng c\u00f4ng ngh\u1ec7 2DMax with PowerGrid \u0111\u1ec3 tr\u00edch xu\u1ea5t th\u00f4ng tin kh\u1ed1i \u0111\u1ed9ng c\u01a1 D\u1eef li\u1ec7u \u0111\u01b0\u1ee3c g\u1eedi v\u1ec1 server L\u1ee3i \u00edch: [&#8230;]","protected":false},"featured_media":1814,"comment_status":"open","ping_status":"closed","template":"","meta":[],"product_cat":[56,169,168],"product_tag":[],"class_list":["post-1813","product","type-product","status-publish","has-post-thumbnail","hentry","product_cat-o-to","product_cat-truy-xuat-thong-tin-khoi-dong-co","product_cat-truy-xuat-thong-tin-san-pham"],"yoast_head":"<!-- This site is optimized with the Yoast SEO plugin v21.6 - https:\/\/yoast.com\/wordpress\/plugins\/seo\/ -->\n<title>Truy xu\u1ea5t th\u00f4ng tin kh\u1ed1i \u0111\u1ed9ng c\u01a1 - Etek<\/title>\n<meta name=\"robots\" content=\"index, follow, max-snippet:-1, max-image-preview:large, max-video-preview:-1\" \/>\n<link rel=\"canonical\" href=\"https:\/\/etekrobotics.com.vn\/en\/product\/truy-xuat-thong-tin-khoi-dong-co\/\" \/>\n<meta property=\"og:locale\" content=\"en_US\" \/>\n<meta property=\"og:type\" content=\"article\" \/>\n<meta property=\"og:title\" content=\"Truy xu\u1ea5t th\u00f4ng tin kh\u1ed1i \u0111\u1ed9ng c\u01a1 - Etek\" \/>\n<meta property=\"og:description\" content=\"Th\u00f4ng tin chung: V\u1ea5n \u0111\u1ec1: Barcode kh\u1eafc tr\u00ean b\u1ec1 m\u1eb7t kim lo\u1ea1i g\u00e2y kh\u00f3 kh\u0103n cho vi\u1ec7c gi\u1ea3i m\u00e3 Gi\u1ea3i ph\u00e1p: S\u1ea3n ph\u1ea9m ch\u1ea1y tr\u00ean b\u0103ng t\u1ea3i Camera th\u1ef1c hi\u1ec7n ch\u1ee5p v\u00e0 s\u1eed d\u1ee5ng c\u00f4ng ngh\u1ec7 2DMax with PowerGrid \u0111\u1ec3 tr\u00edch xu\u1ea5t th\u00f4ng tin kh\u1ed1i \u0111\u1ed9ng c\u01a1 D\u1eef li\u1ec7u \u0111\u01b0\u1ee3c g\u1eedi v\u1ec1 server L\u1ee3i \u00edch: [...]\" \/>\n<meta property=\"og:url\" content=\"https:\/\/etekrobotics.com.vn\/en\/product\/truy-xuat-thong-tin-khoi-dong-co\/\" \/>\n<meta property=\"og:site_name\" content=\"Etek\" \/>\n<meta property=\"article:modified_time\" content=\"2024-03-21T01:29:10+00:00\" \/>\n<meta property=\"og:image\" content=\"https:\/\/etekrobotics.com.vn\/wp-content\/uploads\/2024\/03\/103.jpg\" \/>\n\t<meta property=\"og:image:width\" content=\"856\" \/>\n\t<meta property=\"og:image:height\" content=\"568\" \/>\n\t<meta property=\"og:image:type\" content=\"image\/jpeg\" \/>\n<meta name=\"twitter:card\" content=\"summary_large_image\" \/>\n<meta name=\"twitter:label1\" content=\"Est. reading time\" \/>\n\t<meta name=\"twitter:data1\" content=\"2 minutes\" \/>\n<script type=\"application\/ld+json\" class=\"yoast-schema-graph\">{\"@context\":\"https:\/\/schema.org\",\"@graph\":[{\"@type\":\"WebPage\",\"@id\":\"https:\/\/etekrobotics.com.vn\/san-pham\/truy-xuat-thong-tin-khoi-dong-co\/\",\"url\":\"https:\/\/etekrobotics.com.vn\/san-pham\/truy-xuat-thong-tin-khoi-dong-co\/\",\"name\":\"Truy xu\u1ea5t th\u00f4ng tin kh\u1ed1i \u0111\u1ed9ng c\u01a1 - Etek\",\"isPartOf\":{\"@id\":\"https:\/\/etekrobotics.com.vn\/#website\"},\"datePublished\":\"2024-03-21T01:29:09+00:00\",\"dateModified\":\"2024-03-21T01:29:10+00:00\",\"breadcrumb\":{\"@id\":\"https:\/\/etekrobotics.com.vn\/san-pham\/truy-xuat-thong-tin-khoi-dong-co\/#breadcrumb\"},\"inLanguage\":\"en-US\",\"potentialAction\":[{\"@type\":\"ReadAction\",\"target\":[\"https:\/\/etekrobotics.com.vn\/san-pham\/truy-xuat-thong-tin-khoi-dong-co\/\"]}]},{\"@type\":\"BreadcrumbList\",\"@id\":\"https:\/\/etekrobotics.com.vn\/san-pham\/truy-xuat-thong-tin-khoi-dong-co\/#breadcrumb\",\"itemListElement\":[{\"@type\":\"ListItem\",\"position\":1,\"name\":\"Trang ch\u1ee7\",\"item\":\"https:\/\/etekrobotics.com.vn\/\"},{\"@type\":\"ListItem\",\"position\":2,\"name\":\"C\u1eeda h\u00e0ng\",\"item\":\"https:\/\/etekrobotics.com.vn\/cua-hang\/\"},{\"@type\":\"ListItem\",\"position\":3,\"name\":\"Truy xu\u1ea5t th\u00f4ng tin kh\u1ed1i \u0111\u1ed9ng c\u01a1\"}]},{\"@type\":\"WebSite\",\"@id\":\"https:\/\/etekrobotics.com.vn\/#website\",\"url\":\"https:\/\/etekrobotics.com.vn\/\",\"name\":\"Etek\",\"description\":\"C\u00f4ng ty C\u1ed5 ph\u1ea7n Gi\u1ea3i ph\u00e1p T\u1ef1 \u0111\u1ed9ng h\u00f3a ETEK\",\"potentialAction\":[{\"@type\":\"SearchAction\",\"target\":{\"@type\":\"EntryPoint\",\"urlTemplate\":\"https:\/\/etekrobotics.com.vn\/?s={search_term_string}\"},\"query-input\":\"required name=search_term_string\"}],\"inLanguage\":\"en-US\"}]}<\/script>\n<!-- \/ Yoast SEO plugin. -->","yoast_head_json":{"title":"Truy xu\u1ea5t th\u00f4ng tin kh\u1ed1i \u0111\u1ed9ng c\u01a1 - Etek","robots":{"index":"index","follow":"follow","max-snippet":"max-snippet:-1","max-image-preview":"max-image-preview:large","max-video-preview":"max-video-preview:-1"},"canonical":"https:\/\/etekrobotics.com.vn\/en\/product\/truy-xuat-thong-tin-khoi-dong-co\/","og_locale":"en_US","og_type":"article","og_title":"Truy xu\u1ea5t th\u00f4ng tin kh\u1ed1i \u0111\u1ed9ng c\u01a1 - Etek","og_description":"Th\u00f4ng tin chung: V\u1ea5n \u0111\u1ec1: Barcode kh\u1eafc tr\u00ean b\u1ec1 m\u1eb7t kim lo\u1ea1i g\u00e2y kh\u00f3 kh\u0103n cho vi\u1ec7c gi\u1ea3i m\u00e3 Gi\u1ea3i ph\u00e1p: S\u1ea3n ph\u1ea9m ch\u1ea1y tr\u00ean b\u0103ng t\u1ea3i Camera th\u1ef1c hi\u1ec7n ch\u1ee5p v\u00e0 s\u1eed d\u1ee5ng c\u00f4ng ngh\u1ec7 2DMax with PowerGrid \u0111\u1ec3 tr\u00edch xu\u1ea5t th\u00f4ng tin kh\u1ed1i \u0111\u1ed9ng c\u01a1 D\u1eef li\u1ec7u \u0111\u01b0\u1ee3c g\u1eedi v\u1ec1 server L\u1ee3i \u00edch: [...]","og_url":"https:\/\/etekrobotics.com.vn\/en\/product\/truy-xuat-thong-tin-khoi-dong-co\/","og_site_name":"Etek","article_modified_time":"2024-03-21T01:29:10+00:00","og_image":[{"width":856,"height":568,"url":"https:\/\/etekrobotics.com.vn\/wp-content\/uploads\/2024\/03\/103.jpg","type":"image\/jpeg"}],"twitter_card":"summary_large_image","twitter_misc":{"Est. reading time":"2 minutes"},"schema":{"@context":"https:\/\/schema.org","@graph":[{"@type":"WebPage","@id":"https:\/\/etekrobotics.com.vn\/san-pham\/truy-xuat-thong-tin-khoi-dong-co\/","url":"https:\/\/etekrobotics.com.vn\/san-pham\/truy-xuat-thong-tin-khoi-dong-co\/","name":"Truy xu\u1ea5t th\u00f4ng tin kh\u1ed1i \u0111\u1ed9ng c\u01a1 - Etek","isPartOf":{"@id":"https:\/\/etekrobotics.com.vn\/#website"},"datePublished":"2024-03-21T01:29:09+00:00","dateModified":"2024-03-21T01:29:10+00:00","breadcrumb":{"@id":"https:\/\/etekrobotics.com.vn\/san-pham\/truy-xuat-thong-tin-khoi-dong-co\/#breadcrumb"},"inLanguage":"en-US","potentialAction":[{"@type":"ReadAction","target":["https:\/\/etekrobotics.com.vn\/san-pham\/truy-xuat-thong-tin-khoi-dong-co\/"]}]},{"@type":"BreadcrumbList","@id":"https:\/\/etekrobotics.com.vn\/san-pham\/truy-xuat-thong-tin-khoi-dong-co\/#breadcrumb","itemListElement":[{"@type":"ListItem","position":1,"name":"Trang ch\u1ee7","item":"https:\/\/etekrobotics.com.vn\/"},{"@type":"ListItem","position":2,"name":"C\u1eeda h\u00e0ng","item":"https:\/\/etekrobotics.com.vn\/cua-hang\/"},{"@type":"ListItem","position":3,"name":"Truy xu\u1ea5t th\u00f4ng tin kh\u1ed1i \u0111\u1ed9ng c\u01a1"}]},{"@type":"WebSite","@id":"https:\/\/etekrobotics.com.vn\/#website","url":"https:\/\/etekrobotics.com.vn\/","name":"Etek","description":"C\u00f4ng ty C\u1ed5 ph\u1ea7n Gi\u1ea3i ph\u00e1p T\u1ef1 \u0111\u1ed9ng h\u00f3a ETEK","potentialAction":[{"@type":"SearchAction","target":{"@type":"EntryPoint","urlTemplate":"https:\/\/etekrobotics.com.vn\/?s={search_term_string}"},"query-input":"required name=search_term_string"}],"inLanguage":"en-US"}]}},"_links":{"self":[{"href":"https:\/\/etekrobotics.com.vn\/en\/wp-json\/wp\/v2\/product\/1813","targetHints":{"allow":["GET"]}}],"collection":[{"href":"https:\/\/etekrobotics.com.vn\/en\/wp-json\/wp\/v2\/product"}],"about":[{"href":"https:\/\/etekrobotics.com.vn\/en\/wp-json\/wp\/v2\/types\/product"}],"replies":[{"embeddable":true,"href":"https:\/\/etekrobotics.com.vn\/en\/wp-json\/wp\/v2\/comments?post=1813"}],"wp:featuredmedia":[{"embeddable":true,"href":"https:\/\/etekrobotics.com.vn\/en\/wp-json\/wp\/v2\/media\/1814"}],"wp:attachment":[{"href":"https:\/\/etekrobotics.com.vn\/en\/wp-json\/wp\/v2\/media?parent=1813"}],"wp:term":[{"taxonomy":"product_cat","embeddable":true,"href":"https:\/\/etekrobotics.com.vn\/en\/wp-json\/wp\/v2\/product_cat?post=1813"},{"taxonomy":"product_tag","embeddable":true,"href":"https:\/\/etekrobotics.com.vn\/en\/wp-json\/wp\/v2\/product_tag?post=1813"}],"curies":[{"name":"wp","href":"https:\/\/api.w.org\/{rel}","templated":true}]}}