{"id":1831,"date":"2024-04-01T03:42:58","date_gmt":"2024-04-01T03:42:58","guid":{"rendered":"https:\/\/etekrobotics.com.vn\/?post_type=product&#038;p=1831"},"modified":"2024-04-01T03:48:47","modified_gmt":"2024-04-01T03:48:47","slug":"2d-barcode-dan-huong-cho-agvs-trong-nganh-logistics","status":"publish","type":"product","link":"https:\/\/etekrobotics.com.vn\/en\/product\/2d-barcode-dan-huong-cho-agvs-trong-nganh-logistics\/","title":{"rendered":"2D Barcode d\u1eabn h\u01b0\u1edbng cho AGVs trong ng\u00e0nh Logistics"},"content":{"rendered":"<h2><strong>V\u1ea5n \u0111\u1ec1:<\/strong><\/h2>\n<ul>\n<li>Barcode b\u1ecb m\u1edd x\u01b0\u1edbc, g\u00e2y kh\u00f3 kh\u0103n trong qu\u00e1 tr\u00ecnh \u0111\u1ecdc<\/li>\n<li>Kh\u00f4ng gian r\u1ed9ng g\u00e2y kh\u00f3 khan trong vi\u1ec7c \u0111\u1ecbnh tuy\u1ebfn<\/li>\n<\/ul>\n<h2><strong>Gi\u1ea3i ph\u00e1p:<\/strong><\/h2>\n<p><iframe loading=\"lazy\" title=\"2D Barcode d\u1eabn h\u01b0\u1edbng cho AGVs trong ng\u00e0nh Logistics | ETEK Robotics &amp; Vision\" width=\"1020\" height=\"574\" src=\"https:\/\/www.youtube.com\/embed\/Hvh4Hcy-qrk?feature=oembed\" frameborder=\"0\" allow=\"accelerometer; autoplay; clipboard-write; encrypted-media; gyroscope; picture-in-picture; web-share\" referrerpolicy=\"strict-origin-when-cross-origin\" allowfullscreen><\/iframe><\/p>\n<p>Camera s\u1eed d\u1ee5ng c\u00f4ng ngh\u1ec7 2DMax with Power grid \u0111\u1ec3 \u0111\u1ecdc barcode<br \/>\nTh\u00f4ng tin t\u1eeb camera \u0111\u01b0\u1ee3c g\u1eedi v\u1ec1 AGVs \u0111\u1ec3 d\u1eabn h\u01b0\u1edbng<\/p>\n<h1><strong>L\u1ee3i \u00edch:<\/strong><\/h1>\n<ul>\n<li>T\u1ed1i \u01b0u h\u00f3a chi ph\u00ed<\/li>\n<li>\u0110\u1ecbnh tuy\u1ebfn hi\u1ec7u qu\u1ea3<\/li>\n<\/ul>\n<h2><strong>S\u1ea3n ph\u1ea9m:<\/strong><\/h2>\n<p><img loading=\"lazy\" decoding=\"async\" class=\"alignnone size-full wp-image-1834\" src=\"https:\/\/etekrobotics.com.vn\/wp-content\/uploads\/2024\/04\/2D-barcode-dan-huong-cho-AGVs-02.jpg\" alt=\"\" width=\"1148\" height=\"419\" srcset=\"https:\/\/etekrobotics.com.vn\/wp-content\/uploads\/2024\/04\/2D-barcode-dan-huong-cho-AGVs-02.jpg 1148w, https:\/\/etekrobotics.com.vn\/wp-content\/uploads\/2024\/04\/2D-barcode-dan-huong-cho-AGVs-02-768x280.jpg 768w, https:\/\/etekrobotics.com.vn\/wp-content\/uploads\/2024\/04\/2D-barcode-dan-huong-cho-AGVs-02-18x7.jpg 18w, https:\/\/etekrobotics.com.vn\/wp-content\/uploads\/2024\/04\/2D-barcode-dan-huong-cho-AGVs-02-600x219.jpg 600w\" sizes=\"auto, (max-width: 1148px) 100vw, 1148px\" \/><\/p>\n<p>Th\u00f4ng s\u1ed1 tr\u1ea1m:<br \/>\n1. K\u00edch th\u01b0\u1edbc barcode: 30mm-50mm<\/p>\n<p>2. \u0110i\u1ec1u ki\u1ec7n \u00e1nh s\u00e1ng: 300-100 lux<\/p>\n<p>Thi\u1ebft b\u1ecb:<br \/>\nAGVs<br \/>\nCamera 2D<br \/>\nC\u00e1p ngu\u1ed3n<br \/>\nC\u00e1p Ethernet<br \/>\nTh\u00f4ng s\u1ed1 thi\u1ebft b\u1ecb:<br \/>\nZalo<br \/>\nDataman 280 series<br \/>\nDataman 280 series:<\/p>\n<p>\u0110\u1ed9 ph\u00e2n gi\u1ea3i: 2 MP<br \/>\nT\u1ed1c \u0111\u1ed9 ch\u1ee5p: 45 Hz<br \/>\nLens: Liquid lens<br \/>\nNgu\u1ed3n: 24V<br \/>\nGi\u1ea3i ph\u00e1p 2D Barcode d\u1eabn h\u01b0\u1edbng cho AGVs trong ng\u00e0nh Logistics<br \/>\nC\u00e1c trung t\u00e2m ph\u00e2n ph\u1ed1i v\u00e0 th\u1ef1c hi\u1ec7n \u0111\u01a1n h\u00e0ng c\u1ed1 g\u1eafng t\u1ea1o ra ph\u01b0\u01a1ng th\u1ee9c v\u1eadn chuy\u1ec3n hi\u1ec7u qu\u1ea3 nh\u1ea5t \u0111\u1ec3 t\u1ed1i \u01b0u h\u00f3a quy tr\u00ecnh l\u1ea5y h\u00e0ng v\u00e0 \u0111\u00f3ng g\u00f3i. C\u00e1ch ph\u1ed5 bi\u1ebfn nh\u1ea5t \u0111\u1ec3 l\u00e0m \u0111i\u1ec1u n\u00e0y l\u00e0 v\u1edbi h\u1ec7 th\u1ed1ng b\u0103ng t\u1ea3i \u0111\u1ecbnh tuy\u1ebfn v\u00f9ng. Tuy nhi\u00ean, trong nh\u1eefng m\u00f4i tr\u01b0\u1eddng r\u1ea5t r\u1ed9ng l\u1edbn, \u0111\u00e2y c\u00f3 th\u1ec3 kh\u00f4ng ph\u1ea3i l\u00e0 c\u00e1ch hi\u1ec7u qu\u1ea3 nh\u1ea5t \u0111\u1ec3 \u0111\u1ecbnh tuy\u1ebfn s\u1ea3n ph\u1ea9m \u0111\u1ec3 l\u1ea5y h\u00e0ng v\u00e0 \u0111\u00f3ng g\u00f3i. M\u1ed9t c\u00f4ng ngh\u1ec7 m\u1edbi \u0111\u00e3 \u0111\u01b0\u1ee3c \u00e1p d\u1ee5ng t\u1ea1i c\u00e1c c\u01a1 s\u1edf x\u1eed l\u00fd \u0111\u01a1n h\u00e0ng l\u00e0 s\u1eed d\u1ee5ng Xe d\u1eabn h\u01b0\u1edbng t\u1ef1 \u0111\u1ed9ng b\u1eb1ng r\u00f4-b\u1ed1t (AGV) \u0111\u1ec3 \u0111\u01b0a h\u00e0ng h\u00f3a \u0111\u1ebfn cho ng\u01b0\u1eddi v\u1eadn h\u00e0nh. C\u00e1c AGV n\u00e0y \u0111i\u1ec1u h\u01b0\u1edbng xung quanh nh\u00e0 kho b\u1eb1ng c\u00e1ch \u0111\u1ecdc m\u00e3 2D \u0111\u01b0\u1ee3c b\u1ed1 tr\u00ed d\u01b0\u1edbi d\u1ea1ng l\u01b0\u1edbi tr\u00ean s\u00e0n kho v\u1edbi s\u1ef1 tr\u1ee3 gi\u00fap c\u1ee7a \u0111\u1ea7u \u0111\u1ecdc m\u00e3 v\u1ea1ch \u0111\u01b0\u1ee3c g\u1eafn \u1edf d\u01b0\u1edbi c\u00f9ng c\u1ee7a AGV. M\u00e3 tr\u00ean s\u00e0n c\u00f3 th\u1ec3 b\u1ecb m\u00f2n v\u00e0 b\u1ecb nh\u00f2e khi tham gia giao th\u00f4ng, \u0111i\u1ec1u n\u00e0y c\u00f3 th\u1ec3 g\u00e2y ra s\u1ef1 c\u1ed1 cho c\u00e1c ph\u01b0\u01a1ng ti\u1ec7n \u0111\u01b0\u1ee3c d\u1eabn \u0111\u01b0\u1eddng t\u1ef1 \u0111\u1ed9ng.<\/p>\n<p>Ngo\u00e0i ra, qu\u00e1 tr\u00ecnh gi\u1ea3i m\u00e3 barcode v\u00e0 di chuy\u1ec3n trong kho ph\u1ea3i nhanh ch\u00f3ng, ch\u00ednh x\u00e1c \u0111\u1ec3 c\u00e1c AGV di chuy\u1ec3n tr\u01a1n tru kh\u00f4ng \u0111\u00e2m v\u00e0o nhau c\u0169ng nh\u01b0 gi\u1eef cho qu\u00e1 tr\u00ecnh l\u1ea5y h\u00e0ng \u0111\u01b0\u1ee3c hi\u1ec7u qu\u1ea3. Vi\u1ec7c d\u00e0nh th\u1eddi gian \u0111\u1ec3 x\u1eed l\u00fd t\u00ecnh tr\u1ea1ng kh\u00f4ng \u0111\u1ecdc ho\u1eb7c \u0111\u1ecdc sai b\u1edfi c\u00e1c ph\u01b0\u01a1ng ti\u1ec7n \u0111\u01b0\u1ee3c d\u1eabn h\u01b0\u1edbng t\u1ef1 \u0111\u1ed9ng kh\u00f4ng ch\u1ec9 l\u00e0m gi\u1ea3m hi\u1ec7u qu\u1ea3 m\u00e0 c\u00f2n t\u1ed1n k\u00e9m th\u1eddi gian v\u00e0 ti\u1ec1n b\u1ea1c. V\u1edbi h\u00e0ng tr\u0103m ho\u1eb7c h\u00e0ng ngh\u00ecn m\u00e3 tr\u00ean s\u00e0n, th\u1eadt kh\u00f3 \u0111\u1ec3 theo d\u00f5i m\u00e3 n\u00e0o \u0111ang b\u1ecb hao m\u00f2n v\u00e0 c\u00f3 th\u1ec3 g\u00e2y ra s\u1ef1 c\u1ed1.<\/p>\n<p>S\u1eed d\u1ee5ng \u0111\u1ea7u \u0111\u1ecdc m\u00e3 v\u1ea1ch d\u1ef1a tr\u00ean h\u00ecnh \u1ea3nh DataMan v\u1edbi AGV gi\u00fap gi\u1ea3i quy\u1ebft nh\u1eefng v\u1ea5n \u0111\u1ec1 n\u00e0y. C\u00e1c thu\u1eadt to\u00e1n v\u00e0 c\u00f4ng ngh\u1ec7 gi\u1ea3i m\u00e3 ti\u00ean ti\u1ebfn, ch\u1eb3ng h\u1ea1n nh\u01b0 2DMax v\u1edbi c\u00f4ng ngh\u1ec7 PowerGrid, \u0111\u1ea3m b\u1ea3o t\u1ed1c \u0111\u1ed9 \u0111\u1ecdc cao, ngay c\u1ea3 v\u1edbi m\u00e3 b\u1ecb nh\u00f2e ho\u1eb7c b\u1ecb h\u1ecfng. S\u1ed1 li\u1ec7u ch\u1ea5t l\u01b0\u1ee3ng m\u00e3 cung c\u1ea5p th\u00f4ng tin gi\u00fap qu\u1ea3n l\u00fd c\u01a1 s\u1edf t\u00ecm ra v\u1ea5n \u0111\u1ec1 tr\u01b0\u1edbc khi ch\u00fang tr\u1edf th\u00e0nh v\u1ea5n \u0111\u1ec1 sau n\u00e0y, khi chi ph\u00ed v\u00e0 t\u00e1c \u0111\u1ed9ng cao h\u01a1n. S\u1eed d\u1ee5ng \u0111\u1ea7u \u0111\u1ecdc m\u00e3 v\u1ea1ch Cognex \u0111\u1ec3 h\u01b0\u1edbng d\u1eabn ph\u01b0\u01a1ng ti\u1ec7n \u0111\u01b0\u1ee3c h\u01b0\u1edbng d\u1eabn t\u1ef1 \u0111\u1ed9ng gi\u00fap duy tr\u00ec hi\u1ec7u qu\u1ea3 c\u1ee7a quy tr\u00ecnh l\u1ea5y h\u00e0ng v\u00e0 gi\u00fap t\u1ed1i \u01b0u h\u00f3a chi ph\u00ed v\u1eadn h\u00e0nh.<\/p>","protected":false},"excerpt":{"rendered":"<p>V\u1ea5n \u0111\u1ec1: Barcode b\u1ecb m\u1edd x\u01b0\u1edbc, g\u00e2y kh\u00f3 kh\u0103n trong qu\u00e1 tr\u00ecnh \u0111\u1ecdc Kh\u00f4ng gian r\u1ed9ng g\u00e2y kh\u00f3 khan trong vi\u1ec7c \u0111\u1ecbnh tuy\u1ebfn Gi\u1ea3i ph\u00e1p: Camera s\u1eed d\u1ee5ng c\u00f4ng ngh\u1ec7 2DMax with Power grid \u0111\u1ec3 \u0111\u1ecdc barcode Th\u00f4ng tin t\u1eeb camera \u0111\u01b0\u1ee3c g\u1eedi v\u1ec1 AGVs \u0111\u1ec3 d\u1eabn h\u01b0\u1edbng L\u1ee3i \u00edch: T\u1ed1i \u01b0u h\u00f3a chi ph\u00ed [&#8230;]","protected":false},"featured_media":1832,"comment_status":"open","ping_status":"closed","template":"","meta":[],"product_cat":[16,152,151,57],"product_tag":[],"class_list":["post-1831","product","type-product","status-publish","has-post-thumbnail","hentry","product_cat-nganh-nghe","product_cat-2d-barcode-dan-huong-cho-agvs","product_cat-dan-huong-logistics","product_cat-logistics"],"yoast_head":"<!-- This site is optimized with the Yoast SEO plugin v21.6 - https:\/\/yoast.com\/wordpress\/plugins\/seo\/ -->\n<title>2D Barcode d\u1eabn h\u01b0\u1edbng cho AGVs trong ng\u00e0nh Logistics - Etek<\/title>\n<meta name=\"robots\" content=\"index, follow, max-snippet:-1, max-image-preview:large, max-video-preview:-1\" \/>\n<link rel=\"canonical\" href=\"https:\/\/etekrobotics.com.vn\/en\/product\/2d-barcode-dan-huong-cho-agvs-trong-nganh-logistics\/\" \/>\n<meta property=\"og:locale\" content=\"en_US\" \/>\n<meta property=\"og:type\" content=\"article\" \/>\n<meta property=\"og:title\" content=\"2D Barcode d\u1eabn h\u01b0\u1edbng cho AGVs trong ng\u00e0nh Logistics - Etek\" \/>\n<meta property=\"og:description\" content=\"V\u1ea5n \u0111\u1ec1: Barcode b\u1ecb m\u1edd x\u01b0\u1edbc, g\u00e2y kh\u00f3 kh\u0103n trong qu\u00e1 tr\u00ecnh \u0111\u1ecdc Kh\u00f4ng gian r\u1ed9ng g\u00e2y kh\u00f3 khan trong vi\u1ec7c \u0111\u1ecbnh tuy\u1ebfn Gi\u1ea3i ph\u00e1p: Camera s\u1eed d\u1ee5ng c\u00f4ng ngh\u1ec7 2DMax with Power grid \u0111\u1ec3 \u0111\u1ecdc barcode Th\u00f4ng tin t\u1eeb camera \u0111\u01b0\u1ee3c g\u1eedi v\u1ec1 AGVs \u0111\u1ec3 d\u1eabn h\u01b0\u1edbng L\u1ee3i \u00edch: T\u1ed1i \u01b0u h\u00f3a chi ph\u00ed [...]\" \/>\n<meta property=\"og:url\" content=\"https:\/\/etekrobotics.com.vn\/en\/product\/2d-barcode-dan-huong-cho-agvs-trong-nganh-logistics\/\" \/>\n<meta property=\"og:site_name\" content=\"Etek\" \/>\n<meta property=\"article:modified_time\" content=\"2024-04-01T03:48:47+00:00\" \/>\n<meta property=\"og:image\" content=\"https:\/\/etekrobotics.com.vn\/wp-content\/uploads\/2024\/04\/2D-barcode-dan-huong-cho-AGVs-01.jpg\" \/>\n\t<meta property=\"og:image:width\" content=\"1604\" \/>\n\t<meta property=\"og:image:height\" content=\"1038\" \/>\n\t<meta property=\"og:image:type\" content=\"image\/jpeg\" \/>\n<meta name=\"twitter:card\" content=\"summary_large_image\" \/>\n<meta name=\"twitter:label1\" content=\"Est. reading time\" \/>\n\t<meta name=\"twitter:data1\" content=\"4 minutes\" \/>\n<script type=\"application\/ld+json\" class=\"yoast-schema-graph\">{\"@context\":\"https:\/\/schema.org\",\"@graph\":[{\"@type\":\"WebPage\",\"@id\":\"https:\/\/etekrobotics.com.vn\/san-pham\/2d-barcode-dan-huong-cho-agvs-trong-nganh-logistics\/\",\"url\":\"https:\/\/etekrobotics.com.vn\/san-pham\/2d-barcode-dan-huong-cho-agvs-trong-nganh-logistics\/\",\"name\":\"2D Barcode d\u1eabn h\u01b0\u1edbng cho AGVs trong ng\u00e0nh Logistics - Etek\",\"isPartOf\":{\"@id\":\"https:\/\/etekrobotics.com.vn\/#website\"},\"datePublished\":\"2024-04-01T03:42:58+00:00\",\"dateModified\":\"2024-04-01T03:48:47+00:00\",\"breadcrumb\":{\"@id\":\"https:\/\/etekrobotics.com.vn\/san-pham\/2d-barcode-dan-huong-cho-agvs-trong-nganh-logistics\/#breadcrumb\"},\"inLanguage\":\"en-US\",\"potentialAction\":[{\"@type\":\"ReadAction\",\"target\":[\"https:\/\/etekrobotics.com.vn\/san-pham\/2d-barcode-dan-huong-cho-agvs-trong-nganh-logistics\/\"]}]},{\"@type\":\"BreadcrumbList\",\"@id\":\"https:\/\/etekrobotics.com.vn\/san-pham\/2d-barcode-dan-huong-cho-agvs-trong-nganh-logistics\/#breadcrumb\",\"itemListElement\":[{\"@type\":\"ListItem\",\"position\":1,\"name\":\"Trang ch\u1ee7\",\"item\":\"https:\/\/etekrobotics.com.vn\/\"},{\"@type\":\"ListItem\",\"position\":2,\"name\":\"C\u1eeda h\u00e0ng\",\"item\":\"https:\/\/etekrobotics.com.vn\/cua-hang\/\"},{\"@type\":\"ListItem\",\"position\":3,\"name\":\"2D Barcode d\u1eabn h\u01b0\u1edbng cho AGVs trong ng\u00e0nh Logistics\"}]},{\"@type\":\"WebSite\",\"@id\":\"https:\/\/etekrobotics.com.vn\/#website\",\"url\":\"https:\/\/etekrobotics.com.vn\/\",\"name\":\"Etek\",\"description\":\"C\u00f4ng ty C\u1ed5 ph\u1ea7n Gi\u1ea3i ph\u00e1p T\u1ef1 \u0111\u1ed9ng h\u00f3a ETEK\",\"potentialAction\":[{\"@type\":\"SearchAction\",\"target\":{\"@type\":\"EntryPoint\",\"urlTemplate\":\"https:\/\/etekrobotics.com.vn\/?s={search_term_string}\"},\"query-input\":\"required name=search_term_string\"}],\"inLanguage\":\"en-US\"}]}<\/script>\n<!-- \/ Yoast SEO plugin. -->","yoast_head_json":{"title":"2D Barcode d\u1eabn h\u01b0\u1edbng cho AGVs trong ng\u00e0nh Logistics - Etek","robots":{"index":"index","follow":"follow","max-snippet":"max-snippet:-1","max-image-preview":"max-image-preview:large","max-video-preview":"max-video-preview:-1"},"canonical":"https:\/\/etekrobotics.com.vn\/en\/product\/2d-barcode-dan-huong-cho-agvs-trong-nganh-logistics\/","og_locale":"en_US","og_type":"article","og_title":"2D Barcode d\u1eabn h\u01b0\u1edbng cho AGVs trong ng\u00e0nh Logistics - Etek","og_description":"V\u1ea5n \u0111\u1ec1: Barcode b\u1ecb m\u1edd x\u01b0\u1edbc, g\u00e2y kh\u00f3 kh\u0103n trong qu\u00e1 tr\u00ecnh \u0111\u1ecdc Kh\u00f4ng gian r\u1ed9ng g\u00e2y kh\u00f3 khan trong vi\u1ec7c \u0111\u1ecbnh tuy\u1ebfn Gi\u1ea3i ph\u00e1p: Camera s\u1eed d\u1ee5ng c\u00f4ng ngh\u1ec7 2DMax with Power grid \u0111\u1ec3 \u0111\u1ecdc barcode Th\u00f4ng tin t\u1eeb camera \u0111\u01b0\u1ee3c g\u1eedi v\u1ec1 AGVs \u0111\u1ec3 d\u1eabn h\u01b0\u1edbng L\u1ee3i \u00edch: T\u1ed1i \u01b0u h\u00f3a chi ph\u00ed [...]","og_url":"https:\/\/etekrobotics.com.vn\/en\/product\/2d-barcode-dan-huong-cho-agvs-trong-nganh-logistics\/","og_site_name":"Etek","article_modified_time":"2024-04-01T03:48:47+00:00","og_image":[{"width":1604,"height":1038,"url":"https:\/\/etekrobotics.com.vn\/wp-content\/uploads\/2024\/04\/2D-barcode-dan-huong-cho-AGVs-01.jpg","type":"image\/jpeg"}],"twitter_card":"summary_large_image","twitter_misc":{"Est. reading time":"4 minutes"},"schema":{"@context":"https:\/\/schema.org","@graph":[{"@type":"WebPage","@id":"https:\/\/etekrobotics.com.vn\/san-pham\/2d-barcode-dan-huong-cho-agvs-trong-nganh-logistics\/","url":"https:\/\/etekrobotics.com.vn\/san-pham\/2d-barcode-dan-huong-cho-agvs-trong-nganh-logistics\/","name":"2D Barcode d\u1eabn h\u01b0\u1edbng cho AGVs trong ng\u00e0nh Logistics - Etek","isPartOf":{"@id":"https:\/\/etekrobotics.com.vn\/#website"},"datePublished":"2024-04-01T03:42:58+00:00","dateModified":"2024-04-01T03:48:47+00:00","breadcrumb":{"@id":"https:\/\/etekrobotics.com.vn\/san-pham\/2d-barcode-dan-huong-cho-agvs-trong-nganh-logistics\/#breadcrumb"},"inLanguage":"en-US","potentialAction":[{"@type":"ReadAction","target":["https:\/\/etekrobotics.com.vn\/san-pham\/2d-barcode-dan-huong-cho-agvs-trong-nganh-logistics\/"]}]},{"@type":"BreadcrumbList","@id":"https:\/\/etekrobotics.com.vn\/san-pham\/2d-barcode-dan-huong-cho-agvs-trong-nganh-logistics\/#breadcrumb","itemListElement":[{"@type":"ListItem","position":1,"name":"Trang ch\u1ee7","item":"https:\/\/etekrobotics.com.vn\/"},{"@type":"ListItem","position":2,"name":"C\u1eeda h\u00e0ng","item":"https:\/\/etekrobotics.com.vn\/cua-hang\/"},{"@type":"ListItem","position":3,"name":"2D Barcode d\u1eabn h\u01b0\u1edbng cho AGVs trong ng\u00e0nh Logistics"}]},{"@type":"WebSite","@id":"https:\/\/etekrobotics.com.vn\/#website","url":"https:\/\/etekrobotics.com.vn\/","name":"Etek","description":"C\u00f4ng ty C\u1ed5 ph\u1ea7n Gi\u1ea3i ph\u00e1p T\u1ef1 \u0111\u1ed9ng h\u00f3a ETEK","potentialAction":[{"@type":"SearchAction","target":{"@type":"EntryPoint","urlTemplate":"https:\/\/etekrobotics.com.vn\/?s={search_term_string}"},"query-input":"required name=search_term_string"}],"inLanguage":"en-US"}]}},"_links":{"self":[{"href":"https:\/\/etekrobotics.com.vn\/en\/wp-json\/wp\/v2\/product\/1831","targetHints":{"allow":["GET"]}}],"collection":[{"href":"https:\/\/etekrobotics.com.vn\/en\/wp-json\/wp\/v2\/product"}],"about":[{"href":"https:\/\/etekrobotics.com.vn\/en\/wp-json\/wp\/v2\/types\/product"}],"replies":[{"embeddable":true,"href":"https:\/\/etekrobotics.com.vn\/en\/wp-json\/wp\/v2\/comments?post=1831"}],"wp:featuredmedia":[{"embeddable":true,"href":"https:\/\/etekrobotics.com.vn\/en\/wp-json\/wp\/v2\/media\/1832"}],"wp:attachment":[{"href":"https:\/\/etekrobotics.com.vn\/en\/wp-json\/wp\/v2\/media?parent=1831"}],"wp:term":[{"taxonomy":"product_cat","embeddable":true,"href":"https:\/\/etekrobotics.com.vn\/en\/wp-json\/wp\/v2\/product_cat?post=1831"},{"taxonomy":"product_tag","embeddable":true,"href":"https:\/\/etekrobotics.com.vn\/en\/wp-json\/wp\/v2\/product_tag?post=1831"}],"curies":[{"name":"wp","href":"https:\/\/api.w.org\/{rel}","templated":true}]}}