{"id":1865,"date":"2024-04-10T10:02:11","date_gmt":"2024-04-10T10:02:11","guid":{"rendered":"https:\/\/etekrobotics.com.vn\/?post_type=product&#038;p=1865"},"modified":"2024-07-02T09:26:34","modified_gmt":"2024-07-02T09:26:34","slug":"truy-xuat-nguon-goc-thiet-bi-y-te","status":"publish","type":"product","link":"https:\/\/etekrobotics.com.vn\/en\/product\/truy-xuat-nguon-goc-thiet-bi-y-te\/","title":{"rendered":"Truy xu\u1ea5t ngu\u1ed3n g\u1ed1c thi\u1ebft b\u1ecb y t\u1ebf"},"content":{"rendered":"<h2><strong>\u200bC\u00e1c v\u1ea5n \u0111\u1ec1:<\/strong><\/h2>\n<ul>\n<li>Sau qu\u00e1 tr\u00ecnh \u0111\u00e1nh d\u1ea5u ho\u1eb7c in nh\u00e3n, m\u00e3 c\u00f3 th\u1ec3 b\u1ecb h\u1ecfng ho\u1eb7c c\u00f3 \u0111\u1ed9 t\u01b0\u01a1ng ph\u1ea3n th\u1ea5p<\/li>\n<li>M\u00e3 \u0111\u01b0\u1ee3c in d\u01b0\u1edbi d\u1ea1ng m\u00e0ng co khi\u1ebfn ch\u00fang kh\u00f3 ki\u1ec3m so\u00e1t v\u00e0 theo d\u00f5i<\/li>\n<\/ul>\n<h2><strong>Gi\u1ea3i ph\u00e1p:<\/strong><\/h2>\n<p><img loading=\"lazy\" decoding=\"async\" class=\"alignnone wp-image-1860 aligncenter\" src=\"https:\/\/etekrobotics.com.vn\/wp-content\/uploads\/2024\/04\/truy-xuat-thiet-bi-y-te-01-scaled.jpg\" alt=\"\" width=\"794\" height=\"515\" srcset=\"https:\/\/etekrobotics.com.vn\/wp-content\/uploads\/2024\/04\/truy-xuat-thiet-bi-y-te-01-scaled.jpg 2560w, https:\/\/etekrobotics.com.vn\/wp-content\/uploads\/2024\/04\/truy-xuat-thiet-bi-y-te-01-768x498.jpg 768w, https:\/\/etekrobotics.com.vn\/wp-content\/uploads\/2024\/04\/truy-xuat-thiet-bi-y-te-01-1536x996.jpg 1536w, https:\/\/etekrobotics.com.vn\/wp-content\/uploads\/2024\/04\/truy-xuat-thiet-bi-y-te-01-2048x1328.jpg 2048w, https:\/\/etekrobotics.com.vn\/wp-content\/uploads\/2024\/04\/truy-xuat-thiet-bi-y-te-01-18x12.jpg 18w, https:\/\/etekrobotics.com.vn\/wp-content\/uploads\/2024\/04\/truy-xuat-thiet-bi-y-te-01-600x389.jpg 600w\" sizes=\"auto, (max-width: 794px) 100vw, 794px\" \/><\/p>\n<p style=\"text-align: center;\"><em>Truy xu\u1ea5t ngu\u1ed3n g\u1ed1c thi\u1ebft b\u1ecb y t\u1ebf<\/em><\/p>\n<ul>\n<li>S\u1ea3n ph\u1ea9m di chuy\u1ec3n tr\u00ean b\u0103ng t\u1ea3i<\/li>\n<li>Camera ch\u1ee5p v\u00e0 l\u1ea5y th\u00f4ng tin s\u1ea3n ph\u1ea9m<\/li>\n<li>D\u1eef li\u1ec7u \u0111\u01b0\u1ee3c g\u1eedi t\u1edbi m\u00e1y ch\u1ee7<\/li>\n<\/ul>\n<h2><strong>L\u1ee3i \u00edch:<\/strong><\/h2>\n<ul>\n<li>Mang l\u1ea1i t\u1ef7 l\u1ec7 \u0111\u1ecdc 99,9% d\u1eabn \u0111\u1ea7u ng\u00e0nh<\/li>\n<li>Gi\u1ea3m thi\u1ec3u chi ph\u00ed in l\u1ea1i<\/li>\n<\/ul>\n<h2><strong>S\u1ea3n ph\u1ea9m<\/strong><\/h2>\n<p><img loading=\"lazy\" decoding=\"async\" class=\"wp-image-1861 aligncenter\" src=\"https:\/\/etekrobotics.com.vn\/wp-content\/uploads\/2024\/04\/truy-xuat-thiet-bi-y-te-02.jpg\" alt=\"\" width=\"882\" height=\"315\" srcset=\"https:\/\/etekrobotics.com.vn\/wp-content\/uploads\/2024\/04\/truy-xuat-thiet-bi-y-te-02.jpg 2311w, https:\/\/etekrobotics.com.vn\/wp-content\/uploads\/2024\/04\/truy-xuat-thiet-bi-y-te-02-768x274.jpg 768w, https:\/\/etekrobotics.com.vn\/wp-content\/uploads\/2024\/04\/truy-xuat-thiet-bi-y-te-02-1536x549.jpg 1536w, https:\/\/etekrobotics.com.vn\/wp-content\/uploads\/2024\/04\/truy-xuat-thiet-bi-y-te-02-2048x732.jpg 2048w, https:\/\/etekrobotics.com.vn\/wp-content\/uploads\/2024\/04\/truy-xuat-thiet-bi-y-te-02-18x6.jpg 18w, https:\/\/etekrobotics.com.vn\/wp-content\/uploads\/2024\/04\/truy-xuat-thiet-bi-y-te-02-600x214.jpg 600w\" sizes=\"auto, (max-width: 882px) 100vw, 882px\" \/><\/p>\n<h2><strong>Th\u00f4ng s\u1ed1 tr\u1ea1m:<\/strong><\/h2>\n<p>\u0110i\u1ec1u ki\u1ec7n \u00e1nh s\u00e1ng: 300 \u2013 1000 lux<br \/>\nC\u00f4ng su\u1ea5t: 5 s\u1ea3n ph\u1ea9m\/s<br \/>\nK\u00edch th\u01b0\u1edbc m\u00e3 v\u1ea1ch: 20*20mm<br \/>\nGiao th\u1ee9c: TCP\/IP, Modbus TCP<\/p>\n<h2><strong>Thi\u1ebft b\u1ecb:<\/strong><\/h2>\n<p>1.2 D vision system<br \/>\n2. Conveyor<br \/>\n3. Power cable<br \/>\n4. Ethernet cable<\/p>\n<h2><strong>Th\u00f4ng s\u1ed1 thi\u1ebft b\u1ecb:<\/strong><\/h2>\n<p><img loading=\"lazy\" decoding=\"async\" class=\"wp-image-1862 aligncenter\" src=\"https:\/\/etekrobotics.com.vn\/wp-content\/uploads\/2024\/04\/truy-xuat-thiet-bi-y-te-03.jpg\" alt=\"\" width=\"714\" height=\"429\" srcset=\"https:\/\/etekrobotics.com.vn\/wp-content\/uploads\/2024\/04\/truy-xuat-thiet-bi-y-te-03.jpg 1781w, https:\/\/etekrobotics.com.vn\/wp-content\/uploads\/2024\/04\/truy-xuat-thiet-bi-y-te-03-768x461.jpg 768w, https:\/\/etekrobotics.com.vn\/wp-content\/uploads\/2024\/04\/truy-xuat-thiet-bi-y-te-03-1536x923.jpg 1536w, https:\/\/etekrobotics.com.vn\/wp-content\/uploads\/2024\/04\/truy-xuat-thiet-bi-y-te-03-18x12.jpg 18w, https:\/\/etekrobotics.com.vn\/wp-content\/uploads\/2024\/04\/truy-xuat-thiet-bi-y-te-03-600x360.jpg 600w\" sizes=\"auto, (max-width: 714px) 100vw, 714px\" \/><\/p>\n<p><strong>DataMan 282:<\/strong><\/p>\n<ul>\n<li>Resolution: 2MP<\/li>\n<li>Frame per seconds: 45 fps<\/li>\n<li>Lens: 16 mm HSSL<\/li>\n<li>Communication : Ethernet\/IP<br \/>\n\u200b<\/li>\n<\/ul>","protected":false},"excerpt":{"rendered":"<p>\u200bC\u00e1c v\u1ea5n \u0111\u1ec1: Sau qu\u00e1 tr\u00ecnh \u0111\u00e1nh d\u1ea5u ho\u1eb7c in nh\u00e3n, m\u00e3 c\u00f3 th\u1ec3 b\u1ecb h\u1ecfng ho\u1eb7c c\u00f3 \u0111\u1ed9 t\u01b0\u01a1ng ph\u1ea3n th\u1ea5p M\u00e3 \u0111\u01b0\u1ee3c in d\u01b0\u1edbi d\u1ea1ng m\u00e0ng co khi\u1ebfn ch\u00fang kh\u00f3 ki\u1ec3m so\u00e1t v\u00e0 theo d\u00f5i Gi\u1ea3i ph\u00e1p: Truy xu\u1ea5t ngu\u1ed3n g\u1ed1c thi\u1ebft b\u1ecb y t\u1ebf S\u1ea3n ph\u1ea9m di chuy\u1ec3n tr\u00ean b\u0103ng t\u1ea3i Camera [&#8230;]","protected":false},"featured_media":1868,"comment_status":"open","ping_status":"closed","template":"","meta":[],"product_cat":[60,184,185],"product_tag":[],"class_list":["post-1865","product","type-product","status-publish","has-post-thumbnail","hentry","product_cat-khoa-hoc-doi-song","product_cat-truy-xuat-thong-tin-san-pham-khoa-hoc-doi-song","product_cat-truy-xuat-thong-tin-thiet-bi-y-te"],"yoast_head":"<!-- This site is optimized with the Yoast SEO plugin v21.6 - https:\/\/yoast.com\/wordpress\/plugins\/seo\/ -->\n<title>Truy xu\u1ea5t ngu\u1ed3n g\u1ed1c thi\u1ebft b\u1ecb y t\u1ebf - Etek<\/title>\n<meta name=\"robots\" content=\"index, follow, max-snippet:-1, max-image-preview:large, max-video-preview:-1\" \/>\n<link rel=\"canonical\" href=\"https:\/\/etekrobotics.com.vn\/en\/product\/truy-xuat-nguon-goc-thiet-bi-y-te\/\" \/>\n<meta property=\"og:locale\" content=\"en_US\" \/>\n<meta property=\"og:type\" content=\"article\" \/>\n<meta property=\"og:title\" content=\"Truy xu\u1ea5t ngu\u1ed3n g\u1ed1c thi\u1ebft b\u1ecb y t\u1ebf - Etek\" \/>\n<meta property=\"og:description\" content=\"\u200bC\u00e1c v\u1ea5n \u0111\u1ec1: Sau qu\u00e1 tr\u00ecnh \u0111\u00e1nh d\u1ea5u ho\u1eb7c in nh\u00e3n, m\u00e3 c\u00f3 th\u1ec3 b\u1ecb h\u1ecfng ho\u1eb7c c\u00f3 \u0111\u1ed9 t\u01b0\u01a1ng ph\u1ea3n th\u1ea5p M\u00e3 \u0111\u01b0\u1ee3c in d\u01b0\u1edbi d\u1ea1ng m\u00e0ng co khi\u1ebfn ch\u00fang kh\u00f3 ki\u1ec3m so\u00e1t v\u00e0 theo d\u00f5i Gi\u1ea3i ph\u00e1p: Truy xu\u1ea5t ngu\u1ed3n g\u1ed1c thi\u1ebft b\u1ecb y t\u1ebf S\u1ea3n ph\u1ea9m di chuy\u1ec3n tr\u00ean b\u0103ng t\u1ea3i Camera [...]\" \/>\n<meta property=\"og:url\" content=\"https:\/\/etekrobotics.com.vn\/en\/product\/truy-xuat-nguon-goc-thiet-bi-y-te\/\" \/>\n<meta property=\"og:site_name\" content=\"Etek\" \/>\n<meta property=\"article:modified_time\" content=\"2024-07-02T09:26:34+00:00\" \/>\n<meta property=\"og:image\" content=\"https:\/\/etekrobotics.com.vn\/wp-content\/uploads\/2024\/04\/truy-xuat-thiet-bi-y-te-01-1-scaled.jpg\" \/>\n\t<meta property=\"og:image:width\" content=\"2560\" \/>\n\t<meta property=\"og:image:height\" content=\"1660\" \/>\n\t<meta property=\"og:image:type\" content=\"image\/jpeg\" \/>\n<meta name=\"twitter:card\" content=\"summary_large_image\" \/>\n<meta name=\"twitter:label1\" content=\"Est. reading time\" \/>\n\t<meta name=\"twitter:data1\" content=\"2 minutes\" \/>\n<script type=\"application\/ld+json\" class=\"yoast-schema-graph\">{\"@context\":\"https:\/\/schema.org\",\"@graph\":[{\"@type\":\"WebPage\",\"@id\":\"https:\/\/etekrobotics.com.vn\/san-pham\/truy-xuat-nguon-goc-thiet-bi-y-te\/\",\"url\":\"https:\/\/etekrobotics.com.vn\/san-pham\/truy-xuat-nguon-goc-thiet-bi-y-te\/\",\"name\":\"Truy xu\u1ea5t ngu\u1ed3n g\u1ed1c thi\u1ebft b\u1ecb y t\u1ebf - Etek\",\"isPartOf\":{\"@id\":\"https:\/\/etekrobotics.com.vn\/#website\"},\"datePublished\":\"2024-04-10T10:02:11+00:00\",\"dateModified\":\"2024-07-02T09:26:34+00:00\",\"breadcrumb\":{\"@id\":\"https:\/\/etekrobotics.com.vn\/san-pham\/truy-xuat-nguon-goc-thiet-bi-y-te\/#breadcrumb\"},\"inLanguage\":\"en-US\",\"potentialAction\":[{\"@type\":\"ReadAction\",\"target\":[\"https:\/\/etekrobotics.com.vn\/san-pham\/truy-xuat-nguon-goc-thiet-bi-y-te\/\"]}]},{\"@type\":\"BreadcrumbList\",\"@id\":\"https:\/\/etekrobotics.com.vn\/san-pham\/truy-xuat-nguon-goc-thiet-bi-y-te\/#breadcrumb\",\"itemListElement\":[{\"@type\":\"ListItem\",\"position\":1,\"name\":\"Trang ch\u1ee7\",\"item\":\"https:\/\/etekrobotics.com.vn\/\"},{\"@type\":\"ListItem\",\"position\":2,\"name\":\"C\u1eeda h\u00e0ng\",\"item\":\"https:\/\/etekrobotics.com.vn\/cua-hang\/\"},{\"@type\":\"ListItem\",\"position\":3,\"name\":\"Truy xu\u1ea5t ngu\u1ed3n g\u1ed1c thi\u1ebft b\u1ecb y t\u1ebf\"}]},{\"@type\":\"WebSite\",\"@id\":\"https:\/\/etekrobotics.com.vn\/#website\",\"url\":\"https:\/\/etekrobotics.com.vn\/\",\"name\":\"Etek\",\"description\":\"C\u00f4ng ty C\u1ed5 ph\u1ea7n Gi\u1ea3i ph\u00e1p T\u1ef1 \u0111\u1ed9ng h\u00f3a ETEK\",\"potentialAction\":[{\"@type\":\"SearchAction\",\"target\":{\"@type\":\"EntryPoint\",\"urlTemplate\":\"https:\/\/etekrobotics.com.vn\/?s={search_term_string}\"},\"query-input\":\"required name=search_term_string\"}],\"inLanguage\":\"en-US\"}]}<\/script>\n<!-- \/ Yoast SEO plugin. -->","yoast_head_json":{"title":"Truy xu\u1ea5t ngu\u1ed3n g\u1ed1c thi\u1ebft b\u1ecb y t\u1ebf - Etek","robots":{"index":"index","follow":"follow","max-snippet":"max-snippet:-1","max-image-preview":"max-image-preview:large","max-video-preview":"max-video-preview:-1"},"canonical":"https:\/\/etekrobotics.com.vn\/en\/product\/truy-xuat-nguon-goc-thiet-bi-y-te\/","og_locale":"en_US","og_type":"article","og_title":"Truy xu\u1ea5t ngu\u1ed3n g\u1ed1c thi\u1ebft b\u1ecb y t\u1ebf - Etek","og_description":"\u200bC\u00e1c v\u1ea5n \u0111\u1ec1: Sau qu\u00e1 tr\u00ecnh \u0111\u00e1nh d\u1ea5u ho\u1eb7c in nh\u00e3n, m\u00e3 c\u00f3 th\u1ec3 b\u1ecb h\u1ecfng ho\u1eb7c c\u00f3 \u0111\u1ed9 t\u01b0\u01a1ng ph\u1ea3n th\u1ea5p M\u00e3 \u0111\u01b0\u1ee3c in d\u01b0\u1edbi d\u1ea1ng m\u00e0ng co khi\u1ebfn ch\u00fang kh\u00f3 ki\u1ec3m so\u00e1t v\u00e0 theo d\u00f5i Gi\u1ea3i ph\u00e1p: Truy xu\u1ea5t ngu\u1ed3n g\u1ed1c thi\u1ebft b\u1ecb y t\u1ebf S\u1ea3n ph\u1ea9m di chuy\u1ec3n tr\u00ean b\u0103ng t\u1ea3i Camera [...]","og_url":"https:\/\/etekrobotics.com.vn\/en\/product\/truy-xuat-nguon-goc-thiet-bi-y-te\/","og_site_name":"Etek","article_modified_time":"2024-07-02T09:26:34+00:00","og_image":[{"width":2560,"height":1660,"url":"https:\/\/etekrobotics.com.vn\/wp-content\/uploads\/2024\/04\/truy-xuat-thiet-bi-y-te-01-1-scaled.jpg","type":"image\/jpeg"}],"twitter_card":"summary_large_image","twitter_misc":{"Est. reading time":"2 minutes"},"schema":{"@context":"https:\/\/schema.org","@graph":[{"@type":"WebPage","@id":"https:\/\/etekrobotics.com.vn\/san-pham\/truy-xuat-nguon-goc-thiet-bi-y-te\/","url":"https:\/\/etekrobotics.com.vn\/san-pham\/truy-xuat-nguon-goc-thiet-bi-y-te\/","name":"Truy xu\u1ea5t ngu\u1ed3n g\u1ed1c thi\u1ebft b\u1ecb y t\u1ebf - Etek","isPartOf":{"@id":"https:\/\/etekrobotics.com.vn\/#website"},"datePublished":"2024-04-10T10:02:11+00:00","dateModified":"2024-07-02T09:26:34+00:00","breadcrumb":{"@id":"https:\/\/etekrobotics.com.vn\/san-pham\/truy-xuat-nguon-goc-thiet-bi-y-te\/#breadcrumb"},"inLanguage":"en-US","potentialAction":[{"@type":"ReadAction","target":["https:\/\/etekrobotics.com.vn\/san-pham\/truy-xuat-nguon-goc-thiet-bi-y-te\/"]}]},{"@type":"BreadcrumbList","@id":"https:\/\/etekrobotics.com.vn\/san-pham\/truy-xuat-nguon-goc-thiet-bi-y-te\/#breadcrumb","itemListElement":[{"@type":"ListItem","position":1,"name":"Trang ch\u1ee7","item":"https:\/\/etekrobotics.com.vn\/"},{"@type":"ListItem","position":2,"name":"C\u1eeda h\u00e0ng","item":"https:\/\/etekrobotics.com.vn\/cua-hang\/"},{"@type":"ListItem","position":3,"name":"Truy xu\u1ea5t ngu\u1ed3n g\u1ed1c thi\u1ebft b\u1ecb y t\u1ebf"}]},{"@type":"WebSite","@id":"https:\/\/etekrobotics.com.vn\/#website","url":"https:\/\/etekrobotics.com.vn\/","name":"Etek","description":"C\u00f4ng ty C\u1ed5 ph\u1ea7n Gi\u1ea3i ph\u00e1p T\u1ef1 \u0111\u1ed9ng h\u00f3a ETEK","potentialAction":[{"@type":"SearchAction","target":{"@type":"EntryPoint","urlTemplate":"https:\/\/etekrobotics.com.vn\/?s={search_term_string}"},"query-input":"required name=search_term_string"}],"inLanguage":"en-US"}]}},"_links":{"self":[{"href":"https:\/\/etekrobotics.com.vn\/en\/wp-json\/wp\/v2\/product\/1865","targetHints":{"allow":["GET"]}}],"collection":[{"href":"https:\/\/etekrobotics.com.vn\/en\/wp-json\/wp\/v2\/product"}],"about":[{"href":"https:\/\/etekrobotics.com.vn\/en\/wp-json\/wp\/v2\/types\/product"}],"replies":[{"embeddable":true,"href":"https:\/\/etekrobotics.com.vn\/en\/wp-json\/wp\/v2\/comments?post=1865"}],"wp:featuredmedia":[{"embeddable":true,"href":"https:\/\/etekrobotics.com.vn\/en\/wp-json\/wp\/v2\/media\/1868"}],"wp:attachment":[{"href":"https:\/\/etekrobotics.com.vn\/en\/wp-json\/wp\/v2\/media?parent=1865"}],"wp:term":[{"taxonomy":"product_cat","embeddable":true,"href":"https:\/\/etekrobotics.com.vn\/en\/wp-json\/wp\/v2\/product_cat?post=1865"},{"taxonomy":"product_tag","embeddable":true,"href":"https:\/\/etekrobotics.com.vn\/en\/wp-json\/wp\/v2\/product_tag?post=1865"}],"curies":[{"name":"wp","href":"https:\/\/api.w.org\/{rel}","templated":true}]}}