{"id":1870,"date":"2024-04-19T09:52:04","date_gmt":"2024-04-19T09:52:04","guid":{"rendered":"https:\/\/etekrobotics.com.vn\/?post_type=product&#038;p=1870"},"modified":"2024-04-19T09:59:47","modified_gmt":"2024-04-19T09:59:47","slug":"do-the-tich-san-pham-trong-thung-hang","status":"publish","type":"product","link":"https:\/\/etekrobotics.com.vn\/en\/product\/do-the-tich-san-pham-trong-thung-hang\/","title":{"rendered":"\u0110o th\u1ec3 t\u00edch s\u1ea3n ph\u1ea9m trong th\u00f9ng h\u00e0ng"},"content":{"rendered":"<h2><strong>V\u1ea5n \u0111\u1ec1:<\/strong><\/h2>\n<ul>\n<li>Th\u00f9ng h\u00e0ng kh\u00f4ng \u0111\u1ea7y g\u00e2y l\u00e3ng ph\u00ed kh\u00f4ng gian l\u01b0u tr\u1eef<\/li>\n<li>Th\u00f9ng h\u00e0ng qu\u00e1 \u0111\u1ea7y g\u00e2y h\u1ecfng s\u1ea3n ph\u1ea9m b\u00ean trong do va ch\u1ea1m<\/li>\n<\/ul>\n<h2><strong>Gi\u1ea3i ph\u00e1p:<\/strong><\/h2>\n<p><img loading=\"lazy\" decoding=\"async\" class=\"alignnone wp-image-1872 aligncenter\" src=\"https:\/\/etekrobotics.com.vn\/wp-content\/uploads\/2024\/04\/do-the-tich-san-pham-01.jpg\" alt=\"\" width=\"704\" height=\"446\" \/><\/p>\n<p style=\"text-align: center;\"><em>\u0110o th\u1ec3 t\u00edch s\u1ea3n ph\u1ea9m tr\u00ean th\u00f9ng h\u00e0ng<\/em><\/p>\n<ul>\n<li>Th\u00f9ng h\u00e0ng ch\u1ea1y tr\u00ean b\u0103ng t\u1ea3i<\/li>\n<li>Camera qu\u00e9t lazer v\u00e0 \u0111o th\u1ec3 t\u00edch th\u00f9ng h\u00e0ng sau \u0111\u00f3 g\u1eedi d\u1eef li\u1ec7u v\u1ec1 trung t\u00e2m \u0111i\u1ec1u khi\u1ec3n<\/li>\n<li>C\u01a1 c\u1ea5u ch\u1ea5p h\u00e0nh nh\u1eadn d\u1eef li\u1ec7u v\u00e0 ph\u00e2n lo\u1ea1i th\u00f9ng h\u00e0ng kh\u00f4ng \u0111\u1ea1t chu\u1ea9n ra b\u0103ng t\u1ea3i kh\u00e1c<\/li>\n<\/ul>\n<h2><strong>L\u1ee3i \u00edch:<\/strong><\/h2>\n<ul>\n<li>Gi\u1ea3m chi ph\u00ed nh\u00e2n c\u00f4ng<\/li>\n<li>Gi\u1ea3m h\u01b0 h\u1ecfng s\u1ea3n ph\u1ea9m<\/li>\n<li>T\u0103ng n\u0103ng su\u1ea5t<\/li>\n<\/ul>\n<p>S\u1ea3n ph\u1ea9m<\/p>\n<h2><img loading=\"lazy\" decoding=\"async\" class=\"alignnone size-full wp-image-1873 aligncenter\" src=\"https:\/\/etekrobotics.com.vn\/wp-content\/uploads\/2024\/04\/do-the-tich-san-pham-02.jpg\" alt=\"\" width=\"1106\" height=\"413\" srcset=\"https:\/\/etekrobotics.com.vn\/wp-content\/uploads\/2024\/04\/do-the-tich-san-pham-02.jpg 1106w, https:\/\/etekrobotics.com.vn\/wp-content\/uploads\/2024\/04\/do-the-tich-san-pham-02-768x287.jpg 768w, https:\/\/etekrobotics.com.vn\/wp-content\/uploads\/2024\/04\/do-the-tich-san-pham-02-18x7.jpg 18w, https:\/\/etekrobotics.com.vn\/wp-content\/uploads\/2024\/04\/do-the-tich-san-pham-02-600x224.jpg 600w\" sizes=\"auto, (max-width: 1106px) 100vw, 1106px\" \/><br \/>\n<strong>Ng\u00e0nh ngh\u1ec1<\/strong><\/h2>\n<ul>\n<li>Logistics<\/li>\n<\/ul>\n<h2><strong>Th\u00f4ng s\u1ed1 tr\u1ea1m<\/strong><\/h2>\n<ul>\n<li>K\u00edch th\u01b0\u1edbc th\u00f9ng h\u00e0ng: 200mm*200mm*200mm<\/li>\n<li>T\u1ed1c \u0111\u1ed9 b\u0103ng t\u1ea3i: 0.6m\/s<\/li>\n<li>V\u00f9ng ch\u1ee5p: 300mm*500mm<\/li>\n<\/ul>\n<h2><strong>Thi\u1ebft b\u1ecb<\/strong><\/h2>\n<p>1.Camera 3D<br \/>\n2.B\u0103ng t\u1ea3i<br \/>\n3.C\u00e1p ngu\u1ed3n<br \/>\n4.C\u00e1p Ethernet<\/p>\n<h2><strong>Th\u00f4ng s\u1ed1 thi\u1ebft b\u1ecb<\/strong><\/h2>\n<p><img loading=\"lazy\" decoding=\"async\" class=\"size-full wp-image-1871 aligncenter\" src=\"https:\/\/etekrobotics.com.vn\/wp-content\/uploads\/2024\/04\/do-the-tich-san-pham-03.jpg\" alt=\"\" width=\"762\" height=\"504\" srcset=\"https:\/\/etekrobotics.com.vn\/wp-content\/uploads\/2024\/04\/do-the-tich-san-pham-03.jpg 762w, https:\/\/etekrobotics.com.vn\/wp-content\/uploads\/2024\/04\/do-the-tich-san-pham-03-18x12.jpg 18w, https:\/\/etekrobotics.com.vn\/wp-content\/uploads\/2024\/04\/do-the-tich-san-pham-03-600x397.jpg 600w\" sizes=\"auto, (max-width: 762px) 100vw, 762px\" \/><\/p>\n<p><strong>3D-A1000:<\/strong><\/p>\n<ul>\n<li>T\u1ea7n s\u1ed1 ch\u1ee5p: 3hz<\/li>\n<li>Ngu\u1ed3n: 24V<\/li>\n<li>Truy\u1ec1n th\u00f4ng: Ehernet<\/li>\n<\/ul>\n<h2><strong>T\u1ed1i \u0111a h\u00f3a vi\u1ec7c ki\u1ec3m tra th\u1ec3 t\u00edch ch\u1ea5t l\u1ecfng<\/strong><\/h2>\n<p><strong>Ph\u00e1t hi\u1ec7n v\u00e0 s\u1eeda ch\u1eefa c\u00e1c th\u00f9ng h\u00e0ng b\u1ecb th\u1eeba ho\u1eb7c thi\u1ebfu \u0111\u1ec3 tr\u00e1nh s\u1ef1 ch\u1eadm tr\u1ec5 trong s\u1ea3n xu\u1ea5t g\u00e2y t\u1ed1n k\u00e9m.<\/strong><\/p>\n<p>Ho\u1ea1t \u0111\u1ed9ng th\u1ef1c hi\u1ec7n \u0111\u01a1n h\u00e0ng d\u1ef1a v\u00e0o hi\u1ec7u qu\u1ea3 \u0111\u1ec3 gi\u1ea3m chi ph\u00ed x\u1eed l\u00fd. Nhi\u1ec1u h\u1ec7 th\u1ed1ng x\u1eed l\u00fd \u0111\u01a1n h\u00e0ng t\u1ef1 \u0111\u1ed9ng s\u1eed d\u1ee5ng t\u00fai \u0111\u1ef1ng \u0111\u1ec3 chuy\u1ec3n c\u00e1c \u0111\u01a1n h\u00e0ng \u0111\u00e3 ch\u1ecdn \u0111\u1ebfn c\u00e1c tr\u1ea1m \u0111\u00f3ng g\u00f3i. T\u1ed1i \u01b0u h\u00f3a quy tr\u00ecnh n\u00e0y c\u00f3 ngh\u0129a l\u00e0 t\u1ed1i \u0111a h\u00f3a vi\u1ec7c s\u1eed d\u1ee5ng th\u00f9ng h\u00e0ng, c\u1ed1 g\u1eafng cung c\u1ea5p th\u00f9ng h\u00e0ng \u0111\u1ea7y \u0111\u1ee7 cho ng\u01b0\u1eddi v\u1eadn h\u00e0nh \u0111\u00f3ng g\u00f3i \u0111\u1ec3 t\u1ed1i \u0111a h\u00f3a n\u0103ng su\u1ea5t c\u1ee7a h\u1ecd. C\u00e1c th\u00f9ng h\u00e0ng kh\u00f4ng \u0111\u1ea7y \u0111\u1ee7 s\u1ebd d\u1eabn \u0111\u1ebfn ho\u1ea1t \u0111\u1ed9ng k\u00e9m hi\u1ec7u qu\u1ea3. C\u00e1c h\u1ec7 th\u1ed1ng c\u1ea3m bi\u1ebfn truy\u1ec1n th\u1ed1ng th\u01b0\u1eddng t\u00ednh to\u00e1n kh\u1ea3 n\u0103ng l\u1ea5p \u0111\u1ea7y d\u1ef1a tr\u00ean v\u1eadt th\u1ec3 cao nh\u1ea5t trong tote. \u0110i\u1ec1u n\u00e0y c\u00f3 th\u1ec3 kh\u00f4ng ch\u00ednh x\u00e1c n\u1ebfu c\u00f3 nhi\u1ec1u kh\u00f4ng gian xung quanh v\u1eadt th\u1ec3 \u0111\u00f3 cho c\u00e1c \u0111\u01a1n h\u00e0ng b\u1ed5 sung.<br \/>\nH\u1ec7 th\u1ed1ng \u0111o k\u00edch th\u01b0\u1edbc Cognex 3D-A1000, c\u00f3 h\u1ec7 th\u1ed1ng camera 3D v\u00e0 2D, gi\u00fap t\u1ed1i \u0111a h\u00f3a c\u00f4ng su\u1ea5t tote trong quy tr\u00ecnh th\u1ef1c hi\u1ec7n \u0111\u01a1n h\u00e0ng b\u1eb1ng c\u00e1ch t\u00ednh to\u00e1n c\u00f4ng su\u1ea5t l\u1ea5p \u0111\u1ea7y c\u1ee7a t\u1eebng tote v\u00e0 so s\u00e1nh n\u00f3 v\u1edbi c\u00f4ng su\u1ea5t m\u1ee5c ti\u00eau \u0111\u00e3 thi\u1ebft l\u1eadp. Gi\u1ea3i ph\u00e1p n\u00e0y gi\u00fap ng\u01b0\u1eddi v\u1eadn h\u00e0nh tr\u1edf n\u00ean hi\u1ec7u qu\u1ea3 h\u01a1n v\u00ec h\u1ecd c\u00f3 th\u1ec3 \u0111\u00f3ng g\u00f3i nhi\u1ec1u \u0111\u01a1n h\u00e0ng h\u01a1n tr\u01b0\u1edbc khi ph\u1ee5c v\u1ee5 chuy\u1ebfn h\u00e0ng ti\u1ebfp theo.<br \/>\nS\u1eed d\u1ee5ng c\u00f4ng ngh\u1ec7 3D t\u01b0\u1ee3ng tr\u01b0ng, \u200b\u200b3D-A1000 t\u00ednh to\u00e1n kh\u1ed1i l\u01b0\u1ee3ng l\u1ea5p \u0111\u1ea7y c\u1ee7a th\u00f9ng h\u00e0ng v\u00e0 chuy\u1ec3n ti\u1ebfp d\u1eef li\u1ec7u \u0111\u1ebfn h\u1ec7 th\u1ed1ng \u0111i\u1ec1u khi\u1ec3n v\u00e0 n\u1ebfu th\u00f9ng h\u00e0ng kh\u00f4ng \u0111\u00e1p \u1ee9ng \u0111\u01b0\u1ee3c kh\u1ed1i l\u01b0\u1ee3ng t\u1ed1i thi\u1ec3u th\u00ec th\u00f9ng h\u00e0ng s\u1ebd \u0111\u01b0\u1ee3c \u0111\u1ecbnh tuy\u1ebfn l\u1ea1i \u0111\u1ec3 c\u00f3 th\u00eam \u0111\u01a1n h\u00e0ng b\u1ed5 sung. C\u00e1c c\u00f4ng c\u1ee5 \u0111a n\u0103ng t\u00edch h\u1ee3p s\u1eb5n cho ph\u00e9p kh\u00e1ch h\u00e0ng thi\u1ebft l\u1eadp c\u00e1c th\u00f4ng s\u1ed1 ch\u00ednh x\u00e1c c\u1ee7a tote, ch\u1eb3ng h\u1ea1n nh\u01b0 h\u00ecnh d\u1ea1ng v\u00e0 \u0111\u1ed9 d\u00e0y \u0111\u1ec3 t\u00ednh to\u00e1n kh\u1ed1i l\u01b0\u1ee3ng ch\u00ednh x\u00e1c b\u1ea5t k\u1ec3 s\u1ef1 thay \u0111\u1ed5i c\u1ee7a tote. 3D-A1000 c\u0169ng ch\u1ee5p l\u1ea1i h\u00ecnh \u1ea3nh 2D c\u1ee7a nh\u1eefng ki\u1ec7n h\u00e0ng c\u00f3 k\u1ebft qu\u1ea3 \u0111\u00e1ng ng\u1edd m\u00e0 nh\u00f3m v\u1eadn h\u00e0nh c\u00f3 th\u1ec3 s\u1eed d\u1ee5ng \u0111\u1ec3 x\u00e1c \u0111\u1ecbnh c\u00e1c v\u1ea5n \u0111\u1ec1 c\u00f3 th\u1ec3 x\u1ea3y ra trong quy tr\u00ecnh.<\/p>","protected":false},"excerpt":{"rendered":"<ul>\n<li>Th\u00f9ng h\u00e0ng ch\u1ea1y tr\u00ean b\u0103ng t\u1ea3i<\/li>\n<li>Camera qu\u00e9t lazer v\u00e0 \u0111o th\u1ec3 t\u00edch th\u00f9ng h\u00e0ng sau \u0111\u00f3 g\u1eedi d\u1eef li\u1ec7u v\u1ec1 trung t\u00e2m \u0111i\u1ec1u khi\u1ec3n<\/li>\n<li>C\u01a1 c\u1ea5u ch\u1ea5p h\u00e0nh nh\u1eadn d\u1eef li\u1ec7u v\u00e0 ph\u00e2n lo\u1ea1i th\u00f9ng h\u00e0ng kh\u00f4ng \u0111\u1ea1t chu\u1ea9n ra b\u0103ng t\u1ea3i kh\u00e1c<\/li>\n<\/ul>","protected":false},"featured_media":1872,"comment_status":"open","ping_status":"closed","template":"","meta":[],"product_cat":[16,161,57],"product_tag":[199,200,201],"class_list":["post-1870","product","type-product","status-publish","has-post-thumbnail","hentry","product_cat-nganh-nghe","product_cat-do-the-tich-san-pham-trong-thung-hang","product_cat-logistics","product_tag-do-luong","product_tag-do-the-tich-san-pham","product_tag-do-the-tich-san-pham-tren-thung-hang"],"yoast_head":"<!-- This site is optimized with the Yoast SEO plugin v21.6 - https:\/\/yoast.com\/wordpress\/plugins\/seo\/ -->\n<title>\u0110o th\u1ec3 t\u00edch s\u1ea3n ph\u1ea9m trong th\u00f9ng h\u00e0ng - Etek<\/title>\n<meta name=\"robots\" content=\"index, follow, max-snippet:-1, max-image-preview:large, max-video-preview:-1\" \/>\n<link rel=\"canonical\" href=\"https:\/\/etekrobotics.com.vn\/en\/product\/do-the-tich-san-pham-trong-thung-hang\/\" \/>\n<meta property=\"og:locale\" content=\"en_US\" \/>\n<meta property=\"og:type\" content=\"article\" \/>\n<meta property=\"og:title\" content=\"\u0110o th\u1ec3 t\u00edch s\u1ea3n ph\u1ea9m trong th\u00f9ng h\u00e0ng - Etek\" \/>\n<meta property=\"og:description\" content=\"Th\u00f9ng h\u00e0ng ch\u1ea1y tr\u00ean b\u0103ng t\u1ea3i  Camera qu\u00e9t lazer v\u00e0 \u0111o th\u1ec3 t\u00edch th\u00f9ng h\u00e0ng sau \u0111\u00f3 g\u1eedi d\u1eef li\u1ec7u v\u1ec1 trung t\u00e2m \u0111i\u1ec1u khi\u1ec3n  C\u01a1 c\u1ea5u ch\u1ea5p h\u00e0nh nh\u1eadn d\u1eef li\u1ec7u v\u00e0 ph\u00e2n lo\u1ea1i th\u00f9ng h\u00e0ng kh\u00f4ng \u0111\u1ea1t chu\u1ea9n ra b\u0103ng t\u1ea3i kh\u00e1c\" \/>\n<meta property=\"og:url\" content=\"https:\/\/etekrobotics.com.vn\/en\/product\/do-the-tich-san-pham-trong-thung-hang\/\" \/>\n<meta property=\"og:site_name\" content=\"Etek\" \/>\n<meta property=\"article:modified_time\" content=\"2024-04-19T09:59:47+00:00\" \/>\n<meta property=\"og:image\" content=\"https:\/\/etekrobotics.com.vn\/wp-content\/uploads\/2024\/04\/do-the-tich-san-pham-01.jpg\" \/>\n\t<meta property=\"og:image:width\" content=\"1605\" \/>\n\t<meta property=\"og:image:height\" content=\"1042\" \/>\n\t<meta property=\"og:image:type\" content=\"image\/jpeg\" \/>\n<meta name=\"twitter:card\" content=\"summary_large_image\" \/>\n<meta name=\"twitter:label1\" content=\"Est. reading time\" \/>\n\t<meta name=\"twitter:data1\" content=\"4 minutes\" \/>\n<script type=\"application\/ld+json\" class=\"yoast-schema-graph\">{\"@context\":\"https:\/\/schema.org\",\"@graph\":[{\"@type\":\"WebPage\",\"@id\":\"https:\/\/etekrobotics.com.vn\/san-pham\/do-the-tich-san-pham-trong-thung-hang\/\",\"url\":\"https:\/\/etekrobotics.com.vn\/san-pham\/do-the-tich-san-pham-trong-thung-hang\/\",\"name\":\"\u0110o th\u1ec3 t\u00edch s\u1ea3n ph\u1ea9m trong th\u00f9ng h\u00e0ng - Etek\",\"isPartOf\":{\"@id\":\"https:\/\/etekrobotics.com.vn\/#website\"},\"datePublished\":\"2024-04-19T09:52:04+00:00\",\"dateModified\":\"2024-04-19T09:59:47+00:00\",\"breadcrumb\":{\"@id\":\"https:\/\/etekrobotics.com.vn\/san-pham\/do-the-tich-san-pham-trong-thung-hang\/#breadcrumb\"},\"inLanguage\":\"en-US\",\"potentialAction\":[{\"@type\":\"ReadAction\",\"target\":[\"https:\/\/etekrobotics.com.vn\/san-pham\/do-the-tich-san-pham-trong-thung-hang\/\"]}]},{\"@type\":\"BreadcrumbList\",\"@id\":\"https:\/\/etekrobotics.com.vn\/san-pham\/do-the-tich-san-pham-trong-thung-hang\/#breadcrumb\",\"itemListElement\":[{\"@type\":\"ListItem\",\"position\":1,\"name\":\"Trang ch\u1ee7\",\"item\":\"https:\/\/etekrobotics.com.vn\/\"},{\"@type\":\"ListItem\",\"position\":2,\"name\":\"C\u1eeda h\u00e0ng\",\"item\":\"https:\/\/etekrobotics.com.vn\/cua-hang\/\"},{\"@type\":\"ListItem\",\"position\":3,\"name\":\"\u0110o th\u1ec3 t\u00edch s\u1ea3n ph\u1ea9m trong th\u00f9ng h\u00e0ng\"}]},{\"@type\":\"WebSite\",\"@id\":\"https:\/\/etekrobotics.com.vn\/#website\",\"url\":\"https:\/\/etekrobotics.com.vn\/\",\"name\":\"Etek\",\"description\":\"C\u00f4ng ty C\u1ed5 ph\u1ea7n Gi\u1ea3i ph\u00e1p T\u1ef1 \u0111\u1ed9ng h\u00f3a ETEK\",\"potentialAction\":[{\"@type\":\"SearchAction\",\"target\":{\"@type\":\"EntryPoint\",\"urlTemplate\":\"https:\/\/etekrobotics.com.vn\/?s={search_term_string}\"},\"query-input\":\"required name=search_term_string\"}],\"inLanguage\":\"en-US\"}]}<\/script>\n<!-- \/ Yoast SEO plugin. -->","yoast_head_json":{"title":"\u0110o th\u1ec3 t\u00edch s\u1ea3n ph\u1ea9m trong th\u00f9ng h\u00e0ng - Etek","robots":{"index":"index","follow":"follow","max-snippet":"max-snippet:-1","max-image-preview":"max-image-preview:large","max-video-preview":"max-video-preview:-1"},"canonical":"https:\/\/etekrobotics.com.vn\/en\/product\/do-the-tich-san-pham-trong-thung-hang\/","og_locale":"en_US","og_type":"article","og_title":"\u0110o th\u1ec3 t\u00edch s\u1ea3n ph\u1ea9m trong th\u00f9ng h\u00e0ng - Etek","og_description":"Th\u00f9ng h\u00e0ng ch\u1ea1y tr\u00ean b\u0103ng t\u1ea3i  Camera qu\u00e9t lazer v\u00e0 \u0111o th\u1ec3 t\u00edch th\u00f9ng h\u00e0ng sau \u0111\u00f3 g\u1eedi d\u1eef li\u1ec7u v\u1ec1 trung t\u00e2m \u0111i\u1ec1u khi\u1ec3n  C\u01a1 c\u1ea5u ch\u1ea5p h\u00e0nh nh\u1eadn d\u1eef li\u1ec7u v\u00e0 ph\u00e2n lo\u1ea1i th\u00f9ng h\u00e0ng kh\u00f4ng \u0111\u1ea1t chu\u1ea9n ra b\u0103ng t\u1ea3i kh\u00e1c","og_url":"https:\/\/etekrobotics.com.vn\/en\/product\/do-the-tich-san-pham-trong-thung-hang\/","og_site_name":"Etek","article_modified_time":"2024-04-19T09:59:47+00:00","og_image":[{"width":1605,"height":1042,"url":"https:\/\/etekrobotics.com.vn\/wp-content\/uploads\/2024\/04\/do-the-tich-san-pham-01.jpg","type":"image\/jpeg"}],"twitter_card":"summary_large_image","twitter_misc":{"Est. reading time":"4 minutes"},"schema":{"@context":"https:\/\/schema.org","@graph":[{"@type":"WebPage","@id":"https:\/\/etekrobotics.com.vn\/san-pham\/do-the-tich-san-pham-trong-thung-hang\/","url":"https:\/\/etekrobotics.com.vn\/san-pham\/do-the-tich-san-pham-trong-thung-hang\/","name":"\u0110o th\u1ec3 t\u00edch s\u1ea3n ph\u1ea9m trong th\u00f9ng h\u00e0ng - Etek","isPartOf":{"@id":"https:\/\/etekrobotics.com.vn\/#website"},"datePublished":"2024-04-19T09:52:04+00:00","dateModified":"2024-04-19T09:59:47+00:00","breadcrumb":{"@id":"https:\/\/etekrobotics.com.vn\/san-pham\/do-the-tich-san-pham-trong-thung-hang\/#breadcrumb"},"inLanguage":"en-US","potentialAction":[{"@type":"ReadAction","target":["https:\/\/etekrobotics.com.vn\/san-pham\/do-the-tich-san-pham-trong-thung-hang\/"]}]},{"@type":"BreadcrumbList","@id":"https:\/\/etekrobotics.com.vn\/san-pham\/do-the-tich-san-pham-trong-thung-hang\/#breadcrumb","itemListElement":[{"@type":"ListItem","position":1,"name":"Trang ch\u1ee7","item":"https:\/\/etekrobotics.com.vn\/"},{"@type":"ListItem","position":2,"name":"C\u1eeda h\u00e0ng","item":"https:\/\/etekrobotics.com.vn\/cua-hang\/"},{"@type":"ListItem","position":3,"name":"\u0110o th\u1ec3 t\u00edch s\u1ea3n ph\u1ea9m trong th\u00f9ng h\u00e0ng"}]},{"@type":"WebSite","@id":"https:\/\/etekrobotics.com.vn\/#website","url":"https:\/\/etekrobotics.com.vn\/","name":"Etek","description":"C\u00f4ng ty C\u1ed5 ph\u1ea7n Gi\u1ea3i ph\u00e1p T\u1ef1 \u0111\u1ed9ng h\u00f3a ETEK","potentialAction":[{"@type":"SearchAction","target":{"@type":"EntryPoint","urlTemplate":"https:\/\/etekrobotics.com.vn\/?s={search_term_string}"},"query-input":"required name=search_term_string"}],"inLanguage":"en-US"}]}},"_links":{"self":[{"href":"https:\/\/etekrobotics.com.vn\/en\/wp-json\/wp\/v2\/product\/1870","targetHints":{"allow":["GET"]}}],"collection":[{"href":"https:\/\/etekrobotics.com.vn\/en\/wp-json\/wp\/v2\/product"}],"about":[{"href":"https:\/\/etekrobotics.com.vn\/en\/wp-json\/wp\/v2\/types\/product"}],"replies":[{"embeddable":true,"href":"https:\/\/etekrobotics.com.vn\/en\/wp-json\/wp\/v2\/comments?post=1870"}],"wp:featuredmedia":[{"embeddable":true,"href":"https:\/\/etekrobotics.com.vn\/en\/wp-json\/wp\/v2\/media\/1872"}],"wp:attachment":[{"href":"https:\/\/etekrobotics.com.vn\/en\/wp-json\/wp\/v2\/media?parent=1870"}],"wp:term":[{"taxonomy":"product_cat","embeddable":true,"href":"https:\/\/etekrobotics.com.vn\/en\/wp-json\/wp\/v2\/product_cat?post=1870"},{"taxonomy":"product_tag","embeddable":true,"href":"https:\/\/etekrobotics.com.vn\/en\/wp-json\/wp\/v2\/product_tag?post=1870"}],"curies":[{"name":"wp","href":"https:\/\/api.w.org\/{rel}","templated":true}]}}