{"id":1883,"date":"2024-05-03T10:05:45","date_gmt":"2024-05-03T10:05:45","guid":{"rendered":"https:\/\/etekrobotics.com.vn\/?post_type=product&#038;p=1883"},"modified":"2024-05-04T01:55:27","modified_gmt":"2024-05-04T01:55:27","slug":"kiem-tra-chat-luong-vi-thuoc-trong-nganh-duoc-pham","status":"publish","type":"product","link":"https:\/\/etekrobotics.com.vn\/en\/product\/kiem-tra-chat-luong-vi-thuoc-trong-nganh-duoc-pham\/","title":{"rendered":"Ki\u1ec3m tra ch\u1ea5t l\u01b0\u1ee3ng v\u1ec9 thu\u1ed1c trong ng\u00e0nh d\u01b0\u1ee3c ph\u1ea9m"},"content":{"rendered":"<h2><strong>V\u1ea5n \u0111\u1ec1<\/strong><\/h2>\n<ul>\n<li>C\u00e1c vi\u00ean thu\u1ed1c b\u00ean trong v\u1ec9 thu\u1ed1c b\u1ecb v\u1ee1, thi\u1ebfu \u2026<\/li>\n<li>L\u1edbp tr\u00ean c\u1ee7a v\u1ec9 thu\u1ed1c l\u00e0 ch\u1ea5t nh\u1ef1a ph\u1ea3n quang g\u00e2y kh\u00f3 khan cho vi\u1ec7c ki\u1ec3m tra<\/li>\n<\/ul>\n<h2><strong>Quy tr\u00ecnh<\/strong><\/h2>\n<p><img loading=\"lazy\" decoding=\"async\" class=\"aligncenter wp-image-1884\" src=\"https:\/\/etekrobotics.com.vn\/wp-content\/uploads\/2024\/05\/kiem-tra-chat-luong-vi-thuoc-01.jpg\" alt=\"ki\u1ec3m tra ch\u1ea5t l\u01b0\u1ee3ng v\u1ecf thu\u1ed1c\" width=\"600\" height=\"388\" srcset=\"https:\/\/etekrobotics.com.vn\/wp-content\/uploads\/2024\/05\/kiem-tra-chat-luong-vi-thuoc-01.jpg 1606w, https:\/\/etekrobotics.com.vn\/wp-content\/uploads\/2024\/05\/kiem-tra-chat-luong-vi-thuoc-01-768x496.jpg 768w, https:\/\/etekrobotics.com.vn\/wp-content\/uploads\/2024\/05\/kiem-tra-chat-luong-vi-thuoc-01-1536x993.jpg 1536w, https:\/\/etekrobotics.com.vn\/wp-content\/uploads\/2024\/05\/kiem-tra-chat-luong-vi-thuoc-01-18x12.jpg 18w, https:\/\/etekrobotics.com.vn\/wp-content\/uploads\/2024\/05\/kiem-tra-chat-luong-vi-thuoc-01-600x388.jpg 600w\" sizes=\"auto, (max-width: 600px) 100vw, 600px\" \/><\/p>\n<ul>\n<li>S\u1ea3n ph\u1ea9m ch\u1ea1y tr\u00ean b\u0103ng t\u1ea3i<\/li>\n<li>Camera ch\u1ee5p v\u00e0 d\u00f9ng tool classify \u0111\u1ec3 ph\u00e2n lo\u1ea1i v\u1ec9 thu\u1ed1c l\u1ed7i<\/li>\n<li>C\u01a1 c\u1ea5u ch\u1ea5p h\u00e0nh th\u1ef1c hi\u1ec7n lo\u1ea1i s\u1ea3n ph\u1ea9m l\u1ed7i<\/li>\n<\/ul>\n<h2><strong>L\u1ee3i \u00edch:<\/strong><\/h2>\n<ul>\n<li>N\u00e2ng c\u00e1o ch\u1ea5t l\u01b0\u1ee3ng s\u1ea3n ph\u1ea9m<\/li>\n<li>D\u1ec5 d\u00e0ng tri\u1ec3n khai khi c\u00f3 s\u1ef1 thay \u0111\u1ed5i c\u1ee7a d\u00e2y chuy\u1ec1n<\/li>\n<\/ul>\n<h2><strong>Ng\u00e0nh ngh\u1ec1<\/strong><\/h2>\n<ul>\n<li>D\u01b0\u1ee3c ph\u1ea9m<\/li>\n<li>Th\u1ef1c ph\u1ea9m<\/li>\n<\/ul>\n<h2><strong>S\u1ea3n ph\u1ea9m<\/strong><\/h2>\n<p><img loading=\"lazy\" decoding=\"async\" class=\"aligncenter wp-image-1885\" src=\"https:\/\/etekrobotics.com.vn\/wp-content\/uploads\/2024\/05\/kiem-tra-chat-luong-vi-thuoc-02.jpg\" alt=\"Ki\u1ec3m tra ch\u1ea5t l\u01b0\u1ee3ng v\u1ecf h\u1ed9p thu\u1ed1c\" width=\"600\" height=\"219\" srcset=\"https:\/\/etekrobotics.com.vn\/wp-content\/uploads\/2024\/05\/kiem-tra-chat-luong-vi-thuoc-02.jpg 1130w, https:\/\/etekrobotics.com.vn\/wp-content\/uploads\/2024\/05\/kiem-tra-chat-luong-vi-thuoc-02-768x281.jpg 768w, https:\/\/etekrobotics.com.vn\/wp-content\/uploads\/2024\/05\/kiem-tra-chat-luong-vi-thuoc-02-18x7.jpg 18w, https:\/\/etekrobotics.com.vn\/wp-content\/uploads\/2024\/05\/kiem-tra-chat-luong-vi-thuoc-02-600x219.jpg 600w\" sizes=\"auto, (max-width: 600px) 100vw, 600px\" \/><\/p>\n<h2><strong>Th\u00f4ng s\u1ed1 tr\u1ea1m<\/strong><\/h2>\n<ul>\n<li>S\u1ea3n l\u01b0\u1ee3ng: 3 sp\/s<\/li>\n<li>\u0110i\u1ec1u ki\u1ec7n \u00e1nh s\u00e1ng: 300-1000 lux<\/li>\n<li>K\u00edch th\u01b0\u1edbc l\u1ed7i: 10m<\/li>\n<\/ul>\n<h2><strong>Thi\u1ebft b\u1ecb<\/strong><\/h2>\n<ul>\n<li>B\u0103ng t\u1ea3i<\/li>\n<li>Camera 2D<\/li>\n<li>C\u00e1p ngu\u1ed3n<\/li>\n<li>C\u00e1p ethernet<\/li>\n<\/ul>\n<h2><strong>Th\u00f4ng s\u1ed1 thi\u1ebft b\u1ecb<\/strong><\/h2>\n<p><img loading=\"lazy\" decoding=\"async\" class=\"aligncenter wp-image-1886\" src=\"https:\/\/etekrobotics.com.vn\/wp-content\/uploads\/2024\/05\/kiem-tra-chat-luong-vi-thuoc-03.jpg\" alt=\"ki\u1ec3m tra ngo\u1ea1i quan\" width=\"600\" height=\"374\" srcset=\"https:\/\/etekrobotics.com.vn\/wp-content\/uploads\/2024\/05\/kiem-tra-chat-luong-vi-thuoc-03.jpg 807w, https:\/\/etekrobotics.com.vn\/wp-content\/uploads\/2024\/05\/kiem-tra-chat-luong-vi-thuoc-03-768x479.jpg 768w, https:\/\/etekrobotics.com.vn\/wp-content\/uploads\/2024\/05\/kiem-tra-chat-luong-vi-thuoc-03-18x12.jpg 18w, https:\/\/etekrobotics.com.vn\/wp-content\/uploads\/2024\/05\/kiem-tra-chat-luong-vi-thuoc-03-600x374.jpg 600w\" sizes=\"auto, (max-width: 600px) 100vw, 600px\" \/><\/p>\n<p><strong>In sight 2800:<\/strong><\/p>\n<ul>\n<li>\u0110\u1ed9 ph\u00e2n gi\u1ea3i: 2MP<\/li>\n<li>T\u1ea7n s\u1ed1 ch\u1ee5p: 45 Hz<\/li>\n<li>Lens: liquid lens, manual focus lens<\/li>\n<li>Truy\u1ec1n th\u00f4ng Ethernet<\/li>\n<\/ul>\n<h2><strong>Ki\u1ec3m tra ch\u1ea5t l\u01b0\u1ee3ng v\u1ec9 thu\u1ed1c &#8211; Ph\u00e1t hi\u1ec7n v\u1ec9 thu\u1ed1c b\u1ecb thi\u1ebfu ho\u1eb7c v\u1ee1<\/strong><\/h2>\n<p>Thu\u1ed1c vi\u00ean v\u00e0 vi\u00ean n\u00e9n th\u01b0\u1eddng \u0111\u01b0\u1ee3c \u0111\u00f3ng g\u00f3i trong v\u1ec9 \u0111\u1ec3 ng\u01b0\u1eddi ti\u00eau d\u00f9ng s\u1eed d\u1ee5ng. Do t\u00ednh c\u1ea1nh tranh c\u1ee7a th\u1ecb tr\u01b0\u1eddng d\u01b0\u1ee3c ph\u1ea9m kh\u00f4ng k\u00ea \u0111\u01a1n, kh\u00e1ch h\u00e0ng y\u00eau c\u1ea7u c\u00e1c s\u1ea3n ph\u1ea9m ch\u1ea5t l\u01b0\u1ee3ng cao t\u1eeb th\u01b0\u01a1ng hi\u1ec7u m\u00e0 h\u1ecd l\u1ef1a ch\u1ecdn. \u0110\u1ec3 duy tr\u00ec ti\u00eau chu\u1ea9n ch\u1ea5t l\u01b0\u1ee3ng cao, c\u00e1c nh\u00e0 s\u1ea3n xu\u1ea5t d\u01b0\u1ee3c ph\u1ea9m th\u1ef1c hi\u1ec7n ki\u1ec3m tra cu\u1ed1i d\u00e2y chuy\u1ec1n \u0111\u1ec3 ph\u00e1t hi\u1ec7n c\u00e1c v\u1ec9 thu\u1ed1c b\u1ecb l\u1ed7i tr\u01b0\u1edbc khi ch\u00fang \u0111\u01b0\u1ee3c \u0111\u00f3ng g\u00f3i trong h\u1ed9p v\u00e0 v\u1eadn chuy\u1ec3n \u0111\u1ebfn c\u00e1c nh\u00e0 b\u00e1n l\u1ebb. L\u1edbp tr\u00ean c\u00f9ng c\u1ee7a v\u1ec9 th\u01b0\u1eddng l\u00e0 nh\u1ef1a c\u1ee9ng, trong, ph\u1ea3n chi\u1ebfu, g\u00e2y ra th\u00e1ch th\u1ee9c cho c\u1ea3 h\u1ec7 th\u1ed1ng th\u1ecb gi\u00e1c m\u00e1y th\u1ee7 c\u00f4ng v\u00e0 m\u1ed9t s\u1ed1 h\u1ec7 th\u1ed1ng th\u1ecb gi\u00e1c m\u00e1y d\u1ef1a tr\u00ean quy t\u1eafc trong vi\u1ec7c ph\u00e1t hi\u1ec7n c\u00e1c \u0111i\u1ec3m b\u1ea5t th\u01b0\u1eddng. N\u1ebfu v\u1ec9 thu\u1ed1c kh\u00f4ng \u0111\u1ee7 s\u1ed1 l\u01b0\u1ee3ng, vi\u00ean thu\u1ed1c \u0111\u00f3ng g\u00f3i b\u1ecb v\u1ee1, ho\u1eb7c l\u1edbp v\u1ecf b\u1ecb r\u00e1ch, kh\u00e1ch h\u00e0ng s\u1ebd kh\u00f4ng h\u00e0i l\u00f2ng v\u00e0 c\u00f3 th\u1ec3 kh\u00f4ng mua nh\u00e3n hi\u1ec7u \u0111\u00f3 n\u1eefa. Vi\u1ec7c \u0111\u1eb7t l\u1ea1i h\u1ec7 th\u1ed1ng th\u1ecb gi\u00e1c m\u00e1y d\u1ef1a tr\u00ean quy t\u1eafc trong qu\u00e1 tr\u00ecnh chuy\u1ec3n \u0111\u1ed5i d\u00e2y chuy\u1ec1n c\u00f3 th\u1ec3 ph\u1ee9c t\u1ea1p v\u00e0 t\u1ed1n th\u1eddi gian, \u0111i\u1ec1u n\u00e0y l\u00e0m t\u0103ng th\u00eam s\u1ef1 k\u00e9m hi\u1ec7u qu\u1ea3 cho quy tr\u00ecnh.<br \/>\nC\u00f4ng ngh\u1ec7 h\u1ecdc t\u1eadp bi\u00ean gi\u00fap c\u00e1c nh\u00e0 s\u1ea3n xu\u1ea5t d\u01b0\u1ee3c ph\u1ea9m \u0111\u00e1p \u1ee9ng c\u00e1c ti\u00eau chu\u1ea9n ch\u1ea5t l\u01b0\u1ee3ng cho qu\u00e1 tr\u00ecnh s\u1ea3n xu\u1ea5t v\u1ec9 thu\u1ed1c c\u1ee7a h\u1ecd. B\u1eb1ng c\u00e1ch s\u1eed d\u1ee5ng c\u00f4ng c\u1ee5 ph\u00e2n lo\u1ea1i, c\u00e1c v\u1ec9 thu\u1ed1c c\u00f3 th\u1ec3 \u0111\u01b0\u1ee3c ki\u1ec3m tra v\u00e0 ph\u00e2n lo\u1ea1i theo c\u00e1ch nh\u1ecb ph\u00e2n (\u0111\u01b0\u1ee3c ch\u1ea5p nh\u1eadn ho\u1eb7c kh\u00f4ng \u0111\u01b0\u1ee3c ch\u1ea5p nh\u1eadn) ho\u1eb7c theo nhi\u1ec1u c\u00e1ch ph\u00e2n lo\u1ea1i (OK, Thi\u1ebfu vi\u00ean, Vi\u00ean b\u1ecb h\u1ecfng, Ni\u00eam phong b\u1ecb h\u1ecfng, &#8230;). C\u00f4ng c\u1ee5 d\u1ec5 s\u1eed d\u1ee5ng n\u00e0y \u0111\u01b0\u1ee3c \u0111\u00e0o t\u1ea1o nhanh ch\u00f3ng v\u1edbi m\u1ed9t s\u1ed1 l\u01b0\u1ee3ng nh\u1ecf h\u00ecnh \u1ea3nh c\u1ee7a c\u1ea3 v\u1ec9 t\u1ed1t v\u00e0 b\u1ecb l\u1ed7i, \u0111\u1ed3ng th\u1eddi c\u00f4ng c\u1ee5 n\u00e0y h\u1ecdc c\u00e1ch x\u00e1c \u0111\u1ecbnh v\u00e0 ph\u00e2n lo\u1ea1i t\u1eebng g\u00f3i v\u1ec9 \u0111i qua m\u00e1y \u1ea3nh.<br \/>\nGi\u1ea3i ph\u00e1p ki\u1ec3m tra 100% c\u00e1c v\u1ec9 \u0111i qua camera \u1edf t\u1ed1c \u0111\u1ed9 \u0111\u01b0\u1eddng truy\u1ec1n v\u00e0 mang l\u1ea1i \u0111\u1ed9 ch\u00ednh x\u00e1c cao nh\u1ea5t qu\u00e1n so v\u1edbi ki\u1ec3m tra th\u1ee7 c\u00f4ng. C\u00e1c v\u1ec9 b\u1ecb l\u1ed7i s\u1ebd \u0111\u01b0\u1ee3c chuy\u1ec3n h\u01b0\u1edbng \u0111\u1ec3 l\u00e0m l\u1ea1i v\u00e0 ch\u1ec9 nh\u1eefng s\u1ea3n ph\u1ea9m \u0111\u01b0\u1ee3c ch\u1ea5p nh\u1eadn m\u1edbi \u0111\u01b0\u1ee3c \u0111\u00f3ng g\u00f3i \u0111\u1ec3 \u0111\u1ebfn tay kh\u00e1ch h\u00e0ng. Vi\u1ec7c chuy\u1ec3n \u0111\u1ed5i d\u00e2y chuy\u1ec1n tr\u1edf n\u00ean hi\u1ec7u qu\u1ea3 h\u01a1n v\u1edbi c\u00e1c gi\u1ea3i ph\u00e1p d\u1ef1a tr\u00ean c\u00f4ng ngh\u1ec7 h\u1ecdc t\u1eadp bi\u00ean v\u00ec ch\u1ec9 c\u1ea7n m\u1ed9t v\u00e0i h\u00ecnh \u1ea3nh m\u1edbi \u0111\u1ec3 \u0111\u00e0o t\u1ea1o l\u1ea1i h\u1ec7 th\u1ed1ng ki\u1ec3m tra cho (c\u00e1c) s\u1ea3n ph\u1ea9m m\u1edbi.<\/p>","protected":false},"excerpt":{"rendered":"<ul>\n<li>S\u1ea3n ph\u1ea9m ch\u1ea1y tr\u00ean b\u0103ng t\u1ea3i<\/li>\n<li>Camera ch\u1ee5p v\u00e0 d\u00f9ng tool classify \u0111\u1ec3 ph\u00e2n lo\u1ea1i v\u1ec9 thu\u1ed1c l\u1ed7i<\/li>\n<li>C\u01a1 c\u1ea5u ch\u1ea5p h\u00e0nh th\u1ef1c hi\u1ec7n lo\u1ea1i s\u1ea3n ph\u1ea9m l\u1ed7i<\/li>\n<\/ul>","protected":false},"featured_media":1887,"comment_status":"open","ping_status":"closed","template":"","meta":[],"product_cat":[60,146],"product_tag":[203,194,202,204,196],"class_list":["post-1883","product","type-product","status-publish","has-post-thumbnail","hentry","product_cat-khoa-hoc-doi-song","product_cat-kiem-tra-chat-luong-vi-thuoc","product_tag-kiem-tra-chat-luong","product_tag-kiem-tra-ngoai-quan","product_tag-kiem-tra-ngoai-quan-san-pham","product_tag-kiem-tra-vo-thuoc","product_tag-machine-vision"],"yoast_head":"<!-- This site is optimized with the Yoast SEO plugin v21.6 - https:\/\/yoast.com\/wordpress\/plugins\/seo\/ -->\n<title>Ki\u1ec3m tra ch\u1ea5t l\u01b0\u1ee3ng v\u1ec9 thu\u1ed1c trong ng\u00e0nh d\u01b0\u1ee3c ph\u1ea9m - Etek<\/title>\n<meta name=\"robots\" content=\"index, follow, max-snippet:-1, max-image-preview:large, max-video-preview:-1\" \/>\n<link rel=\"canonical\" href=\"https:\/\/etekrobotics.com.vn\/en\/product\/kiem-tra-chat-luong-vi-thuoc-trong-nganh-duoc-pham\/\" \/>\n<meta property=\"og:locale\" content=\"en_US\" \/>\n<meta property=\"og:type\" content=\"article\" \/>\n<meta property=\"og:title\" content=\"Ki\u1ec3m tra ch\u1ea5t l\u01b0\u1ee3ng v\u1ec9 thu\u1ed1c trong ng\u00e0nh d\u01b0\u1ee3c ph\u1ea9m - Etek\" \/>\n<meta property=\"og:description\" content=\"S\u1ea3n ph\u1ea9m ch\u1ea1y tr\u00ean b\u0103ng t\u1ea3i  Camera ch\u1ee5p v\u00e0 d\u00f9ng tool classify \u0111\u1ec3 ph\u00e2n lo\u1ea1i v\u1ec9 thu\u1ed1c l\u1ed7i  C\u01a1 c\u1ea5u ch\u1ea5p h\u00e0nh th\u1ef1c hi\u1ec7n lo\u1ea1i s\u1ea3n ph\u1ea9m l\u1ed7i\" \/>\n<meta property=\"og:url\" content=\"https:\/\/etekrobotics.com.vn\/en\/product\/kiem-tra-chat-luong-vi-thuoc-trong-nganh-duoc-pham\/\" \/>\n<meta property=\"og:site_name\" content=\"Etek\" \/>\n<meta property=\"article:modified_time\" content=\"2024-05-04T01:55:27+00:00\" \/>\n<meta property=\"og:image\" content=\"https:\/\/etekrobotics.com.vn\/wp-content\/uploads\/2024\/05\/kiem-tra-chat-luong-vi-thuoc-01-1.jpg\" \/>\n\t<meta property=\"og:image:width\" content=\"1606\" \/>\n\t<meta property=\"og:image:height\" content=\"1038\" \/>\n\t<meta property=\"og:image:type\" content=\"image\/jpeg\" \/>\n<meta name=\"twitter:card\" content=\"summary_large_image\" \/>\n<meta name=\"twitter:label1\" content=\"Est. reading time\" \/>\n\t<meta name=\"twitter:data1\" content=\"4 minutes\" \/>\n<script type=\"application\/ld+json\" class=\"yoast-schema-graph\">{\"@context\":\"https:\/\/schema.org\",\"@graph\":[{\"@type\":\"WebPage\",\"@id\":\"https:\/\/etekrobotics.com.vn\/san-pham\/kiem-tra-chat-luong-vi-thuoc-trong-nganh-duoc-pham\/\",\"url\":\"https:\/\/etekrobotics.com.vn\/san-pham\/kiem-tra-chat-luong-vi-thuoc-trong-nganh-duoc-pham\/\",\"name\":\"Ki\u1ec3m tra ch\u1ea5t l\u01b0\u1ee3ng v\u1ec9 thu\u1ed1c trong ng\u00e0nh d\u01b0\u1ee3c ph\u1ea9m - Etek\",\"isPartOf\":{\"@id\":\"https:\/\/etekrobotics.com.vn\/#website\"},\"datePublished\":\"2024-05-03T10:05:45+00:00\",\"dateModified\":\"2024-05-04T01:55:27+00:00\",\"breadcrumb\":{\"@id\":\"https:\/\/etekrobotics.com.vn\/san-pham\/kiem-tra-chat-luong-vi-thuoc-trong-nganh-duoc-pham\/#breadcrumb\"},\"inLanguage\":\"en-US\",\"potentialAction\":[{\"@type\":\"ReadAction\",\"target\":[\"https:\/\/etekrobotics.com.vn\/san-pham\/kiem-tra-chat-luong-vi-thuoc-trong-nganh-duoc-pham\/\"]}]},{\"@type\":\"BreadcrumbList\",\"@id\":\"https:\/\/etekrobotics.com.vn\/san-pham\/kiem-tra-chat-luong-vi-thuoc-trong-nganh-duoc-pham\/#breadcrumb\",\"itemListElement\":[{\"@type\":\"ListItem\",\"position\":1,\"name\":\"Trang ch\u1ee7\",\"item\":\"https:\/\/etekrobotics.com.vn\/\"},{\"@type\":\"ListItem\",\"position\":2,\"name\":\"C\u1eeda h\u00e0ng\",\"item\":\"https:\/\/etekrobotics.com.vn\/cua-hang\/\"},{\"@type\":\"ListItem\",\"position\":3,\"name\":\"Ki\u1ec3m tra ch\u1ea5t l\u01b0\u1ee3ng v\u1ec9 thu\u1ed1c trong ng\u00e0nh d\u01b0\u1ee3c ph\u1ea9m\"}]},{\"@type\":\"WebSite\",\"@id\":\"https:\/\/etekrobotics.com.vn\/#website\",\"url\":\"https:\/\/etekrobotics.com.vn\/\",\"name\":\"Etek\",\"description\":\"C\u00f4ng ty C\u1ed5 ph\u1ea7n Gi\u1ea3i ph\u00e1p T\u1ef1 \u0111\u1ed9ng h\u00f3a ETEK\",\"potentialAction\":[{\"@type\":\"SearchAction\",\"target\":{\"@type\":\"EntryPoint\",\"urlTemplate\":\"https:\/\/etekrobotics.com.vn\/?s={search_term_string}\"},\"query-input\":\"required name=search_term_string\"}],\"inLanguage\":\"en-US\"}]}<\/script>\n<!-- \/ Yoast SEO plugin. -->","yoast_head_json":{"title":"Ki\u1ec3m tra ch\u1ea5t l\u01b0\u1ee3ng v\u1ec9 thu\u1ed1c trong ng\u00e0nh d\u01b0\u1ee3c ph\u1ea9m - Etek","robots":{"index":"index","follow":"follow","max-snippet":"max-snippet:-1","max-image-preview":"max-image-preview:large","max-video-preview":"max-video-preview:-1"},"canonical":"https:\/\/etekrobotics.com.vn\/en\/product\/kiem-tra-chat-luong-vi-thuoc-trong-nganh-duoc-pham\/","og_locale":"en_US","og_type":"article","og_title":"Ki\u1ec3m tra ch\u1ea5t l\u01b0\u1ee3ng v\u1ec9 thu\u1ed1c trong ng\u00e0nh d\u01b0\u1ee3c ph\u1ea9m - Etek","og_description":"S\u1ea3n ph\u1ea9m ch\u1ea1y tr\u00ean b\u0103ng t\u1ea3i  Camera ch\u1ee5p v\u00e0 d\u00f9ng tool classify \u0111\u1ec3 ph\u00e2n lo\u1ea1i v\u1ec9 thu\u1ed1c l\u1ed7i  C\u01a1 c\u1ea5u ch\u1ea5p h\u00e0nh th\u1ef1c hi\u1ec7n lo\u1ea1i s\u1ea3n ph\u1ea9m l\u1ed7i","og_url":"https:\/\/etekrobotics.com.vn\/en\/product\/kiem-tra-chat-luong-vi-thuoc-trong-nganh-duoc-pham\/","og_site_name":"Etek","article_modified_time":"2024-05-04T01:55:27+00:00","og_image":[{"width":1606,"height":1038,"url":"https:\/\/etekrobotics.com.vn\/wp-content\/uploads\/2024\/05\/kiem-tra-chat-luong-vi-thuoc-01-1.jpg","type":"image\/jpeg"}],"twitter_card":"summary_large_image","twitter_misc":{"Est. reading time":"4 minutes"},"schema":{"@context":"https:\/\/schema.org","@graph":[{"@type":"WebPage","@id":"https:\/\/etekrobotics.com.vn\/san-pham\/kiem-tra-chat-luong-vi-thuoc-trong-nganh-duoc-pham\/","url":"https:\/\/etekrobotics.com.vn\/san-pham\/kiem-tra-chat-luong-vi-thuoc-trong-nganh-duoc-pham\/","name":"Ki\u1ec3m tra ch\u1ea5t l\u01b0\u1ee3ng v\u1ec9 thu\u1ed1c trong ng\u00e0nh d\u01b0\u1ee3c ph\u1ea9m - Etek","isPartOf":{"@id":"https:\/\/etekrobotics.com.vn\/#website"},"datePublished":"2024-05-03T10:05:45+00:00","dateModified":"2024-05-04T01:55:27+00:00","breadcrumb":{"@id":"https:\/\/etekrobotics.com.vn\/san-pham\/kiem-tra-chat-luong-vi-thuoc-trong-nganh-duoc-pham\/#breadcrumb"},"inLanguage":"en-US","potentialAction":[{"@type":"ReadAction","target":["https:\/\/etekrobotics.com.vn\/san-pham\/kiem-tra-chat-luong-vi-thuoc-trong-nganh-duoc-pham\/"]}]},{"@type":"BreadcrumbList","@id":"https:\/\/etekrobotics.com.vn\/san-pham\/kiem-tra-chat-luong-vi-thuoc-trong-nganh-duoc-pham\/#breadcrumb","itemListElement":[{"@type":"ListItem","position":1,"name":"Trang ch\u1ee7","item":"https:\/\/etekrobotics.com.vn\/"},{"@type":"ListItem","position":2,"name":"C\u1eeda h\u00e0ng","item":"https:\/\/etekrobotics.com.vn\/cua-hang\/"},{"@type":"ListItem","position":3,"name":"Ki\u1ec3m tra ch\u1ea5t l\u01b0\u1ee3ng v\u1ec9 thu\u1ed1c trong ng\u00e0nh d\u01b0\u1ee3c ph\u1ea9m"}]},{"@type":"WebSite","@id":"https:\/\/etekrobotics.com.vn\/#website","url":"https:\/\/etekrobotics.com.vn\/","name":"Etek","description":"C\u00f4ng ty C\u1ed5 ph\u1ea7n Gi\u1ea3i ph\u00e1p T\u1ef1 \u0111\u1ed9ng h\u00f3a ETEK","potentialAction":[{"@type":"SearchAction","target":{"@type":"EntryPoint","urlTemplate":"https:\/\/etekrobotics.com.vn\/?s={search_term_string}"},"query-input":"required name=search_term_string"}],"inLanguage":"en-US"}]}},"_links":{"self":[{"href":"https:\/\/etekrobotics.com.vn\/en\/wp-json\/wp\/v2\/product\/1883","targetHints":{"allow":["GET"]}}],"collection":[{"href":"https:\/\/etekrobotics.com.vn\/en\/wp-json\/wp\/v2\/product"}],"about":[{"href":"https:\/\/etekrobotics.com.vn\/en\/wp-json\/wp\/v2\/types\/product"}],"replies":[{"embeddable":true,"href":"https:\/\/etekrobotics.com.vn\/en\/wp-json\/wp\/v2\/comments?post=1883"}],"wp:featuredmedia":[{"embeddable":true,"href":"https:\/\/etekrobotics.com.vn\/en\/wp-json\/wp\/v2\/media\/1887"}],"wp:attachment":[{"href":"https:\/\/etekrobotics.com.vn\/en\/wp-json\/wp\/v2\/media?parent=1883"}],"wp:term":[{"taxonomy":"product_cat","embeddable":true,"href":"https:\/\/etekrobotics.com.vn\/en\/wp-json\/wp\/v2\/product_cat?post=1883"},{"taxonomy":"product_tag","embeddable":true,"href":"https:\/\/etekrobotics.com.vn\/en\/wp-json\/wp\/v2\/product_tag?post=1883"}],"curies":[{"name":"wp","href":"https:\/\/api.w.org\/{rel}","templated":true}]}}