{"id":1893,"date":"2024-05-15T04:06:51","date_gmt":"2024-05-15T04:06:51","guid":{"rendered":"https:\/\/etekrobotics.com.vn\/?post_type=product&#038;p=1893"},"modified":"2024-05-15T04:06:52","modified_gmt":"2024-05-15T04:06:52","slug":"kiem-tra-san-pham-y-te","status":"publish","type":"product","link":"https:\/\/etekrobotics.com.vn\/en\/product\/kiem-tra-san-pham-y-te\/","title":{"rendered":"Ki\u1ec3m Tra S\u1ea3n Ph\u1ea9m Y T\u1ebf"},"content":{"rendered":"<h2><strong>\u200bV\u1ea5n \u0111\u1ec1:<\/strong><\/h2>\n<ul>\n<li>Gi\u1ea5y h\u01b0\u1edbng d\u1eabn s\u1eed d\u1ee5ng thu\u1ed1c kh\u00f4ng c\u00f3 trong h\u1ed9p thu\u1ed1c<\/li>\n<\/ul>\n<h2><strong>Quy tr\u00ecnh:<\/strong><\/h2>\n<p><img loading=\"lazy\" decoding=\"async\" class=\"aligncenter wp-image-1894\" src=\"https:\/\/etekrobotics.com.vn\/wp-content\/uploads\/2024\/05\/kiem-tra-san-pham-y-te-01.jpg\" alt=\"Ki\u1ec3m tra s\u1ea3n ph\u1ea9m y t\u1ebf\" width=\"600\" height=\"392\" srcset=\"https:\/\/etekrobotics.com.vn\/wp-content\/uploads\/2024\/05\/kiem-tra-san-pham-y-te-01.jpg 2021w, https:\/\/etekrobotics.com.vn\/wp-content\/uploads\/2024\/05\/kiem-tra-san-pham-y-te-01-768x502.jpg 768w, https:\/\/etekrobotics.com.vn\/wp-content\/uploads\/2024\/05\/kiem-tra-san-pham-y-te-01-1536x1003.jpg 1536w, https:\/\/etekrobotics.com.vn\/wp-content\/uploads\/2024\/05\/kiem-tra-san-pham-y-te-01-18x12.jpg 18w, https:\/\/etekrobotics.com.vn\/wp-content\/uploads\/2024\/05\/kiem-tra-san-pham-y-te-01-600x392.jpg 600w\" sizes=\"auto, (max-width: 600px) 100vw, 600px\" \/><\/p>\n<p style=\"text-align: center;\">Ki\u1ec3m tra s\u1ea3n ph\u1ea9m y t\u1ebf<\/p>\n<ul>\n<li>S\u1ea3n ph\u1ea9m di chuy\u1ec3n tr\u00ean b\u0103ng t\u1ea3i<\/li>\n<li>Camera th\u1ef1c hi\u1ec7n ch\u1ee5p v\u00e0 d\u00f9ng tool classify \u0111\u1ec3 x\u00e1c \u0111\u1ecbnh s\u1ef1 hi\u1ec7n di\u1ec7n, v\u1eafng m\u1eb7t c\u1ee7a gi\u1ea5y h\u01b0\u1edbng d\u1eabn<\/li>\n<\/ul>\n<h2><strong>L\u1ee3i \u00edch:<\/strong><\/h2>\n<ul>\n<li>\u0110\u1ea3m b\u1ea3o ch\u1ea5t l\u01b0\u1ee3ng s\u1ea3n ph\u1ea9m<\/li>\n<li>T\u0103ng n\u0103ng su\u1ea5t<\/li>\n<li>T\u1ea1o s\u1ef1 h\u00e0i l\u00f2ng cho kh\u00e1ch h\u00e0ng<\/li>\n<\/ul>\n<h2><strong>Ng\u00e0nh ngh\u1ec1:<\/strong><\/h2>\n<ul>\n<li>D\u01b0\u1ee3c ph\u1ea9m<\/li>\n<li>Y t\u1ebf<\/li>\n<\/ul>\n<h2><strong>S\u1ea3n ph\u1ea9m<\/strong><\/h2>\n<p><img loading=\"lazy\" decoding=\"async\" class=\"aligncenter size-full wp-image-1895\" src=\"https:\/\/etekrobotics.com.vn\/wp-content\/uploads\/2024\/05\/kiem-tra-san-pham-y-te-05.jpg\" alt=\"Ki\u1ec3m tra s\u1ea3n ph\u1ea9m y t\u1ebf\" width=\"930\" height=\"263\" srcset=\"https:\/\/etekrobotics.com.vn\/wp-content\/uploads\/2024\/05\/kiem-tra-san-pham-y-te-05.jpg 930w, https:\/\/etekrobotics.com.vn\/wp-content\/uploads\/2024\/05\/kiem-tra-san-pham-y-te-05-768x217.jpg 768w, https:\/\/etekrobotics.com.vn\/wp-content\/uploads\/2024\/05\/kiem-tra-san-pham-y-te-05-18x5.jpg 18w, https:\/\/etekrobotics.com.vn\/wp-content\/uploads\/2024\/05\/kiem-tra-san-pham-y-te-05-600x170.jpg 600w\" sizes=\"auto, (max-width: 930px) 100vw, 930px\" \/><\/p>\n<h2><strong>Th\u00f4ng s\u1ed1 tr\u1ea1m<\/strong><\/h2>\n<ol>\n<li>S\u1ea3n l\u01b0\u1ee3ng: 3 sp\/s<\/li>\n<li>\u0110i\u1ec1u ki\u1ec7n \u00e1nh s\u00e1ng: 300-1000 lux<\/li>\n<li>K\u00edch th\u01b0\u1edbc s\u1ea3n ph\u1ea9m: 100mm*100mm<\/li>\n<\/ol>\n<h2><strong>Thi\u1ebft b\u1ecb<\/strong><\/h2>\n<p>1. Camera 2D<\/p>\n<p>2. B\u0103ng t\u1ea3i<\/p>\n<p>3. C\u00e1p ngu\u1ed3n<\/p>\n<p>4. C\u00e1p Ethernet<\/p>\n<h2><strong>Th\u00f4ng s\u1ed1 thi\u1ebft b\u1ecb<\/strong><\/h2>\n<p><img loading=\"lazy\" decoding=\"async\" class=\"aligncenter wp-image-1896\" src=\"https:\/\/etekrobotics.com.vn\/wp-content\/uploads\/2024\/05\/kiem-tra-san-pham-y-te-04.jpg\" alt=\"Ki\u1ec3m tra s\u1ea3n ph\u1ea9m y t\u1ebf\" width=\"600\" height=\"434\" srcset=\"https:\/\/etekrobotics.com.vn\/wp-content\/uploads\/2024\/05\/kiem-tra-san-pham-y-te-04.jpg 1340w, https:\/\/etekrobotics.com.vn\/wp-content\/uploads\/2024\/05\/kiem-tra-san-pham-y-te-04-768x556.jpg 768w, https:\/\/etekrobotics.com.vn\/wp-content\/uploads\/2024\/05\/kiem-tra-san-pham-y-te-04-18x12.jpg 18w, https:\/\/etekrobotics.com.vn\/wp-content\/uploads\/2024\/05\/kiem-tra-san-pham-y-te-04-600x434.jpg 600w\" sizes=\"auto, (max-width: 600px) 100vw, 600px\" \/><\/p>\n<p><strong>In sight 2800:<\/strong><\/p>\n<ol>\n<li>\u0110\u1ed9 ph\u00e2n gi\u1ea3i: 2MP<\/li>\n<li>T\u1ea7n s\u1ed1 ch\u1ee5p: 45 Hz<\/li>\n<li>Lens: liquid lens, manual focus lens<\/li>\n<li>Truy\u1ec1n th\u00f4ng Ethernet<\/li>\n<\/ol>\n<h2><strong>Ki\u1ec3m tra s\u1ea3n ph\u1ea9m y t\u1ebf &#8211; X\u00e1c nh\u1eadn s\u1ef1 hi\u1ec7n di\u1ec7n hay v\u1eafng m\u1eb7t c\u1ee7a c\u00e1c v\u1eadt ph\u1ea9m trong b\u1ed9 d\u1ee5ng c\u1ee5 y t\u1ebf<\/strong><\/h2>\n<p>C\u00e1c \u1ee9ng d\u1ee5ng g\u00f3i b\u1ed9 d\u1ee5ng c\u1ee5 ho\u1eb7c h\u1ec7 th\u1ed1ng, quy tr\u00ecnh ph\u1ea3i x\u00e1c minh r\u1eb1ng v\u1eadt ph\u1ea9m \u0111\u00f3 n\u1eb1m \u1edf \u0111\u00fang v\u1ecb tr\u00ed c\u1ee7a b\u1ed9 d\u1ee5ng c\u1ee5 y t\u1ebf ho\u1eb7c v\u1eafc xin v\u00e0 x\u00e1c nh\u1eadn s\u1ef1 hi\u1ec7n di\u1ec7n hay v\u1eafng m\u1eb7t c\u1ee7a v\u1eadt ph\u1ea9m \u0111\u00f3. C\u00e1c quy \u0111\u1ecbnh c\u0169ng y\u00eau c\u1ea7u th\u1ebb c\u1ea5y gh\u00e9p b\u1ec7nh nh\u00e2n, h\u01b0\u1edbng d\u1eabn, t\u00e0i li\u1ec7u c\u1ea3nh b\u00e1o ph\u1ea3i \u0111\u01b0\u1ee3c \u0111\u01b0a v\u00e0o b\u1ed9 ph\u1eadn l\u1eafp r\u00e1p. C\u00e1c nh\u00e0 s\u1ea3n xu\u1ea5t thi\u1ebft b\u1ecb y t\u1ebf th\u01b0\u1eddng d\u1ef1a v\u00e0o vi\u1ec7c ki\u1ec3m tra tr\u1ef1c quan ch\u1eadm v\u00e0 t\u1ed1n k\u00e9m \u0111\u01b0\u1ee3c th\u1ef1c hi\u1ec7n b\u1edfi con ng\u01b0\u1eddi ho\u1eb7c h\u1ec7 th\u1ed1ng th\u1ecb gi\u00e1c m\u00e1y d\u1ef1a tr\u00ean quy t\u1eafc. C\u00e1c bi\u1ebfn th\u1ec3 tr\u1ef1c quan c\u1ee7a s\u1ea3n ph\u1ea9m c\u00f3 th\u1ec3 g\u00e2y ra s\u1ef1 ph\u1ee9c t\u1ea1p cho h\u1ec7 th\u1ed1ng ki\u1ec3m tra th\u1ee7 c\u00f4ng v\u00e0 t\u1ef1 \u0111\u1ed9ng, n\u01a1i h\u1ec7 th\u1ed1ng ph\u1ea3i c\u00f3 kh\u1ea3 n\u0103ng x\u00e1c \u0111\u1ecbnh, \u0111\u1ebfm v\u00e0 ph\u00e2n lo\u1ea1i c\u00e1c m\u1eb7t h\u00e0ng kh\u00e1c nhau v\u1edbi c\u00e1c h\u01b0\u1edbng \u0111\u00f3ng g\u00f3i, b\u1ec1 m\u1eb7t ph\u1ea3n chi\u1ebfu v\u00e0 h\u00ecnh d\u1ea1ng ph\u1ee9c t\u1ea1p kh\u00e1c nhau.<\/p>\n<p>C\u1ea3m bi\u1ebfn th\u1ecb gi\u00e1c Cognex th\u1ef1c hi\u1ec7n \u0111\u1ebfm \u0111\u01a1n gi\u1ea3n c\u00e1c \u0111\u1ed1i t\u01b0\u1ee3ng trong m\u1ed9t g\u00f3i, c\u00e1c g\u00f3i \u0111\u1ea1t ho\u1eb7c kh\u00f4ng \u0111\u1ea1t d\u1ef1a tr\u00ean gi\u00e1 tr\u1ecb \u0111\u01b0\u1ee3c l\u1eadp tr\u00ecnh. H\u1ecd x\u00e1c minh r\u1eb1ng t\u1ea5t c\u1ea3 c\u00e1c thi\u1ebft b\u1ecb y t\u1ebf v\u00e0 c\u00e1c m\u1eb7t h\u00e0ng kh\u00e1c \u0111\u1ec1u c\u00f3 m\u1eb7t ngay c\u1ea3 trong bao b\u00ec b\u1ecdc m\u00e0ng co, gi\u00fap nh\u00e0 s\u1ea3n xu\u1ea5t ng\u0103n ng\u1eeba l\u1ed7i trong ho\u1ea1t \u0111\u1ed9ng c\u1ee7a h\u1ecd v\u00e0 ng\u0103n ch\u1eb7n c\u00e1c g\u00f3i b\u1ecb l\u1ed7i x\u00e2m nh\u1eadp v\u00e0o chu\u1ed7i cung \u1ee9ng.<\/p>\n<p>H\u1ec7 th\u1ed1ng Deep learning t\u1ef1 \u0111\u1ed9ng h\u00f3a nhi\u1ec7m v\u1ee5 \u0111\u1ecbnh v\u1ecb, x\u00e1c \u0111\u1ecbnh v\u00e0 ph\u00e2n lo\u1ea1i nhi\u1ec1u t\u00ednh n\u0103ng trong m\u1ed9t h\u00ecnh \u1ea3nh. N\u00f3 kh\u00e1i qu\u00e1t h\u00f3a c\u00e1c \u0111\u1eb7c \u0111i\u1ec3m ph\u00e2n bi\u1ec7t c\u1ee7a c\u00e1c v\u1eadt ph\u1ea9m kh\u00e1c nhau d\u1ef1a tr\u00ean k\u00edch th\u01b0\u1edbc, h\u00ecnh d\u1ea1ng v\u00e0 \u0111\u1eb7c \u0111i\u1ec3m b\u1ec1 m\u1eb7t c\u1ee7a ch\u00fang. Ng\u01b0\u1eddi d\u00f9ng c\u00f3 th\u1ec3 \u0111\u00e0o t\u1ea1o c\u00f4ng c\u1ee5 x\u00e1c minh v\u1ecb tr\u00ed b\u1ed9 ph\u1eadn v\u00e0 l\u1eafp r\u00e1p \u0111\u1ec3 x\u00e1c \u0111\u1ecbnh t\u1eebng lo\u1ea1i m\u1eb7t h\u00e0ng c\u1ea7n t\u00ecm. Sau khi \u0111\u01b0\u1ee3c \u0111\u00e0o t\u1ea1o, h\u00ecnh \u1ea3nh c\u00f3 th\u1ec3 \u0111\u01b0\u1ee3c chia th\u00e0nh c\u00e1c v\u00f9ng kh\u00e1c nhau trong \u0111\u00f3 c\u00f4ng c\u1ee5 s\u1ebd ki\u1ec3m tra s\u1ef1 hi\u1ec7n di\u1ec7n c\u1ee7a m\u1ed9t m\u1ee5c c\u0169ng nh\u01b0 x\u00e1c minh r\u1eb1ng n\u00f3 c\u00f3 \u0111\u00fang lo\u1ea1i hay kh\u00f4ng. Deep learning c\u0169ng \u0111\u1ecbnh v\u1ecb v\u00e0 x\u00e1c \u0111\u1ecbnh c\u00e1c ph\u1ea7n ch\u00e8n trong h\u1ed9p m\u1ed9t c\u00e1ch \u0111\u00e1ng tin c\u1eady b\u1ea5t k\u1ec3 \u0111i\u1ec1u ki\u1ec7n \u0111\u1ecbnh h\u01b0\u1edbng v\u00e0 \u00e1nh s\u00e1ng nh\u01b0 th\u1ebf n\u00e0o \u0111\u1ec3 ng\u0103n ch\u1eb7n vi\u1ec7c thu h\u1ed3i v\u00e0 \u0111\u1ea3m b\u1ea3o an to\u00e0n cho b\u1ec7nh nh\u00e2n.<\/p>\n<p>\u200b<\/p>","protected":false},"excerpt":{"rendered":"<p>\u200bV\u1ea5n \u0111\u1ec1: Gi\u1ea5y h\u01b0\u1edbng d\u1eabn s\u1eed d\u1ee5ng thu\u1ed1c kh\u00f4ng c\u00f3 trong h\u1ed9p thu\u1ed1c Quy tr\u00ecnh: Ki\u1ec3m tra s\u1ea3n ph\u1ea9m y t\u1ebf S\u1ea3n ph\u1ea9m di chuy\u1ec3n tr\u00ean b\u0103ng t\u1ea3i Camera th\u1ef1c hi\u1ec7n ch\u1ee5p v\u00e0 d\u00f9ng tool classify \u0111\u1ec3 x\u00e1c \u0111\u1ecbnh s\u1ef1 hi\u1ec7n di\u1ec7n, v\u1eafng m\u1eb7t c\u1ee7a gi\u1ea5y h\u01b0\u1edbng d\u1eabn L\u1ee3i \u00edch: \u0110\u1ea3m b\u1ea3o ch\u1ea5t l\u01b0\u1ee3ng s\u1ea3n [&#8230;]","protected":false},"featured_media":1894,"comment_status":"open","ping_status":"closed","template":"","meta":[],"product_cat":[60,144,145],"product_tag":[206,194,205],"class_list":["post-1893","product","type-product","status-publish","has-post-thumbnail","hentry","product_cat-khoa-hoc-doi-song","product_cat-kiem-tra-ngoai-quan-khoa-hoc-doi-song","product_cat-kiem-tra-san-pham-y-te","product_tag-giai-phap-kiem-tra-ngoai-quan","product_tag-kiem-tra-ngoai-quan","product_tag-kiem-tra-san-pham-y-te"],"yoast_head":"<!-- This site is optimized with the Yoast SEO plugin v21.6 - https:\/\/yoast.com\/wordpress\/plugins\/seo\/ -->\n<title>Ki\u1ec3m Tra S\u1ea3n Ph\u1ea9m Y T\u1ebf - Etek<\/title>\n<meta name=\"description\" content=\"X\u00e1c nh\u1eadn s\u1ef1 hi\u1ec7n di\u1ec7n hay v\u1eafng m\u1eb7t c\u1ee7a c\u00e1c v\u1eadt ph\u1ea9m trong b\u1ed9 d\u1ee5ng c\u1ee5 y t\u1ebf\" \/>\n<meta name=\"robots\" content=\"index, follow, max-snippet:-1, max-image-preview:large, max-video-preview:-1\" \/>\n<link rel=\"canonical\" href=\"https:\/\/etekrobotics.com.vn\/en\/product\/kiem-tra-san-pham-y-te\/\" \/>\n<meta property=\"og:locale\" content=\"en_US\" \/>\n<meta property=\"og:type\" content=\"article\" \/>\n<meta property=\"og:title\" content=\"Ki\u1ec3m Tra S\u1ea3n Ph\u1ea9m Y T\u1ebf - Etek\" \/>\n<meta property=\"og:description\" content=\"X\u00e1c nh\u1eadn s\u1ef1 hi\u1ec7n di\u1ec7n hay v\u1eafng m\u1eb7t c\u1ee7a c\u00e1c v\u1eadt ph\u1ea9m trong b\u1ed9 d\u1ee5ng c\u1ee5 y t\u1ebf\" \/>\n<meta property=\"og:url\" content=\"https:\/\/etekrobotics.com.vn\/en\/product\/kiem-tra-san-pham-y-te\/\" \/>\n<meta property=\"og:site_name\" content=\"Etek\" \/>\n<meta property=\"article:modified_time\" content=\"2024-05-15T04:06:52+00:00\" \/>\n<meta property=\"og:image\" content=\"https:\/\/etekrobotics.com.vn\/wp-content\/uploads\/2024\/05\/kiem-tra-san-pham-y-te-01.jpg\" \/>\n\t<meta property=\"og:image:width\" content=\"2021\" \/>\n\t<meta property=\"og:image:height\" content=\"1320\" \/>\n\t<meta property=\"og:image:type\" content=\"image\/jpeg\" \/>\n<meta name=\"twitter:card\" content=\"summary_large_image\" \/>\n<meta name=\"twitter:label1\" content=\"Est. reading time\" \/>\n\t<meta name=\"twitter:data1\" content=\"4 minutes\" \/>\n<script type=\"application\/ld+json\" class=\"yoast-schema-graph\">{\"@context\":\"https:\/\/schema.org\",\"@graph\":[{\"@type\":\"WebPage\",\"@id\":\"https:\/\/etekrobotics.com.vn\/san-pham\/kiem-tra-san-pham-y-te\/\",\"url\":\"https:\/\/etekrobotics.com.vn\/san-pham\/kiem-tra-san-pham-y-te\/\",\"name\":\"Ki\u1ec3m Tra S\u1ea3n Ph\u1ea9m Y T\u1ebf - Etek\",\"isPartOf\":{\"@id\":\"https:\/\/etekrobotics.com.vn\/#website\"},\"datePublished\":\"2024-05-15T04:06:51+00:00\",\"dateModified\":\"2024-05-15T04:06:52+00:00\",\"description\":\"X\u00e1c nh\u1eadn s\u1ef1 hi\u1ec7n di\u1ec7n hay v\u1eafng m\u1eb7t c\u1ee7a c\u00e1c v\u1eadt ph\u1ea9m trong b\u1ed9 d\u1ee5ng c\u1ee5 y t\u1ebf\",\"breadcrumb\":{\"@id\":\"https:\/\/etekrobotics.com.vn\/san-pham\/kiem-tra-san-pham-y-te\/#breadcrumb\"},\"inLanguage\":\"en-US\",\"potentialAction\":[{\"@type\":\"ReadAction\",\"target\":[\"https:\/\/etekrobotics.com.vn\/san-pham\/kiem-tra-san-pham-y-te\/\"]}]},{\"@type\":\"BreadcrumbList\",\"@id\":\"https:\/\/etekrobotics.com.vn\/san-pham\/kiem-tra-san-pham-y-te\/#breadcrumb\",\"itemListElement\":[{\"@type\":\"ListItem\",\"position\":1,\"name\":\"Trang ch\u1ee7\",\"item\":\"https:\/\/etekrobotics.com.vn\/\"},{\"@type\":\"ListItem\",\"position\":2,\"name\":\"C\u1eeda h\u00e0ng\",\"item\":\"https:\/\/etekrobotics.com.vn\/cua-hang\/\"},{\"@type\":\"ListItem\",\"position\":3,\"name\":\"Ki\u1ec3m Tra S\u1ea3n Ph\u1ea9m Y T\u1ebf\"}]},{\"@type\":\"WebSite\",\"@id\":\"https:\/\/etekrobotics.com.vn\/#website\",\"url\":\"https:\/\/etekrobotics.com.vn\/\",\"name\":\"Etek\",\"description\":\"C\u00f4ng ty C\u1ed5 ph\u1ea7n Gi\u1ea3i ph\u00e1p T\u1ef1 \u0111\u1ed9ng h\u00f3a ETEK\",\"potentialAction\":[{\"@type\":\"SearchAction\",\"target\":{\"@type\":\"EntryPoint\",\"urlTemplate\":\"https:\/\/etekrobotics.com.vn\/?s={search_term_string}\"},\"query-input\":\"required name=search_term_string\"}],\"inLanguage\":\"en-US\"}]}<\/script>\n<!-- \/ Yoast SEO plugin. -->","yoast_head_json":{"title":"Ki\u1ec3m Tra S\u1ea3n Ph\u1ea9m Y T\u1ebf - Etek","description":"X\u00e1c nh\u1eadn s\u1ef1 hi\u1ec7n di\u1ec7n hay v\u1eafng m\u1eb7t c\u1ee7a c\u00e1c v\u1eadt ph\u1ea9m trong b\u1ed9 d\u1ee5ng c\u1ee5 y t\u1ebf","robots":{"index":"index","follow":"follow","max-snippet":"max-snippet:-1","max-image-preview":"max-image-preview:large","max-video-preview":"max-video-preview:-1"},"canonical":"https:\/\/etekrobotics.com.vn\/en\/product\/kiem-tra-san-pham-y-te\/","og_locale":"en_US","og_type":"article","og_title":"Ki\u1ec3m Tra S\u1ea3n Ph\u1ea9m Y T\u1ebf - Etek","og_description":"X\u00e1c nh\u1eadn s\u1ef1 hi\u1ec7n di\u1ec7n hay v\u1eafng m\u1eb7t c\u1ee7a c\u00e1c v\u1eadt ph\u1ea9m trong b\u1ed9 d\u1ee5ng c\u1ee5 y t\u1ebf","og_url":"https:\/\/etekrobotics.com.vn\/en\/product\/kiem-tra-san-pham-y-te\/","og_site_name":"Etek","article_modified_time":"2024-05-15T04:06:52+00:00","og_image":[{"width":2021,"height":1320,"url":"https:\/\/etekrobotics.com.vn\/wp-content\/uploads\/2024\/05\/kiem-tra-san-pham-y-te-01.jpg","type":"image\/jpeg"}],"twitter_card":"summary_large_image","twitter_misc":{"Est. reading time":"4 minutes"},"schema":{"@context":"https:\/\/schema.org","@graph":[{"@type":"WebPage","@id":"https:\/\/etekrobotics.com.vn\/san-pham\/kiem-tra-san-pham-y-te\/","url":"https:\/\/etekrobotics.com.vn\/san-pham\/kiem-tra-san-pham-y-te\/","name":"Ki\u1ec3m Tra S\u1ea3n Ph\u1ea9m Y T\u1ebf - Etek","isPartOf":{"@id":"https:\/\/etekrobotics.com.vn\/#website"},"datePublished":"2024-05-15T04:06:51+00:00","dateModified":"2024-05-15T04:06:52+00:00","description":"X\u00e1c nh\u1eadn s\u1ef1 hi\u1ec7n di\u1ec7n hay v\u1eafng m\u1eb7t c\u1ee7a c\u00e1c v\u1eadt ph\u1ea9m trong b\u1ed9 d\u1ee5ng c\u1ee5 y t\u1ebf","breadcrumb":{"@id":"https:\/\/etekrobotics.com.vn\/san-pham\/kiem-tra-san-pham-y-te\/#breadcrumb"},"inLanguage":"en-US","potentialAction":[{"@type":"ReadAction","target":["https:\/\/etekrobotics.com.vn\/san-pham\/kiem-tra-san-pham-y-te\/"]}]},{"@type":"BreadcrumbList","@id":"https:\/\/etekrobotics.com.vn\/san-pham\/kiem-tra-san-pham-y-te\/#breadcrumb","itemListElement":[{"@type":"ListItem","position":1,"name":"Trang ch\u1ee7","item":"https:\/\/etekrobotics.com.vn\/"},{"@type":"ListItem","position":2,"name":"C\u1eeda h\u00e0ng","item":"https:\/\/etekrobotics.com.vn\/cua-hang\/"},{"@type":"ListItem","position":3,"name":"Ki\u1ec3m Tra S\u1ea3n Ph\u1ea9m Y T\u1ebf"}]},{"@type":"WebSite","@id":"https:\/\/etekrobotics.com.vn\/#website","url":"https:\/\/etekrobotics.com.vn\/","name":"Etek","description":"C\u00f4ng ty C\u1ed5 ph\u1ea7n Gi\u1ea3i ph\u00e1p T\u1ef1 \u0111\u1ed9ng h\u00f3a ETEK","potentialAction":[{"@type":"SearchAction","target":{"@type":"EntryPoint","urlTemplate":"https:\/\/etekrobotics.com.vn\/?s={search_term_string}"},"query-input":"required name=search_term_string"}],"inLanguage":"en-US"}]}},"_links":{"self":[{"href":"https:\/\/etekrobotics.com.vn\/en\/wp-json\/wp\/v2\/product\/1893","targetHints":{"allow":["GET"]}}],"collection":[{"href":"https:\/\/etekrobotics.com.vn\/en\/wp-json\/wp\/v2\/product"}],"about":[{"href":"https:\/\/etekrobotics.com.vn\/en\/wp-json\/wp\/v2\/types\/product"}],"replies":[{"embeddable":true,"href":"https:\/\/etekrobotics.com.vn\/en\/wp-json\/wp\/v2\/comments?post=1893"}],"wp:featuredmedia":[{"embeddable":true,"href":"https:\/\/etekrobotics.com.vn\/en\/wp-json\/wp\/v2\/media\/1894"}],"wp:attachment":[{"href":"https:\/\/etekrobotics.com.vn\/en\/wp-json\/wp\/v2\/media?parent=1893"}],"wp:term":[{"taxonomy":"product_cat","embeddable":true,"href":"https:\/\/etekrobotics.com.vn\/en\/wp-json\/wp\/v2\/product_cat?post=1893"},{"taxonomy":"product_tag","embeddable":true,"href":"https:\/\/etekrobotics.com.vn\/en\/wp-json\/wp\/v2\/product_tag?post=1893"}],"curies":[{"name":"wp","href":"https:\/\/api.w.org\/{rel}","templated":true}]}}