{"id":1898,"date":"2024-05-22T05:58:22","date_gmt":"2024-05-22T05:58:22","guid":{"rendered":"https:\/\/etekrobotics.com.vn\/?post_type=product&#038;p=1898"},"modified":"2024-05-22T05:59:09","modified_gmt":"2024-05-22T05:59:09","slug":"kiem-tra-chat-luong-tem-nhan-san-pham","status":"publish","type":"product","link":"https:\/\/etekrobotics.com.vn\/en\/product\/kiem-tra-chat-luong-tem-nhan-san-pham\/","title":{"rendered":"Ki\u1ec3m tra ch\u1ea5t l\u01b0\u1ee3ng tem nh\u00e3n s\u1ea3n ph\u1ea9m"},"content":{"rendered":"<h2><strong>V\u1ea5n \u0111\u1ec1<\/strong><\/h2>\n<ul>\n<li>Nh\u00e3n b\u1ecb r\u00e1ch ho\u1eb7c tr\u1ea7y x\u01b0\u1edbc<\/li>\n<li>Nh\u00e3n in b\u1ecb l\u1ec7ch<\/li>\n<li>Kh\u00f4ng c\u00f3 \u0111\u1ee7 th\u00f4ng tin tr\u00ean nh\u00e3n<\/li>\n<\/ul>\n<h2><strong>Quy tr\u00ecnh<\/strong><\/h2>\n<p><img loading=\"lazy\" decoding=\"async\" class=\"aligncenter wp-image-1899\" src=\"https:\/\/etekrobotics.com.vn\/wp-content\/uploads\/2024\/05\/kiem-tra-nhan-san-pham-04.jpg\" alt=\"\" width=\"600\" height=\"429\" srcset=\"https:\/\/etekrobotics.com.vn\/wp-content\/uploads\/2024\/05\/kiem-tra-nhan-san-pham-04.jpg 1458w, https:\/\/etekrobotics.com.vn\/wp-content\/uploads\/2024\/05\/kiem-tra-nhan-san-pham-04-768x549.jpg 768w, https:\/\/etekrobotics.com.vn\/wp-content\/uploads\/2024\/05\/kiem-tra-nhan-san-pham-04-18x12.jpg 18w, https:\/\/etekrobotics.com.vn\/wp-content\/uploads\/2024\/05\/kiem-tra-nhan-san-pham-04-600x429.jpg 600w\" sizes=\"auto, (max-width: 600px) 100vw, 600px\" \/><\/p>\n<ul>\n<li>S\u1ea3n ph\u1ea9m di chuy\u1ec3n tr\u00ean b\u0103ng t\u1ea3i<\/li>\n<li>Camera ch\u1ee5p \u1ea3nh v\u00e0 ph\u00e2n lo\u1ea1i s\u1ea3n ph\u1ea9m b\u1ecb r\u00e1ch nh\u00e3n<\/li>\n<li>Xi lanh \u0111\u1ea9y s\u1ea3n ph\u1ea9m b\u1ecb l\u1ed7i ra kh\u1ecfi d\u00e2y chuy\u1ec1n<\/li>\n<\/ul>\n<h2><strong>L\u1ee3i \u00edch<\/strong><\/h2>\n<ul>\n<li>\u0110\u1ea3m b\u1ea3o ch\u1ea5t l\u01b0\u1ee3ng nh\u00e3n<\/li>\n<li>Ki\u1ec3m tra nhanh ch\u00f3ng, ch\u00ednh x\u00e1c<\/li>\n<\/ul>\n<h2><strong>Ng\u00e0nh ngh\u1ec1:<\/strong><\/h2>\n<ul>\n<li>Th\u1ef1c ph\u1ea9m &#8211; \u0111\u1ed3 u\u1ed1ng<\/li>\n<li>H\u00e0ng ti\u00eau d\u00f9ng<\/li>\n<li>D\u01b0\u1ee3c ph\u1ea9m &#8211; H\u00f3a ch\u1ea5t<\/li>\n<\/ul>\n<h2><strong>S\u1ea3n ph\u1ea9m<\/strong><\/h2>\n<p><img loading=\"lazy\" decoding=\"async\" class=\"aligncenter wp-image-1900\" src=\"https:\/\/etekrobotics.com.vn\/wp-content\/uploads\/2024\/05\/kiem-tra-tem-nhan-02.jpg\" alt=\" \" width=\"600\" height=\"220\" srcset=\"https:\/\/etekrobotics.com.vn\/wp-content\/uploads\/2024\/05\/kiem-tra-tem-nhan-02.jpg 1750w, https:\/\/etekrobotics.com.vn\/wp-content\/uploads\/2024\/05\/kiem-tra-tem-nhan-02-768x281.jpg 768w, https:\/\/etekrobotics.com.vn\/wp-content\/uploads\/2024\/05\/kiem-tra-tem-nhan-02-1536x563.jpg 1536w, https:\/\/etekrobotics.com.vn\/wp-content\/uploads\/2024\/05\/kiem-tra-tem-nhan-02-18x7.jpg 18w, https:\/\/etekrobotics.com.vn\/wp-content\/uploads\/2024\/05\/kiem-tra-tem-nhan-02-600x220.jpg 600w\" sizes=\"auto, (max-width: 600px) 100vw, 600px\" \/><\/p>\n<h2><strong>Th\u00f4ng s\u1ed1 tr\u1ea1m:<\/strong><\/h2>\n<ul>\n<li>C\u00f4ng su\u1ea5t: 5 s\u1ea3n ph\u1ea9m\/s<\/li>\n<li>\u0110i\u1ec1u ki\u1ec7n \u00e1nh s\u00e1ng: 300-1000 lux<\/li>\n<li>K\u00edch th\u01b0\u1edbc s\u1ea3n ph\u1ea9m: 50mm*70mm<\/li>\n<\/ul>\n<h2><strong>Thi\u1ebft b\u1ecb:<\/strong><\/h2>\n<ul>\n<li>B\u0103ng t\u1ea3i<\/li>\n<li>Camera 2D<\/li>\n<li>Sensor<\/li>\n<li>Xy lanh<\/li>\n<\/ul>\n<h2><strong>Th\u00f4ng s\u1ed1 thi\u1ebft b\u1ecb:<\/strong><\/h2>\n<p><img loading=\"lazy\" decoding=\"async\" class=\"aligncenter wp-image-1901\" src=\"https:\/\/etekrobotics.com.vn\/wp-content\/uploads\/2024\/05\/kiem-tra-tem-nhan-03.jpg\" alt=\"\" width=\"600\" height=\"440\" srcset=\"https:\/\/etekrobotics.com.vn\/wp-content\/uploads\/2024\/05\/kiem-tra-tem-nhan-03.jpg 1417w, https:\/\/etekrobotics.com.vn\/wp-content\/uploads\/2024\/05\/kiem-tra-tem-nhan-03-768x563.jpg 768w, https:\/\/etekrobotics.com.vn\/wp-content\/uploads\/2024\/05\/kiem-tra-tem-nhan-03-16x12.jpg 16w, https:\/\/etekrobotics.com.vn\/wp-content\/uploads\/2024\/05\/kiem-tra-tem-nhan-03-600x440.jpg 600w\" sizes=\"auto, (max-width: 600px) 100vw, 600px\" \/><\/p>\n<p><strong>In sight 2800:<\/strong><\/p>\n<ul>\n<li>\u0110\u1ed9 ph\u00e2n gi\u1ea3i: 2MP<\/li>\n<li>T\u1ea7n s\u1ed1 ch\u1ee5p: 45 Hz<\/li>\n<li>Lens: liquid lens, manual focus lens<\/li>\n<li>Truy\u1ec1n th\u00f4ng Ethernet<\/li>\n<\/ul>\n<h2><strong>Ki\u1ec3m tra ch\u1ea5t l\u01b0\u1ee3ng tem nh\u00e3n s\u1ea3n ph\u1ea9m<\/strong><\/h2>\n<p>Ph\u00e1t hi\u1ec7n khi\u1ebfm khuy\u1ebft ho\u1eb7c sai s\u00f3t tr\u00ean nh\u00e3n v\u00e0 \u0111\u00e1p \u1ee9ng ti\u00eau chu\u1ea9n ch\u1ea5t l\u01b0\u1ee3ng<br \/>\nNh\u00e3n s\u1ea3n ph\u1ea9m ti\u00eau d\u00f9ng ch\u1ee9a d\u1eef li\u1ec7u d\u00e0nh ri\u00eang cho s\u1ea3n ph\u1ea9m nh\u01b0 ngu\u1ed3n g\u1ed1c, ng\u00e0y th\u00e1ng, h\u1ea1n s\u1eed d\u1ee5ng, \u0111\u1ecbnh l\u01b0\u1ee3ng v\u00e0 h\u01b0\u1edbng d\u1eabn s\u1eed d\u1ee5ng. \u1ede nhi\u1ec1u nh\u00e0 m\u00e1y, th\u1ecb gi\u00e1c m\u00e1y ki\u1ec3m so\u00e1t vi\u1ec7c c\u0103n ch\u1ec9nh, d\u00e1n nh\u00e3n c\u0169ng nh\u01b0 vi\u1ec7c ki\u1ec3m tra ch\u1ea5t l\u01b0\u1ee3ng nh\u00e3n. M\u1ef1c b\u1ecb nh\u00f2e v\u00e0 in c\u00f3 \u0111\u1ed9 t\u01b0\u01a1ng ph\u1ea3n th\u1ea5p th\u01b0\u1eddng \u1ea3nh h\u01b0\u1edfng \u0111\u1ebfn vi\u1ec7c in v\u00e0 d\u00e1n nh\u00e3n in phun, g\u00e2y \u1ea3nh h\u01b0\u1edfng \u0111\u1ebfn kh\u1ea3 n\u0103ng \u0111\u1ecdc c\u1ee7a nhi\u1ec1u m\u00e3 v\u1ea1ch. L\u1ed7i in m\u00e3 v\u1ea1ch v\u00e0 ch\u1ea5t l\u01b0\u1ee3ng nh\u00e3n k\u00e9m c\u1ea7n c\u00f3 s\u1ef1 can thi\u1ec7p th\u1ee7 c\u00f4ng, l\u00e0m ch\u1eadm qu\u00e1 tr\u00ecnh s\u1ea3n xu\u1ea5t v\u00e0 \u0111\u1eb7t ra th\u00e1ch th\u1ee9c cho c\u00e1c nh\u00e0 cung c\u1ea5p v\u00e0 \u0111\u1ed1i t\u00e1c.<br \/>\nTrong qu\u00e1 tr\u00ecnh d\u00e1n nh\u00e3n, nhi\u1ec1u khuy\u1ebft t\u1eadt kh\u00f3 ph\u00e1t hi\u1ec7n do \u0111\u1ecbnh h\u01b0\u1edbng tr\u00ean d\u00e2y \u0111ai v\u00e0 b\u1ec1 m\u1eb7t cong c\u1ee7a \u0111\u1ed3 v\u1eadt. Ki\u1ec3m tra ch\u1ea5t l\u01b0\u1ee3ng \u0111\u1ea3m b\u1ea3o tem nh\u00e3n s\u1ea3n ph\u1ea9m kh\u00f4ng c\u00f3 khi\u1ebfm khuy\u1ebft v\u00e0 kh\u00f4ng c\u00f3 l\u1ed7i. C\u00e1c h\u1ec7 th\u1ed1ng v\u00e0 ph\u1ea7n m\u1ec1m th\u1ecb gi\u00e1c d\u1ef1a tr\u00ean AI x\u00e1c \u0111\u1ecbnh c\u00e1c nh\u00e3n b\u1ecb l\u1ed7i v\u00e0 ph\u00e2n lo\u1ea1i ch\u00fang d\u1ef1a tr\u00ean l\u1ed7i (n\u1ebfp nh\u0103n, b\u1ecdt kh\u00ed, v\u1ebft r\u00e1ch ho\u1eb7c c\u00e1c l\u1ed7i n\u1ed5i l\u00ean kh\u00e1c).<\/p>","protected":false},"excerpt":{"rendered":"<p>V\u1ea5n \u0111\u1ec1 Nh\u00e3n b\u1ecb r\u00e1ch ho\u1eb7c tr\u1ea7y x\u01b0\u1edbc Nh\u00e3n in b\u1ecb l\u1ec7ch Kh\u00f4ng c\u00f3 \u0111\u1ee7 th\u00f4ng tin tr\u00ean nh\u00e3n Quy tr\u00ecnh S\u1ea3n ph\u1ea9m di chuy\u1ec3n tr\u00ean b\u0103ng t\u1ea3i Camera ch\u1ee5p \u1ea3nh v\u00e0 ph\u00e2n lo\u1ea1i s\u1ea3n ph\u1ea9m b\u1ecb r\u00e1ch nh\u00e3n Xi lanh \u0111\u1ea9y s\u1ea3n ph\u1ea9m b\u1ecb l\u1ed7i ra kh\u1ecfi d\u00e2y chuy\u1ec1n L\u1ee3i \u00edch \u0110\u1ea3m b\u1ea3o ch\u1ea5t [&#8230;]","protected":false},"featured_media":1899,"comment_status":"open","ping_status":"closed","template":"","meta":[],"product_cat":[131,134,132],"product_tag":[],"class_list":["post-1898","product","type-product","status-publish","has-post-thumbnail","hentry","product_cat-hang-tieu-dung-dong-goi","product_cat-kiem-tra-chat-luong-nhan","product_cat-kiem-tra-ngoai-quan-hang-tieu-dung-dong-goi"],"yoast_head":"<!-- This site is optimized with the Yoast SEO plugin v21.6 - https:\/\/yoast.com\/wordpress\/plugins\/seo\/ -->\n<title>Ki\u1ec3m tra ch\u1ea5t l\u01b0\u1ee3ng tem nh\u00e3n s\u1ea3n ph\u1ea9m - Etek<\/title>\n<meta name=\"robots\" content=\"index, follow, max-snippet:-1, max-image-preview:large, max-video-preview:-1\" \/>\n<link rel=\"canonical\" href=\"https:\/\/etekrobotics.com.vn\/en\/product\/kiem-tra-chat-luong-tem-nhan-san-pham\/\" \/>\n<meta property=\"og:locale\" content=\"en_US\" \/>\n<meta property=\"og:type\" content=\"article\" \/>\n<meta property=\"og:title\" content=\"Ki\u1ec3m tra ch\u1ea5t l\u01b0\u1ee3ng tem nh\u00e3n s\u1ea3n ph\u1ea9m - Etek\" \/>\n<meta property=\"og:description\" content=\"V\u1ea5n \u0111\u1ec1 Nh\u00e3n b\u1ecb r\u00e1ch ho\u1eb7c tr\u1ea7y x\u01b0\u1edbc Nh\u00e3n in b\u1ecb l\u1ec7ch Kh\u00f4ng c\u00f3 \u0111\u1ee7 th\u00f4ng tin tr\u00ean nh\u00e3n Quy tr\u00ecnh S\u1ea3n ph\u1ea9m di chuy\u1ec3n tr\u00ean b\u0103ng t\u1ea3i Camera ch\u1ee5p \u1ea3nh v\u00e0 ph\u00e2n lo\u1ea1i s\u1ea3n ph\u1ea9m b\u1ecb r\u00e1ch nh\u00e3n Xi lanh \u0111\u1ea9y s\u1ea3n ph\u1ea9m b\u1ecb l\u1ed7i ra kh\u1ecfi d\u00e2y chuy\u1ec1n L\u1ee3i \u00edch \u0110\u1ea3m b\u1ea3o ch\u1ea5t [...]\" \/>\n<meta property=\"og:url\" content=\"https:\/\/etekrobotics.com.vn\/en\/product\/kiem-tra-chat-luong-tem-nhan-san-pham\/\" \/>\n<meta property=\"og:site_name\" content=\"Etek\" \/>\n<meta property=\"article:modified_time\" content=\"2024-05-22T05:59:09+00:00\" \/>\n<meta property=\"og:image\" content=\"https:\/\/etekrobotics.com.vn\/wp-content\/uploads\/2024\/05\/kiem-tra-nhan-san-pham-04.jpg\" \/>\n\t<meta property=\"og:image:width\" content=\"1458\" \/>\n\t<meta property=\"og:image:height\" content=\"1042\" \/>\n\t<meta property=\"og:image:type\" content=\"image\/jpeg\" \/>\n<meta name=\"twitter:card\" content=\"summary_large_image\" \/>\n<meta name=\"twitter:label1\" content=\"Est. reading time\" \/>\n\t<meta name=\"twitter:data1\" content=\"3 minutes\" \/>\n<script type=\"application\/ld+json\" class=\"yoast-schema-graph\">{\"@context\":\"https:\/\/schema.org\",\"@graph\":[{\"@type\":\"WebPage\",\"@id\":\"https:\/\/etekrobotics.com.vn\/san-pham\/kiem-tra-chat-luong-tem-nhan-san-pham\/\",\"url\":\"https:\/\/etekrobotics.com.vn\/san-pham\/kiem-tra-chat-luong-tem-nhan-san-pham\/\",\"name\":\"Ki\u1ec3m tra ch\u1ea5t l\u01b0\u1ee3ng tem nh\u00e3n s\u1ea3n ph\u1ea9m - Etek\",\"isPartOf\":{\"@id\":\"https:\/\/etekrobotics.com.vn\/#website\"},\"datePublished\":\"2024-05-22T05:58:22+00:00\",\"dateModified\":\"2024-05-22T05:59:09+00:00\",\"breadcrumb\":{\"@id\":\"https:\/\/etekrobotics.com.vn\/san-pham\/kiem-tra-chat-luong-tem-nhan-san-pham\/#breadcrumb\"},\"inLanguage\":\"en-US\",\"potentialAction\":[{\"@type\":\"ReadAction\",\"target\":[\"https:\/\/etekrobotics.com.vn\/san-pham\/kiem-tra-chat-luong-tem-nhan-san-pham\/\"]}]},{\"@type\":\"BreadcrumbList\",\"@id\":\"https:\/\/etekrobotics.com.vn\/san-pham\/kiem-tra-chat-luong-tem-nhan-san-pham\/#breadcrumb\",\"itemListElement\":[{\"@type\":\"ListItem\",\"position\":1,\"name\":\"Trang ch\u1ee7\",\"item\":\"https:\/\/etekrobotics.com.vn\/\"},{\"@type\":\"ListItem\",\"position\":2,\"name\":\"C\u1eeda h\u00e0ng\",\"item\":\"https:\/\/etekrobotics.com.vn\/cua-hang\/\"},{\"@type\":\"ListItem\",\"position\":3,\"name\":\"Ki\u1ec3m tra ch\u1ea5t l\u01b0\u1ee3ng tem nh\u00e3n s\u1ea3n ph\u1ea9m\"}]},{\"@type\":\"WebSite\",\"@id\":\"https:\/\/etekrobotics.com.vn\/#website\",\"url\":\"https:\/\/etekrobotics.com.vn\/\",\"name\":\"Etek\",\"description\":\"C\u00f4ng ty C\u1ed5 ph\u1ea7n Gi\u1ea3i ph\u00e1p T\u1ef1 \u0111\u1ed9ng h\u00f3a ETEK\",\"potentialAction\":[{\"@type\":\"SearchAction\",\"target\":{\"@type\":\"EntryPoint\",\"urlTemplate\":\"https:\/\/etekrobotics.com.vn\/?s={search_term_string}\"},\"query-input\":\"required name=search_term_string\"}],\"inLanguage\":\"en-US\"}]}<\/script>\n<!-- \/ Yoast SEO plugin. -->","yoast_head_json":{"title":"Ki\u1ec3m tra ch\u1ea5t l\u01b0\u1ee3ng tem nh\u00e3n s\u1ea3n ph\u1ea9m - Etek","robots":{"index":"index","follow":"follow","max-snippet":"max-snippet:-1","max-image-preview":"max-image-preview:large","max-video-preview":"max-video-preview:-1"},"canonical":"https:\/\/etekrobotics.com.vn\/en\/product\/kiem-tra-chat-luong-tem-nhan-san-pham\/","og_locale":"en_US","og_type":"article","og_title":"Ki\u1ec3m tra ch\u1ea5t l\u01b0\u1ee3ng tem nh\u00e3n s\u1ea3n ph\u1ea9m - Etek","og_description":"V\u1ea5n \u0111\u1ec1 Nh\u00e3n b\u1ecb r\u00e1ch ho\u1eb7c tr\u1ea7y x\u01b0\u1edbc Nh\u00e3n in b\u1ecb l\u1ec7ch Kh\u00f4ng c\u00f3 \u0111\u1ee7 th\u00f4ng tin tr\u00ean nh\u00e3n Quy tr\u00ecnh S\u1ea3n ph\u1ea9m di chuy\u1ec3n tr\u00ean b\u0103ng t\u1ea3i Camera ch\u1ee5p \u1ea3nh v\u00e0 ph\u00e2n lo\u1ea1i s\u1ea3n ph\u1ea9m b\u1ecb r\u00e1ch nh\u00e3n Xi lanh \u0111\u1ea9y s\u1ea3n ph\u1ea9m b\u1ecb l\u1ed7i ra kh\u1ecfi d\u00e2y chuy\u1ec1n L\u1ee3i \u00edch \u0110\u1ea3m b\u1ea3o ch\u1ea5t [...]","og_url":"https:\/\/etekrobotics.com.vn\/en\/product\/kiem-tra-chat-luong-tem-nhan-san-pham\/","og_site_name":"Etek","article_modified_time":"2024-05-22T05:59:09+00:00","og_image":[{"width":1458,"height":1042,"url":"https:\/\/etekrobotics.com.vn\/wp-content\/uploads\/2024\/05\/kiem-tra-nhan-san-pham-04.jpg","type":"image\/jpeg"}],"twitter_card":"summary_large_image","twitter_misc":{"Est. reading time":"3 minutes"},"schema":{"@context":"https:\/\/schema.org","@graph":[{"@type":"WebPage","@id":"https:\/\/etekrobotics.com.vn\/san-pham\/kiem-tra-chat-luong-tem-nhan-san-pham\/","url":"https:\/\/etekrobotics.com.vn\/san-pham\/kiem-tra-chat-luong-tem-nhan-san-pham\/","name":"Ki\u1ec3m tra ch\u1ea5t l\u01b0\u1ee3ng tem nh\u00e3n s\u1ea3n ph\u1ea9m - Etek","isPartOf":{"@id":"https:\/\/etekrobotics.com.vn\/#website"},"datePublished":"2024-05-22T05:58:22+00:00","dateModified":"2024-05-22T05:59:09+00:00","breadcrumb":{"@id":"https:\/\/etekrobotics.com.vn\/san-pham\/kiem-tra-chat-luong-tem-nhan-san-pham\/#breadcrumb"},"inLanguage":"en-US","potentialAction":[{"@type":"ReadAction","target":["https:\/\/etekrobotics.com.vn\/san-pham\/kiem-tra-chat-luong-tem-nhan-san-pham\/"]}]},{"@type":"BreadcrumbList","@id":"https:\/\/etekrobotics.com.vn\/san-pham\/kiem-tra-chat-luong-tem-nhan-san-pham\/#breadcrumb","itemListElement":[{"@type":"ListItem","position":1,"name":"Trang ch\u1ee7","item":"https:\/\/etekrobotics.com.vn\/"},{"@type":"ListItem","position":2,"name":"C\u1eeda h\u00e0ng","item":"https:\/\/etekrobotics.com.vn\/cua-hang\/"},{"@type":"ListItem","position":3,"name":"Ki\u1ec3m tra ch\u1ea5t l\u01b0\u1ee3ng tem nh\u00e3n s\u1ea3n ph\u1ea9m"}]},{"@type":"WebSite","@id":"https:\/\/etekrobotics.com.vn\/#website","url":"https:\/\/etekrobotics.com.vn\/","name":"Etek","description":"C\u00f4ng ty C\u1ed5 ph\u1ea7n Gi\u1ea3i ph\u00e1p T\u1ef1 \u0111\u1ed9ng h\u00f3a ETEK","potentialAction":[{"@type":"SearchAction","target":{"@type":"EntryPoint","urlTemplate":"https:\/\/etekrobotics.com.vn\/?s={search_term_string}"},"query-input":"required name=search_term_string"}],"inLanguage":"en-US"}]}},"_links":{"self":[{"href":"https:\/\/etekrobotics.com.vn\/en\/wp-json\/wp\/v2\/product\/1898","targetHints":{"allow":["GET"]}}],"collection":[{"href":"https:\/\/etekrobotics.com.vn\/en\/wp-json\/wp\/v2\/product"}],"about":[{"href":"https:\/\/etekrobotics.com.vn\/en\/wp-json\/wp\/v2\/types\/product"}],"replies":[{"embeddable":true,"href":"https:\/\/etekrobotics.com.vn\/en\/wp-json\/wp\/v2\/comments?post=1898"}],"wp:featuredmedia":[{"embeddable":true,"href":"https:\/\/etekrobotics.com.vn\/en\/wp-json\/wp\/v2\/media\/1899"}],"wp:attachment":[{"href":"https:\/\/etekrobotics.com.vn\/en\/wp-json\/wp\/v2\/media?parent=1898"}],"wp:term":[{"taxonomy":"product_cat","embeddable":true,"href":"https:\/\/etekrobotics.com.vn\/en\/wp-json\/wp\/v2\/product_cat?post=1898"},{"taxonomy":"product_tag","embeddable":true,"href":"https:\/\/etekrobotics.com.vn\/en\/wp-json\/wp\/v2\/product_tag?post=1898"}],"curies":[{"name":"wp","href":"https:\/\/api.w.org\/{rel}","templated":true}]}}